{"id":829,"date":"2018-10-08T04:49:25","date_gmt":"2018-10-08T04:49:25","guid":{"rendered":"http:\/\/vietbee.vn\/?post_type=product&#038;p=829"},"modified":"2020-08-03T09:49:23","modified_gmt":"2020-08-03T09:49:23","slug":"cambium-pmp-450","status":"publish","type":"product","link":"https:\/\/vietbee.com\/en\/product\/cambium-pmp-450\/","title":{"rendered":"Cambium PMP 450"},"content":{"rendered":"T\u00ednh n\u0103ng<br \/>\nT\u0103ng kh\u1ea3 n\u0103ng t\u1ed5ng th\u1ec3 h\u1ec7 th\u1ed1ng \u0111\u00e1ng k\u1ec3.<br \/>\nKh\u00f4ng kh\u1eaft khe khi s\u1eed d\u1ee5ng c\u00e1c lo\u1ea1i SM cho h\u1ec7 th\u1ed1ng.<br \/>\nC\u01a1 ch\u1ebf th\u00edch nghi th\u00f4ng minh \u0111i\u1ec1u ch\u1ebf OFDM \u0111\u1ec3 t\u1ed1i \u0111a hi\u1ec7u su\u1ea5t.<br \/>\nOFDM MIMO gi\u00fap truy\u1ec1n t\u1ea3i d\u1eef li\u1ec7u 90Mbps.<br \/>\nB\u1ed9 thu h\u1ed7 tr\u1ee3 MIMO l\u00e0m t\u0103ng kh\u1ea3 n\u0103ng k\u1ebft n\u1ed1i.<br \/>\nS\u1eed d\u1ee5ng giao th\u1ee9c k\u1ebft n\u1ed1i \u0111\u1ed3ng th\u1eddi FSK\/OFDM, SM s\u1eed d\u1ee5ng ch\u1ee9c th\u1ef1c MAC.<br \/>\nM\u1edf r\u1ed9ng nhanh ch\u00f3ng v\u00f9ng ph\u1ee7 s\u00f3ng cho kh\u00e1ch h\u00e0ng v\u00e0 cung c\u1ea5p d\u1ecbch v\u1ee5 b\u1eb1ng c\u00e1ch ti\u1ebfp c\u1eadn t\u1ed5 ch\u1ee9c kinh doanh v\u00e0 khu d\u00e2n c\u01b0 m\u00e0 \u1edf \u0111\u00f3 ch\u01b0a c\u00f3 \u0111\u01b0\u1eddng truy\u1ec1n k\u1ebft n\u1ed1i.<br \/>\nT\u0103ng l\u1ee3i nhu\u1eadn nh\u1edd cung c\u1ea5p \u0111\u01b0\u1eddng truy\u1ec1n t\u1ed1c \u0111\u1ed9 cao, \u0111\u1ed9 tr\u1ec5 th\u1ea5p, h\u1ed7 tr\u1ee3 video v\u00e0 \u1ee9ng d\u1ee5ng tho\u1ea1i&#8230;","protected":false},"excerpt":{"rendered":"<p>C\u00f4ng ty v\u1edbi vi\u1ec7c cung c\u1ea5p t\u1ed1c \u0111\u1ed9 truy\u1ec1n t\u1ea3i h\u01a1n 90 Mbps, thi\u1ebft b\u1ecb wifi PMP 450 c\u00f3 th\u1ec3 s\u1eed d\u1ee5ng v\u1edbi b\u1ed9 thu SM c\u1ee7a d\u00f2ng s\u1ea3n ph\u1ea9m PMP 430 v\u00e0 PMP 100. D\u1ecbch v\u1ee5 cung c\u1ea5p v\u1edbi n\u1ec1n t\u1ea3ng ho\u1ea1t \u0111\u1ed9ng d\u00f2ng thi\u1ebft b\u1ecb SM 100 gi\u1edd \u0111\u00e2y c\u00f3 th\u1ec3 ho\u1ea1t \u0111\u1ed9ng v\u1edbi b\u1ed9 thu SM c\u1ee7a thi\u1ebft b\u1ecb ph\u00e1t wifi PMP 450 t\u1ed1c \u0111\u1ed9 cao, cho h\u1ec7 th\u1ed1ng c\u00e1c doanh nghi\u1ec7p v\u00e0 ti\u1ebfp c\u1eadn c\u00e1c khu d\u00e2n c\u01b0 \u0111\u1ec3 n\u00e2ng cao hi\u1ec7u qu\u1ea3 s\u1eed d\u1ee5ng, cho ph\u00e9p s\u1eed d\u1ee5ng nhi\u1ec1u users v\u00e0 t\u1ed1c \u0111\u1ed9 cao.<br \/>\nB\u1ed9 ph\u00e1t AP c\u1ee7a thi\u1ebft b\u1ecb ph\u00e1t wifi PMP 450 c\u00f3 th\u1ec3 \u0111\u01b0\u1ee3c tri\u1ec3n khai trong h\u1ec7 th\u1ed1ng m\u1ea1ng \u201cRings\u201d cung c\u1ea5p nhi\u1ec1u h\u01a1n th\u00f4ng l\u01b0\u1ee3ng 1Gbps. \u0110\u1ed9 tr\u1ec5 th\u1ea5p c\u1ee7a thi\u1ebft b\u1ecb wifi ph\u00e1t PMP 450 cung c\u1ea5p kh\u1ea3 n\u0103ng k\u1ebft n\u1ed1i cho c\u00e1c \u1ee9ng d\u1ee5ng video, voice v\u00e0 truy\u1ec1n d\u1eef li\u1ec7u cho c\u00e1c doanh nghi\u1ec7p v\u00e0 k\u1ebft n\u1ed1i khu d\u00e2n c\u01b0.<\/p>\n","protected":false},"featured_media":1942,"template":"","meta":[],"product_brand":[],"product_cat":[45,28],"product_tag":[124,125],"pa_bo-nho-trong":[],"pa_bo-vi-xu-ly":[],"pa_do-dai":[],"pa_do-phan-giai":[],"pa_hang-san-xuat":[1044],"pa_kich-thuoc-man-hinh":[],"pa_micro-thu-am":[],"pa_nha-thong-minh-rang-dong":[],"pa_o-cung":[],"pa_ong-kinh":[],"pa_poe":[],"pa_ports":[],"pa_tam-quan-sat":[],"pa_theo-chuan":[1027],"class_list":{"0":"post-829","1":"product","2":"type-product","3":"status-publish","4":"has-post-thumbnail","6":"product_cat-thiet-bi-mang","7":"product_cat-wireless-products","8":"product_tag-cambium-pmp-450","9":"product_tag-pmp-450","10":"pa_hang-san-xuat-cambium-networks","11":"pa_theo-chuan-chuan-mu-mimo-2x2","13":"first","14":"instock","15":"shipping-taxable","16":"product-type-simple"},"_links":{"self":[{"href":"https:\/\/vietbee.com\/en\/wp-json\/wp\/v2\/product\/829","targetHints":{"allow":["GET"]}}],"collection":[{"href":"https:\/\/vietbee.com\/en\/wp-json\/wp\/v2\/product"}],"about":[{"href":"https:\/\/vietbee.com\/en\/wp-json\/wp\/v2\/types\/product"}],"wp:featuredmedia":[{"embeddable":true,"href":"https:\/\/vietbee.com\/en\/wp-json\/wp\/v2\/media\/1942"}],"wp:attachment":[{"href":"https:\/\/vietbee.com\/en\/wp-json\/wp\/v2\/media?parent=829"}],"wp:term":[{"taxonomy":"product_brand","embeddable":true,"href":"https:\/\/vietbee.com\/en\/wp-json\/wp\/v2\/product_brand?post=829"},{"taxonomy":"product_cat","embeddable":true,"href":"https:\/\/vietbee.com\/en\/wp-json\/wp\/v2\/product_cat?post=829"},{"taxonomy":"product_tag","embeddable":true,"href":"https:\/\/vietbee.com\/en\/wp-json\/wp\/v2\/product_tag?post=829"},{"taxonomy":"pa_bo-nho-trong","embeddable":true,"href":"https:\/\/vietbee.com\/en\/wp-json\/wp\/v2\/pa_bo-nho-trong?post=829"},{"taxonomy":"pa_bo-vi-xu-ly","embeddable":true,"href":"https:\/\/vietbee.com\/en\/wp-json\/wp\/v2\/pa_bo-vi-xu-ly?post=829"},{"taxonomy":"pa_do-dai","embeddable":true,"href":"https:\/\/vietbee.com\/en\/wp-json\/wp\/v2\/pa_do-dai?post=829"},{"taxonomy":"pa_do-phan-giai","embeddable":true,"href":"https:\/\/vietbee.com\/en\/wp-json\/wp\/v2\/pa_do-phan-giai?post=829"},{"taxonomy":"pa_hang-san-xuat","embeddable":true,"href":"https:\/\/vietbee.com\/en\/wp-json\/wp\/v2\/pa_hang-san-xuat?post=829"},{"taxonomy":"pa_kich-thuoc-man-hinh","embeddable":true,"href":"https:\/\/vietbee.com\/en\/wp-json\/wp\/v2\/pa_kich-thuoc-man-hinh?post=829"},{"taxonomy":"pa_micro-thu-am","embeddable":true,"href":"https:\/\/vietbee.com\/en\/wp-json\/wp\/v2\/pa_micro-thu-am?post=829"},{"taxonomy":"pa_nha-thong-minh-rang-dong","embeddable":true,"href":"https:\/\/vietbee.com\/en\/wp-json\/wp\/v2\/pa_nha-thong-minh-rang-dong?post=829"},{"taxonomy":"pa_o-cung","embeddable":true,"href":"https:\/\/vietbee.com\/en\/wp-json\/wp\/v2\/pa_o-cung?post=829"},{"taxonomy":"pa_ong-kinh","embeddable":true,"href":"https:\/\/vietbee.com\/en\/wp-json\/wp\/v2\/pa_ong-kinh?post=829"},{"taxonomy":"pa_poe","embeddable":true,"href":"https:\/\/vietbee.com\/en\/wp-json\/wp\/v2\/pa_poe?post=829"},{"taxonomy":"pa_ports","embeddable":true,"href":"https:\/\/vietbee.com\/en\/wp-json\/wp\/v2\/pa_ports?post=829"},{"taxonomy":"pa_tam-quan-sat","embeddable":true,"href":"https:\/\/vietbee.com\/en\/wp-json\/wp\/v2\/pa_tam-quan-sat?post=829"},{"taxonomy":"pa_theo-chuan","embeddable":true,"href":"https:\/\/vietbee.com\/en\/wp-json\/wp\/v2\/pa_theo-chuan?post=829"}],"curies":[{"name":"wp","href":"https:\/\/api.w.org\/{rel}","templated":true}]}}