{"id":825,"date":"2018-10-08T04:33:43","date_gmt":"2018-10-08T04:33:43","guid":{"rendered":"http:\/\/vietbee.vn\/?post_type=product&#038;p=825"},"modified":"2020-08-03T10:09:51","modified_gmt":"2020-08-03T10:09:51","slug":"cambium-ptp-550-up-to-1-36-gbps","status":"publish","type":"product","link":"https:\/\/vietbee.com\/en\/product\/cambium-ptp-550-up-to-1-36-gbps\/","title":{"rendered":"Cambium PTP 550 (Up to 1.36 Gbps)"},"content":{"rendered":"T\u00ednh n\u0103ng<br \/>\nK\u00eanh t\u1ea7n s\u1ed1: 5.150 GHz \u2013 5.850 GHz<br \/>\nT\u1ed1c \u0111\u1ed9 truy\u1ec1n: 1.36 Gbps<br \/>\nKho\u1ea3ng c\u00e1ch ph\u00e1t s\u00f3ng: 200 km<br \/>\nV\u1ecf b\u1ecdc kim lo\u1ea1i chu\u1ea9n IP 66\/67, ch\u1ed1ng nhi\u1ec7t v\u00e0 b\u1ee9c x\u1ea1 m\u1eb7t tr\u1eddi<br \/>\nB\u0103ng th\u00f4ng ri\u00eang cho m\u1ed7i k\u00eanh gi\u00fap linh ho\u1ea1t trong vi\u1ec7c l\u1ef1a ch\u1ecdn k\u00eanh, b\u0103ng t\u1ea7n v\u00e0 th\u00f4ng l\u01b0\u1ee3ng<br \/>\nT\u1ef1 \u0111\u1ed9ng t\u1ed1i \u01b0u tr\u1ea3i ph\u1ed5 DOS: t\u1ed1i \u0111a h\u00f3a \u0111\u1ed9 tin c\u1eady v\u00e0 hi\u1ec7u su\u1ea5t li\u00ean k\u1ebft","protected":false},"excerpt":{"rendered":"<p>\u0110\u01b0\u1ee3c k\u1ebf th\u1eeba \u01b0u \u0111i\u1ec3m t\u1eeb PTP 650\/670 v\u00e0 PTP 450i, gi\u1ea3i ph\u00e1p th\u00f4ng l\u01b0\u1ee3ng PTP 550 v\u1edbi chu\u1ea9n 802.11ac Wave 2, \u0111\u00e1p \u1ee9ng nhu c\u1ea7u t\u1ed1c \u0111\u1ed9 cao cho c\u00e1c \u1ee9ng d\u1ee5ng t\u1ea7m trung v\u00e0 t\u1ea7m xa. \u0110\u01b0\u1ee3c thi\u1ebft l\u1eadp \u0111\u1ec3 \u0111i chuy\u1ec3n v\u00e0 t\u00ecm ki\u1ebfm quang ph\u1ed5 t\u1ed1t nh\u1ea5t tr\u00ean m\u1ed7i m\u00f4i tr\u01b0\u1eddng kh\u00e1c nhau, \u0111\u00e2y ch\u00ednh l\u00e0 s\u1ef1 l\u1ef1a ch\u1ecdn l\u00fd t\u01b0\u1edfng \u0111\u1ec3 kh\u00e1ch h\u00e0ng l\u1eafp \u0111\u1eb7t v\u00e0 s\u1eed d\u1ee5ng hi\u1ec7u qu\u1ea3 trong nh\u1eefng m\u00f4i tr\u01b0\u1eddng \u0111\u1ea7y th\u00e1ch th\u1ee9c.<\/p>\n","protected":false},"featured_media":2778,"template":"","meta":[],"product_brand":[],"product_cat":[45,28],"product_tag":[108,123,122,1105],"pa_bo-nho-trong":[],"pa_bo-vi-xu-ly":[],"pa_do-dai":[],"pa_do-phan-giai":[],"pa_hang-san-xuat":[1044],"pa_kich-thuoc-man-hinh":[],"pa_micro-thu-am":[],"pa_nha-thong-minh-rang-dong":[],"pa_o-cung":[],"pa_ong-kinh":[],"pa_poe":[],"pa_ports":[],"pa_tam-quan-sat":[],"pa_theo-chuan":[1025],"class_list":{"0":"post-825","1":"product","2":"type-product","3":"status-publish","4":"has-post-thumbnail","6":"product_cat-thiet-bi-mang","7":"product_cat-wireless-products","8":"product_tag-cambium","9":"product_tag-cambium-ptp-550","10":"product_tag-cambium-ptp-550-up-to-1-36-gbps","11":"product_tag-ptp-550","12":"pa_hang-san-xuat-cambium-networks","13":"pa_theo-chuan-chuan-ac","15":"first","16":"instock","17":"shipping-taxable","18":"product-type-simple"},"_links":{"self":[{"href":"https:\/\/vietbee.com\/en\/wp-json\/wp\/v2\/product\/825","targetHints":{"allow":["GET"]}}],"collection":[{"href":"https:\/\/vietbee.com\/en\/wp-json\/wp\/v2\/product"}],"about":[{"href":"https:\/\/vietbee.com\/en\/wp-json\/wp\/v2\/types\/product"}],"wp:featuredmedia":[{"embeddable":true,"href":"https:\/\/vietbee.com\/en\/wp-json\/wp\/v2\/media\/2778"}],"wp:attachment":[{"href":"https:\/\/vietbee.com\/en\/wp-json\/wp\/v2\/media?parent=825"}],"wp:term":[{"taxonomy":"product_brand","embeddable":true,"href":"https:\/\/vietbee.com\/en\/wp-json\/wp\/v2\/product_brand?post=825"},{"taxonomy":"product_cat","embeddable":true,"href":"https:\/\/vietbee.com\/en\/wp-json\/wp\/v2\/product_cat?post=825"},{"taxonomy":"product_tag","embeddable":true,"href":"https:\/\/vietbee.com\/en\/wp-json\/wp\/v2\/product_tag?post=825"},{"taxonomy":"pa_bo-nho-trong","embeddable":true,"href":"https:\/\/vietbee.com\/en\/wp-json\/wp\/v2\/pa_bo-nho-trong?post=825"},{"taxonomy":"pa_bo-vi-xu-ly","embeddable":true,"href":"https:\/\/vietbee.com\/en\/wp-json\/wp\/v2\/pa_bo-vi-xu-ly?post=825"},{"taxonomy":"pa_do-dai","embeddable":true,"href":"https:\/\/vietbee.com\/en\/wp-json\/wp\/v2\/pa_do-dai?post=825"},{"taxonomy":"pa_do-phan-giai","embeddable":true,"href":"https:\/\/vietbee.com\/en\/wp-json\/wp\/v2\/pa_do-phan-giai?post=825"},{"taxonomy":"pa_hang-san-xuat","embeddable":true,"href":"https:\/\/vietbee.com\/en\/wp-json\/wp\/v2\/pa_hang-san-xuat?post=825"},{"taxonomy":"pa_kich-thuoc-man-hinh","embeddable":true,"href":"https:\/\/vietbee.com\/en\/wp-json\/wp\/v2\/pa_kich-thuoc-man-hinh?post=825"},{"taxonomy":"pa_micro-thu-am","embeddable":true,"href":"https:\/\/vietbee.com\/en\/wp-json\/wp\/v2\/pa_micro-thu-am?post=825"},{"taxonomy":"pa_nha-thong-minh-rang-dong","embeddable":true,"href":"https:\/\/vietbee.com\/en\/wp-json\/wp\/v2\/pa_nha-thong-minh-rang-dong?post=825"},{"taxonomy":"pa_o-cung","embeddable":true,"href":"https:\/\/vietbee.com\/en\/wp-json\/wp\/v2\/pa_o-cung?post=825"},{"taxonomy":"pa_ong-kinh","embeddable":true,"href":"https:\/\/vietbee.com\/en\/wp-json\/wp\/v2\/pa_ong-kinh?post=825"},{"taxonomy":"pa_poe","embeddable":true,"href":"https:\/\/vietbee.com\/en\/wp-json\/wp\/v2\/pa_poe?post=825"},{"taxonomy":"pa_ports","embeddable":true,"href":"https:\/\/vietbee.com\/en\/wp-json\/wp\/v2\/pa_ports?post=825"},{"taxonomy":"pa_tam-quan-sat","embeddable":true,"href":"https:\/\/vietbee.com\/en\/wp-json\/wp\/v2\/pa_tam-quan-sat?post=825"},{"taxonomy":"pa_theo-chuan","embeddable":true,"href":"https:\/\/vietbee.com\/en\/wp-json\/wp\/v2\/pa_theo-chuan?post=825"}],"curies":[{"name":"wp","href":"https:\/\/api.w.org\/{rel}","templated":true}]}}