{"id":820,"date":"2018-10-08T04:05:42","date_gmt":"2018-10-08T04:05:42","guid":{"rendered":"http:\/\/vietbee.vn\/?post_type=product&#038;p=820"},"modified":"2020-08-03T10:30:33","modified_gmt":"2020-08-03T10:30:33","slug":"cambium-cnpilot-e502s-outdoor","status":"publish","type":"product","link":"https:\/\/vietbee.com\/en\/product\/cambium-cnpilot-e502s-outdoor\/","title":{"rendered":"CAMBIUM cnPilot \u2122 E502s Outdoor"},"content":{"rendered":"T\u00ednh n\u0103ng<br \/>\n&#8211; Cho ph\u00e9p k\u1ebft n\u1ed1i \u0111\u1ed3ng th\u1eddi l\u00ean \u0111\u1ebfn 256 ng\u01b0\u1eddi d\u00f9ng, b\u0103ng th\u00f4ng l\u00ean \u0111\u1ebfn 1.01Gbps, t\u00edch h\u1ee3p anten sector 12.5dBi tr\u00ean b\u0103ng t\u1ea7n 2.4GHz v\u00e0 15.9dBi tr\u00ean b\u0103ng t\u1ea7n 5GHz, t\u1ea7m ph\u1ee7 s\u00f3ng l\u00ean \u0111\u1ebfn 213m tr\u00ean m\u1ed9t \u0111i\u1ec3m truy c\u1eadp.<br \/>\n&#8211; Qu\u1ea3n l\u00fd t\u1eadp trung thi\u1ebft b\u1ecb th\u00f4ng qua Cloud cnMaestro\u2122 ho\u00e0n to\u00e0n mi\u1ec5n ph\u00ed, h\u1ed7 tr\u1ee3 \u0111\u1ebfn 4000 thi\u1ebft b\u1ecb tr\u00ean 1 t\u00e0i kho\u1ea3n qu\u1ea3n tr\u1ecb vi\u00ean.<br \/>\n&#8211; V\u1edbi c\u00f4ng su\u1ea5t ph\u00e1t s\u00f3ng c\u1ef1c m\u1ea1nh 29 dBm, ho\u1ea1t \u0111\u1ed9ng tr\u00ean c\u1ea3 2 b\u0103ng t\u1ea7ng 2.4 GHz v\u00e0 5GHz<br \/>\ntheo chu\u1ea9n c\u00f4ng ngh\u1ec7 WiFi 802.11 ac, \u0111\u1ea3m b\u1ea3o t\u00edn hi\u1ec7u nh\u1eadn \u0111\u01b0\u1ee3c t\u1ed1i \u0111a tr\u00ean c\u00e1c thi\u1ebft b\u1ecb k\u1ebft n\u1ed1i.<br \/>\n&#8211; Ti\u00eau chu\u1ea9n ch\u1ed1ng n\u01b0\u1edbc IP67.<br \/>\n&#8211; T\u00edch h\u1ee3p t\u00ednh n\u0103ng PoE Out.<br \/>\n&#8211; T\u00f9y ch\u1ecdn qu\u1ea3n l\u00fd qua cnMaestro On- Premise c\u00e0i \u0111\u1eb7t tr\u00ean m\u00e1y ch\u1ee7 c\u1ee7a kh\u00e1ch h\u00e0ng.<br \/>\n&#8211; H\u1ed7 tr\u1ee3 access list tr\u00ean t\u1eebng SSID v\u00e0 tr\u00ean t\u1eebng thi\u1ebft b\u1ecb.<br \/>\n&#8211; T\u00edch h\u1ee3p c\u00f4ng ngh\u1ec7 Smart Roaming gi\u00fap ng\u01b0\u1eddi d\u00f9ng tho\u1ea3i m\u00e1i \u0111i l\u1ea1i trong khu v\u1ef1c ph\u1ee7 s\u00f3ng m\u00e0 kh\u00f4ng m\u1ea5t k\u1ebft n\u1ed1i.<br \/>\n&#8211; Ngo\u00e0i c\u00e1c t\u00ednh n\u0103ng b\u1ea3o m\u1eadt b\u1eb1ng m\u00e3 h\u00f3a WPA-WPA2, x\u00e1c th\u1ef1c Radius Server, c\u00f2n c\u00f3 c\u01a1 ch\u1ebf l\u1ecdc MAC ch\u1ec9 \u0111\u1ecbnh ch\u00ednh x\u00e1c thi\u1ebft b\u1ecb \u0111\u01b0\u1ee3c cho ph\u00e9p ho\u1eb7c kh\u00f4ng cho ph\u00e9p k\u1ebft n\u1ed1i, ng\u0103n ch\u1eb7n ng\u01b0\u1eddi d\u00f9ng truy c\u1eadp tr\u00e1i ph\u00e9p trong c\u00f9ng h\u1ec7 th\u1ed1ng m\u1ea1ng.<\/p>\n<p>C\u00e1c ti\u1ec7n \u00edch m\u1edf r\u1ed9ng<\/p>\n<p>&#8211; H\u1ed7 tr\u1ee3 trang ch\u00e0o qu\u1ea3ng b\u00e1, \u0111\u0103ng nh\u1eadp Facebook, Google +, Office 365\u2026<br \/>\n&#8211; H\u1ed7 tr\u1ee3 voucher code cho m\u1ee5c \u0111\u00edch kinh doanh WiFi.<br \/>\n&#8211; H\u1ec7 th\u1ed1ng m\u1ea1ng LAN n\u1ed9i b\u1ed9 kh\u00f4ng d\u00e2y, ti\u1ebft ki\u1ec7m chi ph\u00ed cho kh\u00e1ch h\u00e0ng.","protected":false},"excerpt":{"rendered":"<p>Thi\u1ebft b\u1ecb cnPilot \u2122 E502s l\u00e0 m\u1ed9t \u0111i\u1ec3m truy c\u1eadp WiFi ngo\u00e0i tr\u1eddi cho c\u00e1c doanh nghi\u1ec7p. Ph\u00e1t s\u00f3ng chu\u1ea9n 802.11ac, t\u00edch h\u1ee3p anten sector 300 ho\u1ea1t \u0111\u1ed9ng tr\u00ean hai b\u0103ng t\u1ea7n 2.4GHz v\u00e0 5GHz. \u0110\u00e1p \u1ee9ng t\u1ed1t c\u00e1c \u1ee9ng d\u1ee5ng \u0111\u00f2i h\u1ecfi b\u0103ng th\u00f4ng cao, s\u1ed1 l\u01b0\u1ee3ng ng\u01b0\u1eddi d\u00f9ng l\u1edbn trong m\u00f4i tr\u01b0\u1eddng c\u00f3 ti\u1ebfng \u1ed3n, kh\u00f4ng gian ch\u1eadt h\u1eb9p. cnPilot\u2122 s\u1eed d\u1ee5ng gi\u1ea3i ph\u00e1p \u0111i\u1ec7n to\u00e1n \u0111\u00e1m m\u00e2y cnMaestro\u2122 \u0111\u1ec3 ti\u1ebfn h\u00e0nh qu\u1ea3n l\u00fd to\u00e0n b\u1ed9 h\u1ec7 th\u1ed1ng m\u1ea1ng.<br \/>\n\u0110\u1ed1i t\u01b0\u1ee3ng ph\u00f9 h\u1ee3p: S\u00e2n v\u1eadn \u0111\u1ed9ng, Kho h\u00e0ng, C\u1ea3ng bi\u1ec3n \u2026<\/p>\n","protected":false},"featured_media":851,"template":"","meta":[],"product_brand":[],"product_cat":[45,28],"product_tag":[121,120,115],"pa_bo-nho-trong":[],"pa_bo-vi-xu-ly":[],"pa_do-dai":[],"pa_do-phan-giai":[],"pa_hang-san-xuat":[1044],"pa_kich-thuoc-man-hinh":[],"pa_micro-thu-am":[],"pa_nha-thong-minh-rang-dong":[],"pa_o-cung":[],"pa_ong-kinh":[],"pa_poe":[],"pa_ports":[],"pa_tam-quan-sat":[],"pa_theo-chuan":[],"class_list":{"0":"post-820","1":"product","2":"type-product","3":"status-publish","4":"has-post-thumbnail","6":"product_cat-thiet-bi-mang","7":"product_cat-wireless-products","8":"product_tag-cambium-cnpilot-e502s","9":"product_tag-cambium-cnpilot-e502s-outdoor","10":"product_tag-cambium-cnpilot","11":"pa_hang-san-xuat-cambium-networks","13":"first","14":"instock","15":"shipping-taxable","16":"product-type-simple"},"_links":{"self":[{"href":"https:\/\/vietbee.com\/en\/wp-json\/wp\/v2\/product\/820","targetHints":{"allow":["GET"]}}],"collection":[{"href":"https:\/\/vietbee.com\/en\/wp-json\/wp\/v2\/product"}],"about":[{"href":"https:\/\/vietbee.com\/en\/wp-json\/wp\/v2\/types\/product"}],"wp:featuredmedia":[{"embeddable":true,"href":"https:\/\/vietbee.com\/en\/wp-json\/wp\/v2\/media\/851"}],"wp:attachment":[{"href":"https:\/\/vietbee.com\/en\/wp-json\/wp\/v2\/media?parent=820"}],"wp:term":[{"taxonomy":"product_brand","embeddable":true,"href":"https:\/\/vietbee.com\/en\/wp-json\/wp\/v2\/product_brand?post=820"},{"taxonomy":"product_cat","embeddable":true,"href":"https:\/\/vietbee.com\/en\/wp-json\/wp\/v2\/product_cat?post=820"},{"taxonomy":"product_tag","embeddable":true,"href":"https:\/\/vietbee.com\/en\/wp-json\/wp\/v2\/product_tag?post=820"},{"taxonomy":"pa_bo-nho-trong","embeddable":true,"href":"https:\/\/vietbee.com\/en\/wp-json\/wp\/v2\/pa_bo-nho-trong?post=820"},{"taxonomy":"pa_bo-vi-xu-ly","embeddable":true,"href":"https:\/\/vietbee.com\/en\/wp-json\/wp\/v2\/pa_bo-vi-xu-ly?post=820"},{"taxonomy":"pa_do-dai","embeddable":true,"href":"https:\/\/vietbee.com\/en\/wp-json\/wp\/v2\/pa_do-dai?post=820"},{"taxonomy":"pa_do-phan-giai","embeddable":true,"href":"https:\/\/vietbee.com\/en\/wp-json\/wp\/v2\/pa_do-phan-giai?post=820"},{"taxonomy":"pa_hang-san-xuat","embeddable":true,"href":"https:\/\/vietbee.com\/en\/wp-json\/wp\/v2\/pa_hang-san-xuat?post=820"},{"taxonomy":"pa_kich-thuoc-man-hinh","embeddable":true,"href":"https:\/\/vietbee.com\/en\/wp-json\/wp\/v2\/pa_kich-thuoc-man-hinh?post=820"},{"taxonomy":"pa_micro-thu-am","embeddable":true,"href":"https:\/\/vietbee.com\/en\/wp-json\/wp\/v2\/pa_micro-thu-am?post=820"},{"taxonomy":"pa_nha-thong-minh-rang-dong","embeddable":true,"href":"https:\/\/vietbee.com\/en\/wp-json\/wp\/v2\/pa_nha-thong-minh-rang-dong?post=820"},{"taxonomy":"pa_o-cung","embeddable":true,"href":"https:\/\/vietbee.com\/en\/wp-json\/wp\/v2\/pa_o-cung?post=820"},{"taxonomy":"pa_ong-kinh","embeddable":true,"href":"https:\/\/vietbee.com\/en\/wp-json\/wp\/v2\/pa_ong-kinh?post=820"},{"taxonomy":"pa_poe","embeddable":true,"href":"https:\/\/vietbee.com\/en\/wp-json\/wp\/v2\/pa_poe?post=820"},{"taxonomy":"pa_ports","embeddable":true,"href":"https:\/\/vietbee.com\/en\/wp-json\/wp\/v2\/pa_ports?post=820"},{"taxonomy":"pa_tam-quan-sat","embeddable":true,"href":"https:\/\/vietbee.com\/en\/wp-json\/wp\/v2\/pa_tam-quan-sat?post=820"},{"taxonomy":"pa_theo-chuan","embeddable":true,"href":"https:\/\/vietbee.com\/en\/wp-json\/wp\/v2\/pa_theo-chuan?post=820"}],"curies":[{"name":"wp","href":"https:\/\/api.w.org\/{rel}","templated":true}]}}