{"id":812,"date":"2018-10-08T03:50:33","date_gmt":"2018-10-08T03:50:33","guid":{"rendered":"http:\/\/vietbee.vn\/?post_type=product&#038;p=812"},"modified":"2020-08-04T01:53:50","modified_gmt":"2020-08-04T01:53:50","slug":"cnpilot-e500-outdoor-cambium","status":"publish","type":"product","link":"https:\/\/vietbee.com\/en\/product\/cnpilot-e500-outdoor-cambium\/","title":{"rendered":"cnPilot E500 Outdoor Cambium"},"content":{"rendered":"T\u00ednh n\u0103ng<br \/>\nCho ph\u00e9p k\u1ebft n\u1ed1i \u0111\u1ed3ng th\u1eddi l\u00ean \u0111\u1ebfn 256 user t\u1ea7m ph\u00e1t s\u00f3ng l\u00ean \u0111\u1ebfn 180m tr\u00ean 1 \u0111i\u1ec3m truy c\u1eadp<br \/>\nGi\u00fap cho kh\u00e1ch h\u00e0ng ti\u1ebft ki\u1ec7m t\u1ed1i \u0111a chi ph\u00ed l\u1eafp \u0111\u1eb7t<br \/>\nT\u1ea1o l\u1eadp v\u00e0 c\u1ea5p ph\u00e9p t\u00e0i kho\u1ea3n ng\u01b0\u1eddi d\u00f9ng nhanh ch\u00f3ng v\u00e0 ti\u1ec7n \u00edch<br \/>\nT\u1ea1o v\u00e0o c\u1ea5p ph\u00e9p cho user m\u1ecdi l\u00fac m\u1ecdi n\u01a1i b\u1eb1ng: PC, Laptop, Mobile \u2026.<br \/>\nC\u00f4ng ngh\u1ec7 Mesh kh\u00f4ng d\u00e2y t\u1ef1 \u0111\u1ed9ng<br \/>\nD\u1ec5 d\u00e0ng cho vi\u1ec7c thi c\u00f4ng v\u00e0 l\u1eafp \u0111\u1eb7t<br \/>\nQu\u1ea3n l\u00fd user t\u1eadp trung<br \/>\nV\u1edbi giao di\u1ec7n s\u1eed d\u1ee5ng d\u1ec5 d\u00e0ng b\u1ea1n c\u00f3 th\u1ec3 qu\u1ea3n l\u00fd thi\u1ebft b\u1ecb c\u1ee7a m\u00ecnh \u0111\u1ec3 d\u00e0ng v\u00e0 mi\u1ec5n ph\u00ed:<br \/>\n&#8211; Cloud Manager cnMaestro<br \/>\n&#8211; On- Premise cnMaestro cho server mi\u1ec5n ph\u00ed<br \/>\nB\u1ea3o m\u1eadt cao c\u1ea5p<br \/>\nNgo\u00e0i c\u00e1c t\u00ednh n\u0103ng b\u1ea3o m\u1eadt b\u1eb1ng m\u00e3 h\u00f3a WPA\/WPA2, c\u00f2n c\u00f3 c\u01a1 ch\u1ebf l\u1ecdc MAC ch\u1ec9 \u0111\u1ecbnh ch\u00ednh x\u00e1c thi\u1ebft b\u1ecb \u0111\u01b0\u1ee3c cho ph\u00e9p\/kh\u00f4ng cho ph\u00e9p k\u1ebft n\u1ed1i, t\u00ednh n\u0103ng ng\u0103n ch\u1eb7n ng\u01b0\u1eddi d\u00f9ng truy c\u1eadp tr\u00e1i ph\u00e9p l\u1eabn nhau trong c\u00f9ng h\u1ec7 th\u1ed1ng m\u1ea1ng,<br \/>\nC\u00f4ng ngh\u1ec7 Smart Roaming chuy\u00ean nghi\u1ec7p<br \/>\nGi\u00fap ng\u01b0\u1eddi dung th\u00f5a m\u00e3i \u0111i l\u1ea1i trong khu v\u1ef1c r\u1ed9ng m\u00e0 kh\u00f4ng c\u1ea7n ph\u1ea3i \u0111\u0103ng nh\u1eadp<br \/>\nC\u00f4ng su\u1ea5t ph\u00e1t s\u00f3ng c\u1ef1c m\u1ea1nh<br \/>\nV\u1edbi c\u00f4ng su\u1ea5t ph\u00e1t s\u00f3ng c\u1ef1c m\u1ea1nh t\u1eeb 20 -30 dBm, ho\u1ea1t \u0111\u1ed9ng tr\u00ean c\u1ea3 2 b\u0103ng t\u1ea7ng 2.4 GHz v\u00e0 5GHz theo chu\u1ea9n c\u00f4ng ngh\u1ec7 WiFi 802.11 ac\/n, \u0111\u1ea3m b\u1ea3o t\u00edn hi\u1ec7u nh\u1eadn \u0111\u01b0\u1ee3c t\u1ed1i \u0111a tr\u00ean c\u00e1c thi\u1ebft b\u1ecb k\u1ebft n\u1ed1i.<br \/>\nM\u1edf r\u1ed9ng c\u00e1c ti\u1ec7n \u00edch kh\u00e1c<br \/>\n&#8211; Kinh doanh wifi<br \/>\n&#8211; H\u1ed5 tr\u1ee3 trang ch\u00e0o qu\u1ea3ng c\u00e1o, marketing, thu th\u1eadp th\u00f4ng tin ng\u01b0\u1eddi d\u00f9ng &#8230;<br \/>\n&#8211; H\u1ec7 th\u1ed1ng Wifi n\u1ed9i b\u1ed9 gi\u00fap gi\u1ea3m chi ph\u00ed li\u00ean l\u1ea1c gi\u1eefa c\u00e1c nh\u00e2n vi\u00ean","protected":false},"excerpt":{"rendered":"<p>Thi\u1ebft b\u1ecb cnPilot \u2122 E500 l\u00e0 m\u1ed9t \u0111i\u1ec3m truy c\u1eadp Wifi ngo\u00e0i tr\u1eddi do c\u00e1c doanh nghi\u1ec7p quy m\u00f4 l\u1edbn, theo chu\u1ea9n 802.11ac, s\u1eed d\u1ee5ng hai b\u0103ng t\u1ea7n, v\u1edbi m\u1ed9t t\u1eadp h\u1ee3p phong ph\u00fa c\u00e1c t\u00ednh n\u0103ng c\u1ea5p cho c\u00e1c doanh nghi\u1ec7p v\u1eeba v\u00e0 nh\u1ecf. cnPilot\u2122 s\u1eed d\u1ee5ng gi\u1ea3i ph\u00e1p \u0111i\u1ec7n to\u00e1n \u0111\u00e1m m\u00e2y qu\u1ea3n l\u00fd cnMaestro\u2122 \u0111\u1ec3 ti\u1ebfn h\u00e0nh qu\u1ea3n l\u00fd to\u00e0n b\u1ed9 h\u1ec7 th\u1ed1ng m\u1ea1ng.<\/p>\n","protected":false},"featured_media":1943,"template":"","meta":[],"product_brand":[],"product_cat":[45,28],"product_tag":[108,118,117,119],"pa_bo-nho-trong":[],"pa_bo-vi-xu-ly":[],"pa_do-dai":[],"pa_do-phan-giai":[],"pa_hang-san-xuat":[1044],"pa_kich-thuoc-man-hinh":[],"pa_micro-thu-am":[],"pa_nha-thong-minh-rang-dong":[],"pa_o-cung":[],"pa_ong-kinh":[],"pa_poe":[],"pa_ports":[],"pa_tam-quan-sat":[],"pa_theo-chuan":[1025],"class_list":{"0":"post-812","1":"product","2":"type-product","3":"status-publish","4":"has-post-thumbnail","6":"product_cat-thiet-bi-mang","7":"product_cat-wireless-products","8":"product_tag-cambium","9":"product_tag-cnpilot-e500","10":"product_tag-cnpilot-e500-outdoor-cambium","11":"product_tag-outdoor-cambium","12":"pa_hang-san-xuat-cambium-networks","13":"pa_theo-chuan-chuan-ac","15":"first","16":"instock","17":"shipping-taxable","18":"product-type-simple"},"_links":{"self":[{"href":"https:\/\/vietbee.com\/en\/wp-json\/wp\/v2\/product\/812","targetHints":{"allow":["GET"]}}],"collection":[{"href":"https:\/\/vietbee.com\/en\/wp-json\/wp\/v2\/product"}],"about":[{"href":"https:\/\/vietbee.com\/en\/wp-json\/wp\/v2\/types\/product"}],"wp:featuredmedia":[{"embeddable":true,"href":"https:\/\/vietbee.com\/en\/wp-json\/wp\/v2\/media\/1943"}],"wp:attachment":[{"href":"https:\/\/vietbee.com\/en\/wp-json\/wp\/v2\/media?parent=812"}],"wp:term":[{"taxonomy":"product_brand","embeddable":true,"href":"https:\/\/vietbee.com\/en\/wp-json\/wp\/v2\/product_brand?post=812"},{"taxonomy":"product_cat","embeddable":true,"href":"https:\/\/vietbee.com\/en\/wp-json\/wp\/v2\/product_cat?post=812"},{"taxonomy":"product_tag","embeddable":true,"href":"https:\/\/vietbee.com\/en\/wp-json\/wp\/v2\/product_tag?post=812"},{"taxonomy":"pa_bo-nho-trong","embeddable":true,"href":"https:\/\/vietbee.com\/en\/wp-json\/wp\/v2\/pa_bo-nho-trong?post=812"},{"taxonomy":"pa_bo-vi-xu-ly","embeddable":true,"href":"https:\/\/vietbee.com\/en\/wp-json\/wp\/v2\/pa_bo-vi-xu-ly?post=812"},{"taxonomy":"pa_do-dai","embeddable":true,"href":"https:\/\/vietbee.com\/en\/wp-json\/wp\/v2\/pa_do-dai?post=812"},{"taxonomy":"pa_do-phan-giai","embeddable":true,"href":"https:\/\/vietbee.com\/en\/wp-json\/wp\/v2\/pa_do-phan-giai?post=812"},{"taxonomy":"pa_hang-san-xuat","embeddable":true,"href":"https:\/\/vietbee.com\/en\/wp-json\/wp\/v2\/pa_hang-san-xuat?post=812"},{"taxonomy":"pa_kich-thuoc-man-hinh","embeddable":true,"href":"https:\/\/vietbee.com\/en\/wp-json\/wp\/v2\/pa_kich-thuoc-man-hinh?post=812"},{"taxonomy":"pa_micro-thu-am","embeddable":true,"href":"https:\/\/vietbee.com\/en\/wp-json\/wp\/v2\/pa_micro-thu-am?post=812"},{"taxonomy":"pa_nha-thong-minh-rang-dong","embeddable":true,"href":"https:\/\/vietbee.com\/en\/wp-json\/wp\/v2\/pa_nha-thong-minh-rang-dong?post=812"},{"taxonomy":"pa_o-cung","embeddable":true,"href":"https:\/\/vietbee.com\/en\/wp-json\/wp\/v2\/pa_o-cung?post=812"},{"taxonomy":"pa_ong-kinh","embeddable":true,"href":"https:\/\/vietbee.com\/en\/wp-json\/wp\/v2\/pa_ong-kinh?post=812"},{"taxonomy":"pa_poe","embeddable":true,"href":"https:\/\/vietbee.com\/en\/wp-json\/wp\/v2\/pa_poe?post=812"},{"taxonomy":"pa_ports","embeddable":true,"href":"https:\/\/vietbee.com\/en\/wp-json\/wp\/v2\/pa_ports?post=812"},{"taxonomy":"pa_tam-quan-sat","embeddable":true,"href":"https:\/\/vietbee.com\/en\/wp-json\/wp\/v2\/pa_tam-quan-sat?post=812"},{"taxonomy":"pa_theo-chuan","embeddable":true,"href":"https:\/\/vietbee.com\/en\/wp-json\/wp\/v2\/pa_theo-chuan?post=812"}],"curies":[{"name":"wp","href":"https:\/\/api.w.org\/{rel}","templated":true}]}}