{"id":808,"date":"2018-10-08T03:18:31","date_gmt":"2018-10-08T03:18:31","guid":{"rendered":"http:\/\/vietbee.vn\/?post_type=product&#038;p=808"},"modified":"2022-09-14T02:11:16","modified_gmt":"2022-09-14T02:11:16","slug":"cambium-cnpilot-e501s-outdoor-sector","status":"publish","type":"product","link":"https:\/\/vietbee.com\/en\/product\/cambium-cnpilot-e501s-outdoor-sector\/","title":{"rendered":"Cambium cnPilot\u2122 E501S Outdoor Sector"},"content":{"rendered":"T\u00ednh n\u0103ng<br \/>\nV\u1eadn h\u00e0nh \u01b0u vi\u1ec7t: v\u1edbi angten t\u00edch h\u1ee3p, h\u1ed7 tr\u1ee3 l\u00ean \u0111\u1ebfn 256 kh\u00e1ch h\u00e0ng truy c\u1eadp online \u0111\u1ed3ng th\u1eddi, 16 SSIDs, M\u00e3 h\u00f3a WPA-2, VLANs \u0111\u1ed9ng, k\u00eanh DFS, Danh s\u00e1ch ki\u1ec3m so\u00e1t truy c\u1eadp (ACL) v\u00e0 nhi\u1ec1u h\u01a1n n\u1eefa.<br \/>\nM\u1ea1ng WIFI hi\u1ec7u su\u1ea5t cao:h\u1ed7 tr\u1ee3 c\u00e1c t\u00ednh n\u0103ng nh\u01b0 chuy\u1ec3n v\u00f9ng kh\u00f4ng ki\u1ec3m so\u00e1t, l\u1ef1a ch\u1ecdn k\u00eanh \u0111\u1ed9ng, \u0111i\u1ec1u khi\u1ec3n quy\u1ec1n truy\u1ec1n t\u1ea3i t\u1ef1 \u0111\u1ed9ng, \u0111i\u1ec1u khi\u1ec3n b\u0103ng th\u00f4ng v\u00e0 nhi\u1ec1u t\u00ednh n\u0103ng c\u1ea7n thi\u1ebft.<br \/>\nC\u00f4ng ngh\u1ec7 Mesh kh\u00f4ng d\u00e2y t\u1ef1 \u0111\u1ed9ng: Thi\u1ebft l\u1eadp nhanh m\u1ea1ng l\u01b0\u1edbi multi-hop ho\u1eb7c c\u1ea5p m\u1ed9t \u0111\u00e0i ph\u00e1t thanh cho m\u1ea1ng l\u01b0\u1edbi backhaul; ho\u1eb7c s\u1eed d\u1ee5ng c\u1ea3 hai b\u0103ng t\u1ea7n \u0111\u1ec3 truy c\u1eadp v\u00e0o c\u00f9ng m\u1ed9t l\u00fac.<br \/>\nThi\u1ebft k\u1ebf theo chu\u1ea9n ngo\u00e0i tr\u1eddi: v\u1ecf ch\u1ed1ng th\u1ea5m n\u01b0\u1edbc, c\u00e1c linh ki\u1ec7n \u0111\u01b0\u1ee3c b\u1ea3o v\u1ec7 v\u00e0 ch\u1ecbu \u0111\u01b0\u1ee3c va ch\u1ea1m v\u1edbi Anten Ph\u1ee7 s\u00f3ng 90\u00b0~120\u00b0.<br \/>\nB\u1ea3o m\u1eadt cao c\u1ea5p:Ngo\u00e0i c\u00e1c t\u00ednh n\u0103ng b\u1ea3o m\u1eadt b\u1eb1ng m\u00e3 h\u00f3a WPA\/WPA2, c\u00f2n c\u00f3 c\u01a1 ch\u1ebf l\u1ecdc MAC ch\u1ec9 \u0111\u1ecbnh ch\u00ednh x\u00e1c thi\u1ebft b\u1ecb \u0111\u01b0\u1ee3c cho ph\u00e9p\/kh\u00f4ng cho ph\u00e9p k\u1ebft n\u1ed1i, t\u00ednh n\u0103ng ng\u0103n ch\u1eb7n ng\u01b0\u1eddi d\u00f9ng truy c\u1eadp tr\u00e1i ph\u00e9p l\u1eabn nhau trong c\u00f9ng h\u1ec7 th\u1ed1ng m\u1ea1ng.<br \/>\nKh\u1ea3 n\u0103ng ph\u1ee5c h\u1ed3i: B\u0103ng th\u00f4ng k\u00e9p Activate\/Stanby \u0111\u1ea3m b\u1ea3o t\u00ednh s\u1eb5n s\u00e0ng cao h\u01a1n v\u00e0 t\u0103ng th\u1eddi gian l\u00ean m\u1ea1ng.<br \/>\nC\u00f4ng su\u1ea5t ph\u00e1t s\u00f3ng c\u1ef1c m\u1ea1nh: t\u1eeb 20 -30 dBm, ho\u1ea1t \u0111\u1ed9ng tr\u00ean c\u1ea3 2 b\u0103ng t\u1ea7ng 2.4 GHz v\u00e0 5GHz theo chu\u1ea9n c\u00f4ng ngh\u1ec7 WiFi 802.11 ac\/n, \u0111\u1ea3m b\u1ea3o t\u00edn hi\u1ec7u nh\u1eadn \u0111\u01b0\u1ee3c t\u1ed1i \u0111a tr\u00ean c\u00e1c thi\u1ebft b\u1ecb k\u1ebft n\u1ed1i.<br \/>\nM\u1edf r\u1ed9ng c\u00e1c ti\u1ec7n \u00edch kh\u00e1c<br \/>\nKi\u1ebfm ti\u1ec1n t\u1eeb d\u1ecbch v\u1ee5 WIFI.<br \/>\nH\u1ed7 tr\u1ee3 trang FLASH, ch\u00e0o qu\u1ea3ng c\u00e1o, marketing, thu th\u1eadp th\u00f4ng tin ng\u01b0\u1eddi d\u00f9ng &#8230;<br \/>\nX\u1eed l\u00fd s\u1ef1 c\u1ed1 t\u00edch h\u1ee3p: C\u00e1c AP WiFi, Kh\u00e1ch h\u00e0ng, Cambium SMs&#8230;","protected":false},"excerpt":{"rendered":"<p>\u0110\u00e2y l\u00e0 s\u1ea3n ph\u1ea9m n\u00e2ng c\u1ea5p c\u1ee7a cnPilot \u2122 E500; cnPilot\u2122 E501S l\u00e0 m\u1ed9t gi\u1ea3i ph\u00e1p ho\u00e0n h\u1ea3o cho c\u00e1c \u1ee9ng d\u1ee5ng m\u1eadt \u0111\u1ed9 cao v\u00e0 ph\u1ea1m vi ph\u1ee7 s\u00f3ng r\u1ed9ng h\u01a1n trong khu\u00f4n vi\u00ean doanh nghi\u1ec7p, WIFI c\u00f4ng c\u1ed9ng, Kh\u00e1ch s\u1ea1n, C\u01a1 s\u1edf gi\u00e1o d\u1ee5c, Khu h\u1ecdc x\u00e1 ho\u1eb7c b\u1ea5t k\u1ef3 m\u00f4i tr\u01b0\u1eddng ngo\u00e0i tr\u1eddi n\u00e0o<\/p>\n","protected":false},"featured_media":3231,"template":"","meta":[],"product_brand":[],"product_cat":[45,28],"product_tag":[108,115,112,114,113],"pa_bo-nho-trong":[],"pa_bo-vi-xu-ly":[],"pa_do-dai":[],"pa_do-phan-giai":[],"pa_hang-san-xuat":[1044],"pa_kich-thuoc-man-hinh":[],"pa_micro-thu-am":[],"pa_nha-thong-minh-rang-dong":[],"pa_o-cung":[],"pa_ong-kinh":[],"pa_poe":[],"pa_ports":[],"pa_tam-quan-sat":[],"pa_theo-chuan":[1025],"class_list":{"0":"post-808","1":"product","2":"type-product","3":"status-publish","4":"has-post-thumbnail","6":"product_cat-thiet-bi-mang","7":"product_cat-wireless-products","8":"product_tag-cambium","9":"product_tag-cambium-cnpilot","10":"product_tag-cambium-cnpilot-e501s-outdoor-sector","11":"product_tag-e501s","12":"product_tag-outdoor-sector","13":"pa_hang-san-xuat-cambium-networks","14":"pa_theo-chuan-chuan-ac","16":"first","17":"instock","18":"shipping-taxable","19":"product-type-simple"},"_links":{"self":[{"href":"https:\/\/vietbee.com\/en\/wp-json\/wp\/v2\/product\/808","targetHints":{"allow":["GET"]}}],"collection":[{"href":"https:\/\/vietbee.com\/en\/wp-json\/wp\/v2\/product"}],"about":[{"href":"https:\/\/vietbee.com\/en\/wp-json\/wp\/v2\/types\/product"}],"wp:featuredmedia":[{"embeddable":true,"href":"https:\/\/vietbee.com\/en\/wp-json\/wp\/v2\/media\/3231"}],"wp:attachment":[{"href":"https:\/\/vietbee.com\/en\/wp-json\/wp\/v2\/media?parent=808"}],"wp:term":[{"taxonomy":"product_brand","embeddable":true,"href":"https:\/\/vietbee.com\/en\/wp-json\/wp\/v2\/product_brand?post=808"},{"taxonomy":"product_cat","embeddable":true,"href":"https:\/\/vietbee.com\/en\/wp-json\/wp\/v2\/product_cat?post=808"},{"taxonomy":"product_tag","embeddable":true,"href":"https:\/\/vietbee.com\/en\/wp-json\/wp\/v2\/product_tag?post=808"},{"taxonomy":"pa_bo-nho-trong","embeddable":true,"href":"https:\/\/vietbee.com\/en\/wp-json\/wp\/v2\/pa_bo-nho-trong?post=808"},{"taxonomy":"pa_bo-vi-xu-ly","embeddable":true,"href":"https:\/\/vietbee.com\/en\/wp-json\/wp\/v2\/pa_bo-vi-xu-ly?post=808"},{"taxonomy":"pa_do-dai","embeddable":true,"href":"https:\/\/vietbee.com\/en\/wp-json\/wp\/v2\/pa_do-dai?post=808"},{"taxonomy":"pa_do-phan-giai","embeddable":true,"href":"https:\/\/vietbee.com\/en\/wp-json\/wp\/v2\/pa_do-phan-giai?post=808"},{"taxonomy":"pa_hang-san-xuat","embeddable":true,"href":"https:\/\/vietbee.com\/en\/wp-json\/wp\/v2\/pa_hang-san-xuat?post=808"},{"taxonomy":"pa_kich-thuoc-man-hinh","embeddable":true,"href":"https:\/\/vietbee.com\/en\/wp-json\/wp\/v2\/pa_kich-thuoc-man-hinh?post=808"},{"taxonomy":"pa_micro-thu-am","embeddable":true,"href":"https:\/\/vietbee.com\/en\/wp-json\/wp\/v2\/pa_micro-thu-am?post=808"},{"taxonomy":"pa_nha-thong-minh-rang-dong","embeddable":true,"href":"https:\/\/vietbee.com\/en\/wp-json\/wp\/v2\/pa_nha-thong-minh-rang-dong?post=808"},{"taxonomy":"pa_o-cung","embeddable":true,"href":"https:\/\/vietbee.com\/en\/wp-json\/wp\/v2\/pa_o-cung?post=808"},{"taxonomy":"pa_ong-kinh","embeddable":true,"href":"https:\/\/vietbee.com\/en\/wp-json\/wp\/v2\/pa_ong-kinh?post=808"},{"taxonomy":"pa_poe","embeddable":true,"href":"https:\/\/vietbee.com\/en\/wp-json\/wp\/v2\/pa_poe?post=808"},{"taxonomy":"pa_ports","embeddable":true,"href":"https:\/\/vietbee.com\/en\/wp-json\/wp\/v2\/pa_ports?post=808"},{"taxonomy":"pa_tam-quan-sat","embeddable":true,"href":"https:\/\/vietbee.com\/en\/wp-json\/wp\/v2\/pa_tam-quan-sat?post=808"},{"taxonomy":"pa_theo-chuan","embeddable":true,"href":"https:\/\/vietbee.com\/en\/wp-json\/wp\/v2\/pa_theo-chuan?post=808"}],"curies":[{"name":"wp","href":"https:\/\/api.w.org\/{rel}","templated":true}]}}