{"id":488,"date":"2018-09-08T09:02:57","date_gmt":"2018-09-08T09:02:57","guid":{"rendered":"http:\/\/vietbee.daphongthuylucky.com\/?post_type=product&#038;p=488"},"modified":"2020-08-04T04:36:39","modified_gmt":"2020-08-04T04:36:39","slug":"cambium-epmp-1000-hotspot","status":"publish","type":"product","link":"https:\/\/vietbee.com\/en\/product\/cambium-epmp-1000-hotspot\/","title":{"rendered":"Cambium ePMP\u2122 1000 Hotspot"},"content":{"rendered":"GePMP\u2122 1000 Hotspot cung c\u1ea5p t\u00ednh n\u0103ng WIFI hotspot l\u1edbp doanh nghi\u1ec7p trong m\u1ed9t n\u1ec1n t\u1ea3ng ph\u1ea7n c\u1ee9ng c\u00f3 s\u1eb3n \u0111\u00e1ng tin c\u1eady. Thi\u1ebft b\u1ecb Cambium ePMP 1000 Hotspot c\u00f3 th\u1ec3 k\u1ebft n\u1ed1i v\u1edbi m\u1ed9t trong hai gi\u1ea3i ph\u00e1p truy\u1ec1n d\u1eabn c\u00f3 d\u00e2y ho\u1eb7c kh\u00f4ng d\u00e2y, v\u00e0 cung c\u1ea5p \u0111\u01a1n gi\u1ea3n h\u00f3a vi\u1ec7c qu\u1ea3n l\u00fd t\u1eeb \u0111\u1ea7u \u0111\u1ebfn cu\u1ed1i v\u1edbi gi\u1ea3i ph\u00e1p qu\u1ea3n l\u00fd \u0111i\u1ec7n to\u00e1n \u0111\u00e1m m\u00e2y cnMaestro\u2122.<br \/>\n<strong>T\u00ednh n\u0103ng n\u1ed5i tr\u1ed9i:<\/strong><br \/>\nCho ph\u00e9p k\u1ebft n\u1ed1i \u0111\u1ed3ng th\u1eddi l\u00ean \u0111\u1ebfn\u00a0<strong>128 user<\/strong>\u00a0t\u1ea7m ph\u00e1t s\u00f3ng l\u00ean \u0111\u1ebfn\u00a0<strong>180m<\/strong>\u00a0b\u00e1n k\u00ednh tr\u00ean 1 \u0111i\u1ec3m truy c\u1eadp<br \/>\nGi\u00fap cho kh\u00e1ch h\u00e0ng ti\u1ebft ki\u1ec7m t\u1ed1i \u0111a chi ph\u00ed l\u1eafp \u0111\u1eb7t<br \/>\nT\u1ea1o l\u1eadp v\u00e0 c\u1ea5p ph\u00e9p t\u00e0i kho\u1ea3n ng\u01b0\u1eddi d\u00f9ng nhanh ch\u00f3ng v\u00e0 ti\u1ec7n \u00edch<br \/>\nT\u1ea1o v\u00e0o c\u1ea5p ph\u00e9p cho user m\u1ecdi l\u00fac m\u1ecdi n\u01a1i b\u1eb1ng: PC, Laptop, Mobile \u2026.<br \/>\nC\u00f4ng ngh\u1ec7 Mesh kh\u00f4ng d\u00e2y t\u1ef1 \u0111\u1ed9ng: d\u1ec5 d\u00e0ng cho vi\u1ec7c thi c\u00f4ng v\u00e0 l\u1eafp \u0111\u1eb7t<br \/>\nQu\u1ea3n l\u00fd user t\u1eadp trung:\u00a0 v\u1edbi giao di\u1ec7n s\u1eed d\u1ee5ng d\u1ec5 d\u00e0ng b\u1ea1n c\u00f3 th\u1ec3 qu\u1ea3n l\u00fd thi\u1ebft b\u1ecb c\u1ee7a m\u00ecnh \u0111\u1ec3 d\u00e0ng v\u00e0 mi\u1ec5n ph\u00ed:<br \/>\n&#8211; Cloud Manager cnMaestro<br \/>\n&#8211; On- Premise cnMaestro cho server mi\u1ec5n ph\u00ed<br \/>\nB\u1ea3o m\u1eadt cao c\u1ea5p:<br \/>\nNgo\u00e0i c\u00e1c t\u00ednh n\u0103ng b\u1ea3o m\u1eadt b\u1eb1ng m\u00e3 h\u00f3a WPA\/WPA2, c\u00f2n c\u00f3 c\u01a1 ch\u1ebf l\u1ecdc MAC ch\u1ec9 \u0111\u1ecbnh ch\u00ednh x\u00e1c thi\u1ebft b\u1ecb \u0111\u01b0\u1ee3c cho ph\u00e9p\/kh\u00f4ng cho ph\u00e9p k\u1ebft n\u1ed1i, t\u00ednh n\u0103ng ng\u0103n ch\u1eb7n ng\u01b0\u1eddi d\u00f9ng truy c\u1eadp tr\u00e1i ph\u00e9p l\u1eabn nhau trong c\u00f9ng h\u1ec7 th\u1ed1ng m\u1ea1ng,<br \/>\nC\u00f4ng ngh\u1ec7 Smart Roaming chuy\u00ean nghi\u1ec7p: gi\u00fap ng\u01b0\u1eddi dung tho\u1ea3i m\u00e1i \u0111i l\u1ea1i trong khu v\u1ef1c r\u1ed9ng m\u00e0 kh\u00f4ng c\u1ea7n ph\u1ea3i \u0111\u0103ng nh\u1eadp<br \/>\nC\u00f4ng su\u1ea5t ph\u00e1t s\u00f3ng c\u1ef1c m\u1ea1nh<br \/>\nV\u1edbi c\u00f4ng su\u1ea5t ph\u00e1t s\u00f3ng c\u1ef1c m\u1ea1nh t\u1eeb<strong>\u00a020 -30 dBm<\/strong>, ho\u1ea1t \u0111\u1ed9ng tr\u00ean c\u1ea3 2 b\u0103ng t\u1ea7ng 2.4 GHz v\u00e0 5GHz theo chu\u1ea9n c\u00f4ng ngh\u1ec7 WiFi 802.11 ac\/n, \u0111\u1ea3m b\u1ea3o t\u00edn hi\u1ec7u nh\u1eadn \u0111\u01b0\u1ee3c t\u1ed1i \u0111a tr\u00ean c\u00e1c thi\u1ebft b\u1ecb k\u1ebft n\u1ed1i.<br \/>\nM\u1edf r\u1ed9ng c\u00e1c ti\u1ec7n \u00edch kh\u00e1c<br \/>\n&#8211; Kinh doanh wifi<br \/>\n&#8211; H\u1ed5 tr\u1ee3 trang ch\u00e0o qu\u1ea3ng c\u00e1o, marketing, thu th\u1eadp th\u00f4ng tin ng\u01b0\u1eddi d\u00f9ng &#8230;<br \/>\n&#8211; H\u1ec7 th\u1ed1ng Wifi n\u1ed9i b\u1ed9 gi\u00fap gi\u1ea3m chi ph\u00ed li\u00ean l\u1ea1c gi\u1eefa c\u00e1c nh\u00e2n vi\u00ean.","protected":false},"excerpt":{"rendered":"<p class=\"qtranxs-available-languages-message qtranxs-available-languages-message-en\">Sorry, this entry is only available in <a href=\"https:\/\/vietbee.com\/vi\/wp-json\/wp\/v2\/product\/488\" class=\"qtranxs-available-language-link qtranxs-available-language-link-vi\" title=\"Ti\u1ebfng Vi\u1ec7t\">Ti\u1ebfng Vi\u1ec7t<\/a>. For the sake of viewer convenience, the content is shown below in the alternative language. You may click the link to switch the active language.<\/p>\n<ul>\n<li><span style=\"color: #282828;\">802.11n 2&#215;2 MIMO.<\/span><\/li>\n<li class=\"tw-data-text tw-text-large XcVN5d tw-ta\" dir=\"ltr\" data-placeholder=\"B\u1ea3n d\u1ecbch\"><span lang=\"vi\" style=\"color: #282828;\">8 SSID h\u1ed7 tr\u1ee3 128 ng\u01b0\u1eddi d\u00f9ng \u0111\u1ed3ng th\u1eddi.<br \/>\n<\/span><\/li>\n<li class=\"tw-data-text tw-text-large XcVN5d tw-ta\" dir=\"ltr\" data-placeholder=\"B\u1ea3n d\u1ecbch\"><span lang=\"vi\" style=\"color: #282828;\">C\u00f3 th\u1ec3 gi\u1edbi h\u1ea1n t\u1ed1c \u0111\u1ed9 tr\u00ean m\u1ed7i SSID v\u00e0 kh\u00e1ch h\u00e0ng.<br \/>\n<\/span><\/li>\n<li class=\"tw-data-text tw-text-large XcVN5d tw-ta\" dir=\"ltr\" data-placeholder=\"B\u1ea3n d\u1ecbch\"><span lang=\"vi\" style=\"color: #282828;\">Chuy\u1ec3n v\u00f9ng nhanh qua c\u00e1c \u0111i\u1ec3m truy c\u1eadp (AP).<br \/>\n<\/span><\/li>\n<li id=\"tw-target-text\" class=\"tw-data-text tw-text-large XcVN5d tw-ta\" dir=\"ltr\" data-placeholder=\"B\u1ea3n d\u1ecbch\"><span style=\"color: #282828;\"><span lang=\"vi\">L\u1ef1a ch\u1ecdn k\u00eanh t\u1ef1 \u0111\u1ed9ng \u0111\u1ec3 ph\u00e2n b\u1ed5 ph\u1ed5 kh\u00f4ng d\u00e2y.<\/span><span lang=\"vi\"><br \/>\n<\/span><\/span><\/li>\n<\/ul>\n","protected":false},"featured_media":491,"template":"","meta":[],"product_brand":[],"product_cat":[28],"product_tag":[108,1110,1111,1045],"pa_bo-nho-trong":[],"pa_bo-vi-xu-ly":[],"pa_do-dai":[],"pa_do-phan-giai":[],"pa_hang-san-xuat":[1044],"pa_kich-thuoc-man-hinh":[],"pa_micro-thu-am":[],"pa_nha-thong-minh-rang-dong":[],"pa_o-cung":[],"pa_ong-kinh":[],"pa_poe":[],"pa_ports":[],"pa_tam-quan-sat":[],"pa_theo-chuan":[1025,1027],"class_list":{"0":"post-488","1":"product","2":"type-product","3":"status-publish","4":"has-post-thumbnail","6":"product_cat-wireless-products","7":"product_tag-cambium","8":"product_tag-cambium-epmp-1000-hotspot","9":"product_tag-epmp-1000-hotspot","10":"product_tag-wifi","11":"pa_hang-san-xuat-cambium-networks","12":"pa_theo-chuan-chuan-ac","13":"pa_theo-chuan-chuan-mu-mimo-2x2","15":"first","16":"instock","17":"shipping-taxable","18":"product-type-simple"},"_links":{"self":[{"href":"https:\/\/vietbee.com\/en\/wp-json\/wp\/v2\/product\/488","targetHints":{"allow":["GET"]}}],"collection":[{"href":"https:\/\/vietbee.com\/en\/wp-json\/wp\/v2\/product"}],"about":[{"href":"https:\/\/vietbee.com\/en\/wp-json\/wp\/v2\/types\/product"}],"wp:featuredmedia":[{"embeddable":true,"href":"https:\/\/vietbee.com\/en\/wp-json\/wp\/v2\/media\/491"}],"wp:attachment":[{"href":"https:\/\/vietbee.com\/en\/wp-json\/wp\/v2\/media?parent=488"}],"wp:term":[{"taxonomy":"product_brand","embeddable":true,"href":"https:\/\/vietbee.com\/en\/wp-json\/wp\/v2\/product_brand?post=488"},{"taxonomy":"product_cat","embeddable":true,"href":"https:\/\/vietbee.com\/en\/wp-json\/wp\/v2\/product_cat?post=488"},{"taxonomy":"product_tag","embeddable":true,"href":"https:\/\/vietbee.com\/en\/wp-json\/wp\/v2\/product_tag?post=488"},{"taxonomy":"pa_bo-nho-trong","embeddable":true,"href":"https:\/\/vietbee.com\/en\/wp-json\/wp\/v2\/pa_bo-nho-trong?post=488"},{"taxonomy":"pa_bo-vi-xu-ly","embeddable":true,"href":"https:\/\/vietbee.com\/en\/wp-json\/wp\/v2\/pa_bo-vi-xu-ly?post=488"},{"taxonomy":"pa_do-dai","embeddable":true,"href":"https:\/\/vietbee.com\/en\/wp-json\/wp\/v2\/pa_do-dai?post=488"},{"taxonomy":"pa_do-phan-giai","embeddable":true,"href":"https:\/\/vietbee.com\/en\/wp-json\/wp\/v2\/pa_do-phan-giai?post=488"},{"taxonomy":"pa_hang-san-xuat","embeddable":true,"href":"https:\/\/vietbee.com\/en\/wp-json\/wp\/v2\/pa_hang-san-xuat?post=488"},{"taxonomy":"pa_kich-thuoc-man-hinh","embeddable":true,"href":"https:\/\/vietbee.com\/en\/wp-json\/wp\/v2\/pa_kich-thuoc-man-hinh?post=488"},{"taxonomy":"pa_micro-thu-am","embeddable":true,"href":"https:\/\/vietbee.com\/en\/wp-json\/wp\/v2\/pa_micro-thu-am?post=488"},{"taxonomy":"pa_nha-thong-minh-rang-dong","embeddable":true,"href":"https:\/\/vietbee.com\/en\/wp-json\/wp\/v2\/pa_nha-thong-minh-rang-dong?post=488"},{"taxonomy":"pa_o-cung","embeddable":true,"href":"https:\/\/vietbee.com\/en\/wp-json\/wp\/v2\/pa_o-cung?post=488"},{"taxonomy":"pa_ong-kinh","embeddable":true,"href":"https:\/\/vietbee.com\/en\/wp-json\/wp\/v2\/pa_ong-kinh?post=488"},{"taxonomy":"pa_poe","embeddable":true,"href":"https:\/\/vietbee.com\/en\/wp-json\/wp\/v2\/pa_poe?post=488"},{"taxonomy":"pa_ports","embeddable":true,"href":"https:\/\/vietbee.com\/en\/wp-json\/wp\/v2\/pa_ports?post=488"},{"taxonomy":"pa_tam-quan-sat","embeddable":true,"href":"https:\/\/vietbee.com\/en\/wp-json\/wp\/v2\/pa_tam-quan-sat?post=488"},{"taxonomy":"pa_theo-chuan","embeddable":true,"href":"https:\/\/vietbee.com\/en\/wp-json\/wp\/v2\/pa_theo-chuan?post=488"}],"curies":[{"name":"wp","href":"https:\/\/api.w.org\/{rel}","templated":true}]}}