{"id":476,"date":"2018-09-08T08:55:43","date_gmt":"2018-09-08T08:55:43","guid":{"rendered":"http:\/\/vietbee.daphongthuylucky.com\/?post_type=product&#038;p=476"},"modified":"2020-08-04T06:47:50","modified_gmt":"2020-08-04T06:47:50","slug":"cambium-cnpilot-e400","status":"publish","type":"product","link":"https:\/\/vietbee.com\/en\/product\/cambium-cnpilot-e400\/","title":{"rendered":"Cambium cnPilot E400"},"content":{"rendered":"cnPilot \u2122 E400 l\u00e0 ph\u00e1t s\u00f3ng Wifi trong nh\u00e0 do c\u00e1c doanh nghi\u1ec7p quy m\u00f4 l\u1edbn,\u00a0 c\u00e1c n\u01a1i t\u1eadp trung \u0111\u00f4ng ng\u01b0\u1eddi &#8230; chu\u1ea9n 802.11ac, s\u1eed d\u1ee5ng hai b\u0103ng t\u1ea7n 2.4Ghz v\u00e0 5Ghz 802.11ac, v\u1edbi t\u1eadp h\u1ee3p phong ph\u00fa c\u00e1c t\u00ednh n\u0103ng c\u1ea5p doanh nghi\u1ec7p cho c\u00e1c doanh nghi\u1ec7p v\u1eeba v\u00e0 nh\u1ecf. cnPilot\u2122 s\u1eed d\u1ee5ng gi\u1ea3i ph\u00e1p \u0111i\u1ec7n to\u00e1n \u0111\u00e1m m\u00e2y qu\u1ea3n l\u00fd cnMaestro\u2122 \u0111\u1ec3 qu\u1ea3n l\u00fd to\u00e0n b\u1ed9 h\u1ec7 th\u1ed1ng m\u1ea1ng.<br \/>\n<strong>M\u1ed9t s\u1ed1 t\u00ednh n\u0103ng n\u1ed5i tr\u1ed9i:<\/strong><br \/>\n&#8211; Cho ph\u00e9p k\u1ebft n\u1ed1i \u0111\u1ed3ng th\u1eddi l\u00ean \u0111\u1ebfn<strong>\u00a0256 user<\/strong>\u00a0tr\u00ean hai b\u0103ng t\u1ea7n, t\u1ea7m ph\u00e1t s\u00f3ng l\u00ean \u0111\u1ebfn\u00a0<strong>180m<\/strong>\u00a0b\u00e1n k\u00ednh tr\u00ean 1 \u0111i\u1ec3m truy c\u1eadp<br \/>\n&#8211; Gi\u00fap cho kh\u00e1ch h\u00e0ng ti\u1ebft ki\u1ec7m t\u1ed1i \u0111a chi ph\u00ed l\u1eafp \u0111\u1eb7t<br \/>\n&#8211; T\u1ea1o l\u1eadp v\u00e0 c\u1ea5p ph\u00e9p t\u00e0i kho\u1ea3n ng\u01b0\u1eddi d\u00f9ng nhanh ch\u00f3ng v\u00e0 ti\u1ec7n \u00edch<br \/>\n&#8211; T\u1ea1o v\u00e0o c\u1ea5p ph\u00e9p cho user m\u1ecdi l\u00fac m\u1ecdi n\u01a1i b\u1eb1ng: PC, Laptop, Mobile \u2026.<br \/>\n&#8211; C\u00f4ng ngh\u1ec7 Mesh kh\u00f4ng d\u00e2y t\u1ef1 \u0111\u1ed9ng: d\u1ec5 d\u00e0ng cho vi\u1ec7c thi c\u00f4ng v\u00e0 l\u1eafp \u0111\u1eb7t<br \/>\n&#8211; Qu\u1ea3n l\u00fd user t\u1eadp trung: v\u1edbi giao di\u1ec7n s\u1eed d\u1ee5ng d\u1ec5 d\u00e0ng b\u1ea1n c\u00f3 th\u1ec3 qu\u1ea3n l\u00fd thi\u1ebft b\u1ecb c\u1ee7a m\u00ecnh \u0111\u1ec3 d\u00e0ng v\u00e0 mi\u1ec5n ph\u00ed:<br \/>\n* Cloud Manager cnMaestro<br \/>\n* On- Premise cnMaestro cho server mi\u1ec5n ph\u00ed<br \/>\n&#8211; B\u1ea3o m\u1eadt cao c\u1ea5p:<br \/>\nNgo\u00e0i c\u00e1c t\u00ednh n\u0103ng b\u1ea3o m\u1eadt b\u1eb1ng m\u00e3 h\u00f3a WPA\/WPA2, c\u00f2n c\u00f3 c\u01a1 ch\u1ebf l\u1ecdc MAC ch\u1ec9 \u0111\u1ecbnh ch\u00ednh x\u00e1c thi\u1ebft b\u1ecb \u0111\u01b0\u1ee3c cho ph\u00e9p\/kh\u00f4ng cho ph\u00e9p k\u1ebft n\u1ed1i, t\u00ednh n\u0103ng ng\u0103n ch\u1eb7n ng\u01b0\u1eddi d\u00f9ng truy c\u1eadp tr\u00e1i ph\u00e9p l\u1eabn nhau trong c\u00f9ng h\u1ec7 th\u1ed1ng m\u1ea1ng,<br \/>\nC\u00f4ng ngh\u1ec7 Smart Roaming chuy\u00ean nghi\u1ec7p: gi\u00fap ng\u01b0\u1eddi dung tho\u1ea3i m\u00e1i \u0111i l\u1ea1i trong khu v\u1ef1c r\u1ed9ng m\u00e0 kh\u00f4ng c\u1ea7n ph\u1ea3i \u0111\u0103ng nh\u1eadp\u00a0 l\u1ea1i<br \/>\nC\u00f4ng su\u1ea5t ph\u00e1t s\u00f3ng c\u1ef1c m\u1ea1nh: v\u1edbi c\u00f4ng su\u1ea5t ph\u00e1t s\u00f3ng c\u1ef1c m\u1ea1nh t\u1eeb 20 -30 dBm, ho\u1ea1t \u0111\u1ed9ng tr\u00ean c\u1ea3 2 b\u0103ng t\u1ea7ng 2.4 GHz v\u00e0 5GHz theo chu\u1ea9n c\u00f4ng ngh\u1ec7 WiFi 802.11 ac\/n, \u0111\u1ea3m b\u1ea3o t\u00edn hi\u1ec7u nh\u1eadn \u0111\u01b0\u1ee3c t\u1ed1i \u0111a tr\u00ean c\u00e1c thi\u1ebft b\u1ecb k\u1ebft n\u1ed1i.<br \/>\n&#8211; M\u1edf r\u1ed9ng c\u00e1c ti\u1ec7n \u00edch kh\u00e1c:<br \/>\n&#8211; Kinh doanh wifi<br \/>\n&#8211; H\u1ed5 tr\u1ee3 trang ch\u00e0o qu\u1ea3ng c\u00e1o, marketing, thu th\u1eadp th\u00f4ng tin ng\u01b0\u1eddi d\u00f9ng &#8230;<br \/>\n&#8211; H\u1ec7 th\u1ed1ng Wifi n\u1ed9i b\u1ed9 gi\u00fap gi\u1ea3m chi ph\u00ed li\u00ean l\u1ea1c gi\u1eefa c\u00e1c nh\u00e2n vi\u00ean<\/p>\n<p>&nbsp;","protected":false},"excerpt":{"rendered":"<p class=\"qtranxs-available-languages-message qtranxs-available-languages-message-en\">Sorry, this entry is only available in <a href=\"https:\/\/vietbee.com\/vi\/wp-json\/wp\/v2\/product\/476\" class=\"qtranxs-available-language-link qtranxs-available-language-link-vi\" title=\"Ti\u1ebfng Vi\u1ec7t\">Ti\u1ebfng Vi\u1ec7t<\/a>. For the sake of viewer convenience, the content is shown below in the alternative language. You may click the link to switch the active language.<\/p>\n<ul>\n<li><span style=\"color: #282828;\">Ho\u1ea1t \u0111\u1ed9ng dual-band: 2.4Ghz v\u00e0 5Ghz 802.11ac<\/span><\/li>\n<li><span style=\"color: #282828;\">16 SSID v\u00e0 256 user truy c\u1eadp \u0111\u1ed3ng th\u1eddi<\/span><\/li>\n<li><span style=\"color: #282828;\">Max Throughput: +1.167 Gbps<\/span><\/li>\n<li><span style=\"color: #282828;\">T\u1ea7m ph\u1ee7 s\u00f3ng t\u1ed1i \u0111a: 180 m (600 Ft)<\/span><\/li>\n<li><span style=\"color: #282828;\">C\u00f4ng su\u1ea5t ph\u00e1t s\u00f3ng c\u1ef1c m\u1ea1nh t\u1eeb 20-30 dBm<\/span><\/li>\n<li><span style=\"color: #282828;\">Ch\u1ee9c n\u0103ng Roaming kh\u00f4ng c\u1ea7n Controller<\/span><\/li>\n<li><span style=\"color: #282828;\">Cho ph\u00e9p t\u1ea1o l\u01b0\u1edbi m\u1ea1ng Mesh<\/span><\/li>\n<li><span style=\"color: #282828;\">H\u1ed7 tr\u1ee3 ph\u00e2n t\u00edch c\u00e1c k\u00eanh nhi\u1ec5u v\u00e0 kh\u00f4ng nhi\u1ec5u.<\/span><\/li>\n<\/ul>\n","protected":false},"featured_media":477,"template":"","meta":[],"product_brand":[],"product_cat":[28],"product_tag":[],"pa_bo-nho-trong":[],"pa_bo-vi-xu-ly":[],"pa_do-dai":[],"pa_do-phan-giai":[],"pa_hang-san-xuat":[1044],"pa_kich-thuoc-man-hinh":[],"pa_micro-thu-am":[],"pa_nha-thong-minh-rang-dong":[],"pa_o-cung":[],"pa_ong-kinh":[],"pa_poe":[],"pa_ports":[],"pa_tam-quan-sat":[],"pa_theo-chuan":[1027],"class_list":{"0":"post-476","1":"product","2":"type-product","3":"status-publish","4":"has-post-thumbnail","6":"product_cat-wireless-products","7":"pa_hang-san-xuat-cambium-networks","8":"pa_theo-chuan-chuan-mu-mimo-2x2","10":"first","11":"instock","12":"shipping-taxable","13":"product-type-simple"},"_links":{"self":[{"href":"https:\/\/vietbee.com\/en\/wp-json\/wp\/v2\/product\/476","targetHints":{"allow":["GET"]}}],"collection":[{"href":"https:\/\/vietbee.com\/en\/wp-json\/wp\/v2\/product"}],"about":[{"href":"https:\/\/vietbee.com\/en\/wp-json\/wp\/v2\/types\/product"}],"wp:featuredmedia":[{"embeddable":true,"href":"https:\/\/vietbee.com\/en\/wp-json\/wp\/v2\/media\/477"}],"wp:attachment":[{"href":"https:\/\/vietbee.com\/en\/wp-json\/wp\/v2\/media?parent=476"}],"wp:term":[{"taxonomy":"product_brand","embeddable":true,"href":"https:\/\/vietbee.com\/en\/wp-json\/wp\/v2\/product_brand?post=476"},{"taxonomy":"product_cat","embeddable":true,"href":"https:\/\/vietbee.com\/en\/wp-json\/wp\/v2\/product_cat?post=476"},{"taxonomy":"product_tag","embeddable":true,"href":"https:\/\/vietbee.com\/en\/wp-json\/wp\/v2\/product_tag?post=476"},{"taxonomy":"pa_bo-nho-trong","embeddable":true,"href":"https:\/\/vietbee.com\/en\/wp-json\/wp\/v2\/pa_bo-nho-trong?post=476"},{"taxonomy":"pa_bo-vi-xu-ly","embeddable":true,"href":"https:\/\/vietbee.com\/en\/wp-json\/wp\/v2\/pa_bo-vi-xu-ly?post=476"},{"taxonomy":"pa_do-dai","embeddable":true,"href":"https:\/\/vietbee.com\/en\/wp-json\/wp\/v2\/pa_do-dai?post=476"},{"taxonomy":"pa_do-phan-giai","embeddable":true,"href":"https:\/\/vietbee.com\/en\/wp-json\/wp\/v2\/pa_do-phan-giai?post=476"},{"taxonomy":"pa_hang-san-xuat","embeddable":true,"href":"https:\/\/vietbee.com\/en\/wp-json\/wp\/v2\/pa_hang-san-xuat?post=476"},{"taxonomy":"pa_kich-thuoc-man-hinh","embeddable":true,"href":"https:\/\/vietbee.com\/en\/wp-json\/wp\/v2\/pa_kich-thuoc-man-hinh?post=476"},{"taxonomy":"pa_micro-thu-am","embeddable":true,"href":"https:\/\/vietbee.com\/en\/wp-json\/wp\/v2\/pa_micro-thu-am?post=476"},{"taxonomy":"pa_nha-thong-minh-rang-dong","embeddable":true,"href":"https:\/\/vietbee.com\/en\/wp-json\/wp\/v2\/pa_nha-thong-minh-rang-dong?post=476"},{"taxonomy":"pa_o-cung","embeddable":true,"href":"https:\/\/vietbee.com\/en\/wp-json\/wp\/v2\/pa_o-cung?post=476"},{"taxonomy":"pa_ong-kinh","embeddable":true,"href":"https:\/\/vietbee.com\/en\/wp-json\/wp\/v2\/pa_ong-kinh?post=476"},{"taxonomy":"pa_poe","embeddable":true,"href":"https:\/\/vietbee.com\/en\/wp-json\/wp\/v2\/pa_poe?post=476"},{"taxonomy":"pa_ports","embeddable":true,"href":"https:\/\/vietbee.com\/en\/wp-json\/wp\/v2\/pa_ports?post=476"},{"taxonomy":"pa_tam-quan-sat","embeddable":true,"href":"https:\/\/vietbee.com\/en\/wp-json\/wp\/v2\/pa_tam-quan-sat?post=476"},{"taxonomy":"pa_theo-chuan","embeddable":true,"href":"https:\/\/vietbee.com\/en\/wp-json\/wp\/v2\/pa_theo-chuan?post=476"}],"curies":[{"name":"wp","href":"https:\/\/api.w.org\/{rel}","templated":true}]}}