{"id":4607,"date":"2023-04-24T07:57:32","date_gmt":"2023-04-24T07:57:32","guid":{"rendered":"https:\/\/vietbee.com\/?post_type=product&#038;p=4607"},"modified":"2023-04-24T09:21:48","modified_gmt":"2023-04-24T09:21:48","slug":"acrobat-pro-2","status":"publish","type":"product","link":"https:\/\/vietbee.com\/en\/product\/acrobat-pro-2\/","title":{"rendered":"Acrobat Standard"},"content":{"rendered":"<p><strong>T\u00ednh n\u0103ng c\u1ee7a s\u1ea3n ph\u1ea9m:<\/strong><\/p>\n<div class=\"text aem-GridColumn--tablet--12 aem-GridColumn--offset--tablet--0 aem-GridColumn--phone--hide aem-GridColumn--default--none aem-GridColumn--phone--12 aem-GridColumn aem-GridColumn--default--12 aem-GridColumn--offset--phone--0 aem-GridColumn--offset--default--0 aem-GridColumn--tablet--hide\">\n<div class=\"cmp-text desktop-padding-top-16 desktop-padding-bottom-16\">\n<h3>Gi\u1ea3i ph\u00e1p PDF \u0111\u00e1ng tin c\u1eady nh\u1ea5t hi\u1ec7n nay l\u00e0 gi\u1ea3i ph\u00e1p \u0111\u01b0\u1ee3c k\u1ebft n\u1ed1i nhi\u1ec1u nh\u1ea5t.<\/h3>\n<\/div>\n<\/div>\n<div class=\"text aem-GridColumn--tablet--12 aem-GridColumn--offset--tablet--0 aem-GridColumn--phone--hide aem-GridColumn--phone--12 aem-GridColumn aem-GridColumn--default--12 aem-GridColumn--offset--phone--0 aem-GridColumn--tablet--hide\">\n<div class=\"cmp-text desktop-padding-bottom-20\">\n<p>T\u1ea1o, ch\u1ec9nh s\u1eeda, k\u00fd v\u00e0 theo d\u00f5i t\u00e0i li\u1ec7u t\u1eeb b\u1ea5t k\u1ef3 \u0111\u00e2u, b\u1ea5t c\u1ee9 l\u00fac n\u00e0o, tr\u00ean m\u00e1y t\u00ednh \u0111\u1ec3 b\u00e0n, tr\u00ecnh duy\u1ec7t v\u00e0 thi\u1ebft b\u1ecb di \u0111\u1ed9ng.<\/p>\n<div class=\"title\">\n<div class=\"cmp-title\">\n<h3 class=\"cmp-title__text size-32 bold \">Lu\u00f4n nh\u1eadn \u0111\u01b0\u1ee3c nh\u1eefng t\u00ednh n\u0103ng Acrobat m\u1edbi nh\u1ea5t.<\/h3>\n<\/div>\n<\/div>\n<div class=\"text size-16\">\n<div class=\"cmp-text desktop-padding-left-8\">\n<p><span class=\"type-light\">Nhu c\u1ea7u c\u1ee7a b\u1ea1n lu\u00f4n kh\u00f4ng ng\u1eebng ph\u00e1t tri\u1ec3n. V\u00e0 c\u00e1ch b\u1ea1n l\u00e0m vi\u1ec7c c\u0169ng ph\u00e1t tri\u1ec3n theo. \u0110\u00f3 l\u00e0 l\u00fd do t\u1ea1i sao ch\u00fang t\u00f4i li\u00ean t\u1ee5c c\u1ea3i ti\u1ebfn v\u00e0 b\u1ed5 sung t\u00ednh n\u0103ng cho Adobe Acrobat. V\u00e0 khi mua Adobe Acrobat, b\u1ea1n s\u1ebd lu\u00f4n nh\u1eadn \u0111\u01b0\u1ee3c c\u00e1c t\u00ednh n\u0103ng m\u1edbi nh\u1ea5t ngay khi ch\u00fang \u0111\u01b0\u1ee3c ph\u00e1t h\u00e0nh.<\/span><\/p>\n<div class=\"position dx-parlite--tablet--none dx-parlite--phone--none dx-parlite dx-parlite--default--none\">\n<div id=\"root_content_flex_580279846_copy__items_position_1036841491\" class=\"dexter-Position dexter-Background is-Editor-false\" data-animations=\"[]\">\n<div class=\"aem-Grid aem-Grid--10 aem-Grid--default--10 \">\n<div class=\"title aem-GridColumn--tablet--12 aem-GridColumn--offset--tablet--0 aem-GridColumn--phone--hide aem-GridColumn--phone--12 aem-GridColumn aem-GridColumn--default--10 aem-GridColumn--offset--phone--0 aem-GridColumn--tablet--hide\">\n<div class=\"cmp-title\">\n<h3 class=\"cmp-title__text size-32 bold \">Duy tr\u00ec t\u00ednh li\u00ean t\u1ee5c c\u1ee7a d\u1ef1 \u00e1n t\u1eeb b\u1ea5t k\u1ef3 \u0111\u00e2u.<\/h3>\n<\/div>\n<\/div>\n<div class=\"text size-18 aem-GridColumn--tablet--12 aem-GridColumn--offset--tablet--0 aem-GridColumn--phone--hide aem-GridColumn--phone--12 aem-GridColumn aem-GridColumn--default--10 aem-GridColumn--offset--phone--0 aem-GridColumn--tablet--hide\">\n<div class=\"cmp-text \">\n<p><span class=\"type-light\">B\u1ea5t k\u1ec3 b\u1ea1n \u1edf \u0111\u00e2u hay s\u1eed d\u1ee5ng thi\u1ebft b\u1ecb n\u00e0o, h\u00e3y lu\u00f4n duy tr\u00ec c\u1ed9ng t\u00e1c. V\u1edbi Acrobat, b\u1ea1n c\u00f3 th\u1ec3 d\u1ec5 d\u00e0ng chia s\u1ebb c\u00e1c t\u1ec7p PDF \u0111\u1ec3 xem, xem x\u00e9t v\u00e0 k\u00fd t\u00ean v\u00e0 th\u1eadm ch\u00ed theo d\u00f5i ti\u1ebfn tr\u00ecnh c\u1ee7a t\u1ec7p, t\u1eeb b\u1ea5t k\u1ef3 thi\u1ebft b\u1ecb v\u00e0 b\u1ea5t k\u1ef3 \u0111\u1ecba \u0111i\u1ec3m n\u00e0o.<\/span><\/p>\n<div class=\"title aem-GridColumn--tablet--12 aem-GridColumn--offset--tablet--0 aem-GridColumn--phone--hide aem-GridColumn--phone--12 aem-GridColumn aem-GridColumn--default--10 aem-GridColumn--offset--phone--0 aem-GridColumn--tablet--hide\">\n<div class=\"cmp-title\">\n<h3 class=\"cmp-title__text size-32 bold \">L\u00e0m cho vi\u1ec7c xem x\u00e9t t\u00e0i li\u1ec7u tr\u1edf n\u00ean tr\u01a1n tru.<\/h3>\n<\/div>\n<\/div>\n<div class=\"text size-18 aem-GridColumn--tablet--12 aem-GridColumn--offset--tablet--0 aem-GridColumn--phone--hide aem-GridColumn--phone--12 aem-GridColumn aem-GridColumn--default--10 aem-GridColumn--offset--phone--0 aem-GridColumn--tablet--hide\">\n<div class=\"cmp-text \">\n<p><span class=\"type-light\">Gi\u1edd \u0111\u00e2y, vi\u1ec7c chia s\u1ebb t\u1ec7p PDF v\u00e0 thu th\u1eadp nh\u1eadn x\u00e9t ch\u1ec9 \u0111\u01a1n gi\u1ea3n nh\u01b0 g\u1eedi email nh\u01b0ng c\u00f3 nhi\u1ec1u quy\u1ec1n ki\u1ec3m so\u00e1t h\u01a1n, theo d\u00f5i t\u1eeb \u0111\u1ea7u \u0111\u1ebfn cu\u1ed1i v\u00e0 kh\u00f4ng c\u00f3 c\u00e1c t\u1ec7p \u0111\u00ednh k\u00e8m l\u1ed9n x\u1ed9n. Ng\u01b0\u1eddi nh\u1eadn s\u1ebd nh\u1eadn \u0111\u01b0\u1ee3c email c\u00f3 li\u00ean k\u1ebft \u0111\u1ebfn t\u1ec7p PDF c\u1ee7a b\u1ea1n. H\u1ecd ch\u1ec9 c\u1ea7n nh\u1ea5p \u0111\u1ec3 m\u1edf, xem v\u00e0 th\u00eam nh\u1eadn x\u00e9t.<\/span><\/p>\n<div class=\"title dx-parlite dx-parlite--phone--hide dx-parlite--tablet--hide\">\n<div class=\"cmp-title\">\n<h3 class=\"cmp-title__text size-32 bold \">Bi\u1ebfn thi\u1ebft b\u1ecb di \u0111\u1ed9ng c\u1ee7a b\u1ea1n th\u00e0nh c\u00f4ng c\u1ee5 PDF th\u1ef1c s\u1ef1.<\/h3>\n<\/div>\n<\/div>\n<div class=\"text size-18 dx-parlite dx-parlite--phone--hide dx-parlite--tablet--hide\">\n<div class=\"cmp-text \">\n<p><span class=\"type-light\">Lu\u00f4n mi\u1ec5n ph\u00ed v\u00e0 gi\u1edd \u0111\u00e2y m\u1ea1nh m\u1ebd h\u01a1n bao gi\u1edd h\u1ebft, \u1ee9ng d\u1ee5ng di \u0111\u1ed9ng Acrobat Reader c\u00f3 \u0111\u1ea7y \u0111\u1ee7 c\u00e1c c\u00f4ng c\u1ee5 m\u00e0 b\u1ea1n c\u1ea7n \u0111\u1ec3 xem, ch\u00fa th\u00edch, k\u00fd t\u00ean v\u00e0 chia s\u1ebb t\u1ec7p PDF \u1edf b\u1ea5t c\u1ee9 \u0111\u00e2u. V\u00e0 v\u1edbi Acrobat Standard, b\u1ea1n c\u00f2n c\u00f3 th\u1ec3 l\u00e0m \u0111\u01b0\u1ee3c nhi\u1ec1u h\u01a1n th\u1ebf. Ch\u1ec9nh s\u1eeda, t\u1ea1o, xu\u1ea5t, s\u1eafp x\u1ebfp v\u00e0 k\u1ebft h\u1ee3p c\u00e1c t\u1ec7p ngay t\u1eeb m\u00e1y t\u00ednh b\u1ea3ng c\u1ee7a b\u1ea1n.<\/span><\/p>\n<div class=\"title\">\n<div class=\"cmp-title\">\n<h3 class=\"cmp-title__text size-32 bold \">\u0110\u1ec3 chi\u1ebfc b\u00fat l\u1ea1i ph\u00eda sau v\u00e0 k\u00fd \u0111i\u1ec7n t\u1eed.<\/h3>\n<\/div>\n<\/div>\n<div class=\"text size-18\">\n<div class=\"cmp-text \">\n<p><span class=\"type-light\">D\u1ec5 d\u00e0ng \u0111i\u1ec1n v\u00e0 k\u00fd bi\u1ec3u m\u1eabu PDF t\u1eeb b\u1ea5t c\u1ee9 \u0111\u00e2u v\u00e0 tr\u00ean m\u1ecdi thi\u1ebft b\u1ecb. B\u1ea1n c\u0169ng c\u00f3 th\u1ec3 thu th\u1eadp ch\u1eef k\u00fd, theo d\u00f5i ti\u1ebfn tr\u00ecnh b\u1eb1ng ph\u01b0\u01a1ng th\u1ee9c k\u1ef9 thu\u1eadt s\u1ed1 v\u00e0 t\u1ef1 \u0111\u1ed9ng l\u01b0u tr\u1eef t\u00e0i li\u1ec7u \u0111\u00e3 k\u00fd.<\/span><\/p>\n<\/div>\n<\/div>\n<\/div>\n<\/div>\n<\/div>\n<\/div>\n<\/div>\n<\/div>\n<\/div>\n<\/div>\n<\/div>\n<div class=\"image parbase\">\n<div class=\"title\">\n<div class=\"cmp-title\">\n<h3 class=\"cmp-title__text size-32 bold \">Adobe Document Cloud mang \u0111\u1ebfn tr\u1ea3i nghi\u1ec7m t\u00e0i li\u1ec7u k\u1ef9 thu\u1eadt s\u1ed1 ho\u00e0n to\u00e0n cho doanh nghi\u1ec7p c\u1ee7a b\u1ea1n.<\/h3>\n<\/div>\n<\/div>\n<div class=\"text size-18\">\n<div class=\"cmp-text \">\n<p><span class=\"type-light\">L\u00e0 m\u1ed9t doanh nghi\u1ec7p l\u1edbn, b\u1ea1n c\u00f3 l\u1ef1c l\u01b0\u1ee3ng nh\u00e2n vi\u00ean tr\u1ea3i r\u1ed9ng tr\u00ean to\u00e0n c\u1ea7u c\u0169ng nh\u01b0 tr\u00ean nhi\u1ec1u m\u00e0n h\u00ecnh. V\u1edbi Adobe Acrobat, Acrobat Sign, v.v., b\u1ea1n s\u1ebd \u0111\u1ea3m b\u1ea3o doanh nghi\u1ec7p m\u00ecnh \u0111\u01b0\u1ee3c trang b\u1ecb \u0111\u1ea7y \u0111\u1ee7 cho m\u1ed9t th\u1ebf gi\u1edbi \u0111a thi\u1ebft b\u1ecb.<\/span><\/p>\n<\/div>\n<\/div>\n<\/div>\n<\/div>\n<\/div>\n<\/div>\n<\/div>\n","protected":false},"excerpt":{"rendered":"<p>T\u1ea1o, ch\u1ec9nh s\u1eeda v\u00e0 k\u00fd t\u00e0i li\u1ec7u PDF m\u1ed9t c\u00e1ch \u0111\u00e1ng tin c\u1eady.<\/p>\n","protected":false},"featured_media":4606,"template":"","meta":[],"product_brand":[],"product_cat":[1139],"product_tag":[2420,2459,2460],"pa_bo-nho-trong":[],"pa_bo-vi-xu-ly":[],"pa_do-dai":[],"pa_do-phan-giai":[],"pa_hang-san-xuat":[],"pa_kich-thuoc-man-hinh":[],"pa_micro-thu-am":[],"pa_nha-thong-minh-rang-dong":[],"pa_o-cung":[],"pa_ong-kinh":[],"pa_poe":[],"pa_ports":[],"pa_tam-quan-sat":[],"pa_theo-chuan":[],"class_list":{"0":"post-4607","1":"product","2":"type-product","3":"status-publish","4":"has-post-thumbnail","6":"product_cat-phan-mem-ban-quyen","7":"product_tag-acrobat","8":"product_tag-acrobat-standard","9":"product_tag-standard","11":"first","12":"instock","13":"shipping-taxable","14":"product-type-simple"},"_links":{"self":[{"href":"https:\/\/vietbee.com\/en\/wp-json\/wp\/v2\/product\/4607","targetHints":{"allow":["GET"]}}],"collection":[{"href":"https:\/\/vietbee.com\/en\/wp-json\/wp\/v2\/product"}],"about":[{"href":"https:\/\/vietbee.com\/en\/wp-json\/wp\/v2\/types\/product"}],"wp:featuredmedia":[{"embeddable":true,"href":"https:\/\/vietbee.com\/en\/wp-json\/wp\/v2\/media\/4606"}],"wp:attachment":[{"href":"https:\/\/vietbee.com\/en\/wp-json\/wp\/v2\/media?parent=4607"}],"wp:term":[{"taxonomy":"product_brand","embeddable":true,"href":"https:\/\/vietbee.com\/en\/wp-json\/wp\/v2\/product_brand?post=4607"},{"taxonomy":"product_cat","embeddable":true,"href":"https:\/\/vietbee.com\/en\/wp-json\/wp\/v2\/product_cat?post=4607"},{"taxonomy":"product_tag","embeddable":true,"href":"https:\/\/vietbee.com\/en\/wp-json\/wp\/v2\/product_tag?post=4607"},{"taxonomy":"pa_bo-nho-trong","embeddable":true,"href":"https:\/\/vietbee.com\/en\/wp-json\/wp\/v2\/pa_bo-nho-trong?post=4607"},{"taxonomy":"pa_bo-vi-xu-ly","embeddable":true,"href":"https:\/\/vietbee.com\/en\/wp-json\/wp\/v2\/pa_bo-vi-xu-ly?post=4607"},{"taxonomy":"pa_do-dai","embeddable":true,"href":"https:\/\/vietbee.com\/en\/wp-json\/wp\/v2\/pa_do-dai?post=4607"},{"taxonomy":"pa_do-phan-giai","embeddable":true,"href":"https:\/\/vietbee.com\/en\/wp-json\/wp\/v2\/pa_do-phan-giai?post=4607"},{"taxonomy":"pa_hang-san-xuat","embeddable":true,"href":"https:\/\/vietbee.com\/en\/wp-json\/wp\/v2\/pa_hang-san-xuat?post=4607"},{"taxonomy":"pa_kich-thuoc-man-hinh","embeddable":true,"href":"https:\/\/vietbee.com\/en\/wp-json\/wp\/v2\/pa_kich-thuoc-man-hinh?post=4607"},{"taxonomy":"pa_micro-thu-am","embeddable":true,"href":"https:\/\/vietbee.com\/en\/wp-json\/wp\/v2\/pa_micro-thu-am?post=4607"},{"taxonomy":"pa_nha-thong-minh-rang-dong","embeddable":true,"href":"https:\/\/vietbee.com\/en\/wp-json\/wp\/v2\/pa_nha-thong-minh-rang-dong?post=4607"},{"taxonomy":"pa_o-cung","embeddable":true,"href":"https:\/\/vietbee.com\/en\/wp-json\/wp\/v2\/pa_o-cung?post=4607"},{"taxonomy":"pa_ong-kinh","embeddable":true,"href":"https:\/\/vietbee.com\/en\/wp-json\/wp\/v2\/pa_ong-kinh?post=4607"},{"taxonomy":"pa_poe","embeddable":true,"href":"https:\/\/vietbee.com\/en\/wp-json\/wp\/v2\/pa_poe?post=4607"},{"taxonomy":"pa_ports","embeddable":true,"href":"https:\/\/vietbee.com\/en\/wp-json\/wp\/v2\/pa_ports?post=4607"},{"taxonomy":"pa_tam-quan-sat","embeddable":true,"href":"https:\/\/vietbee.com\/en\/wp-json\/wp\/v2\/pa_tam-quan-sat?post=4607"},{"taxonomy":"pa_theo-chuan","embeddable":true,"href":"https:\/\/vietbee.com\/en\/wp-json\/wp\/v2\/pa_theo-chuan?post=4607"}],"curies":[{"name":"wp","href":"https:\/\/api.w.org\/{rel}","templated":true}]}}