{"id":4605,"date":"2023-04-24T07:45:48","date_gmt":"2023-04-24T07:45:48","guid":{"rendered":"https:\/\/vietbee.com\/?post_type=product&#038;p=4605"},"modified":"2023-04-24T07:59:13","modified_gmt":"2023-04-24T07:59:13","slug":"acrobat-pro","status":"publish","type":"product","link":"https:\/\/vietbee.com\/en\/product\/acrobat-pro\/","title":{"rendered":"Acrobat Pro"},"content":{"rendered":"<p><strong>T\u00ednh n\u0103ng c\u1ee7a s\u1ea3n ph\u1ea9m:<\/strong><\/p>\n<p><strong><span style=\"font-size: 105%; color: #333333;\">Kh\u00e1m ph\u00e1 m\u1ecdi kh\u1ea3 n\u0103ng c\u1ee7a PDF<\/span><\/strong><\/p>\n<div class=\"text dx-text-mobile--left body-L\">\n<div class=\"cmp-text mobile-padding-bottom-20 tablet-padding-bottom-0 desktop-padding-bottom-0\">\n<p>T\u1ea1o, ch\u1ec9nh s\u1eeda v\u00e0 qu\u1ea3n l\u00fd c\u00e1c t\u1ec7p PDF t\u1eeb b\u1ea5t k\u1ef3 \u0111\u00e2u v\u1edbi Adobe Acrobat trong Creative Cloud.<\/p>\n<p><span style=\"font-size: 105%;\"><strong>C\u00f4ng c\u1ee5 t\u1ed1t h\u01a1n cho t\u1ec7p PDF t\u1ed1t h\u01a1n<\/strong><\/span><\/p>\n<\/div>\n<\/div>\n<div class=\"flex\">\n<div id=\"id-359bb1e8331bf598beec20f496c3a3fa\" class=\"dexter-FlexContainer dexter-FlexContainer--GapWrapper dexter-Background\">\n<div class=\"dexter-FlexContainer-Items dexter-FlexContainer--mobileJustifyStretch dexter-FlexContainer--mobileAlignAlignmentStretch dexter-FlexContainer--mobileAlignContentStretch dexter-FlexContainer--mobileAlignItemContentStart\">\n<div class=\"xfreference experiencefragment\">\n<div class=\"flex aem-GridColumn aem-GridColumn--default--12\">\n<div id=\"root_content_flex\" class=\"dexter-FlexContainer dexter-FlexContainer--GapWrapper dexter-Background mobile-padding-top-60 mobile-padding-bottom-40\">\n<div class=\"dexter-FlexContainer-Items container dexter-FlexContainer--mobileJustifyCenter dexter-FlexContainer--mobileAlignItemCenter dexter-FlexContainer--mobileAlignContentCenter dexter-FlexContainer--mobileAlignItemContentCenter dexter-FlexContainer--tabletJustifyCenter dexter-FlexContainer--tabletAlignItemCenter dexter-FlexContainer--tabletAlignContentCenter dexter-FlexContainer--tabletAlignItemContentCenter dexter-FlexContainer--desktopJustifyCenter dexter-FlexContainer--desktopAlignItemCenter dexter-FlexContainer--desktopAlignContentCenter dexter-FlexContainer--desktopAlignItemContentCenter\">\n<div class=\"text NoMargin dx-text-mobile--center body-L\">\n<div class=\"cmp-text \">\n<p>Lu\u00f4n l\u00e0m vi\u1ec7c hi\u1ec7u qu\u1ea3 b\u1eb1ng c\u00e1ch duy tr\u00ec k\u1ebft n\u1ed1i v\u00e0 t\u1eadn d\u1ee5ng t\u1ed1i \u0111a c\u00e1c t\u1ec7p PDF v\u1edbi c\u00e1c c\u00f4ng c\u1ee5 v\u00e0 t\u00ednh n\u0103ng n\u00e0y.<\/p>\n<\/div>\n<\/div>\n<\/div>\n<\/div>\n<\/div>\n<div class=\"flex aem-GridColumn aem-GridColumn--default--12\">\n<div id=\"root_content_flex_138843052\" class=\"dexter-FlexContainer dexter-FlexContainer--GapWrapper dexter-Background mobile-padding-top-40 mobile-padding-bottom-60 tablet-padding-top-40 tablet-padding-bottom-60 desktop-padding-top-40 desktop-padding-bottom-60\">\n<div class=\"dexter-FlexContainer-Items container dexter-FlexContainer--mobileJustifyCenter dexter-FlexContainer--mobileAlignItemCenter dexter-FlexContainer--mobileAlignContentCenter dexter-FlexContainer--mobileAlignItemContentCenter dexter-FlexContainer--tabletJustifyCenter dexter-FlexContainer--tabletAlignItemCenter dexter-FlexContainer--tabletAlignContentCenter dexter-FlexContainer--tabletAlignItemContentCenter dexter-FlexContainer--desktopJustifyCenter dexter-FlexContainer--desktopAlignItemCenter dexter-FlexContainer--desktopAlignContentCenter dexter-FlexContainer--desktopAlignItemContentCenter\">\n<div class=\"flex\">\n<div id=\"root_content_flex_138843052_items_flex_1944452710\" class=\"dexter-FlexContainer has-video dexter-Background\">\n<div class=\"dexter-FlexContainer-Items crop-video dexter-FlexContainer--mobileJustifyStretch dexter-FlexContainer--mobileAlignAlignmentStretch dexter-FlexContainer--mobileAlignContentStretch dexter-FlexContainer--mobileAlignItemContentStart\"><strong><span style=\"color: #555555; font-size: 105%;\">Ch\u1ec9nh s\u1eeda v\u0103n b\u1ea3n v\u00e0 h\u00ecnh \u1ea3nh\u00a0<\/span><\/strong><\/div>\n<\/div>\n<\/div>\n<div class=\"flex\">\n<div id=\"root_content_flex_138843052_items_flex\" class=\"dexter-FlexContainer dexter-FlexContainer--GapWrapper dexter-Background desktop-padding-right-100 desktop-padding-left-60\">\n<div class=\"dexter-FlexContainer-Items dexter-FlexContainer--mobileJustifyCenter dexter-FlexContainer--mobileAlignItemCenter dexter-FlexContainer--mobileAlignContentCenter dexter-FlexContainer--mobileAlignItemContentCenter\">\n<div class=\"text body-L\">\n<div class=\"cmp-text \">\n<p>Gi\u1eef cho c\u00e1c d\u1ef1 \u00e1n c\u1ee7a b\u1ea1n lu\u00f4n ho\u1ea1t \u0111\u1ed9ng b\u1eb1ng c\u00e1ch d\u1ec5 d\u00e0ng th\u1ef1c hi\u1ec7n c\u00e1c thay \u0111\u1ed5i, h\u1ee3p nh\u1ea5t t\u00e0i li\u1ec7u v\u00e0 c\u1eaft h\u00ecnh \u1ea3nh &#8211; ngay b\u00ean trong t\u1ec7p PDF c\u1ee7a b\u1ea1n.<\/p>\n<div class=\"text heading-XL\">\n<div class=\"cmp-text \">\n<p><strong><span style=\"font-size: 105%;\">C\u1ed9ng t\u00e1c qua nh\u1eadn x\u00e9t<\/span><\/strong><\/p>\n<\/div>\n<\/div>\n<div class=\"text body-L\">\n<div class=\"cmp-text mobile-padding-bottom-0 tablet-padding-bottom-20 desktop-padding-right-60 desktop-padding-bottom-16\">\n<p>Chia s\u1ebb nh\u1eadn x\u00e9t v\u00e0 thu th\u1eadp ph\u1ea3n h\u1ed3i b\u1eb1ng c\u00e1ch \u0111\u00e1nh d\u1ea5u v\u0103n b\u1ea3n, so\u1ea1n v\u0103n b\u1ea3n ho\u1eb7c s\u1eed d\u1ee5ng b\u1ea3n v\u1ebd tay \u1edf b\u1ea5t k\u1ef3 \u0111\u00e2u trong t\u1ec7p.<\/p>\n<div class=\"text NoMargin heading-XL\">\n<div class=\"cmp-text \">\n<p><strong><span style=\"font-size: 105%;\">\u0110i\u1ec1n, k\u00fd v\u00e0 g\u1eedi<\/span><\/strong><\/p>\n<\/div>\n<\/div>\n<div class=\"text body-L\">\n<div class=\"cmp-text \">\n<p>Tr\u00ecnh ph\u00ea duy\u1ec7t t\u00e0i li\u1ec7u v\u00e0 d\u1ef1 \u00e1n b\u1eb1ng c\u00e1ch g\u1eedi t\u1ec7p PDF, \u0111i\u1ec1n v\u00e0o bi\u1ec3u m\u1eabu v\u00e0 thu th\u1eadp ch\u1eef k\u00fd t\u1eeb b\u1ea5t k\u1ef3 thi\u1ebft b\u1ecb n\u00e0o.<\/p>\n<div class=\"text NoMargin heading-XL\">\n<div class=\"cmp-text \">\n<p><strong><span style=\"font-size: 105%;\">T\u01b0\u01a1ng th\u00edch v\u1edbi \u1ee9ng d\u1ee5ng kh\u00e1c<\/span><\/strong><\/p>\n<\/div>\n<\/div>\n<div class=\"text body-L\">\n<div class=\"cmp-text \">\n<p>Acrobat Pro ho\u1ea1t \u0111\u1ed9ng li\u1ec1n m\u1ea1ch v\u1edbi c\u00e1c \u1ee9ng d\u1ee5ng v\u00e0 d\u1ecbch v\u1ee5 kh\u00e1c, bao g\u1ed3m Adobe Photoshop, Lightroom v\u00e0 Illustrator. T\u1ea3i xu\u1ed1ng t\u1ea5t c\u1ea3 \u1ee9ng d\u1ee5ng \u0111\u00e1p \u1ee9ng m\u1ecdi nhu c\u1ea7u c\u1ee7a b\u1ea1n v\u1edbi g\u00f3i Creative Cloud All Apps.<\/p>\n<div class=\"text dx-text-mobile--center dx-text-tablet--center dx-text-desktop--center heading-XL dx-parlite--tablet--none dx-parlite--phone--none dx-parlite\">\n<div class=\"cmp-text \">\n<p><strong><span style=\"font-size: 105%;\">T\u00ecm ngu\u1ed3n c\u1ea3m h\u1ee9ng v\u00e0 b\u1eaft \u0111\u1ea7u<\/span><\/strong><\/p>\n<\/div>\n<\/div>\n<div class=\"text dx-text-mobile--center dx-text-tablet--center dx-text-desktop--center body-L dx-parlite--tablet--none dx-parlite--phone--none dx-parlite\">\n<div class=\"cmp-text \">\n<p>Kh\u00e1m ph\u00e1 c\u00e1c h\u01b0\u1edbng d\u1eabn, s\u1ef1 ki\u1ec7n ph\u00e1t tr\u1ef1c ti\u1ebfp, t\u00e0i nguy\u00ean, v.v.<\/p>\n<\/div>\n<\/div>\n<\/div>\n<\/div>\n<\/div>\n<\/div>\n<\/div>\n<\/div>\n<\/div>\n<\/div>\n<\/div>\n<\/div>\n<\/div>\n<\/div>\n<\/div>\n<\/div>\n<\/div>\n<\/div>\n<\/div>\n<\/div>\n","protected":false},"excerpt":{"rendered":"<p>Gi\u1ea3i ph\u00e1p PDF ho\u00e0n ch\u1ec9nh cho th\u1ebf gi\u1edbi \u0111a thi\u1ebft b\u1ecb ng\u00e0y nay.<\/p>\n","protected":false},"featured_media":4606,"template":"","meta":[],"product_brand":[],"product_cat":[1139],"product_tag":[2420,2458,2372],"pa_bo-nho-trong":[],"pa_bo-vi-xu-ly":[],"pa_do-dai":[],"pa_do-phan-giai":[],"pa_hang-san-xuat":[],"pa_kich-thuoc-man-hinh":[],"pa_micro-thu-am":[],"pa_nha-thong-minh-rang-dong":[],"pa_o-cung":[],"pa_ong-kinh":[],"pa_poe":[],"pa_ports":[],"pa_tam-quan-sat":[],"pa_theo-chuan":[],"class_list":{"0":"post-4605","1":"product","2":"type-product","3":"status-publish","4":"has-post-thumbnail","6":"product_cat-phan-mem-ban-quyen","7":"product_tag-acrobat","8":"product_tag-acrobat-pro","9":"product_tag-pro","11":"first","12":"instock","13":"shipping-taxable","14":"product-type-simple"},"_links":{"self":[{"href":"https:\/\/vietbee.com\/en\/wp-json\/wp\/v2\/product\/4605","targetHints":{"allow":["GET"]}}],"collection":[{"href":"https:\/\/vietbee.com\/en\/wp-json\/wp\/v2\/product"}],"about":[{"href":"https:\/\/vietbee.com\/en\/wp-json\/wp\/v2\/types\/product"}],"wp:featuredmedia":[{"embeddable":true,"href":"https:\/\/vietbee.com\/en\/wp-json\/wp\/v2\/media\/4606"}],"wp:attachment":[{"href":"https:\/\/vietbee.com\/en\/wp-json\/wp\/v2\/media?parent=4605"}],"wp:term":[{"taxonomy":"product_brand","embeddable":true,"href":"https:\/\/vietbee.com\/en\/wp-json\/wp\/v2\/product_brand?post=4605"},{"taxonomy":"product_cat","embeddable":true,"href":"https:\/\/vietbee.com\/en\/wp-json\/wp\/v2\/product_cat?post=4605"},{"taxonomy":"product_tag","embeddable":true,"href":"https:\/\/vietbee.com\/en\/wp-json\/wp\/v2\/product_tag?post=4605"},{"taxonomy":"pa_bo-nho-trong","embeddable":true,"href":"https:\/\/vietbee.com\/en\/wp-json\/wp\/v2\/pa_bo-nho-trong?post=4605"},{"taxonomy":"pa_bo-vi-xu-ly","embeddable":true,"href":"https:\/\/vietbee.com\/en\/wp-json\/wp\/v2\/pa_bo-vi-xu-ly?post=4605"},{"taxonomy":"pa_do-dai","embeddable":true,"href":"https:\/\/vietbee.com\/en\/wp-json\/wp\/v2\/pa_do-dai?post=4605"},{"taxonomy":"pa_do-phan-giai","embeddable":true,"href":"https:\/\/vietbee.com\/en\/wp-json\/wp\/v2\/pa_do-phan-giai?post=4605"},{"taxonomy":"pa_hang-san-xuat","embeddable":true,"href":"https:\/\/vietbee.com\/en\/wp-json\/wp\/v2\/pa_hang-san-xuat?post=4605"},{"taxonomy":"pa_kich-thuoc-man-hinh","embeddable":true,"href":"https:\/\/vietbee.com\/en\/wp-json\/wp\/v2\/pa_kich-thuoc-man-hinh?post=4605"},{"taxonomy":"pa_micro-thu-am","embeddable":true,"href":"https:\/\/vietbee.com\/en\/wp-json\/wp\/v2\/pa_micro-thu-am?post=4605"},{"taxonomy":"pa_nha-thong-minh-rang-dong","embeddable":true,"href":"https:\/\/vietbee.com\/en\/wp-json\/wp\/v2\/pa_nha-thong-minh-rang-dong?post=4605"},{"taxonomy":"pa_o-cung","embeddable":true,"href":"https:\/\/vietbee.com\/en\/wp-json\/wp\/v2\/pa_o-cung?post=4605"},{"taxonomy":"pa_ong-kinh","embeddable":true,"href":"https:\/\/vietbee.com\/en\/wp-json\/wp\/v2\/pa_ong-kinh?post=4605"},{"taxonomy":"pa_poe","embeddable":true,"href":"https:\/\/vietbee.com\/en\/wp-json\/wp\/v2\/pa_poe?post=4605"},{"taxonomy":"pa_ports","embeddable":true,"href":"https:\/\/vietbee.com\/en\/wp-json\/wp\/v2\/pa_ports?post=4605"},{"taxonomy":"pa_tam-quan-sat","embeddable":true,"href":"https:\/\/vietbee.com\/en\/wp-json\/wp\/v2\/pa_tam-quan-sat?post=4605"},{"taxonomy":"pa_theo-chuan","embeddable":true,"href":"https:\/\/vietbee.com\/en\/wp-json\/wp\/v2\/pa_theo-chuan?post=4605"}],"curies":[{"name":"wp","href":"https:\/\/api.w.org\/{rel}","templated":true}]}}