{"id":4558,"date":"2023-04-03T04:21:13","date_gmt":"2023-04-03T04:21:13","guid":{"rendered":"https:\/\/vietbee.com\/?post_type=product&#038;p=4558"},"modified":"2023-04-21T09:21:32","modified_gmt":"2023-04-21T09:21:32","slug":"digital-editions","status":"publish","type":"product","link":"https:\/\/vietbee.com\/en\/product\/digital-editions\/","title":{"rendered":"Digital Editions"},"content":{"rendered":"<strong>Product features:<\/strong><\/p>\n<div class=\"text spectrum-Body-2\">\n<div class=\"cmp-text mobile-padding-bottom-24\">\n<h2>Overview<\/h2>\n<p>Most major publishers use Adobe Digital Editions (ADE) to proof-read their books. Download this free eReader to experience your books in the most optimum format across PC, MAC, tablets or mobile devices. Use it to download and purchase digital content, which can be read both online and offline. Experience a new ease-of-use as the books you purchase appear automatically across all the devices you have ADE on.<\/p>\n<p>Now also available on the App Store &amp; Google play<\/p>\n<\/div>\n<\/div>\n<div class=\"image parbase\">\n<div class=\"flex aem-GridColumn aem-GridColumn--default--12\">\n<div id=\"root_content_flex_223495703_copy\" class=\"dexter-FlexContainer dexter-FlexContainer--GapWrapper dexter-Background mobile-padding-top-24 mobile-padding-right-24 mobile-padding-bottom-24 mobile-padding-left-24 tablet-padding-top-0 tablet-padding-right-32 tablet-padding-bottom-0 tablet-padding-left-32 desktop-padding-top-0 desktop-padding-right-60 desktop-padding-bottom-0 desktop-padding-left-60\">\n<div class=\"dexter-FlexContainer-Items dexter-FlexContainer--mobileJustifyCenter dexter-FlexContainer--mobileAlignItemCenter dexter-FlexContainer--mobileAlignContentCenter dexter-FlexContainer--mobileAlignItemContentCenter dexter-FlexContainer--tabletJustifyCenter dexter-FlexContainer--tabletAlignItemStart dexter-FlexContainer--tabletAlignContentCenter dexter-FlexContainer--tabletAlignItemContentCenter dexter-FlexContainer--desktopJustifyCenter dexter-FlexContainer--desktopAlignItemStart dexter-FlexContainer--desktopAlignContentCenter dexter-FlexContainer--desktopAlignItemContentCenter\">\n<div class=\"text spectrum-Body-3\">\n<div class=\"cmp-text mobile-padding-top-24 mobile-padding-bottom-24\">\n<h2>Features of Adobe Digital Editions<\/h2>\n<\/div>\n<\/div>\n<div class=\"position\">\n<div id=\"root_content_flex_223495703_copy_items_position\" class=\"dexter-Position mobile-place-relative mobile-place-left mobile-place-top tablet-padding-right-12 desktop-padding-right-12 dexter-Background is-Editor-false\" data-animations=\"[]\">\n<div class=\"aem-Grid aem-Grid--12 aem-Grid--default--12 \">\n<div class=\"text spectrum-Body-3 aem-GridColumn aem-GridColumn--default--12\">\n<div class=\"cmp-text mobile-padding-bottom-24 tablet-padding-bottom-100 desktop-padding-bottom-96\">\n<h3><b>Download and Transfer of books between devices<\/b><\/h3>\n<p>Now the books you purchase or download on one device will appear automatically across all the devices you have ADE on.<\/p>\n<\/div>\n<\/div>\n<div class=\"text spectrum-Body-3 aem-GridColumn aem-GridColumn--default--12\">\n<div class=\"cmp-text mobile-padding-bottom-24 tablet-padding-top-52 tablet-padding-bottom-32 desktop-padding-top-68 desktop-padding-bottom-32\">\n<h3><b>Searching eBooks<br \/>\n<\/b><\/h3>\n<p>Search for keywords across all chapters in your eBook through an intuitive full-text search functionality. Navigate to different pages by clicking the entries in the search result panel.<\/p>\n<\/div>\n<\/div>\n<div class=\"text spectrum-Body-3 aem-GridColumn aem-GridColumn--default--12\">\n<div class=\"cmp-text mobile-padding-bottom-24 tablet-padding-bottom-24 desktop-padding-bottom-36\">\n<h3><b>Go Multi-lingual<br \/>\n<\/b><\/h3>\n<p>Your eBooks can be accessed in multiple languages including English, French, German, Italian, Spanish, Dutch, Brazilian Portuguese, Japanese, Korean, Chinese Simplified, Chinese Traditional versions, among others.<\/p>\n<\/div>\n<\/div>\n<div class=\"text spectrum-Body-3 aem-GridColumn aem-GridColumn--default--12\">\n<div class=\"cmp-text mobile-padding-bottom-24 tablet-padding-bottom-28\">\n<h3><b>Borrowing eBooks<br \/>\n<\/b><\/h3>\n<p>Borrow eBooks from many public libraries for use with Digital Editions. Downloading digital publications from libraries is very similar to buying eBooks online except for the payment process<\/p>\n<\/div>\n<\/div>\n<div class=\"text spectrum-Body-3 aem-GridColumn aem-GridColumn--default--12\">\n<div class=\"cmp-text mobile-padding-bottom-24 tablet-padding-bottom-52\">\n<h3><b>Printing<br \/>\n<\/b><\/h3>\n<p>Print your eBooks with Adobe Digital Editions. The application maintains fidelity with what you see on screen. Publishers may also opt for restricted printing.<\/p>\n<\/div>\n<\/div>\n<\/div>\n<\/div>\n<\/div>\n<div class=\"position\">\n<div id=\"root_content_flex_223495703_copy_items_position_1727379403\" class=\"dexter-Position mobile-place-relative mobile-place-left mobile-place-top tablet-padding-left-12 desktop-padding-left-12 dexter-Background is-Editor-false\" data-animations=\"[]\">\n<div class=\"aem-Grid aem-Grid--12 aem-Grid--default--12 \">\n<div class=\"text spectrum-Body-3 aem-GridColumn aem-GridColumn--default--12\">\n<div class=\"cmp-text mobile-padding-bottom-24 tablet-padding-bottom-24 desktop-padding-bottom-64\">\n<h3><b>A richer reading experience with EPUB 3 support<br \/>\n<\/b><\/h3>\n<p>ADE is ranked among the best EPUB3 readers by EPUBTest.org. The support for EPUB 3 standard allows you a richer reading experience, including: rendering of audio and video content; support for right to left reading; dynamic image resizing without loss in clarity, interactive quizzes, better rendering of math formulas, and huge improvements in support for assistive technologies.<\/p>\n<\/div>\n<\/div>\n<div class=\"text spectrum-Body-3 aem-GridColumn aem-GridColumn--default--12\">\n<div class=\"cmp-text mobile-padding-bottom-24 tablet-padding-bottom-60 desktop-padding-bottom-60\">\n<h3><b>Accessibility<br \/>\n<\/b><\/h3>\n<p>Adobe Digital Editions can be used with various screen readers, including JAWS, Window-eyes, and NVDA in Windows, and Voiceover on Mac OS.<\/p>\n<\/div>\n<\/div>\n<div class=\"text spectrum-Body-3 aem-GridColumn aem-GridColumn--default--12\">\n<div class=\"cmp-text mobile-padding-bottom-24 tablet-padding-bottom-96 desktop-padding-bottom-64\">\n<h3><b>Bookmarking, Highlights &amp; Notes<br \/>\n<\/b><\/h3>\n<p>Bookmark, highlight or note important and favourite portions of text from your eBook.<\/p>\n<\/div>\n<\/div>\n<div class=\"text spectrum-Body-3 aem-GridColumn aem-GridColumn--default--12\">\n<div class=\"cmp-text mobile-padding-bottom-24 tablet-padding-bottom-32 desktop-padding-bottom-28\">\n<h3><b>File Organization of All eBooks<br \/>\n<\/b><\/h3>\n<p>Organize your digital publications and manage devices with Adobe Digital Editions with options to create custom bookshelves sorted by title, author, and publisher.<\/p>\n<\/div>\n<\/div>\n<div class=\"text spectrum-Body-3 aem-GridColumn aem-GridColumn--default--12\">\n<div class=\"cmp-text mobile-padding-bottom-24 tablet-padding-bottom-52\">\n<h3><b>Multiple File formats<br \/>\n<\/b><\/h3>\n<p>Access your eBook across multiple file-formats including EPUB, EPUB3, and PDF. Modify text and document size on different formats.<\/p>\n<\/div>\n<\/div>\n<\/div>\n<\/div>\n<\/div>\n<\/div>\n<\/div>\n<\/div>\n<div class=\"horizontalRule aem-GridColumn aem-GridColumn--default--12\"><\/div>\n<\/div>","protected":false},"excerpt":{"rendered":"<p>T\u1ed1i \u01b0u h\u00f3a tr\u1ea3i nghi\u1ec7m \u0111\u1ecdc s\u00e1ch \u0111i\u1ec7n t\u1eed tr\u00ean m\u00e1y t\u00ednh v\u00e0 thi\u1ebft b\u1ecb di \u0111\u1ed9ng, hi\u1ec7n \u0111\u00e3 h\u1ed7 tr\u1ee3 EPUB 3.<\/p>\n","protected":false},"featured_media":4559,"template":"","meta":[],"product_brand":[],"product_cat":[1139],"product_tag":[2439,2438,2440],"pa_bo-nho-trong":[],"pa_bo-vi-xu-ly":[],"pa_do-dai":[],"pa_do-phan-giai":[],"pa_hang-san-xuat":[],"pa_kich-thuoc-man-hinh":[],"pa_micro-thu-am":[],"pa_nha-thong-minh-rang-dong":[],"pa_o-cung":[],"pa_ong-kinh":[],"pa_poe":[],"pa_ports":[],"pa_tam-quan-sat":[],"pa_theo-chuan":[],"class_list":{"0":"post-4558","1":"product","2":"type-product","3":"status-publish","4":"has-post-thumbnail","6":"product_cat-phan-mem-ban-quyen","7":"product_tag-digital","8":"product_tag-digital-editions","9":"product_tag-editions","11":"first","12":"instock","13":"shipping-taxable","14":"product-type-simple"},"_links":{"self":[{"href":"https:\/\/vietbee.com\/en\/wp-json\/wp\/v2\/product\/4558","targetHints":{"allow":["GET"]}}],"collection":[{"href":"https:\/\/vietbee.com\/en\/wp-json\/wp\/v2\/product"}],"about":[{"href":"https:\/\/vietbee.com\/en\/wp-json\/wp\/v2\/types\/product"}],"wp:featuredmedia":[{"embeddable":true,"href":"https:\/\/vietbee.com\/en\/wp-json\/wp\/v2\/media\/4559"}],"wp:attachment":[{"href":"https:\/\/vietbee.com\/en\/wp-json\/wp\/v2\/media?parent=4558"}],"wp:term":[{"taxonomy":"product_brand","embeddable":true,"href":"https:\/\/vietbee.com\/en\/wp-json\/wp\/v2\/product_brand?post=4558"},{"taxonomy":"product_cat","embeddable":true,"href":"https:\/\/vietbee.com\/en\/wp-json\/wp\/v2\/product_cat?post=4558"},{"taxonomy":"product_tag","embeddable":true,"href":"https:\/\/vietbee.com\/en\/wp-json\/wp\/v2\/product_tag?post=4558"},{"taxonomy":"pa_bo-nho-trong","embeddable":true,"href":"https:\/\/vietbee.com\/en\/wp-json\/wp\/v2\/pa_bo-nho-trong?post=4558"},{"taxonomy":"pa_bo-vi-xu-ly","embeddable":true,"href":"https:\/\/vietbee.com\/en\/wp-json\/wp\/v2\/pa_bo-vi-xu-ly?post=4558"},{"taxonomy":"pa_do-dai","embeddable":true,"href":"https:\/\/vietbee.com\/en\/wp-json\/wp\/v2\/pa_do-dai?post=4558"},{"taxonomy":"pa_do-phan-giai","embeddable":true,"href":"https:\/\/vietbee.com\/en\/wp-json\/wp\/v2\/pa_do-phan-giai?post=4558"},{"taxonomy":"pa_hang-san-xuat","embeddable":true,"href":"https:\/\/vietbee.com\/en\/wp-json\/wp\/v2\/pa_hang-san-xuat?post=4558"},{"taxonomy":"pa_kich-thuoc-man-hinh","embeddable":true,"href":"https:\/\/vietbee.com\/en\/wp-json\/wp\/v2\/pa_kich-thuoc-man-hinh?post=4558"},{"taxonomy":"pa_micro-thu-am","embeddable":true,"href":"https:\/\/vietbee.com\/en\/wp-json\/wp\/v2\/pa_micro-thu-am?post=4558"},{"taxonomy":"pa_nha-thong-minh-rang-dong","embeddable":true,"href":"https:\/\/vietbee.com\/en\/wp-json\/wp\/v2\/pa_nha-thong-minh-rang-dong?post=4558"},{"taxonomy":"pa_o-cung","embeddable":true,"href":"https:\/\/vietbee.com\/en\/wp-json\/wp\/v2\/pa_o-cung?post=4558"},{"taxonomy":"pa_ong-kinh","embeddable":true,"href":"https:\/\/vietbee.com\/en\/wp-json\/wp\/v2\/pa_ong-kinh?post=4558"},{"taxonomy":"pa_poe","embeddable":true,"href":"https:\/\/vietbee.com\/en\/wp-json\/wp\/v2\/pa_poe?post=4558"},{"taxonomy":"pa_ports","embeddable":true,"href":"https:\/\/vietbee.com\/en\/wp-json\/wp\/v2\/pa_ports?post=4558"},{"taxonomy":"pa_tam-quan-sat","embeddable":true,"href":"https:\/\/vietbee.com\/en\/wp-json\/wp\/v2\/pa_tam-quan-sat?post=4558"},{"taxonomy":"pa_theo-chuan","embeddable":true,"href":"https:\/\/vietbee.com\/en\/wp-json\/wp\/v2\/pa_theo-chuan?post=4558"}],"curies":[{"name":"wp","href":"https:\/\/api.w.org\/{rel}","templated":true}]}}