{"id":4552,"date":"2023-03-31T07:29:30","date_gmt":"2023-03-31T07:29:30","guid":{"rendered":"https:\/\/vietbee.com\/?post_type=product&#038;p=4552"},"modified":"2023-04-21T07:38:51","modified_gmt":"2023-04-21T07:38:51","slug":"captivate-prime","status":"publish","type":"product","link":"https:\/\/vietbee.com\/en\/product\/captivate-prime\/","title":{"rendered":"Captivate Prime"},"content":{"rendered":"<p><strong>Product features:<\/strong><\/p>\n<p>* Deliver personalized learning to customers and employees alike.<br \/>\nEngage customers, increase sales, and develop employee skills with Adobe Learning Manager, the award-winning learning platform that integrates learning experiences into your brand\u2019s website and apps.<br \/>\n* A single platform to drive every learning experience.<br \/>\nSupport hybrid learning and create a unified learning experience that gives users a complete view of available learning content through a single dashboard.<br \/>\n* Built for personalized learning.<br \/>\nMachine learning (ML) and artificial intelligence (AI) tailor learning journeys with relevant recommendations that drive curiosity and motivate achievement.<br \/>\n* Guided learning journeys.<br \/>\nCreate structured learning programs with internal and external learning groups, automated user onboarding, and course assignment. Enrich your course library with over 86,000 courses from the content marketplace.<br \/>\n* Learning that\u2019s engaging.<br \/>\nSocial learning, gamification, alerts, leaderboards, personalized emails, and other features keep learners engaged, drive interest, and promote peer discussion.<br \/>\n* Actionable insight from analytics.<br \/>\nEasy-to-read, detailed reporting makes it easy to get the high-level and granular view of team progress, making it easy to plan, adjust, and strengthen your learning program as well as intervene when learners are off track.<\/p>\n","protected":false},"excerpt":{"rendered":"<p>Mang \u0111\u1ebfn tr\u1ea3i nghi\u1ec7m h\u1ecdc t\u1eadp c\u00e1 nh\u00e2n h\u00f3a tr\u00ean nhi\u1ec1u thi\u1ebft b\u1ecb.<\/p>\n","protected":false},"featured_media":4553,"template":"","meta":[],"product_brand":[],"product_cat":[1139],"product_tag":[2430,2429,2431],"pa_bo-nho-trong":[],"pa_bo-vi-xu-ly":[],"pa_do-dai":[],"pa_do-phan-giai":[],"pa_hang-san-xuat":[],"pa_kich-thuoc-man-hinh":[],"pa_micro-thu-am":[],"pa_nha-thong-minh-rang-dong":[],"pa_o-cung":[],"pa_ong-kinh":[],"pa_poe":[],"pa_ports":[],"pa_tam-quan-sat":[],"pa_theo-chuan":[],"class_list":{"0":"post-4552","1":"product","2":"type-product","3":"status-publish","4":"has-post-thumbnail","6":"product_cat-phan-mem-ban-quyen","7":"product_tag-captivate","8":"product_tag-captivate-prime","9":"product_tag-prime","11":"first","12":"instock","13":"shipping-taxable","14":"product-type-simple"},"_links":{"self":[{"href":"https:\/\/vietbee.com\/en\/wp-json\/wp\/v2\/product\/4552","targetHints":{"allow":["GET"]}}],"collection":[{"href":"https:\/\/vietbee.com\/en\/wp-json\/wp\/v2\/product"}],"about":[{"href":"https:\/\/vietbee.com\/en\/wp-json\/wp\/v2\/types\/product"}],"wp:featuredmedia":[{"embeddable":true,"href":"https:\/\/vietbee.com\/en\/wp-json\/wp\/v2\/media\/4553"}],"wp:attachment":[{"href":"https:\/\/vietbee.com\/en\/wp-json\/wp\/v2\/media?parent=4552"}],"wp:term":[{"taxonomy":"product_brand","embeddable":true,"href":"https:\/\/vietbee.com\/en\/wp-json\/wp\/v2\/product_brand?post=4552"},{"taxonomy":"product_cat","embeddable":true,"href":"https:\/\/vietbee.com\/en\/wp-json\/wp\/v2\/product_cat?post=4552"},{"taxonomy":"product_tag","embeddable":true,"href":"https:\/\/vietbee.com\/en\/wp-json\/wp\/v2\/product_tag?post=4552"},{"taxonomy":"pa_bo-nho-trong","embeddable":true,"href":"https:\/\/vietbee.com\/en\/wp-json\/wp\/v2\/pa_bo-nho-trong?post=4552"},{"taxonomy":"pa_bo-vi-xu-ly","embeddable":true,"href":"https:\/\/vietbee.com\/en\/wp-json\/wp\/v2\/pa_bo-vi-xu-ly?post=4552"},{"taxonomy":"pa_do-dai","embeddable":true,"href":"https:\/\/vietbee.com\/en\/wp-json\/wp\/v2\/pa_do-dai?post=4552"},{"taxonomy":"pa_do-phan-giai","embeddable":true,"href":"https:\/\/vietbee.com\/en\/wp-json\/wp\/v2\/pa_do-phan-giai?post=4552"},{"taxonomy":"pa_hang-san-xuat","embeddable":true,"href":"https:\/\/vietbee.com\/en\/wp-json\/wp\/v2\/pa_hang-san-xuat?post=4552"},{"taxonomy":"pa_kich-thuoc-man-hinh","embeddable":true,"href":"https:\/\/vietbee.com\/en\/wp-json\/wp\/v2\/pa_kich-thuoc-man-hinh?post=4552"},{"taxonomy":"pa_micro-thu-am","embeddable":true,"href":"https:\/\/vietbee.com\/en\/wp-json\/wp\/v2\/pa_micro-thu-am?post=4552"},{"taxonomy":"pa_nha-thong-minh-rang-dong","embeddable":true,"href":"https:\/\/vietbee.com\/en\/wp-json\/wp\/v2\/pa_nha-thong-minh-rang-dong?post=4552"},{"taxonomy":"pa_o-cung","embeddable":true,"href":"https:\/\/vietbee.com\/en\/wp-json\/wp\/v2\/pa_o-cung?post=4552"},{"taxonomy":"pa_ong-kinh","embeddable":true,"href":"https:\/\/vietbee.com\/en\/wp-json\/wp\/v2\/pa_ong-kinh?post=4552"},{"taxonomy":"pa_poe","embeddable":true,"href":"https:\/\/vietbee.com\/en\/wp-json\/wp\/v2\/pa_poe?post=4552"},{"taxonomy":"pa_ports","embeddable":true,"href":"https:\/\/vietbee.com\/en\/wp-json\/wp\/v2\/pa_ports?post=4552"},{"taxonomy":"pa_tam-quan-sat","embeddable":true,"href":"https:\/\/vietbee.com\/en\/wp-json\/wp\/v2\/pa_tam-quan-sat?post=4552"},{"taxonomy":"pa_theo-chuan","embeddable":true,"href":"https:\/\/vietbee.com\/en\/wp-json\/wp\/v2\/pa_theo-chuan?post=4552"}],"curies":[{"name":"wp","href":"https:\/\/api.w.org\/{rel}","templated":true}]}}