{"id":4550,"date":"2023-03-31T07:16:52","date_gmt":"2023-03-31T07:16:52","guid":{"rendered":"https:\/\/vietbee.com\/?post_type=product&#038;p=4550"},"modified":"2023-04-21T07:32:34","modified_gmt":"2023-04-21T07:32:34","slug":"adobe-scan","status":"publish","type":"product","link":"https:\/\/vietbee.com\/en\/product\/adobe-scan\/","title":{"rendered":"Adobe Scan"},"content":{"rendered":"<p><strong>T\u00ednh n\u0103ng c\u1ee7a s\u1ea3n ph\u1ea9m:<\/strong><br \/>\n* Gi\u1edd \u0111\u00e2y, c\u00f4ng c\u1ee5 qu\u00e9t \u1edf ngay trong t\u00fai sau c\u1ee7a b\u1ea1n.<br \/>\nB\u1ea1n kh\u00f4ng c\u00f2n c\u1ea7n gi\u1eef h\u00e0ng ch\u1ed3ng gi\u1ea5y t\u1edd ho\u1eb7c nh\u00e9t \u0111\u1ea7y h\u00f3a \u0111\u01a1n trong v\u00ed n\u1eefa. \u1ee8ng d\u1ee5ng di \u0111\u1ed9ng mi\u1ec5n ph\u00ed Adobe Scan ho\u1ea1t \u0111\u1ed9ng \u0111\u01b0\u1ee3c tr\u00ean thi\u1ebft b\u1ecb di \u0111\u1ed9ng c\u1ee7a b\u1ea1n, qu\u00e9t t\u00e0i li\u1ec7u th\u00e0nh t\u1ec7p PDF v\u00e0 t\u1ef1 \u0111\u1ed9ng nh\u1eadn d\u1ea1ng v\u0103n b\u1ea3n.<br \/>\n* Qu\u00e9t m\u1ecdi n\u1ed9i dung trong t\u00edch t\u1eafc.<br \/>\nV\u1edbi Adobe Scan, b\u1ea1n c\u00f3 th\u1ec3 d\u1ec5 d\u00e0ng ch\u1ee5p l\u1ea1i v\u00e0 chuy\u1ec3n \u0111\u1ed5i t\u00e0i li\u1ec7u, bi\u1ec3u m\u1eabu, danh thi\u1ebfp v\u00e0 b\u1ea3ng tr\u1eafng th\u00e0nh c\u00e1c t\u1ec7p Adobe PDF ch\u1ea5t l\u01b0\u1ee3ng cao. V\u00e0 v\u1edbi c\u00e1c ch\u1ebf \u0111\u1ed9 ch\u1ee5p kh\u00e1c nhau c\u00f9ng kh\u1ea3 n\u0103ng ph\u00e1t hi\u1ec7n bi\u00ean t\u1ef1 \u0111\u1ed9ng, b\u1ea1n lu\u00f4n c\u00f3 th\u1ec3 nh\u1eadn \u0111\u01b0\u1ee3c b\u1ea3n qu\u00e9t t\u1ed1t nh\u1ea5t.<br \/>\n* B\u1ea3n qu\u00e9t r\u00f5 r\u00e0ng v\u00e0 d\u1ec5 \u0111\u1ecdc h\u01a1n m\u1ed9t c\u00e1ch th\u00f4ng minh.<br \/>\nNh\u1edd s\u1eed d\u1ee5ng Adobe Sensei, AI m\u1ea1nh m\u1ebd h\u1ed7 tr\u1ee3 cho nhi\u1ec1u t\u00ednh n\u0103ng th\u00f4ng minh c\u1ee7a ch\u00fang t\u00f4i, Adobe Scan s\u1ebd hi\u1ec7u ch\u1ec9nh h\u00ecnh \u1ea3nh v\u00e0 l\u00e0m r\u00f5 n\u00e9t v\u0103n b\u1ea3n vi\u1ebft tay ho\u1eb7c in, \u0111\u1ed3ng th\u1eddi lo\u1ea1i b\u1ecf c\u00e1c y\u1ebfu t\u1ed1 b\u1ea1n kh\u00f4ng mu\u1ed1n, ch\u1eb3ng h\u1ea1n nh\u01b0 \u00e1nh s\u00e1ng ch\u00f3i ho\u1eb7c b\u00f3ng.<br \/>\n* L\u00e0m \u0111\u01b0\u1ee3c nhi\u1ec1u h\u01a1n v\u1edbi b\u1ea3n qu\u00e9t c\u1ee7a b\u1ea1n.<br \/>\nAdobe Scan cho ph\u00e9p b\u1ea1n l\u01b0u t\u1ec7p th\u00e0nh t\u1ec7p JPEG, \u0111\u1ec3 b\u1ea1n c\u00f3 th\u1ec3 x\u1eed l\u00fd c\u00e1c b\u1ea3n qu\u00e9t linh ho\u1ea1t h\u01a1n. T\u1ea3i b\u1ea3n qu\u00e9t l\u00ean \u1ee9ng d\u1ee5ng y\u00eau th\u00edch nh\u1ea5t c\u1ee7a b\u1ea1n ho\u1eb7c t\u00edch h\u1ee3p ch\u00fang v\u00e0o t\u00e0i li\u1ec7u c\u1ee7a b\u1ea1n.<br \/>\n* B\u1ea3o v\u1ec7, Xu\u1ea5t, N\u00e9n v\u00e0 nhi\u1ec1u t\u00ednh n\u0103ng kh\u00e1c<br \/>\nQu\u00e9t an to\u00e0n. B\u1ea3o v\u1ec7 nh\u1eefng t\u00e0i li\u1ec7u quan tr\u1ecdng nh\u1ea5t c\u1ee7a b\u1ea1n b\u1eb1ng m\u1eadt kh\u1ea9u. Xu\u1ea5t t\u1ec7p PDF qu\u00e9t sang c\u00e1c \u0111\u1ecbnh d\u1ea1ng t\u1ec7p kh\u00e1c \u0111\u1ec3 b\u1ea1n c\u00f3 th\u1ec3 ch\u1ec9nh s\u1eeda d\u1ec5 d\u00e0ng. N\u00e9n t\u1ec7p \u0111\u1ec3 gi\u1ea3i ph\u00f3ng dung l\u01b0\u1ee3ng l\u01b0u tr\u1eef v\u00e0 nhanh ch\u00f3ng g\u1eedi b\u1ea3n qu\u00e9t t\u1edbi ng\u01b0\u1eddi kh\u00e1c.<\/p>\n","protected":false},"excerpt":{"rendered":"<p>Chuy\u1ec3n t\u1eeb b\u1ea3n gi\u1ea5y sang \u0111\u1ecbnh d\u1ea1ng k\u1ef9 thu\u1eadt s\u1ed1 si\u00eau nhanh. Qu\u00e9t ghi ch\u00fa, gi\u1ea5y t\u1edd, bi\u00ean nh\u1eadn v\u00e0 nhi\u1ec1u t\u00e0i li\u1ec7u kh\u00e1c sang \u0111\u1ecbnh d\u1ea1ng PDF.<\/p>\n","protected":false},"featured_media":4551,"template":"","meta":[],"product_brand":[],"product_cat":[1139],"product_tag":[2380,2427,2428],"pa_bo-nho-trong":[],"pa_bo-vi-xu-ly":[],"pa_do-dai":[],"pa_do-phan-giai":[],"pa_hang-san-xuat":[],"pa_kich-thuoc-man-hinh":[],"pa_micro-thu-am":[],"pa_nha-thong-minh-rang-dong":[],"pa_o-cung":[],"pa_ong-kinh":[],"pa_poe":[],"pa_ports":[],"pa_tam-quan-sat":[],"pa_theo-chuan":[],"class_list":{"0":"post-4550","1":"product","2":"type-product","3":"status-publish","4":"has-post-thumbnail","6":"product_cat-phan-mem-ban-quyen","7":"product_tag-adobe","8":"product_tag-adobe-scan","9":"product_tag-scan","11":"first","12":"instock","13":"shipping-taxable","14":"product-type-simple"},"_links":{"self":[{"href":"https:\/\/vietbee.com\/en\/wp-json\/wp\/v2\/product\/4550","targetHints":{"allow":["GET"]}}],"collection":[{"href":"https:\/\/vietbee.com\/en\/wp-json\/wp\/v2\/product"}],"about":[{"href":"https:\/\/vietbee.com\/en\/wp-json\/wp\/v2\/types\/product"}],"wp:featuredmedia":[{"embeddable":true,"href":"https:\/\/vietbee.com\/en\/wp-json\/wp\/v2\/media\/4551"}],"wp:attachment":[{"href":"https:\/\/vietbee.com\/en\/wp-json\/wp\/v2\/media?parent=4550"}],"wp:term":[{"taxonomy":"product_brand","embeddable":true,"href":"https:\/\/vietbee.com\/en\/wp-json\/wp\/v2\/product_brand?post=4550"},{"taxonomy":"product_cat","embeddable":true,"href":"https:\/\/vietbee.com\/en\/wp-json\/wp\/v2\/product_cat?post=4550"},{"taxonomy":"product_tag","embeddable":true,"href":"https:\/\/vietbee.com\/en\/wp-json\/wp\/v2\/product_tag?post=4550"},{"taxonomy":"pa_bo-nho-trong","embeddable":true,"href":"https:\/\/vietbee.com\/en\/wp-json\/wp\/v2\/pa_bo-nho-trong?post=4550"},{"taxonomy":"pa_bo-vi-xu-ly","embeddable":true,"href":"https:\/\/vietbee.com\/en\/wp-json\/wp\/v2\/pa_bo-vi-xu-ly?post=4550"},{"taxonomy":"pa_do-dai","embeddable":true,"href":"https:\/\/vietbee.com\/en\/wp-json\/wp\/v2\/pa_do-dai?post=4550"},{"taxonomy":"pa_do-phan-giai","embeddable":true,"href":"https:\/\/vietbee.com\/en\/wp-json\/wp\/v2\/pa_do-phan-giai?post=4550"},{"taxonomy":"pa_hang-san-xuat","embeddable":true,"href":"https:\/\/vietbee.com\/en\/wp-json\/wp\/v2\/pa_hang-san-xuat?post=4550"},{"taxonomy":"pa_kich-thuoc-man-hinh","embeddable":true,"href":"https:\/\/vietbee.com\/en\/wp-json\/wp\/v2\/pa_kich-thuoc-man-hinh?post=4550"},{"taxonomy":"pa_micro-thu-am","embeddable":true,"href":"https:\/\/vietbee.com\/en\/wp-json\/wp\/v2\/pa_micro-thu-am?post=4550"},{"taxonomy":"pa_nha-thong-minh-rang-dong","embeddable":true,"href":"https:\/\/vietbee.com\/en\/wp-json\/wp\/v2\/pa_nha-thong-minh-rang-dong?post=4550"},{"taxonomy":"pa_o-cung","embeddable":true,"href":"https:\/\/vietbee.com\/en\/wp-json\/wp\/v2\/pa_o-cung?post=4550"},{"taxonomy":"pa_ong-kinh","embeddable":true,"href":"https:\/\/vietbee.com\/en\/wp-json\/wp\/v2\/pa_ong-kinh?post=4550"},{"taxonomy":"pa_poe","embeddable":true,"href":"https:\/\/vietbee.com\/en\/wp-json\/wp\/v2\/pa_poe?post=4550"},{"taxonomy":"pa_ports","embeddable":true,"href":"https:\/\/vietbee.com\/en\/wp-json\/wp\/v2\/pa_ports?post=4550"},{"taxonomy":"pa_tam-quan-sat","embeddable":true,"href":"https:\/\/vietbee.com\/en\/wp-json\/wp\/v2\/pa_tam-quan-sat?post=4550"},{"taxonomy":"pa_theo-chuan","embeddable":true,"href":"https:\/\/vietbee.com\/en\/wp-json\/wp\/v2\/pa_theo-chuan?post=4550"}],"curies":[{"name":"wp","href":"https:\/\/api.w.org\/{rel}","templated":true}]}}