{"id":4542,"date":"2023-03-30T08:39:13","date_gmt":"2023-03-30T08:39:13","guid":{"rendered":"https:\/\/vietbee.com\/?post_type=product&#038;p=4542"},"modified":"2023-04-21T07:24:14","modified_gmt":"2023-04-21T07:24:14","slug":"acrobat-sign-solutions","status":"publish","type":"product","link":"https:\/\/vietbee.com\/en\/product\/acrobat-sign-solutions\/","title":{"rendered":"Acrobat Sign Solutions"},"content":{"rendered":"<p><strong>T\u00ednh n\u0103ng c\u1ee7a s\u1ea3n ph\u1ea9m:<\/strong><br \/>\n* M\u1ed9t n\u01a1i d\u00e0nh cho t\u1ea5t c\u1ea3 c\u00f4ng vi\u1ec7c v\u1ec1 PDF v\u00e0 ch\u1eef k\u00fd \u0111i\u1ec7n t\u1eed c\u1ee7a b\u1ea1n. T\u00ednh n\u0103ng n\u00e0y c\u00f3 trong Acrobat.<br \/>\nChuy\u1ec3n \u0111\u1ed5i v\u00e0 t\u0103ng t\u1ed1c quy tr\u00ecnh l\u00e0m vi\u1ec7c v\u1edbi Acrobat Sign \u2014 gi\u1ea3i ph\u00e1p ch\u1eef k\u00fd \u0111i\u1ec7n t\u1eed \u01b0a th\u00edch c\u1ee7a Microsoft v\u00e0 l\u00e0 c\u00f4ng c\u1ee5 k\u00fd \u0111i\u1ec7n t\u1eed duy nh\u1ea5t mang s\u1ee9c m\u1ea1nh c\u1ee7a Adobe Acrobat trong m\u1ed9t g\u00f3i.<br \/>\n* K\u00fd \u0111i\u1ec7n t\u1eed v\u00e0o t\u00e0i li\u1ec7u v\u00e0 thu th\u1eadp ch\u1eef k\u00fd nhanh h\u01a1n.<br \/>\nTruy c\u1eadp t\u00e0i li\u1ec7u Acrobat PDF v\u00e0 k\u00fd t\u00e0i li\u1ec7u t\u1eeb m\u1ecdi n\u01a1i, tr\u00ean thi\u1ebft b\u1ecb di \u0111\u1ed9ng ho\u1eb7c m\u00e1y t\u00ednh.<br \/>\nNg\u01b0\u1eddi nh\u1eadn c\u00f3 th\u1ec3 k\u00fd t\u00ean trong t\u00edch t\u1eafc &#8211; kh\u00f4ng c\u1ea7n t\u1ea3i xu\u1ed1ng ho\u1eb7c \u0111\u0103ng k\u00fd.<br \/>\nD\u1ec5 d\u00e0ng qu\u00e9t v\u00e0 t\u1ea3i l\u00ean t\u1ec7p PDF b\u1eb1ng c\u00e1ch s\u1eed d\u1ee5ng \u1ee9ng d\u1ee5ng di \u0111\u1ed9ng Adobe Scan mi\u1ec5n ph\u00ed tr\u00ean thi\u1ebft b\u1ecb c\u1ee7a b\u1ea1n.<br \/>\n* N\u00e2ng cao n\u0103ng su\u1ea5t v\u1edbi kh\u1ea3 n\u0103ng PDF v\u00e0 ch\u1eef k\u00fd \u0111i\u1ec7n t\u1eed m\u1ea1nh m\u1ebd.<br \/>\nTham gia c\u00f9ng 500.000 t\u1ed5 ch\u1ee9c, h\u1ecd \u0111ang n\u00e2ng cao tr\u1ea3i nghi\u1ec7m kh\u00e1ch h\u00e0ng nh\u1edd s\u1ee9c m\u1ea1nh c\u1ee7a ph\u1ea7n m\u1ec1m ch\u1eef k\u00fd \u0111i\u1ec7n t\u1eed v\u00e0 c\u00e1c t\u00ednh n\u0103ng c\u1ee7a Acrobat PDF. Adobe gi\u00fap b\u1ea1n d\u1ec5 d\u00e0ng t\u1ea1o, ch\u1ec9nh s\u1eeda, c\u1ed9ng t\u00e1c, k\u00fd \u0111i\u1ec7n t\u1eed v\u00e0 chia s\u1ebb t\u1ec7p PDF tr\u00ean m\u1ecdi thi\u1ebft b\u1ecb. Ch\u1ecdn t\u1eeb m\u1ed9t lo\u1ea1t c\u00e1c gi\u1ea3i ph\u00e1p k\u00fd t\u00e0i li\u1ec7u c\u00f3 th\u1ec3 m\u1edf r\u1ed9ng \u0111\u1ec3 \u0111\u00e1p \u1ee9ng nhu c\u1ea7u ri\u00eang c\u1ee7a doanh nghi\u1ec7p b\u1ea1n \u2014 c\u00f3 ho\u1eb7c kh\u00f4ng c\u00f3 c\u00e1c t\u00ednh n\u0103ng qu\u1ea3n l\u00fd t\u00e0i li\u1ec7u PDF.<br \/>\n* Ho\u1ea1t \u0111\u1ed9ng v\u1edbi Microsoft, Salesforce, Workday v\u00e0 c\u00e1c \u1ee9ng d\u1ee5ng kh\u00e1c.<br \/>\nL\u00e0 gi\u1ea3i ph\u00e1p ch\u1eef k\u00fd \u0111i\u1ec7n t\u1eed \u01b0a th\u00edch c\u1ee7a Microsoft, Acrobat Sign t\u00edch h\u1ee3p v\u1edbi b\u1ed9 \u1ee9ng d\u1ee5ng Microsoft to\u00e0n di\u1ec7n nh\u1ea5t, nh\u1edd v\u1eady b\u1ea1n c\u00f3 th\u1ec3 g\u1eedi v\u00e0 k\u00fd c\u00e1c t\u1ec7p PDF m\u00e0 kh\u00f4ng c\u1ea7n r\u1eddi kh\u1ecfi \u1ee9ng d\u1ee5ng b\u1ea1n \u0111ang s\u1eed d\u1ee5ng. Ngo\u00e0i ra, b\u1ea1n c\u00f3 th\u1ec3 truy c\u1eadp c\u00e1c th\u00e0nh ph\u1ea7n t\u00edch h\u1ee3p th\u00f4ng minh cho Salesforce, Workday v\u00e0 nhi\u1ec1u \u1ee9ng d\u1ee5ng kh\u00e1c m\u00e0 b\u1ea1n s\u1eed d\u1ee5ng h\u00e0ng ng\u00e0y.<br \/>\n* \u0110\u00e1p \u1ee9ng ti\u00eau chu\u1ea9n tu\u00e2n th\u1ee7 v\u00e0 b\u1ea3o m\u1eadt.<br \/>\nB\u1ea3o m\u1eadt c\u1ea5p \u0111\u1ed9 doanh nghi\u1ec7p c\u1ee7a ch\u00fang t\u00f4i gi\u00fap b\u1ea1n gi\u1ea3m r\u1ee7i ro v\u00e0 tu\u00e2n th\u1ee7, b\u1ea5t k\u1ec3 b\u1ea1n kinh doanh trong ng\u00e0nh n\u00e0o ho\u1eb7c n\u01a1i n\u00e0o. Acrobat Sign Solutions c\u0169ng c\u00f3 th\u1ec3 \u0111\u01b0\u1ee3c c\u1ea5u h\u00ecnh \u0111\u1ec3 \u0111\u00e1p \u1ee9ng c\u00e1c quy \u0111\u1ecbnh ri\u00eang c\u1ee7a ng\u00e0nh tr\u00ean to\u00e0n th\u1ebf gi\u1edbi, bao g\u1ed3m HIPAA, FERPA, GLBA v\u00e0 FDA 21 CFR ph\u1ea7n 11. K\u1ebft qu\u1ea3 cu\u1ed1i c\u00f9ng? V\u1edbi Adobe, b\u1ea1n kh\u00f4ng c\u1ea7n ph\u1ea3i lo l\u1eafng.<\/p>\n","protected":false},"excerpt":{"rendered":"<p>T\u1ea1o quy tr\u00ecnh l\u00e0m vi\u1ec7c k\u1ef9 thu\u1eadt s\u1ed1 to\u00e0n di\u1ec7n v\u1edbi ch\u1eef k\u00fd \u0111i\u1ec7n t\u1eed h\u1ee3p ph\u00e1p, \u0111\u00e1ng tin c\u1eady.<\/p>\n","protected":false},"featured_media":4544,"template":"","meta":[],"product_brand":[],"product_cat":[1139],"product_tag":[2420,2423,2419,2421,2424,2422],"pa_bo-nho-trong":[],"pa_bo-vi-xu-ly":[],"pa_do-dai":[],"pa_do-phan-giai":[],"pa_hang-san-xuat":[],"pa_kich-thuoc-man-hinh":[],"pa_micro-thu-am":[],"pa_nha-thong-minh-rang-dong":[],"pa_o-cung":[],"pa_ong-kinh":[],"pa_poe":[],"pa_ports":[],"pa_tam-quan-sat":[],"pa_theo-chuan":[],"class_list":{"0":"post-4542","1":"product","2":"type-product","3":"status-publish","4":"has-post-thumbnail","6":"product_cat-phan-mem-ban-quyen","7":"product_tag-acrobat","8":"product_tag-acrobat-sign","9":"product_tag-acrobat-sign-solutions","10":"product_tag-sign","11":"product_tag-sign-solutions","12":"product_tag-solutions","14":"first","15":"instock","16":"shipping-taxable","17":"product-type-simple"},"_links":{"self":[{"href":"https:\/\/vietbee.com\/en\/wp-json\/wp\/v2\/product\/4542","targetHints":{"allow":["GET"]}}],"collection":[{"href":"https:\/\/vietbee.com\/en\/wp-json\/wp\/v2\/product"}],"about":[{"href":"https:\/\/vietbee.com\/en\/wp-json\/wp\/v2\/types\/product"}],"wp:featuredmedia":[{"embeddable":true,"href":"https:\/\/vietbee.com\/en\/wp-json\/wp\/v2\/media\/4544"}],"wp:attachment":[{"href":"https:\/\/vietbee.com\/en\/wp-json\/wp\/v2\/media?parent=4542"}],"wp:term":[{"taxonomy":"product_brand","embeddable":true,"href":"https:\/\/vietbee.com\/en\/wp-json\/wp\/v2\/product_brand?post=4542"},{"taxonomy":"product_cat","embeddable":true,"href":"https:\/\/vietbee.com\/en\/wp-json\/wp\/v2\/product_cat?post=4542"},{"taxonomy":"product_tag","embeddable":true,"href":"https:\/\/vietbee.com\/en\/wp-json\/wp\/v2\/product_tag?post=4542"},{"taxonomy":"pa_bo-nho-trong","embeddable":true,"href":"https:\/\/vietbee.com\/en\/wp-json\/wp\/v2\/pa_bo-nho-trong?post=4542"},{"taxonomy":"pa_bo-vi-xu-ly","embeddable":true,"href":"https:\/\/vietbee.com\/en\/wp-json\/wp\/v2\/pa_bo-vi-xu-ly?post=4542"},{"taxonomy":"pa_do-dai","embeddable":true,"href":"https:\/\/vietbee.com\/en\/wp-json\/wp\/v2\/pa_do-dai?post=4542"},{"taxonomy":"pa_do-phan-giai","embeddable":true,"href":"https:\/\/vietbee.com\/en\/wp-json\/wp\/v2\/pa_do-phan-giai?post=4542"},{"taxonomy":"pa_hang-san-xuat","embeddable":true,"href":"https:\/\/vietbee.com\/en\/wp-json\/wp\/v2\/pa_hang-san-xuat?post=4542"},{"taxonomy":"pa_kich-thuoc-man-hinh","embeddable":true,"href":"https:\/\/vietbee.com\/en\/wp-json\/wp\/v2\/pa_kich-thuoc-man-hinh?post=4542"},{"taxonomy":"pa_micro-thu-am","embeddable":true,"href":"https:\/\/vietbee.com\/en\/wp-json\/wp\/v2\/pa_micro-thu-am?post=4542"},{"taxonomy":"pa_nha-thong-minh-rang-dong","embeddable":true,"href":"https:\/\/vietbee.com\/en\/wp-json\/wp\/v2\/pa_nha-thong-minh-rang-dong?post=4542"},{"taxonomy":"pa_o-cung","embeddable":true,"href":"https:\/\/vietbee.com\/en\/wp-json\/wp\/v2\/pa_o-cung?post=4542"},{"taxonomy":"pa_ong-kinh","embeddable":true,"href":"https:\/\/vietbee.com\/en\/wp-json\/wp\/v2\/pa_ong-kinh?post=4542"},{"taxonomy":"pa_poe","embeddable":true,"href":"https:\/\/vietbee.com\/en\/wp-json\/wp\/v2\/pa_poe?post=4542"},{"taxonomy":"pa_ports","embeddable":true,"href":"https:\/\/vietbee.com\/en\/wp-json\/wp\/v2\/pa_ports?post=4542"},{"taxonomy":"pa_tam-quan-sat","embeddable":true,"href":"https:\/\/vietbee.com\/en\/wp-json\/wp\/v2\/pa_tam-quan-sat?post=4542"},{"taxonomy":"pa_theo-chuan","embeddable":true,"href":"https:\/\/vietbee.com\/en\/wp-json\/wp\/v2\/pa_theo-chuan?post=4542"}],"curies":[{"name":"wp","href":"https:\/\/api.w.org\/{rel}","templated":true}]}}