{"id":4540,"date":"2023-03-30T04:29:13","date_gmt":"2023-03-30T04:29:13","guid":{"rendered":"https:\/\/vietbee.com\/?post_type=product&#038;p=4540"},"modified":"2023-04-20T09:26:39","modified_gmt":"2023-04-20T09:26:39","slug":"photoshop-express","status":"publish","type":"product","link":"https:\/\/vietbee.com\/en\/product\/photoshop-express\/","title":{"rendered":"Photoshop Express"},"content":{"rendered":"<p><strong>T\u00ednh n\u0103ng c\u1ee7a s\u1ea3n ph\u1ea9m:<\/strong><br \/>\n* Chuy\u1ec3n \u0111\u1ed5i m\u1ed9t ch\u1ea1m.<br \/>\nNh\u1eadn Photoshop Express, \u1ee9ng d\u1ee5ng cho thi\u1ebft b\u1ecb di \u0111\u1ed9ng \u0111\u1ec3 ch\u1ec9nh s\u1eeda v\u00e0 chia s\u1ebb \u1ea3nh tr\u1ecdn g\u00f3i.<br \/>\n* S\u00e1ng t\u1ea1o n\u00ean nh\u1eefng h\u00ecnh \u1ea3nh \u1ea5n t\u01b0\u1ee3ng.<br \/>\nPhotoshop Express mang \u0111\u1ebfn m\u1ecdi th\u1ee9 b\u1ea1n c\u1ea7n \u0111\u1ec3 nhanh ch\u00f3ng ch\u1ec9nh s\u1eeda v\u00e0 bi\u1ebfn h\u00f3a \u0111\u1ec3 c\u00e1c h\u00ecnh \u1ea3nh chi\u1ebfm tr\u1ecdn s\u1ef1 n\u1ed5i b\u1eadt tr\u00ean m\u1ea1ng x\u00e3 h\u1ed9i v\u00e0 m\u1ecdi n\u01a1i kh\u00e1c. V\u00e0 v\u1edbi t\u00f9y ch\u1ecdn b\u1ed5 sung c\u00e1c t\u00ednh n\u0103ng cao c\u1ea5p, b\u1ea1n c\u00f3 th\u1ec3 th\u1ef1c hi\u1ec7n c\u00e1c ch\u1ec9nh s\u1eeda n\u00e2ng cao trong t\u00edch t\u1eafc.<br \/>\n* N\u1ed5i b\u1eadt h\u01a1n v\u1edbi Photoshop.<br \/>\nCh\u1ec9nh trang \u1ea3nh ch\u1ee5p c\u1ee7a b\u1ea1n b\u1eb1ng c\u00e1c c\u00f4ng c\u1ee5 th\u00f4ng minh gi\u00fap x\u1eed l\u00fd c\u00e1c t\u00e1c v\u1ee5 ph\u1ee9c t\u1ea1p nh\u01b0 c\u1eaft r\u1eddi, l\u00e0m trong \u1ea3nh, trau chu\u1ed1t l\u1ea1i \u1ea3nh v\u00e0 kh\u1eed nhi\u1ec5u. Th\u1ef1c hi\u1ec7n c\u00e1c ch\u1ec9nh s\u1eeda c\u00f3 ch\u1ecdn l\u1ecdc cho hai th\u1ee9 c\u00f9ng m\u1ed9t l\u00fac \u0111\u1ec3 t\u1ea1o hi\u1ec7u \u1ee9ng b\u1eaft m\u1eaft. V\u00e0 \u00e1p d\u1ee5ng Fused Looks \u0111\u1ec3 ch\u1ec9 thay \u0111\u1ed5i n\u1ec1n tr\u01b0\u1edbc ho\u1eb7c n\u1ec1n c\u1ee7a h\u00ecnh \u1ea3nh.<br \/>\n* Duy tr\u00ec m\u1ea1ch s\u00e1ng t\u1ea1o.<br \/>\nCh\u1ec9nh s\u1eeda, c\u1eaft gh\u00e9p v\u00e0 k\u1ebft h\u1ee3p c\u00e1c h\u00ecnh \u1ea3nh ngay trong \u1ee9ng d\u1ee5ng. T\u1ea1o hi\u1ec7u \u1ee9ng c\u1eaft d\u00e1n album \u1ea3nh th\u1ee7 c\u00f4ng trong v\u00e0i gi\u00e2y v\u1edbi c\u00e1c ph\u1ea7n c\u1eaft r\u1eddi t\u1ef1 \u0111\u1ed9ng mi\u1ec5n ph\u00ed c\u1ee7a ch\u00fang t\u00f4i. Ch\u1ec9nh trang nh\u1eefng b\u1ee9c \u1ea3nh v\u1edbi thi\u1ebft l\u1eadp s\u1eb5n gi\u00fap chuy\u1ec3n l\u1edbp trang \u0111i\u1ec3m v\u00e0 l\u00e0m m\u1ecbn da. V\u00e0 th\u1ef1c hi\u1ec7n che khuy\u1ebft \u0111i\u1ec3m n\u00e2ng cao h\u01a1n n\u1eefa v\u1edbi c\u00e1c t\u00ednh n\u0103ng cao c\u1ea5p c\u1ee7a ch\u00fang t\u00f4i.<br \/>\n* Ngu\u1ed3n c\u1ea3m h\u1ee9ng ngay trong \u1ee9ng d\u1ee5ng.<br \/>\nXem c\u00e1c video ph\u00e1t l\u1ea1i trong m\u1ee5c tin Kh\u00e1m ph\u00e1 \u0111\u1ec3 bi\u1ebft c\u00e1ch m\u1ecdi ng\u01b0\u1eddi t\u1ea1o ra h\u00ecnh \u1ea3nh b\u1ea1n th\u00edch, r\u1ed3i \u00e1p d\u1ee5ng ch\u00ednh nh\u1eefng ch\u1ec9nh s\u1eeda \u0111\u00f3 cho \u1ea3nh c\u1ee7a b\u1ea1n. \u0110\u0103ng c\u00e1c m\u1ee5c y\u00eau th\u00edch l\u00ean th\u1eb3ng m\u1ea1ng x\u00e3 h\u1ed9i ho\u1eb7c g\u1eedi qua c\u00e1c \u1ee9ng d\u1ee5ng nh\u1eafn tin \u0111\u1ec3 truy\u1ec1n c\u1ea3m h\u1ee9ng cho ng\u01b0\u1eddi kh\u00e1c.<br \/>\n* V\u00f4 c\u00f9ng \u0111\u01a1n gi\u1ea3n. Th\u1eadt truy\u1ec1n c\u1ea3m.<br \/>\nCh\u1ecdn t\u1eeb h\u00e0ng tr\u0103m ch\u1ee7 \u0111\u1ec1 v\u00e0 hi\u1ec7u \u1ee9ng b\u1eaft m\u1eaft m\u00e0 b\u1ea1n c\u00f3 th\u1ec3 \u00e1p d\u1ee5ng t\u1ee9c th\u00ec \u0111\u1ec3 th\u1ec3 hi\u1ec7n s\u1ee9c s\u00e1ng t\u1ea1o ho\u1eb7c khi\u1ebfn tin nh\u1eafn c\u1ee7a b\u1ea1n tr\u1edf n\u00ean th\u00fa v\u1ecb h\u01a1n. T\u00f4 \u0111i\u1ec3m th\u00eam nhi\u1ec1u phong c\u00e1ch kh\u00e1c cho h\u00ecnh \u1ea3nh c\u1ee7a b\u1ea1n v\u1edbi \u0111\u01b0\u1eddng vi\u1ec1n, b\u1ed1 c\u1ee5c v\u00e0 ph\u00f4ng n\u1ec1n.<\/p>\n","protected":false},"excerpt":{"rendered":"<p>Ch\u1ec9nh s\u1eeda v\u00e0 trang ho\u00e0ng nh\u1eefng b\u1ee9c \u1ea3nh c\u1ee7a b\u1ea1n m\u1ecdi l\u00fac m\u1ecdi n\u01a1i.<\/p>\n","protected":false},"featured_media":4602,"template":"","meta":[],"product_brand":[],"product_cat":[1139],"product_tag":[2383,2373,2418],"pa_bo-nho-trong":[],"pa_bo-vi-xu-ly":[],"pa_do-dai":[],"pa_do-phan-giai":[],"pa_hang-san-xuat":[],"pa_kich-thuoc-man-hinh":[],"pa_micro-thu-am":[],"pa_nha-thong-minh-rang-dong":[],"pa_o-cung":[],"pa_ong-kinh":[],"pa_poe":[],"pa_ports":[],"pa_tam-quan-sat":[],"pa_theo-chuan":[],"class_list":{"0":"post-4540","1":"product","2":"type-product","3":"status-publish","4":"has-post-thumbnail","6":"product_cat-phan-mem-ban-quyen","7":"product_tag-express","8":"product_tag-photoshop","9":"product_tag-photoshop-express","11":"first","12":"instock","13":"shipping-taxable","14":"product-type-simple"},"_links":{"self":[{"href":"https:\/\/vietbee.com\/en\/wp-json\/wp\/v2\/product\/4540","targetHints":{"allow":["GET"]}}],"collection":[{"href":"https:\/\/vietbee.com\/en\/wp-json\/wp\/v2\/product"}],"about":[{"href":"https:\/\/vietbee.com\/en\/wp-json\/wp\/v2\/types\/product"}],"wp:featuredmedia":[{"embeddable":true,"href":"https:\/\/vietbee.com\/en\/wp-json\/wp\/v2\/media\/4602"}],"wp:attachment":[{"href":"https:\/\/vietbee.com\/en\/wp-json\/wp\/v2\/media?parent=4540"}],"wp:term":[{"taxonomy":"product_brand","embeddable":true,"href":"https:\/\/vietbee.com\/en\/wp-json\/wp\/v2\/product_brand?post=4540"},{"taxonomy":"product_cat","embeddable":true,"href":"https:\/\/vietbee.com\/en\/wp-json\/wp\/v2\/product_cat?post=4540"},{"taxonomy":"product_tag","embeddable":true,"href":"https:\/\/vietbee.com\/en\/wp-json\/wp\/v2\/product_tag?post=4540"},{"taxonomy":"pa_bo-nho-trong","embeddable":true,"href":"https:\/\/vietbee.com\/en\/wp-json\/wp\/v2\/pa_bo-nho-trong?post=4540"},{"taxonomy":"pa_bo-vi-xu-ly","embeddable":true,"href":"https:\/\/vietbee.com\/en\/wp-json\/wp\/v2\/pa_bo-vi-xu-ly?post=4540"},{"taxonomy":"pa_do-dai","embeddable":true,"href":"https:\/\/vietbee.com\/en\/wp-json\/wp\/v2\/pa_do-dai?post=4540"},{"taxonomy":"pa_do-phan-giai","embeddable":true,"href":"https:\/\/vietbee.com\/en\/wp-json\/wp\/v2\/pa_do-phan-giai?post=4540"},{"taxonomy":"pa_hang-san-xuat","embeddable":true,"href":"https:\/\/vietbee.com\/en\/wp-json\/wp\/v2\/pa_hang-san-xuat?post=4540"},{"taxonomy":"pa_kich-thuoc-man-hinh","embeddable":true,"href":"https:\/\/vietbee.com\/en\/wp-json\/wp\/v2\/pa_kich-thuoc-man-hinh?post=4540"},{"taxonomy":"pa_micro-thu-am","embeddable":true,"href":"https:\/\/vietbee.com\/en\/wp-json\/wp\/v2\/pa_micro-thu-am?post=4540"},{"taxonomy":"pa_nha-thong-minh-rang-dong","embeddable":true,"href":"https:\/\/vietbee.com\/en\/wp-json\/wp\/v2\/pa_nha-thong-minh-rang-dong?post=4540"},{"taxonomy":"pa_o-cung","embeddable":true,"href":"https:\/\/vietbee.com\/en\/wp-json\/wp\/v2\/pa_o-cung?post=4540"},{"taxonomy":"pa_ong-kinh","embeddable":true,"href":"https:\/\/vietbee.com\/en\/wp-json\/wp\/v2\/pa_ong-kinh?post=4540"},{"taxonomy":"pa_poe","embeddable":true,"href":"https:\/\/vietbee.com\/en\/wp-json\/wp\/v2\/pa_poe?post=4540"},{"taxonomy":"pa_ports","embeddable":true,"href":"https:\/\/vietbee.com\/en\/wp-json\/wp\/v2\/pa_ports?post=4540"},{"taxonomy":"pa_tam-quan-sat","embeddable":true,"href":"https:\/\/vietbee.com\/en\/wp-json\/wp\/v2\/pa_tam-quan-sat?post=4540"},{"taxonomy":"pa_theo-chuan","embeddable":true,"href":"https:\/\/vietbee.com\/en\/wp-json\/wp\/v2\/pa_theo-chuan?post=4540"}],"curies":[{"name":"wp","href":"https:\/\/api.w.org\/{rel}","templated":true}]}}