{"id":4538,"date":"2023-03-30T03:13:09","date_gmt":"2023-03-30T03:13:09","guid":{"rendered":"https:\/\/vietbee.com\/?post_type=product&#038;p=4538"},"modified":"2023-04-20T07:49:00","modified_gmt":"2023-04-20T07:49:00","slug":"premiere-rush","status":"publish","type":"product","link":"https:\/\/vietbee.com\/en\/product\/premiere-rush\/","title":{"rendered":"Premiere Rush"},"content":{"rendered":"<p><strong>T\u00ednh n\u0103ng c\u1ee7a s\u1ea3n ph\u1ea9m:<\/strong><br \/>\n* L\u00e0m video? Th\u1eadt l\u00e0 g\u1ea5p g\u00e1p.<br \/>\nAdobe Premiere Rush l\u00e0 \u1ee9ng d\u1ee5ng ch\u1ec9nh s\u1eeda video mi\u1ec5n ph\u00ed d\u00e0nh cho thi\u1ebft b\u1ecb di \u0111\u1ed9ng v\u00e0 m\u00e1y t\u00ednh \u0111\u1ec3 s\u00e1ng t\u1ea1o \u1edf b\u1ea5t c\u1ee9 \u0111\u00e2u. D\u00f9 b\u1ea1n \u1edf \u0111\u00e2u, t\u1eeb \u0111i\u1ec7n tho\u1ea1i \u0111\u1ebfn m\u00e1y t\u00ednh, b\u1ea1n \u0111\u1ec1u c\u00f3 th\u1ec3 quay, ch\u1ec9nh s\u1eeda v\u00e0 chia s\u1ebb video ch\u1ea5t l\u01b0\u1ee3ng cao. Vui nh\u1ed9n, tr\u1ef1c quan v\u00e0 nhanh nh\u01b0 m\u1ea1ng x\u00e3 h\u1ed9i, \u0111\u00f3 l\u00e0 c\u00e1ch d\u1ec5 d\u00e0ng nh\u1ea5t \u0111\u1ec3 t\u1ecfa s\u00e1ng tr\u00ean b\u1ea3ng tin c\u1ee7a nh\u1eefng ng\u01b0\u1eddi theo d\u00f5i b\u1ea1n.<br \/>\n* Chia s\u1ebb th\u1ee9 b\u1ea1n y\u00eau th\u00edch. Y\u00eau th\u00edch th\u1ee9 b\u1ea1n chia s\u1ebb.<br \/>\n\u1ee8ng d\u1ee5ng ch\u1ec9nh s\u1eeda video Premiere Rush c\u00f3 t\u00ednh linh ho\u1ea1t s\u00e1ng t\u1ea1o \u0111\u1ec3 l\u00e0m cho n\u1ed9i dung c\u1ee7a b\u1ea1n n\u1ed5i b\u1eadt gi\u1eefa \u0111\u00e1m \u0111\u00f4ng. V\u1edbi c\u00e1c c\u00f4ng c\u1ee5 \u0111\u01a1n gi\u1ea3n d\u00e0nh cho m\u00e1y t\u00ednh v\u00e0 thi\u1ebft b\u1ecb di \u0111\u1ed9ng \u0111\u1ec3 ch\u1ec9nh \u00e2m thanh, \u0111\u1ed3 h\u1ecda chuy\u1ec3n \u0111\u1ed9ng, v.v., vi\u1ec7c t\u1ea1o video k\u1ebft n\u1ed1i v\u1edbi kh\u00e1n gi\u1ea3 t\u1eeb b\u1ea5t c\u1ee9 n\u01a1i n\u00e0o b\u1ea1n l\u00e0m vi\u1ec7c tr\u1edf n\u00ean d\u1ec5 d\u00e0ng h\u01a1n bao gi\u1edd h\u1ebft.<br \/>\n* Nh\u1eefng c\u00e1ch m\u1edbi \u0111\u1ec3 n\u00e2ng cao k\u1ef9 n\u0103ng ch\u1ec9nh s\u1eeda video c\u1ee7a b\u1ea1n.<br \/>\nXem h\u00e0ng tr\u0103m n\u1ed9i dung trong \u1ee9ng d\u1ee5ng m\u1edbi, bao g\u1ed3m \u00e2m thanh, \u0111\u1ed3 h\u1ecda chuy\u1ec3n c\u1ea3nh v\u00e0 ti\u00eau \u0111\u1ec1 ho\u1ea1t h\u00ecnh. Ngo\u00e0i ra, hi\u1ec7u \u1ee9ng Xoay v\u00e0 Thu ph\u00f3ng (Pan and Zoom) v\u00e0 T\u1ef1 \u0111\u1ed9ng d\u00e0n x\u1ebfp b\u1ed1 c\u1ee5c l\u1ea1i (Auto Reframe) hi\u1ec7n c\u00f3 s\u1eb5n tr\u00ean t\u1ea5t c\u1ea3 c\u00e1c n\u1ec1n t\u1ea3ng.<\/p>\n","protected":false},"excerpt":{"rendered":"<p>S\u00e1ng t\u1ea1o video v\u00e0 chia s\u1ebb tr\u1ef1c tuy\u1ebfn \u1edf b\u1ea5t c\u1ee9 \u0111\u00e2u.<\/p>\n","protected":false},"featured_media":4601,"template":"","meta":[],"product_brand":[],"product_cat":[1139],"product_tag":[2371,2416,2417],"pa_bo-nho-trong":[],"pa_bo-vi-xu-ly":[],"pa_do-dai":[],"pa_do-phan-giai":[],"pa_hang-san-xuat":[],"pa_kich-thuoc-man-hinh":[],"pa_micro-thu-am":[],"pa_nha-thong-minh-rang-dong":[],"pa_o-cung":[],"pa_ong-kinh":[],"pa_poe":[],"pa_ports":[],"pa_tam-quan-sat":[],"pa_theo-chuan":[],"class_list":{"0":"post-4538","1":"product","2":"type-product","3":"status-publish","4":"has-post-thumbnail","6":"product_cat-phan-mem-ban-quyen","7":"product_tag-premiere","8":"product_tag-premiere-rush","9":"product_tag-rush","11":"first","12":"instock","13":"shipping-taxable","14":"product-type-simple"},"_links":{"self":[{"href":"https:\/\/vietbee.com\/en\/wp-json\/wp\/v2\/product\/4538","targetHints":{"allow":["GET"]}}],"collection":[{"href":"https:\/\/vietbee.com\/en\/wp-json\/wp\/v2\/product"}],"about":[{"href":"https:\/\/vietbee.com\/en\/wp-json\/wp\/v2\/types\/product"}],"wp:featuredmedia":[{"embeddable":true,"href":"https:\/\/vietbee.com\/en\/wp-json\/wp\/v2\/media\/4601"}],"wp:attachment":[{"href":"https:\/\/vietbee.com\/en\/wp-json\/wp\/v2\/media?parent=4538"}],"wp:term":[{"taxonomy":"product_brand","embeddable":true,"href":"https:\/\/vietbee.com\/en\/wp-json\/wp\/v2\/product_brand?post=4538"},{"taxonomy":"product_cat","embeddable":true,"href":"https:\/\/vietbee.com\/en\/wp-json\/wp\/v2\/product_cat?post=4538"},{"taxonomy":"product_tag","embeddable":true,"href":"https:\/\/vietbee.com\/en\/wp-json\/wp\/v2\/product_tag?post=4538"},{"taxonomy":"pa_bo-nho-trong","embeddable":true,"href":"https:\/\/vietbee.com\/en\/wp-json\/wp\/v2\/pa_bo-nho-trong?post=4538"},{"taxonomy":"pa_bo-vi-xu-ly","embeddable":true,"href":"https:\/\/vietbee.com\/en\/wp-json\/wp\/v2\/pa_bo-vi-xu-ly?post=4538"},{"taxonomy":"pa_do-dai","embeddable":true,"href":"https:\/\/vietbee.com\/en\/wp-json\/wp\/v2\/pa_do-dai?post=4538"},{"taxonomy":"pa_do-phan-giai","embeddable":true,"href":"https:\/\/vietbee.com\/en\/wp-json\/wp\/v2\/pa_do-phan-giai?post=4538"},{"taxonomy":"pa_hang-san-xuat","embeddable":true,"href":"https:\/\/vietbee.com\/en\/wp-json\/wp\/v2\/pa_hang-san-xuat?post=4538"},{"taxonomy":"pa_kich-thuoc-man-hinh","embeddable":true,"href":"https:\/\/vietbee.com\/en\/wp-json\/wp\/v2\/pa_kich-thuoc-man-hinh?post=4538"},{"taxonomy":"pa_micro-thu-am","embeddable":true,"href":"https:\/\/vietbee.com\/en\/wp-json\/wp\/v2\/pa_micro-thu-am?post=4538"},{"taxonomy":"pa_nha-thong-minh-rang-dong","embeddable":true,"href":"https:\/\/vietbee.com\/en\/wp-json\/wp\/v2\/pa_nha-thong-minh-rang-dong?post=4538"},{"taxonomy":"pa_o-cung","embeddable":true,"href":"https:\/\/vietbee.com\/en\/wp-json\/wp\/v2\/pa_o-cung?post=4538"},{"taxonomy":"pa_ong-kinh","embeddable":true,"href":"https:\/\/vietbee.com\/en\/wp-json\/wp\/v2\/pa_ong-kinh?post=4538"},{"taxonomy":"pa_poe","embeddable":true,"href":"https:\/\/vietbee.com\/en\/wp-json\/wp\/v2\/pa_poe?post=4538"},{"taxonomy":"pa_ports","embeddable":true,"href":"https:\/\/vietbee.com\/en\/wp-json\/wp\/v2\/pa_ports?post=4538"},{"taxonomy":"pa_tam-quan-sat","embeddable":true,"href":"https:\/\/vietbee.com\/en\/wp-json\/wp\/v2\/pa_tam-quan-sat?post=4538"},{"taxonomy":"pa_theo-chuan","embeddable":true,"href":"https:\/\/vietbee.com\/en\/wp-json\/wp\/v2\/pa_theo-chuan?post=4538"}],"curies":[{"name":"wp","href":"https:\/\/api.w.org\/{rel}","templated":true}]}}