{"id":4536,"date":"2023-03-30T02:54:43","date_gmt":"2023-03-30T02:54:43","guid":{"rendered":"https:\/\/vietbee.com\/?post_type=product&#038;p=4536"},"modified":"2023-04-20T07:41:32","modified_gmt":"2023-04-20T07:41:32","slug":"incopy","status":"publish","type":"product","link":"https:\/\/vietbee.com\/en\/product\/incopy\/","title":{"rendered":"InCopy"},"content":{"rendered":"<p><strong>T\u00ednh n\u0103ng c\u1ee7a s\u1ea3n ph\u1ea9m:<\/strong><br \/>\n* InCopy. C\u1ed9ng t\u00e1c v\u1edbi ng\u01b0\u1eddi vi\u1ebft n\u1ed9i dung v\u00e0 bi\u00ean t\u1eadp vi\u00ean.<br \/>\n* B\u1ea1n c\u00f3 th\u1ec3 l\u00e0m g\u00ec v\u1edbi InCopy?<br \/>\nInCopy cho ph\u00e9p ng\u01b0\u1eddi vi\u1ebft n\u1ed9i dung v\u00e0 bi\u00ean t\u1eadp vi\u00ean \u0111\u1ecbnh ki\u1ec3u v\u0103n b\u1ea3n, theo d\u00f5i c\u00e1c thay \u0111\u1ed5i v\u00e0 th\u1ef1c hi\u1ec7n c\u00e1c s\u1eeda \u0111\u1ed5i b\u1ed1 c\u1ee5c \u0111\u01a1n gi\u1ea3n cho t\u00e0i li\u1ec7u trong khi c\u00e1c nh\u00e0 thi\u1ebft k\u1ebf l\u00e0m vi\u1ec7c \u0111\u1ed3ng th\u1eddi tr\u00ean c\u00f9ng m\u1ed9t t\u00e0i li\u1ec7u trong Adobe InDesign nh\u01b0ng kh\u00f4ng ghi \u0111\u00e8 l\u00ean c\u00e1c \u0111\u00f3ng g\u00f3p c\u1ee7a nhau.<br \/>\n* T\u00ecm ngu\u1ed3n c\u1ea3m h\u1ee9ng. T\u00ecm \u0111\u01b0\u1ee3c vi\u1ec7c.<br \/>\nX\u00e2y d\u1ef1ng \u0111\u1ed9i ng\u0169 theo d\u00f5i v\u00e0 theo d\u00f5i c\u00e1c ngh\u1ec7 s\u0129 truy\u1ec1n c\u1ea3m h\u1ee9ng kh\u00e1c \u2014 v\u00e0 th\u1eadm ch\u00ed t\u00ecm c\u01a1 h\u1ed9i ngh\u1ec1 nghi\u1ec7p ti\u1ebfp theo c\u1ee7a b\u1ea1n \u2014 tr\u00ean Behance, c\u1ed9ng \u0111\u1ed3ng s\u00e1ng t\u1ea1o l\u1edbn nh\u1ea5t th\u1ebf gi\u1edbi.<\/p>\n","protected":false},"excerpt":{"rendered":"<p>C\u1ed9ng t\u00e1c v\u1edbi ng\u01b0\u1eddi vi\u1ebft n\u1ed9i dung v\u00e0 ng\u01b0\u1eddi bi\u00ean t\u1eadp.<\/p>\n","protected":false},"featured_media":4599,"template":"","meta":[],"product_brand":[],"product_cat":[1139],"product_tag":[2415,2385,2414],"pa_bo-nho-trong":[],"pa_bo-vi-xu-ly":[],"pa_do-dai":[],"pa_do-phan-giai":[],"pa_hang-san-xuat":[],"pa_kich-thuoc-man-hinh":[],"pa_micro-thu-am":[],"pa_nha-thong-minh-rang-dong":[],"pa_o-cung":[],"pa_ong-kinh":[],"pa_poe":[],"pa_ports":[],"pa_tam-quan-sat":[],"pa_theo-chuan":[],"class_list":{"0":"post-4536","1":"product","2":"type-product","3":"status-publish","4":"has-post-thumbnail","6":"product_cat-phan-mem-ban-quyen","7":"product_tag-copy","8":"product_tag-in","9":"product_tag-incopy","11":"first","12":"instock","13":"shipping-taxable","14":"product-type-simple"},"_links":{"self":[{"href":"https:\/\/vietbee.com\/en\/wp-json\/wp\/v2\/product\/4536","targetHints":{"allow":["GET"]}}],"collection":[{"href":"https:\/\/vietbee.com\/en\/wp-json\/wp\/v2\/product"}],"about":[{"href":"https:\/\/vietbee.com\/en\/wp-json\/wp\/v2\/types\/product"}],"wp:featuredmedia":[{"embeddable":true,"href":"https:\/\/vietbee.com\/en\/wp-json\/wp\/v2\/media\/4599"}],"wp:attachment":[{"href":"https:\/\/vietbee.com\/en\/wp-json\/wp\/v2\/media?parent=4536"}],"wp:term":[{"taxonomy":"product_brand","embeddable":true,"href":"https:\/\/vietbee.com\/en\/wp-json\/wp\/v2\/product_brand?post=4536"},{"taxonomy":"product_cat","embeddable":true,"href":"https:\/\/vietbee.com\/en\/wp-json\/wp\/v2\/product_cat?post=4536"},{"taxonomy":"product_tag","embeddable":true,"href":"https:\/\/vietbee.com\/en\/wp-json\/wp\/v2\/product_tag?post=4536"},{"taxonomy":"pa_bo-nho-trong","embeddable":true,"href":"https:\/\/vietbee.com\/en\/wp-json\/wp\/v2\/pa_bo-nho-trong?post=4536"},{"taxonomy":"pa_bo-vi-xu-ly","embeddable":true,"href":"https:\/\/vietbee.com\/en\/wp-json\/wp\/v2\/pa_bo-vi-xu-ly?post=4536"},{"taxonomy":"pa_do-dai","embeddable":true,"href":"https:\/\/vietbee.com\/en\/wp-json\/wp\/v2\/pa_do-dai?post=4536"},{"taxonomy":"pa_do-phan-giai","embeddable":true,"href":"https:\/\/vietbee.com\/en\/wp-json\/wp\/v2\/pa_do-phan-giai?post=4536"},{"taxonomy":"pa_hang-san-xuat","embeddable":true,"href":"https:\/\/vietbee.com\/en\/wp-json\/wp\/v2\/pa_hang-san-xuat?post=4536"},{"taxonomy":"pa_kich-thuoc-man-hinh","embeddable":true,"href":"https:\/\/vietbee.com\/en\/wp-json\/wp\/v2\/pa_kich-thuoc-man-hinh?post=4536"},{"taxonomy":"pa_micro-thu-am","embeddable":true,"href":"https:\/\/vietbee.com\/en\/wp-json\/wp\/v2\/pa_micro-thu-am?post=4536"},{"taxonomy":"pa_nha-thong-minh-rang-dong","embeddable":true,"href":"https:\/\/vietbee.com\/en\/wp-json\/wp\/v2\/pa_nha-thong-minh-rang-dong?post=4536"},{"taxonomy":"pa_o-cung","embeddable":true,"href":"https:\/\/vietbee.com\/en\/wp-json\/wp\/v2\/pa_o-cung?post=4536"},{"taxonomy":"pa_ong-kinh","embeddable":true,"href":"https:\/\/vietbee.com\/en\/wp-json\/wp\/v2\/pa_ong-kinh?post=4536"},{"taxonomy":"pa_poe","embeddable":true,"href":"https:\/\/vietbee.com\/en\/wp-json\/wp\/v2\/pa_poe?post=4536"},{"taxonomy":"pa_ports","embeddable":true,"href":"https:\/\/vietbee.com\/en\/wp-json\/wp\/v2\/pa_ports?post=4536"},{"taxonomy":"pa_tam-quan-sat","embeddable":true,"href":"https:\/\/vietbee.com\/en\/wp-json\/wp\/v2\/pa_tam-quan-sat?post=4536"},{"taxonomy":"pa_theo-chuan","embeddable":true,"href":"https:\/\/vietbee.com\/en\/wp-json\/wp\/v2\/pa_theo-chuan?post=4536"}],"curies":[{"name":"wp","href":"https:\/\/api.w.org\/{rel}","templated":true}]}}