{"id":4534,"date":"2023-03-30T02:24:39","date_gmt":"2023-03-30T02:24:39","guid":{"rendered":"https:\/\/vietbee.com\/?post_type=product&#038;p=4534"},"modified":"2023-04-20T07:22:48","modified_gmt":"2023-04-20T07:22:48","slug":"audition","status":"publish","type":"product","link":"https:\/\/vietbee.com\/en\/product\/audition\/","title":{"rendered":"Audition"},"content":{"rendered":"<p><strong>T\u00ednh n\u0103ng c\u1ee7a s\u1ea3n ph\u1ea9m:<\/strong><br \/>\n* Adobe Audition. M\u1ed9t m\u00e1y tr\u1ea1m \u00e2m thanh chuy\u00ean nghi\u1ec7p.<br \/>\nT\u1ea1o, tr\u1ed9n v\u00e0 thi\u1ebft k\u1ebf hi\u1ec7u \u1ee9ng \u00e2m thanh b\u1eb1ng ph\u1ea7n m\u1ec1m ch\u1ec9nh s\u1eeda \u00e2m thanh k\u1ef9 thu\u1eadt s\u1ed1 t\u1ed1t nh\u1ea5t trong ng\u00e0nh.<br \/>\n* Ch\u1ec9nh s\u1eeda, tr\u1ed9n, ghi v\u00e0 kh\u00f4i ph\u1ee5c \u00e2m thanh.<br \/>\nAudition l\u00e0 m\u1ed9t b\u1ed9 c\u00f4ng c\u1ee5 to\u00e0n di\u1ec7n bao g\u1ed3m hi\u1ec3n th\u1ecb nhi\u1ec1u r\u00e3nh, d\u1ea1ng s\u00f3ng v\u00e0 quang ph\u1ed5 \u0111\u1ec3 t\u1ea1o, tr\u1ed9n, ch\u1ec9nh s\u1eeda v\u00e0 kh\u00f4i ph\u1ee5c n\u1ed9i dung \u00e2m thanh. M\u00e1y tr\u1ea1m \u00e2m thanh m\u1ea1nh m\u1ebd n\u00e0y \u0111\u01b0\u1ee3c thi\u1ebft k\u1ebf \u0111\u1ec3 t\u0103ng t\u1ed1c quy tr\u00ecnh s\u1ea3n xu\u1ea5t video v\u00e0 ho\u00e0n thi\u1ec7n \u00e2m thanh, \u0111\u1ed3ng th\u1eddi mang \u0111\u1ebfn s\u1ef1 k\u1ebft h\u1ee3p ho\u00e0n h\u1ea3o v\u1edbi \u00e2m thanh nguy\u00ean b\u1ea3n.<br \/>\n* M\u1ecdi th\u1ee9 b\u1ea1n c\u1ea7n. Ngay \u1edf n\u01a1i b\u1ea1n c\u1ea7n.<br \/>\nC\u00f9ng v\u1edbi c\u00e1c c\u00f4ng c\u1ee5 cho m\u00e0u s\u1eafc, \u00e2m thanh v\u00e0 \u0111\u1ed3 h\u1ecda, Premiere Pro ho\u1ea1t \u0111\u1ed9ng li\u1ec1n m\u1ea1ch v\u1edbi c\u00e1c \u1ee9ng d\u1ee5ng v\u00e0 d\u1ecbch v\u1ee5 kh\u00e1c, bao g\u1ed3m After Effects, Adobe Audition v\u00e0 Adobe Stock. M\u1edf m\u1ed9t m\u1eabu \u0110\u1ed3 h\u1ecda chuy\u1ec3n \u0111\u1ed9ng t\u1eeb After Effects ho\u1eb7c t\u1ea3i xu\u1ed1ng m\u1ed9t m\u1eabu t\u1eeb Adobe Stock v\u00e0 t\u00f9y ch\u1ec9nh m\u00e0 kh\u00f4ng c\u1ea7n r\u1eddi kh\u1ecfi \u1ee9ng d\u1ee5ng. V\u00e0 Premiere Pro t\u00edch h\u1ee3p v\u1edbi h\u00e0ng tr\u0103m c\u00f4ng ngh\u1ec7 c\u1ee7a \u0111\u1ed1i t\u00e1c.<br \/>\n* T\u00ecm ngu\u1ed3n c\u1ea3m h\u1ee9ng. T\u00ecm \u0111\u01b0\u1ee3c vi\u1ec7c.<br \/>\nX\u00e2y d\u1ef1ng \u0111\u1ed9i ng\u0169 theo d\u00f5i v\u00e0 theo d\u00f5i c\u00e1c ngh\u1ec7 s\u0129 truy\u1ec1n c\u1ea3m h\u1ee9ng kh\u00e1c \u2014 v\u00e0 th\u1eadm ch\u00ed t\u00ecm c\u01a1 h\u1ed9i ngh\u1ec1 nghi\u1ec7p ti\u1ebfp theo c\u1ee7a b\u1ea1n \u2014 tr\u00ean Behance, c\u1ed9ng \u0111\u1ed3ng s\u00e1ng t\u1ea1o l\u1edbn nh\u1ea5t th\u1ebf gi\u1edbi.<\/p>\n","protected":false},"excerpt":{"rendered":"<p>Gi\u00fap c\u00e1c c\u00e2u chuy\u1ec7n tr\u1edf n\u00ean s\u1ed1ng \u0111\u1ed9ng v\u1edbi \u00e2m thanh.<\/p>\n","protected":false},"featured_media":4598,"template":"","meta":[],"product_brand":[],"product_cat":[1139],"product_tag":[2412,2411,2413],"pa_bo-nho-trong":[],"pa_bo-vi-xu-ly":[],"pa_do-dai":[],"pa_do-phan-giai":[],"pa_hang-san-xuat":[],"pa_kich-thuoc-man-hinh":[],"pa_micro-thu-am":[],"pa_nha-thong-minh-rang-dong":[],"pa_o-cung":[],"pa_ong-kinh":[],"pa_poe":[],"pa_ports":[],"pa_tam-quan-sat":[],"pa_theo-chuan":[],"class_list":{"0":"post-4534","1":"product","2":"type-product","3":"status-publish","4":"has-post-thumbnail","6":"product_cat-phan-mem-ban-quyen","7":"product_tag-au","8":"product_tag-audition","9":"product_tag-dition","11":"first","12":"instock","13":"shipping-taxable","14":"product-type-simple"},"_links":{"self":[{"href":"https:\/\/vietbee.com\/en\/wp-json\/wp\/v2\/product\/4534","targetHints":{"allow":["GET"]}}],"collection":[{"href":"https:\/\/vietbee.com\/en\/wp-json\/wp\/v2\/product"}],"about":[{"href":"https:\/\/vietbee.com\/en\/wp-json\/wp\/v2\/types\/product"}],"wp:featuredmedia":[{"embeddable":true,"href":"https:\/\/vietbee.com\/en\/wp-json\/wp\/v2\/media\/4598"}],"wp:attachment":[{"href":"https:\/\/vietbee.com\/en\/wp-json\/wp\/v2\/media?parent=4534"}],"wp:term":[{"taxonomy":"product_brand","embeddable":true,"href":"https:\/\/vietbee.com\/en\/wp-json\/wp\/v2\/product_brand?post=4534"},{"taxonomy":"product_cat","embeddable":true,"href":"https:\/\/vietbee.com\/en\/wp-json\/wp\/v2\/product_cat?post=4534"},{"taxonomy":"product_tag","embeddable":true,"href":"https:\/\/vietbee.com\/en\/wp-json\/wp\/v2\/product_tag?post=4534"},{"taxonomy":"pa_bo-nho-trong","embeddable":true,"href":"https:\/\/vietbee.com\/en\/wp-json\/wp\/v2\/pa_bo-nho-trong?post=4534"},{"taxonomy":"pa_bo-vi-xu-ly","embeddable":true,"href":"https:\/\/vietbee.com\/en\/wp-json\/wp\/v2\/pa_bo-vi-xu-ly?post=4534"},{"taxonomy":"pa_do-dai","embeddable":true,"href":"https:\/\/vietbee.com\/en\/wp-json\/wp\/v2\/pa_do-dai?post=4534"},{"taxonomy":"pa_do-phan-giai","embeddable":true,"href":"https:\/\/vietbee.com\/en\/wp-json\/wp\/v2\/pa_do-phan-giai?post=4534"},{"taxonomy":"pa_hang-san-xuat","embeddable":true,"href":"https:\/\/vietbee.com\/en\/wp-json\/wp\/v2\/pa_hang-san-xuat?post=4534"},{"taxonomy":"pa_kich-thuoc-man-hinh","embeddable":true,"href":"https:\/\/vietbee.com\/en\/wp-json\/wp\/v2\/pa_kich-thuoc-man-hinh?post=4534"},{"taxonomy":"pa_micro-thu-am","embeddable":true,"href":"https:\/\/vietbee.com\/en\/wp-json\/wp\/v2\/pa_micro-thu-am?post=4534"},{"taxonomy":"pa_nha-thong-minh-rang-dong","embeddable":true,"href":"https:\/\/vietbee.com\/en\/wp-json\/wp\/v2\/pa_nha-thong-minh-rang-dong?post=4534"},{"taxonomy":"pa_o-cung","embeddable":true,"href":"https:\/\/vietbee.com\/en\/wp-json\/wp\/v2\/pa_o-cung?post=4534"},{"taxonomy":"pa_ong-kinh","embeddable":true,"href":"https:\/\/vietbee.com\/en\/wp-json\/wp\/v2\/pa_ong-kinh?post=4534"},{"taxonomy":"pa_poe","embeddable":true,"href":"https:\/\/vietbee.com\/en\/wp-json\/wp\/v2\/pa_poe?post=4534"},{"taxonomy":"pa_ports","embeddable":true,"href":"https:\/\/vietbee.com\/en\/wp-json\/wp\/v2\/pa_ports?post=4534"},{"taxonomy":"pa_tam-quan-sat","embeddable":true,"href":"https:\/\/vietbee.com\/en\/wp-json\/wp\/v2\/pa_tam-quan-sat?post=4534"},{"taxonomy":"pa_theo-chuan","embeddable":true,"href":"https:\/\/vietbee.com\/en\/wp-json\/wp\/v2\/pa_theo-chuan?post=4534"}],"curies":[{"name":"wp","href":"https:\/\/api.w.org\/{rel}","templated":true}]}}