{"id":4530,"date":"2023-03-29T02:59:32","date_gmt":"2023-03-29T02:59:32","guid":{"rendered":"https:\/\/vietbee.com\/?post_type=product&#038;p=4530"},"modified":"2023-04-20T07:11:08","modified_gmt":"2023-04-20T07:11:08","slug":"substance-3d-modeler","status":"publish","type":"product","link":"https:\/\/vietbee.com\/en\/product\/substance-3d-modeler\/","title":{"rendered":"Substance 3D Modeler"},"content":{"rendered":"<div><strong>T\u00ednh n\u0103ng c\u1ee7a s\u1ea3n ph\u1ea9m:<\/strong><\/div>\n<div>* T\u1ea1o m\u00f4 h\u00ecnh 3D tr\u00ean m\u00e1y t\u00ednh v\u00e0 trong VR.<\/div>\n<div>* T\u1ea1o h\u00ecnh \u00fd t\u01b0\u1edfng s\u00e1ng t\u1ea1o 3D b\u1eb1ng \u0111\u1ea5t s\u00e9t k\u1ef9 thu\u1eadt s\u1ed1.<\/div>\n<div>Adobe Substance 3D Modeler t\u1ea1o m\u00f4 h\u00ecnh v\u1edbi c\u1eed ch\u1ec9 3D v\u00e0 t\u1ef1 nhi\u00ean nh\u01b0 v\u1ebd. Khuy\u1ebfn kh\u00edch b\u1ea1n s\u00e1ng t\u1ea1o trong c\u00f4ng c\u1ee5 t\u1ea1o h\u00ecnh 3D linh ho\u1ea1t v\u00e0 m\u1ea1nh m\u1ebd n\u00e0y.<\/div>\n<div>* Gi\u1ea3i ph\u00f3ng c\u00e1ch t\u1ea1o m\u00f4 h\u00ecnh 3D kh\u1ecfi nh\u1eefng h\u1ea1n ch\u1ebf v\u1ec1 k\u1ef9 thu\u1eadt.<\/div>\n<div>V\u1edbi thi\u1ebft k\u1ebf tr\u1ef1c quan, Modeler gi\u00fap gi\u1ea3i ph\u00f3ng b\u1ea1n kh\u1ecfi nh\u1eefng h\u1ea1n ch\u1ebf v\u1ec1 k\u1ef9 thu\u1eadt c\u1ee7a c\u00e1ch t\u1ea1o m\u00f4 h\u00ecnh 3D truy\u1ec1n th\u1ed1ng. T\u1eadp trung thu\u1ea7n t\u00fay v\u00e0o qu\u00e1 tr\u00ecnh s\u00e1ng t\u1ea1o v\u00e0 t\u1ea1o m\u00f4 h\u00ecnh 3D \u0111\u01a1n gi\u1ea3n ho\u1eb7c c\u1ea3nh 3D tr\u1ef1c quan, ho\u00e0n thi\u1ec7n.<\/div>\n<div>* T\u1eeb x\u00e2y d\u1ef1ng \u00fd t\u01b0\u1edfng 3D \u0111\u1ebfn \u0111i\u00eau kh\u1eafc to\u00e0n c\u1ea3nh.<\/div>\n<div>Modeler l\u00e0 m\u1ed9t c\u00f4ng c\u1ee5 linh ho\u1ea1t \u0111\u1ec3 s\u00e1ng t\u1ea1o ngh\u1ec7 thu\u1eadt \u00fd t\u01b0\u1edfng, ph\u00e1c th\u1ea3o v\u00e0 t\u1ea1o nguy\u00ean m\u1eabu, t\u1ea1o m\u00f4 h\u00ecnh th\u00f4 cho c\u00e1c c\u1ea5p \u0111\u1ed9 tr\u00f2 ch\u01a1i, t\u1ea1o nh\u00e2n v\u1eadt ho\u1eb7c \u0111\u1ea1o c\u1ee5 chi ti\u1ebft, hay \u0111i\u00eau kh\u1eafc to\u00e0n b\u1ed9 c\u1ea3nh. T\u1ea5t c\u1ea3 trong m\u1ed9t \u1ee9ng d\u1ee5ng.<\/div>\n<div>* Chuy\u1ec3n \u0111\u1ed5i tr\u01a1n tru gi\u1eefa m\u00e1y t\u00ednh v\u00e0 VR.<\/div>\n<div>C\u00e1c c\u00f4ng c\u1ee5 m\u1ea1nh m\u1ebd trong Modeler ho\u1ea1t \u0111\u1ed9ng tr\u01a1n tru tr\u00ean c\u1ea3 m\u00e1y t\u00ednh v\u00e0 VR. T\u1ea1o ph\u1ea7n c\u1ee9ng gi\u00fap b\u1ea1n th\u1ec3 hi\u1ec7n t\u1ed1t nh\u1ea5t kh\u1ea3 n\u0103ng \u1edf m\u1ed7i b\u01b0\u1edbc \u0111i trong quy tr\u00ecnh l\u00e0m vi\u1ec7c s\u00e1ng t\u1ea1o.<\/div>\n<div><\/div>\n","protected":false},"excerpt":{"rendered":"<p>T\u1ea1o tr\u1ef1c quan c\u00e1c m\u00f4 h\u00ecnh 3D tr\u00ean m\u00e1y t\u00ednh v\u00e0 trong VR. (Kh\u00f4ng c\u00f3 trong Creative Cloud All Apps.)<\/p>\n","protected":false},"featured_media":4597,"template":"","meta":[],"product_brand":[],"product_cat":[1139],"product_tag":[2410,2400,2409],"pa_bo-nho-trong":[],"pa_bo-vi-xu-ly":[],"pa_do-dai":[],"pa_do-phan-giai":[],"pa_hang-san-xuat":[],"pa_kich-thuoc-man-hinh":[],"pa_micro-thu-am":[],"pa_nha-thong-minh-rang-dong":[],"pa_o-cung":[],"pa_ong-kinh":[],"pa_poe":[],"pa_ports":[],"pa_tam-quan-sat":[],"pa_theo-chuan":[],"class_list":{"0":"post-4530","1":"product","2":"type-product","3":"status-publish","4":"has-post-thumbnail","6":"product_cat-phan-mem-ban-quyen","7":"product_tag-3d-modeler","8":"product_tag-substance","9":"product_tag-substance-3d-modeler","11":"first","12":"instock","13":"shipping-taxable","14":"product-type-simple"},"_links":{"self":[{"href":"https:\/\/vietbee.com\/en\/wp-json\/wp\/v2\/product\/4530","targetHints":{"allow":["GET"]}}],"collection":[{"href":"https:\/\/vietbee.com\/en\/wp-json\/wp\/v2\/product"}],"about":[{"href":"https:\/\/vietbee.com\/en\/wp-json\/wp\/v2\/types\/product"}],"wp:featuredmedia":[{"embeddable":true,"href":"https:\/\/vietbee.com\/en\/wp-json\/wp\/v2\/media\/4597"}],"wp:attachment":[{"href":"https:\/\/vietbee.com\/en\/wp-json\/wp\/v2\/media?parent=4530"}],"wp:term":[{"taxonomy":"product_brand","embeddable":true,"href":"https:\/\/vietbee.com\/en\/wp-json\/wp\/v2\/product_brand?post=4530"},{"taxonomy":"product_cat","embeddable":true,"href":"https:\/\/vietbee.com\/en\/wp-json\/wp\/v2\/product_cat?post=4530"},{"taxonomy":"product_tag","embeddable":true,"href":"https:\/\/vietbee.com\/en\/wp-json\/wp\/v2\/product_tag?post=4530"},{"taxonomy":"pa_bo-nho-trong","embeddable":true,"href":"https:\/\/vietbee.com\/en\/wp-json\/wp\/v2\/pa_bo-nho-trong?post=4530"},{"taxonomy":"pa_bo-vi-xu-ly","embeddable":true,"href":"https:\/\/vietbee.com\/en\/wp-json\/wp\/v2\/pa_bo-vi-xu-ly?post=4530"},{"taxonomy":"pa_do-dai","embeddable":true,"href":"https:\/\/vietbee.com\/en\/wp-json\/wp\/v2\/pa_do-dai?post=4530"},{"taxonomy":"pa_do-phan-giai","embeddable":true,"href":"https:\/\/vietbee.com\/en\/wp-json\/wp\/v2\/pa_do-phan-giai?post=4530"},{"taxonomy":"pa_hang-san-xuat","embeddable":true,"href":"https:\/\/vietbee.com\/en\/wp-json\/wp\/v2\/pa_hang-san-xuat?post=4530"},{"taxonomy":"pa_kich-thuoc-man-hinh","embeddable":true,"href":"https:\/\/vietbee.com\/en\/wp-json\/wp\/v2\/pa_kich-thuoc-man-hinh?post=4530"},{"taxonomy":"pa_micro-thu-am","embeddable":true,"href":"https:\/\/vietbee.com\/en\/wp-json\/wp\/v2\/pa_micro-thu-am?post=4530"},{"taxonomy":"pa_nha-thong-minh-rang-dong","embeddable":true,"href":"https:\/\/vietbee.com\/en\/wp-json\/wp\/v2\/pa_nha-thong-minh-rang-dong?post=4530"},{"taxonomy":"pa_o-cung","embeddable":true,"href":"https:\/\/vietbee.com\/en\/wp-json\/wp\/v2\/pa_o-cung?post=4530"},{"taxonomy":"pa_ong-kinh","embeddable":true,"href":"https:\/\/vietbee.com\/en\/wp-json\/wp\/v2\/pa_ong-kinh?post=4530"},{"taxonomy":"pa_poe","embeddable":true,"href":"https:\/\/vietbee.com\/en\/wp-json\/wp\/v2\/pa_poe?post=4530"},{"taxonomy":"pa_ports","embeddable":true,"href":"https:\/\/vietbee.com\/en\/wp-json\/wp\/v2\/pa_ports?post=4530"},{"taxonomy":"pa_tam-quan-sat","embeddable":true,"href":"https:\/\/vietbee.com\/en\/wp-json\/wp\/v2\/pa_tam-quan-sat?post=4530"},{"taxonomy":"pa_theo-chuan","embeddable":true,"href":"https:\/\/vietbee.com\/en\/wp-json\/wp\/v2\/pa_theo-chuan?post=4530"}],"curies":[{"name":"wp","href":"https:\/\/api.w.org\/{rel}","templated":true}]}}