{"id":4528,"date":"2023-03-28T09:11:52","date_gmt":"2023-03-28T09:11:52","guid":{"rendered":"https:\/\/vietbee.com\/?post_type=product&#038;p=4528"},"modified":"2023-04-20T07:05:03","modified_gmt":"2023-04-20T07:05:03","slug":"substance-3d-designer","status":"publish","type":"product","link":"https:\/\/vietbee.com\/en\/product\/substance-3d-designer\/","title":{"rendered":"Substance 3D Designer"},"content":{"rendered":"<p><strong>T\u00ednh n\u0103ng c\u1ee7a s\u1ea3n ph\u1ea9m:<\/strong><br \/>\n* S\u00e1ng t\u1ea1o n\u1ed9i dung 3D. Kh\u00f4ng c\u00f3 gi\u1edbi h\u1ea1n.<br \/>\n* Kh\u00e1m ph\u00e1 s\u1ee9c m\u1ea1nh c\u1ee7a vi\u1ec7c t\u1ea1o d\u1eef li\u1ec7u b\u1eb1ng thu\u1eadt to\u00e1n.<br \/>\nV\u1edbi Substance 3D Designer, b\u1ea1n c\u00f3 th\u1ec3 t\u1ea1o c\u00e1c v\u1eadt li\u1ec7u v\u00e0 hoa v\u0103n li\u1ec1n m\u1ea1ch, b\u1ed9 l\u1ecdc h\u00ecnh \u1ea3nh, \u00e1nh s\u00e1ng m\u00f4i tr\u01b0\u1eddng ho\u1eb7c th\u1eadm ch\u00ed l\u00e0 m\u00f4 h\u00ecnh 3D. M\u1ed7i n\u1ed9i dung c\u00f3 th\u1ec3 t\u1ea1o ra c\u00e1c bi\u1ebfn th\u1ec3 v\u00f4 h\u1ea1n.<br \/>\n* Ti\u00eau chu\u1ea9n ng\u00e0nh v\u1ec1 t\u1ea1o h\u00ecnh v\u1eadt li\u1ec7u.<br \/>\nSubstance 3D Designer \u0111\u01b0\u1ee3c s\u1eed d\u1ee5ng trong nhi\u1ec1u ng\u00e0nh c\u00f4ng nghi\u1ec7p v\u00e0 l\u00e0 trung t\u00e2m c\u1ee7a h\u1ea7u h\u1ebft c\u00e1c qu\u00e1 tr\u00ecnh t\u1ea1o v\u1eadt li\u1ec7u hi\u1ec7u \u1ee9ng h\u00ecnh \u1ea3nh v\u00e0 tr\u00f2 ch\u01a1i \u0111i\u1ec7n t\u1eed. V\u1eadt li\u1ec7u theo tham s\u1ed1 Substance \u0111\u01b0\u1ee3c h\u1ed7 tr\u1ee3 trong h\u1ea7u h\u1ebft c\u00e1c c\u00f4ng c\u1ee5 t\u1ea1o 3D v\u00e0 s\u1ebd t\u00edch h\u1ee3p li\u1ec1n m\u1ea1ch v\u00e0o b\u1ea5t k\u1ef3 quy tr\u00ecnh l\u00e0m vi\u1ec7c n\u00e0o. G\u1eedi v\u1eadt li\u1ec7u c\u1ee7a b\u1ea1n tr\u1ef1c ti\u1ebfp \u0111\u1ebfn Substance 3D Painter v\u00e0 Stager.<br \/>\n* Kh\u00f4ng ph\u00e1 h\u1ee7y, phi tuy\u1ebfn t\u00ednh.<br \/>\nQuy tr\u00ecnh l\u00e0m vi\u1ec7c d\u1ef1a tr\u00ean n\u00fat cho ph\u00e9p b\u1ea1n s\u1eed d\u1ee5ng nhi\u1ec1u c\u00e1ch ti\u1ebfp c\u1eadn. B\u1ea1n lu\u00f4n c\u00f3 th\u1ec3 s\u1eeda \u0111\u1ed5i b\u1ea5t k\u1ef3 b\u01b0\u1edbc n\u00e0o c\u1ee7a quy tr\u00ecnh n\u00e0y. Th\u1eed m\u1ecdi th\u1ee9, \u0111i\u1ec1u ch\u1ec9nh b\u1ea5t c\u1ee9 l\u00fac n\u00e0o.<br \/>\n* Kh\u1ea3 n\u0103ng v\u00f4 t\u1eadn, k\u1ebft h\u1ee3p v\u00f4 h\u1ea1n.<br \/>\nDesigner \u0111i k\u00e8m v\u1edbi m\u1ed9t th\u01b0 vi\u1ec7n n\u00fat phong ph\u00fa \u0111\u1ec3 t\u1ea1o n\u1ed9i dung c\u1ee7a b\u1ea1n t\u1eeb \u0111\u1ea7u. X\u00e2y d\u1ef1ng th\u00eam v\u00e0 h\u1ecdc h\u1ecfi t\u1eeb h\u00e0ng ngh\u00ecn v\u1eadt li\u1ec7u trong N\u1ed9i dung Substance 3D v\u00e0 N\u1ed9i dung c\u1ed9ng \u0111\u1ed3ng Substance 3D.<br \/>\n* Kh\u00f4ng ch\u1ec9 l\u00e0 v\u1eadt li\u1ec7u.<br \/>\nT\u1ea1o m\u00f4 h\u00ecnh 3D \u0111\u1ed9ng ho\u1eb7c k\u1ebft h\u1ee3p c\u00e1c y\u1ebfu t\u1ed1 hi\u1ec7n c\u00f3 nh\u01b0 \u0111\u01b0\u1eddng cong v\u00e0 m\u00f4 h\u00ecnh kitbash. T\u1ea1o \u00e1nh s\u00e1ng m\u00f4i tr\u01b0\u1eddng theo tham s\u1ed1 \u0111\u1ec3 s\u1eed d\u1ee5ng trong b\u1ea5t k\u1ef3 \u1ee9ng d\u1ee5ng n\u00e0o \u0111\u01b0\u1ee3c Substance 3D h\u1ed7 tr\u1ee3.<br \/>\n* T\u00edch h\u1ee3p v\u00e0o b\u1ea5t k\u1ef3 quy tr\u00ecnh l\u00e0m vi\u1ec7c n\u00e0o.<br \/>\nDesigner \u0111i k\u00e8m v\u1edbi m\u1ed9t API t\u1eadp l\u1ec7nh m\u1edf r\u1ed9ng, nh\u1edd v\u1eady b\u1ea1n c\u00f3 th\u1ec3 \u0111i\u1ec1u ch\u1ec9nh \u1ee9ng d\u1ee5ng theo nhu c\u1ea7u c\u1ee7a m\u00ecnh. X\u00e2y d\u1ef1ng v\u00e0 chia s\u1ebb c\u00e1c plugin m\u1ea1nh m\u1ebd v\u1edbi giao di\u1ec7n t\u1eadp l\u1ec7nh Python t\u00edch h\u1ee3p. T\u1ea1o c\u00e1c c\u00f4ng c\u1ee5 v\u00e0 \u0111\u1ed3 th\u1ecb ti\u1ec7n \u00edch \u0111\u1ec3 t\u0103ng t\u1ed1c quy tr\u00ecnh c\u1ee7a b\u1ea1n.<\/p>\n","protected":false},"excerpt":{"rendered":"<p>Thi\u1ebft k\u1ebf c\u00e1c n\u1ed9i dung 3D theo tham s\u1ed1 v\u1edbi quy\u1ec1n ki\u1ec3m so\u00e1t to\u00e0n di\u1ec7n v\u00e0 kh\u1ea3 n\u0103ng v\u00f4 h\u1ea1n. Ch\u1ec9 b\u00e1n k\u00e8m g\u00f3i Substance 3D.<\/p>\n","protected":false},"featured_media":4596,"template":"","meta":[],"product_brand":[],"product_cat":[1139],"product_tag":[2408,2400,2405,2407],"pa_bo-nho-trong":[],"pa_bo-vi-xu-ly":[],"pa_do-dai":[],"pa_do-phan-giai":[],"pa_hang-san-xuat":[],"pa_kich-thuoc-man-hinh":[],"pa_micro-thu-am":[],"pa_nha-thong-minh-rang-dong":[],"pa_o-cung":[],"pa_ong-kinh":[],"pa_poe":[],"pa_ports":[],"pa_tam-quan-sat":[],"pa_theo-chuan":[],"class_list":{"0":"post-4528","1":"product","2":"type-product","3":"status-publish","4":"has-post-thumbnail","6":"product_cat-phan-mem-ban-quyen","7":"product_tag-designer","8":"product_tag-substance","9":"product_tag-substance-3d","10":"product_tag-substance-3d-designer","12":"first","13":"instock","14":"shipping-taxable","15":"product-type-simple"},"_links":{"self":[{"href":"https:\/\/vietbee.com\/en\/wp-json\/wp\/v2\/product\/4528","targetHints":{"allow":["GET"]}}],"collection":[{"href":"https:\/\/vietbee.com\/en\/wp-json\/wp\/v2\/product"}],"about":[{"href":"https:\/\/vietbee.com\/en\/wp-json\/wp\/v2\/types\/product"}],"wp:featuredmedia":[{"embeddable":true,"href":"https:\/\/vietbee.com\/en\/wp-json\/wp\/v2\/media\/4596"}],"wp:attachment":[{"href":"https:\/\/vietbee.com\/en\/wp-json\/wp\/v2\/media?parent=4528"}],"wp:term":[{"taxonomy":"product_brand","embeddable":true,"href":"https:\/\/vietbee.com\/en\/wp-json\/wp\/v2\/product_brand?post=4528"},{"taxonomy":"product_cat","embeddable":true,"href":"https:\/\/vietbee.com\/en\/wp-json\/wp\/v2\/product_cat?post=4528"},{"taxonomy":"product_tag","embeddable":true,"href":"https:\/\/vietbee.com\/en\/wp-json\/wp\/v2\/product_tag?post=4528"},{"taxonomy":"pa_bo-nho-trong","embeddable":true,"href":"https:\/\/vietbee.com\/en\/wp-json\/wp\/v2\/pa_bo-nho-trong?post=4528"},{"taxonomy":"pa_bo-vi-xu-ly","embeddable":true,"href":"https:\/\/vietbee.com\/en\/wp-json\/wp\/v2\/pa_bo-vi-xu-ly?post=4528"},{"taxonomy":"pa_do-dai","embeddable":true,"href":"https:\/\/vietbee.com\/en\/wp-json\/wp\/v2\/pa_do-dai?post=4528"},{"taxonomy":"pa_do-phan-giai","embeddable":true,"href":"https:\/\/vietbee.com\/en\/wp-json\/wp\/v2\/pa_do-phan-giai?post=4528"},{"taxonomy":"pa_hang-san-xuat","embeddable":true,"href":"https:\/\/vietbee.com\/en\/wp-json\/wp\/v2\/pa_hang-san-xuat?post=4528"},{"taxonomy":"pa_kich-thuoc-man-hinh","embeddable":true,"href":"https:\/\/vietbee.com\/en\/wp-json\/wp\/v2\/pa_kich-thuoc-man-hinh?post=4528"},{"taxonomy":"pa_micro-thu-am","embeddable":true,"href":"https:\/\/vietbee.com\/en\/wp-json\/wp\/v2\/pa_micro-thu-am?post=4528"},{"taxonomy":"pa_nha-thong-minh-rang-dong","embeddable":true,"href":"https:\/\/vietbee.com\/en\/wp-json\/wp\/v2\/pa_nha-thong-minh-rang-dong?post=4528"},{"taxonomy":"pa_o-cung","embeddable":true,"href":"https:\/\/vietbee.com\/en\/wp-json\/wp\/v2\/pa_o-cung?post=4528"},{"taxonomy":"pa_ong-kinh","embeddable":true,"href":"https:\/\/vietbee.com\/en\/wp-json\/wp\/v2\/pa_ong-kinh?post=4528"},{"taxonomy":"pa_poe","embeddable":true,"href":"https:\/\/vietbee.com\/en\/wp-json\/wp\/v2\/pa_poe?post=4528"},{"taxonomy":"pa_ports","embeddable":true,"href":"https:\/\/vietbee.com\/en\/wp-json\/wp\/v2\/pa_ports?post=4528"},{"taxonomy":"pa_tam-quan-sat","embeddable":true,"href":"https:\/\/vietbee.com\/en\/wp-json\/wp\/v2\/pa_tam-quan-sat?post=4528"},{"taxonomy":"pa_theo-chuan","embeddable":true,"href":"https:\/\/vietbee.com\/en\/wp-json\/wp\/v2\/pa_theo-chuan?post=4528"}],"curies":[{"name":"wp","href":"https:\/\/api.w.org\/{rel}","templated":true}]}}