{"id":4526,"date":"2023-03-28T08:15:13","date_gmt":"2023-03-28T08:15:13","guid":{"rendered":"https:\/\/vietbee.com\/?post_type=product&#038;p=4526"},"modified":"2023-04-19T08:43:11","modified_gmt":"2023-04-19T08:43:11","slug":"substance-3d-sampler","status":"publish","type":"product","link":"https:\/\/vietbee.com\/en\/product\/substance-3d-sampler\/","title":{"rendered":"Substance 3D Sampler"},"content":{"rendered":"<p>Product features:<\/p>\n<p><strong>Adobe Substance 3D Sampler<\/strong>\u00a0allows you to create and iterate on collections of materials by refining and blending existing materials or by extracting new materials from scans ( one or more images). A new set of powerful tools that combine different technologies and creation methods (AI-based and manual) will help you manage your entire document library and export them to other applications.<\/p>\n<h3><span id=\"ez_toc_0\" class=\"ez-toc-section\"><\/span>Features of Adobe Substance 3D Sampler<\/h3>\n<ul>\n<li>AI-powered scan processing<\/li>\n<li>Use your content everywhere. Send your content directly to Painter and Stager or use them in your favorite 3D applications. Create<\/li>\n<li>Create real-time HDR ambient lighting from 360\u00b0 images. Enrich and edit them with parametric effects or even other lights.<\/li>\n<li>Edit in Photoshop and take advantage of its rich set of image editing tools, with direct feedback in the Sampler.<\/li>\n<li>Add a filter. Combine weather and natural effects like moss, snow, water or dirt with any existing material.<\/li>\n<\/ul>\n<h3><span id=\"ez_toc_1\" class=\"ez-toc-section\"><\/span>Main Features:<\/h3>\n<ul>\n<li>Digitize and enrich assets for 3D.<\/li>\n<li>Transform real-world pictures into 3D materials.<\/li>\n<li>Combine and mix materials.<\/li>\n<li>An extensive content library to get you started.<\/li>\n<li>The heart of your 3D workflow.<\/li>\n<\/ul>\n<h3><span id=\"ez_toc_2\" class=\"ez-toc-section\"><\/span>System Requirements:<\/h3>\n<ul>\n<li>Operating System: Windows 10 (64bit)<\/li>\n<li>CPU: Intel Core i7 \/ AMD Ryzen 7<\/li>\n<li>GPU: Nvidia Geforce GTX 1060 \/ Nvidia Quadro P2200\/AMD Radeon RX 580<\/li>\n<li>VRAM: 8GB<\/li>\n<li>RAM: 16GB<\/li>\n<\/ul>\n","protected":false},"excerpt":{"rendered":"<p>Nhanh ch\u00f3ng t\u1ea1o ra \u00e1nh s\u00e1ng v\u00e0 v\u1eadt li\u1ec7u 3D t\u1eeb nh\u1eefng h\u00ecnh \u1ea3nh \u0111\u1eddi th\u1ef1c. Ch\u1ec9 b\u00e1n k\u00e8m g\u00f3i Substance 3D.<\/p>\n","protected":false},"featured_media":4595,"template":"","meta":[],"product_brand":[],"product_cat":[1139],"product_tag":[2406,2400,2405,2404],"pa_bo-nho-trong":[],"pa_bo-vi-xu-ly":[],"pa_do-dai":[],"pa_do-phan-giai":[],"pa_hang-san-xuat":[],"pa_kich-thuoc-man-hinh":[],"pa_micro-thu-am":[],"pa_nha-thong-minh-rang-dong":[],"pa_o-cung":[],"pa_ong-kinh":[],"pa_poe":[],"pa_ports":[],"pa_tam-quan-sat":[],"pa_theo-chuan":[],"class_list":{"0":"post-4526","1":"product","2":"type-product","3":"status-publish","4":"has-post-thumbnail","6":"product_cat-phan-mem-ban-quyen","7":"product_tag-sampler","8":"product_tag-substance","9":"product_tag-substance-3d","10":"product_tag-substance-3d-sampler","12":"first","13":"instock","14":"shipping-taxable","15":"product-type-simple"},"_links":{"self":[{"href":"https:\/\/vietbee.com\/en\/wp-json\/wp\/v2\/product\/4526","targetHints":{"allow":["GET"]}}],"collection":[{"href":"https:\/\/vietbee.com\/en\/wp-json\/wp\/v2\/product"}],"about":[{"href":"https:\/\/vietbee.com\/en\/wp-json\/wp\/v2\/types\/product"}],"wp:featuredmedia":[{"embeddable":true,"href":"https:\/\/vietbee.com\/en\/wp-json\/wp\/v2\/media\/4595"}],"wp:attachment":[{"href":"https:\/\/vietbee.com\/en\/wp-json\/wp\/v2\/media?parent=4526"}],"wp:term":[{"taxonomy":"product_brand","embeddable":true,"href":"https:\/\/vietbee.com\/en\/wp-json\/wp\/v2\/product_brand?post=4526"},{"taxonomy":"product_cat","embeddable":true,"href":"https:\/\/vietbee.com\/en\/wp-json\/wp\/v2\/product_cat?post=4526"},{"taxonomy":"product_tag","embeddable":true,"href":"https:\/\/vietbee.com\/en\/wp-json\/wp\/v2\/product_tag?post=4526"},{"taxonomy":"pa_bo-nho-trong","embeddable":true,"href":"https:\/\/vietbee.com\/en\/wp-json\/wp\/v2\/pa_bo-nho-trong?post=4526"},{"taxonomy":"pa_bo-vi-xu-ly","embeddable":true,"href":"https:\/\/vietbee.com\/en\/wp-json\/wp\/v2\/pa_bo-vi-xu-ly?post=4526"},{"taxonomy":"pa_do-dai","embeddable":true,"href":"https:\/\/vietbee.com\/en\/wp-json\/wp\/v2\/pa_do-dai?post=4526"},{"taxonomy":"pa_do-phan-giai","embeddable":true,"href":"https:\/\/vietbee.com\/en\/wp-json\/wp\/v2\/pa_do-phan-giai?post=4526"},{"taxonomy":"pa_hang-san-xuat","embeddable":true,"href":"https:\/\/vietbee.com\/en\/wp-json\/wp\/v2\/pa_hang-san-xuat?post=4526"},{"taxonomy":"pa_kich-thuoc-man-hinh","embeddable":true,"href":"https:\/\/vietbee.com\/en\/wp-json\/wp\/v2\/pa_kich-thuoc-man-hinh?post=4526"},{"taxonomy":"pa_micro-thu-am","embeddable":true,"href":"https:\/\/vietbee.com\/en\/wp-json\/wp\/v2\/pa_micro-thu-am?post=4526"},{"taxonomy":"pa_nha-thong-minh-rang-dong","embeddable":true,"href":"https:\/\/vietbee.com\/en\/wp-json\/wp\/v2\/pa_nha-thong-minh-rang-dong?post=4526"},{"taxonomy":"pa_o-cung","embeddable":true,"href":"https:\/\/vietbee.com\/en\/wp-json\/wp\/v2\/pa_o-cung?post=4526"},{"taxonomy":"pa_ong-kinh","embeddable":true,"href":"https:\/\/vietbee.com\/en\/wp-json\/wp\/v2\/pa_ong-kinh?post=4526"},{"taxonomy":"pa_poe","embeddable":true,"href":"https:\/\/vietbee.com\/en\/wp-json\/wp\/v2\/pa_poe?post=4526"},{"taxonomy":"pa_ports","embeddable":true,"href":"https:\/\/vietbee.com\/en\/wp-json\/wp\/v2\/pa_ports?post=4526"},{"taxonomy":"pa_tam-quan-sat","embeddable":true,"href":"https:\/\/vietbee.com\/en\/wp-json\/wp\/v2\/pa_tam-quan-sat?post=4526"},{"taxonomy":"pa_theo-chuan","embeddable":true,"href":"https:\/\/vietbee.com\/en\/wp-json\/wp\/v2\/pa_theo-chuan?post=4526"}],"curies":[{"name":"wp","href":"https:\/\/api.w.org\/{rel}","templated":true}]}}