{"id":4522,"date":"2023-03-28T08:05:31","date_gmt":"2023-03-28T08:05:31","guid":{"rendered":"https:\/\/vietbee.com\/?post_type=product&#038;p=4522"},"modified":"2023-04-19T08:25:21","modified_gmt":"2023-04-19T08:25:21","slug":"substance-3d-painter","status":"publish","type":"product","link":"https:\/\/vietbee.com\/en\/product\/substance-3d-painter\/","title":{"rendered":"Substance 3D Painter"},"content":{"rendered":"<div class=\"et_pb_row et_pb_row_0\">\n<div class=\"et_pb_column et_pb_column_4_4 et_pb_column_0 et_pb_css_mix_blend_mode_passthrough et-last-child\">\n<div class=\"et_pb_module et_pb_text et_pb_text_0 et_pb_text_align_left et_pb_bg_layout_light\">\n<div class=\"et_pb_text_inner\">\n<p>T\u00ednh n\u0103ng c\u1ee7a s\u1ea3n ph\u1ea9m:<\/p>\n<p>Substance 3D Painter l\u00e0 c\u00f4ng c\u1ee5 v\u1ebd 3D chuy\u00ean nghi\u1ec7p, \u0111\u00fang ti\u00eau chu\u1ea9n ng\u00e0nh. V\u1edbi k\u1ebft c\u1ea5u ho\u00e0n ch\u1ec9nh v\u00e0 g\u1ea7n g\u0169i nh\u1ea5t bao g\u1ed3m m\u00e0u s\u1eafc, hi\u1ec7u \u1ee9ng v\u00e0 ch\u1ea5t li\u1ec7u 3D. Gi\u00fap nh\u00e0 thi\u1ebft k\u1ebf th\u1ed5i h\u1ed3n v\u00e0o t\u1eebng b\u1ee9c \u1ea3nh.<\/p>\n<p>\u0110\u00e2y l\u00e0 m\u1ed9t ph\u1ea7n m\u1ec1m \u0111\u1ed3 h\u1ecda 3D v\u1edbi nh\u1eefng t\u00ednh n\u0103ng m\u1edbi, mang \u0111\u1ebfn nh\u1eefng thay \u0111\u1ed5i m\u1edbi m\u00e0 c\u00e1c ph\u1ea7n m\u1ec1m v\u1ebd t\u01b0\u01a1ng t\u1ef1 ch\u01b0a c\u00f3. \u1ede Substance Painter l\u1ea7n n\u00e0y, Adobe \u0111\u00e3 thi\u1ebft k\u1ebf c\u00f3 nhi\u1ec1u kh\u00f4ng gian l\u00e0m vi\u1ec7c kh\u00e1c nhau Texture Control Panel, Brush Selector, b\u1ed9 x\u1eed l\u00fd thu\u1ed9c t\u00ednh, ph\u1ea7n c\u1ee9ng ch\u1ecdn,\u2026<\/p>\n<p>S\u1ef1 ra \u0111\u1eddi c\u1ee7a Adobe Substance Painter s\u1ebd h\u1ed7 tr\u1ee3 c\u00e1c nh\u00e0 thi\u1ebft k\u1ebf d\u1ec5 d\u00e0ng h\u01a1n trong vi\u1ec7c thi\u1ebft k\u1ebf c\u00e1c v\u1eadt li\u1ec7u kh\u00e1c nhau, ho\u1ea1t \u0111\u1ed9ng theo l\u1edbp v\u00e0 c\u1ea3i thi\u1ec7n quy tr\u00ecnh l\u00e0m vi\u1ec7c chung. \u0110i\u1ec1u n\u00e0y cho ph\u00e9p c\u00e1c nh\u00e0 thi\u1ebft k\u1ebf v\u1ebd h\u1ea1t v\u00e0 \u00e1p d\u1ee5ng c\u00e1c ph\u1ea7n t\u1eed cho m\u00f4 h\u00ecnh. Th\u00eam d\u1ea5u b\u1ee5i th\u1ef1c t\u1ebf, hi\u1ec7u \u1ee9ng m\u01b0a, v\u1ebft n\u1ee9t th\u1ee7y tinh, v\u00e0 t\u00f3c tr\u00ean khu\u00f4n m\u1eb7t.<\/p>\n<\/div>\n<\/div>\n<\/div>\n<\/div>\n<div class=\"et_pb_row et_pb_row_1\">\n<div class=\"et_pb_column et_pb_column_4_4 et_pb_column_1 et_pb_css_mix_blend_mode_passthrough et-last-child\">\n<div class=\"et_pb_module et_pb_text et_pb_text_1 et_pb_text_align_left et_pb_bg_layout_light\">\n<div class=\"et_pb_text_inner\">\n<h3>\u0110i\u1ec3m n\u1ed5i b\u1eadt c\u1ee7a Substance 3D Painter<\/h3>\n<\/div>\n<\/div>\n<div class=\"et_pb_module et_pb_text et_pb_text_2 et_pb_text_align_left et_pb_bg_layout_light\">\n<div class=\"et_pb_text_inner\">\n<p><img loading=\"lazy\" decoding=\"async\" class=\"alignleft wp-image-143150\" src=\"https:\/\/www.pacisoft.vn\/wp-content\/uploads\/2021\/10\/pt_argument1_standard-1024x768.webp\" alt=\"\" width=\"512\" height=\"384\" \/><\/p>\n<h4><\/h4>\n<h4><\/h4>\n<h4><\/h4>\n<h4><\/h4>\n<h4><\/h4>\n<h4><\/h4>\n<h4><\/h4>\n<h4>\u0110\u00fang ti\u00eau chu\u1ea9n ng\u00e0nh<\/h4>\n<p>Substance 3D Painter \u0111\u01b0\u1ee3c s\u1eed d\u1ee5ng r\u1ed9ng r\u00e3i trong ng\u00e0nh s\u1ea3n xu\u1ea5t tr\u00f2 ch\u01a1i v\u00e0 phim c\u0169ng nh\u01b0 trong thi\u1ebft k\u1ebf s\u1ea3n ph\u1ea9m, th\u1eddi trang v\u00e0 ki\u1ebfn \u200b\u200btr\u00fac. \u0110\u00e2y l\u00e0 m\u1ed9t \u1ee9ng d\u1ee5ng t\u1ea1o h\u1ecda ti\u1ebft 3D d\u00e0nh cho c\u00e1c chuy\u00ean gia s\u00e1ng t\u1ea1o \u1edf kh\u1eafp m\u1ecdi n\u01a1i.<\/p>\n<\/div>\n<\/div>\n<\/div>\n<\/div>\n<div class=\"et_pb_row et_pb_row_2\">\n<div class=\"et_pb_column et_pb_column_4_4 et_pb_column_2 et_pb_css_mix_blend_mode_passthrough et-last-child\">\n<div class=\"et_pb_module et_pb_text et_pb_text_3 et_pb_text_align_left et_pb_bg_layout_light\">\n<div class=\"et_pb_text_inner\">\n<p><img loading=\"lazy\" decoding=\"async\" class=\"alignright wp-image-143146\" src=\"https:\/\/www.pacisoft.vn\/wp-content\/uploads\/2021\/10\/5f06cda62171e82fb160-1-300x225.jpg\" alt=\"\" width=\"512\" height=\"384\" \/><\/p>\n<p>&nbsp;<\/p>\n<h4><\/h4>\n<h4><\/h4>\n<h4><\/h4>\n<h4><\/h4>\n<h4><\/h4>\n<h4><\/h4>\n<h4><\/h4>\n<h4>T\u1ef1 do s\u00e1ng t\u1ea1o<\/h4>\n<p id=\"tw-target-text\" class=\"tw-data-text tw-text-large XcVN5d tw-ta\" dir=\"ltr\" data-placeholder=\"B\u1ea3n d\u1ecbch\"><span class=\"Y2IQFc\" lang=\"vi\">Painter gi\u00fap b\u1ea1n thi\u1ebft k\u1ebf \u0111\u01b0\u1ee3c giao di\u1ec7n nh\u01b0 mong mu\u1ed1n, t\u1eeb thi\u1ebft k\u1ebf s\u1ea3n ph\u1ea9m \u0111\u1ebfn thi\u1ebft k\u1ebf c\u00e1c tr\u00f2 ch\u01a1i, d\u1ef1 \u00e1n phim ho\u1ea1t h\u00ecnh v\u1edbi c\u00e1c hi\u1ec7u \u1ee9ng h\u00ecnh \u1ea3nh ch\u00e2n th\u1ef1c nh\u1ea5t.<\/span><\/p>\n<\/div>\n<\/div>\n<\/div>\n<\/div>\n<div class=\"et_pb_row et_pb_row_3\">\n<div class=\"et_pb_column et_pb_column_4_4 et_pb_column_3 et_pb_css_mix_blend_mode_passthrough et-last-child\">\n<div class=\"et_pb_module et_pb_text et_pb_text_4 et_pb_text_align_left et_pb_bg_layout_light\">\n<div class=\"et_pb_text_inner\">\n<p><img loading=\"lazy\" decoding=\"async\" class=\"alignleft wp-image-143164\" src=\"https:\/\/www.pacisoft.vn\/wp-content\/uploads\/2021\/10\/pt_argument3_enhanced-300x225.webp\" alt=\"\" width=\"512\" height=\"384\" \/><\/p>\n<h4><\/h4>\n<h4><\/h4>\n<h4><\/h4>\n<h4><\/h4>\n<h4><\/h4>\n<h4><\/h4>\n<h4><\/h4>\n<h4><\/h4>\n<h4>T\u00edch h\u1ee3p c\u00e1c c\u00f4ng c\u1ee5 th\u00f4ng minh<\/h4>\n<p>B\u1ea1n c\u00f3 th\u1ec3 s\u1eed d\u1ee5ng v\u1eadt li\u1ec7u mart \u0111\u1ec3 \u0111i\u1ec1u ch\u1ec9nh cho b\u1ea5t k\u1ef3 \u0111\u1ed1i t\u01b0\u1ee3ng n\u00e0o \u0111\u1ec3 hi\u1ec3n th\u1ecb m\u1eb7c th\u1ef1c t\u1ebf v\u00e0 n\u01b0\u1edbc m\u1eaft.<\/p>\n<p>Kh\u00e1m ph\u00e1 c\u00e1c c\u00e0i \u0111\u1eb7t tr\u01b0\u1edbc m\u1eb7t n\u1ea1 th\u00edch \u1ee9ng v\u1edbi b\u1ea5t k\u1ef3 h\u00ecnh d\u1ea1ng n\u00e0o v\u00e0 v\u1ebd b\u1eb1ng c\u1ecd b\u1ea1n c\u00f3 th\u1ec3 s\u1eeda \u0111\u1ed5i khi \u0111ang bay.<\/p>\n<\/div>\n<\/div>\n<\/div>\n<\/div>\n<div class=\"et_pb_row et_pb_row_4\">\n<div class=\"et_pb_column et_pb_column_4_4 et_pb_column_4 et_pb_css_mix_blend_mode_passthrough et-last-child\">\n<div class=\"et_pb_module et_pb_text et_pb_text_5 et_pb_text_align_left et_pb_bg_layout_light\">\n<div class=\"et_pb_text_inner\">\n<p><img loading=\"lazy\" decoding=\"async\" class=\"alignright wp-image-143169\" src=\"https:\/\/www.pacisoft.vn\/wp-content\/uploads\/2021\/10\/pt_argument4_what_you_see-2-300x225.webp\" alt=\"\" width=\"512\" height=\"384\" \/><\/p>\n<p>&nbsp;<\/p>\n<p>&nbsp;<\/p>\n<p>&nbsp;<\/p>\n<p>&nbsp;<\/p>\n<h4>Nh\u1eefng g\u00ec b\u1ea1n th\u1ea5y l\u00e0 nh\u1eefng g\u00ec b\u1ea1n nh\u1eadn \u0111\u01b0\u1ee3c<\/h4>\n<p>Khi b\u1ea1n v\u1ebd, khung nh\u00ecn hi\u1ec3n th\u1ecb t\u1ea5t c\u1ea3 c\u00e1c quy\u1ebft \u0111\u1ecbnh ngh\u1ec7 thu\u1eadt c\u1ee7a b\u1ea1n trong th\u1eddi gian th\u1ef1c.<\/p>\n<p>Di chuy\u1ec3n xung quanh t\u00e0i s\u1ea3n c\u1ee7a b\u1ea1n bao nhi\u00eau t\u00f9y th\u00edch, m\u1edf kh\u00f3a c\u1eeda s\u1ed5 \u0111\u1ec3 t\u1ea1o kh\u00f4ng gian l\u00e0m vi\u1ec7c t\u1ed1t nh\u1ea5t cho b\u1ea1n v\u00e0 t\u1eadn h\u01b0\u1edfng tr\u1ea3i nghi\u1ec7m k\u1ebft c\u1ea5u tuy\u1ec7t v\u1eddi. B\u1ea1n c\u0169ng c\u00f3 th\u1ec3 xem tr\u01b0\u1edbc m\u00f4 h\u00ecnh thi\u1ebft k\u1ebf c\u1ee7a m\u00ecnh.<\/p>\n<\/div>\n<\/div>\n<\/div>\n<\/div>\n<div class=\"et_pb_row et_pb_row_5\">\n<div class=\"et_pb_column et_pb_column_4_4 et_pb_column_5 et_pb_css_mix_blend_mode_passthrough et-last-child\">\n<div class=\"et_pb_module et_pb_text et_pb_text_6 et_pb_text_align_left et_pb_bg_layout_light\">\n<div class=\"et_pb_text_inner\">\n<p id=\"tw-target-text\" class=\"tw-data-text tw-text-large XcVN5d tw-ta\" dir=\"ltr\" data-placeholder=\"B\u1ea3n d\u1ecbch\"><span class=\"Y2IQFc\" lang=\"vi\">Trong Painter, m\u1ecdi h\u00e0nh \u0111\u1ed9ng v\u00e0 n\u00e9t v\u1ebd c\u1ee7a b\u1ea1n \u0111\u1ec1u \u0111\u01b0\u1ee3c ghi l\u1ea1i. \u0110i\u1ec1u n\u00e0y c\u00f3 ngh\u0129a l\u00e0 b\u1ea1n c\u00f3 th\u1ec3 thay \u0111\u1ed5i \u0111\u1ed9 ph\u00e2n gi\u1ea3i c\u1ee7a c\u00e1c thi\u1ebft k\u1ebf c\u1ee7a m\u00ecnh b\u1ea5t k\u1ef3 l\u00fac n\u00e0o m\u00e0 kh\u00f4ng l\u00e0m gi\u1ea3m ch\u1ea5t l\u01b0\u1ee3ng ho\u1eb7c th\u1eadm ch\u00ed s\u1eeda \u0111\u1ed5i c\u00e1c n\u00e9t v\u1ebd hi\u1ec7n c\u00f3. B\u1ea1n c\u00f3 th\u1ec3 s\u00e1ng t\u1ea1o bao nhi\u00eau t\u00f9y th\u00edch sau \u0111\u00f3 quay l\u1ea1i c\u00e1c giai \u0111o\u1ea1n tr\u01b0\u1edbc n\u1ebfu b\u1ea1n kh\u00f4ng th\u00edch nh\u1eefng g\u00ec v\u1eeba t\u1ea1o ra.<\/span><\/p>\n<\/div>\n<\/div>\n<div class=\"et_pb_module et_pb_text et_pb_text_7 et_pb_text_align_left et_pb_bg_layout_light\">\n<div class=\"et_pb_text_inner\"><\/div>\n<\/div>\n<\/div>\n<\/div>","protected":false},"excerpt":{"rendered":"<p>Texture your 3D models in real time with this industry-standard application. Only sold with Substance 3D package.<\/p>\n","protected":false},"featured_media":4594,"template":"","meta":[],"product_brand":[],"product_cat":[1139],"product_tag":[2403,2400,2402],"pa_bo-nho-trong":[],"pa_bo-vi-xu-ly":[],"pa_do-dai":[],"pa_do-phan-giai":[],"pa_hang-san-xuat":[],"pa_kich-thuoc-man-hinh":[],"pa_micro-thu-am":[],"pa_nha-thong-minh-rang-dong":[],"pa_o-cung":[],"pa_ong-kinh":[],"pa_poe":[],"pa_ports":[],"pa_tam-quan-sat":[],"pa_theo-chuan":[],"class_list":{"0":"post-4522","1":"product","2":"type-product","3":"status-publish","4":"has-post-thumbnail","6":"product_cat-phan-mem-ban-quyen","7":"product_tag-3d-painter","8":"product_tag-substance","9":"product_tag-substance-3d-painter","11":"first","12":"instock","13":"shipping-taxable","14":"product-type-simple"},"_links":{"self":[{"href":"https:\/\/vietbee.com\/en\/wp-json\/wp\/v2\/product\/4522","targetHints":{"allow":["GET"]}}],"collection":[{"href":"https:\/\/vietbee.com\/en\/wp-json\/wp\/v2\/product"}],"about":[{"href":"https:\/\/vietbee.com\/en\/wp-json\/wp\/v2\/types\/product"}],"wp:featuredmedia":[{"embeddable":true,"href":"https:\/\/vietbee.com\/en\/wp-json\/wp\/v2\/media\/4594"}],"wp:attachment":[{"href":"https:\/\/vietbee.com\/en\/wp-json\/wp\/v2\/media?parent=4522"}],"wp:term":[{"taxonomy":"product_brand","embeddable":true,"href":"https:\/\/vietbee.com\/en\/wp-json\/wp\/v2\/product_brand?post=4522"},{"taxonomy":"product_cat","embeddable":true,"href":"https:\/\/vietbee.com\/en\/wp-json\/wp\/v2\/product_cat?post=4522"},{"taxonomy":"product_tag","embeddable":true,"href":"https:\/\/vietbee.com\/en\/wp-json\/wp\/v2\/product_tag?post=4522"},{"taxonomy":"pa_bo-nho-trong","embeddable":true,"href":"https:\/\/vietbee.com\/en\/wp-json\/wp\/v2\/pa_bo-nho-trong?post=4522"},{"taxonomy":"pa_bo-vi-xu-ly","embeddable":true,"href":"https:\/\/vietbee.com\/en\/wp-json\/wp\/v2\/pa_bo-vi-xu-ly?post=4522"},{"taxonomy":"pa_do-dai","embeddable":true,"href":"https:\/\/vietbee.com\/en\/wp-json\/wp\/v2\/pa_do-dai?post=4522"},{"taxonomy":"pa_do-phan-giai","embeddable":true,"href":"https:\/\/vietbee.com\/en\/wp-json\/wp\/v2\/pa_do-phan-giai?post=4522"},{"taxonomy":"pa_hang-san-xuat","embeddable":true,"href":"https:\/\/vietbee.com\/en\/wp-json\/wp\/v2\/pa_hang-san-xuat?post=4522"},{"taxonomy":"pa_kich-thuoc-man-hinh","embeddable":true,"href":"https:\/\/vietbee.com\/en\/wp-json\/wp\/v2\/pa_kich-thuoc-man-hinh?post=4522"},{"taxonomy":"pa_micro-thu-am","embeddable":true,"href":"https:\/\/vietbee.com\/en\/wp-json\/wp\/v2\/pa_micro-thu-am?post=4522"},{"taxonomy":"pa_nha-thong-minh-rang-dong","embeddable":true,"href":"https:\/\/vietbee.com\/en\/wp-json\/wp\/v2\/pa_nha-thong-minh-rang-dong?post=4522"},{"taxonomy":"pa_o-cung","embeddable":true,"href":"https:\/\/vietbee.com\/en\/wp-json\/wp\/v2\/pa_o-cung?post=4522"},{"taxonomy":"pa_ong-kinh","embeddable":true,"href":"https:\/\/vietbee.com\/en\/wp-json\/wp\/v2\/pa_ong-kinh?post=4522"},{"taxonomy":"pa_poe","embeddable":true,"href":"https:\/\/vietbee.com\/en\/wp-json\/wp\/v2\/pa_poe?post=4522"},{"taxonomy":"pa_ports","embeddable":true,"href":"https:\/\/vietbee.com\/en\/wp-json\/wp\/v2\/pa_ports?post=4522"},{"taxonomy":"pa_tam-quan-sat","embeddable":true,"href":"https:\/\/vietbee.com\/en\/wp-json\/wp\/v2\/pa_tam-quan-sat?post=4522"},{"taxonomy":"pa_theo-chuan","embeddable":true,"href":"https:\/\/vietbee.com\/en\/wp-json\/wp\/v2\/pa_theo-chuan?post=4522"}],"curies":[{"name":"wp","href":"https:\/\/api.w.org\/{rel}","templated":true}]}}