{"id":4515,"date":"2023-03-27T07:45:22","date_gmt":"2023-03-27T07:45:22","guid":{"rendered":"https:\/\/vietbee.com\/?post_type=product&#038;p=4515"},"modified":"2023-04-17T09:15:54","modified_gmt":"2023-04-17T09:15:54","slug":"dreamweaver","status":"publish","type":"product","link":"https:\/\/vietbee.com\/en\/product\/dreamweaver\/","title":{"rendered":"Dreamweaver"},"content":{"rendered":"<p><strong>T\u00ednh n\u0103ng c\u1ee7a s\u1ea3n ph\u1ea9m:<\/strong><br \/>\n* C\u00e1c trang web th\u00edch \u1ee9ng. Ph\u1ea3n h\u1ed3i m\u01b0\u1ee3t m\u00e0.<br \/>\n* T\u1ea1o n\u00ean nh\u1eefng trang web \u0111\u1eb9p m\u1eaft cho m\u1ecdi tr\u00ecnh duy\u1ec7t ho\u1eb7c thi\u1ebft b\u1ecb.<br \/>\nNhanh ch\u00f3ng t\u1ea1o v\u00e0 xu\u1ea5t b\u1ea3n trang web g\u1ea7n nh\u01b0 m\u1ecdi l\u00fac m\u1ecdi n\u01a1i v\u1edbi ph\u1ea7n m\u1ec1m thi\u1ebft k\u1ebf web h\u1ed7 tr\u1ee3 HTML, CSS, JavaScript v\u00e0 nhi\u1ec1u \u0111\u1ecbnh d\u1ea1ng kh\u00e1c.<br \/>\n* L\u1eadp tr\u00ecnh nhanh ch\u00f3ng, linh ho\u1ea1t.<br \/>\nD\u1ec5 d\u00e0ng t\u1ea1o, l\u1eadp tr\u00ecnh v\u00e0 qu\u1ea3n l\u00fd c\u00e1c trang web \u0111\u1ed9ng b\u1eb1ng c\u00f4ng c\u1ee5 l\u1eadp tr\u00ecnh th\u00f4ng minh, \u0111\u01a1n gi\u1ea3n. S\u1eed d\u1ee5ng c\u00e1c g\u1ee3i \u00fd m\u00e3 \u0111\u1ec3 nhanh ch\u00f3ng t\u00ecm hi\u1ec3u v\u00e0 ch\u1ec9nh s\u1eeda HTML, CSS c\u0169ng nh\u01b0 c\u00e1c chu\u1ea9n web kh\u00e1c. V\u00e0 t\u1eadn d\u1ee5ng c\u00e1c c\u00f4ng c\u1ee5 h\u1ed7 tr\u1ee3 tr\u1ef1c quan \u0111\u1ec3 gi\u1ea3m thi\u1ec3u l\u1ed7i v\u00e0 ph\u00e1t tri\u1ec3n trang web nhanh h\u01a1n.<br \/>\n* Thi\u1ebft l\u1eadp trang web v\u1edbi \u00edt b\u01b0\u1edbc h\u01a1n.<br \/>\nThi\u1ebft k\u1ebf trang web nhanh h\u01a1n v\u1edbi c\u00e1c m\u1eabu d\u00e0nh cho ng\u01b0\u1eddi m\u1edbi b\u1eaft \u0111\u1ea7u m\u00e0 b\u1ea1n c\u00f3 th\u1ec3 t\u00f9y ch\u1ec9nh \u0111\u1ec3 t\u1ea1o email HTML, trang Gi\u1edbi thi\u1ec7u, blog, trang th\u01b0\u01a1ng m\u1ea1i \u0111i\u1ec7n t\u1eed, b\u1ea3n tin v\u00e0 danh m\u1ee5c s\u1ea3n ph\u1ea9m. V\u00e0 v\u00ec Dreamweaver l\u00e0 m\u1ed9t ph\u1ea7n c\u1ee7a Creative Cloud, b\u1ea1n c\u00f3 th\u1ec3 nhanh ch\u00f3ng huy \u0111\u1ed9ng c\u00e1c n\u1ed9i dung c\u1ee7a m\u00ecnh t\u1eeb Creative Cloud Libraries v\u00e0 Adobe Stock \u0111\u1ec3 n\u00e2ng cao trang web.<\/p>\n","protected":false},"excerpt":{"rendered":"<p>Thi\u1ebft k\u1ebf v\u00e0 ph\u00e1t tri\u1ec3n c\u00e1c trang web hi\u1ec7n \u0111\u1ea1i, ph\u1ea3n h\u1ed3i nhanh.<\/p>\n","protected":false},"featured_media":4592,"template":"","meta":[],"product_brand":[],"product_cat":[1139],"product_tag":[2397,2396,2398],"pa_bo-nho-trong":[],"pa_bo-vi-xu-ly":[],"pa_do-dai":[],"pa_do-phan-giai":[],"pa_hang-san-xuat":[],"pa_kich-thuoc-man-hinh":[],"pa_micro-thu-am":[],"pa_nha-thong-minh-rang-dong":[],"pa_o-cung":[],"pa_ong-kinh":[],"pa_poe":[],"pa_ports":[],"pa_tam-quan-sat":[],"pa_theo-chuan":[],"class_list":{"0":"post-4515","1":"product","2":"type-product","3":"status-publish","4":"has-post-thumbnail","6":"product_cat-phan-mem-ban-quyen","7":"product_tag-dream","8":"product_tag-dreamweaver","9":"product_tag-weaver","11":"first","12":"instock","13":"shipping-taxable","14":"product-type-simple"},"_links":{"self":[{"href":"https:\/\/vietbee.com\/en\/wp-json\/wp\/v2\/product\/4515","targetHints":{"allow":["GET"]}}],"collection":[{"href":"https:\/\/vietbee.com\/en\/wp-json\/wp\/v2\/product"}],"about":[{"href":"https:\/\/vietbee.com\/en\/wp-json\/wp\/v2\/types\/product"}],"wp:featuredmedia":[{"embeddable":true,"href":"https:\/\/vietbee.com\/en\/wp-json\/wp\/v2\/media\/4592"}],"wp:attachment":[{"href":"https:\/\/vietbee.com\/en\/wp-json\/wp\/v2\/media?parent=4515"}],"wp:term":[{"taxonomy":"product_brand","embeddable":true,"href":"https:\/\/vietbee.com\/en\/wp-json\/wp\/v2\/product_brand?post=4515"},{"taxonomy":"product_cat","embeddable":true,"href":"https:\/\/vietbee.com\/en\/wp-json\/wp\/v2\/product_cat?post=4515"},{"taxonomy":"product_tag","embeddable":true,"href":"https:\/\/vietbee.com\/en\/wp-json\/wp\/v2\/product_tag?post=4515"},{"taxonomy":"pa_bo-nho-trong","embeddable":true,"href":"https:\/\/vietbee.com\/en\/wp-json\/wp\/v2\/pa_bo-nho-trong?post=4515"},{"taxonomy":"pa_bo-vi-xu-ly","embeddable":true,"href":"https:\/\/vietbee.com\/en\/wp-json\/wp\/v2\/pa_bo-vi-xu-ly?post=4515"},{"taxonomy":"pa_do-dai","embeddable":true,"href":"https:\/\/vietbee.com\/en\/wp-json\/wp\/v2\/pa_do-dai?post=4515"},{"taxonomy":"pa_do-phan-giai","embeddable":true,"href":"https:\/\/vietbee.com\/en\/wp-json\/wp\/v2\/pa_do-phan-giai?post=4515"},{"taxonomy":"pa_hang-san-xuat","embeddable":true,"href":"https:\/\/vietbee.com\/en\/wp-json\/wp\/v2\/pa_hang-san-xuat?post=4515"},{"taxonomy":"pa_kich-thuoc-man-hinh","embeddable":true,"href":"https:\/\/vietbee.com\/en\/wp-json\/wp\/v2\/pa_kich-thuoc-man-hinh?post=4515"},{"taxonomy":"pa_micro-thu-am","embeddable":true,"href":"https:\/\/vietbee.com\/en\/wp-json\/wp\/v2\/pa_micro-thu-am?post=4515"},{"taxonomy":"pa_nha-thong-minh-rang-dong","embeddable":true,"href":"https:\/\/vietbee.com\/en\/wp-json\/wp\/v2\/pa_nha-thong-minh-rang-dong?post=4515"},{"taxonomy":"pa_o-cung","embeddable":true,"href":"https:\/\/vietbee.com\/en\/wp-json\/wp\/v2\/pa_o-cung?post=4515"},{"taxonomy":"pa_ong-kinh","embeddable":true,"href":"https:\/\/vietbee.com\/en\/wp-json\/wp\/v2\/pa_ong-kinh?post=4515"},{"taxonomy":"pa_poe","embeddable":true,"href":"https:\/\/vietbee.com\/en\/wp-json\/wp\/v2\/pa_poe?post=4515"},{"taxonomy":"pa_ports","embeddable":true,"href":"https:\/\/vietbee.com\/en\/wp-json\/wp\/v2\/pa_ports?post=4515"},{"taxonomy":"pa_tam-quan-sat","embeddable":true,"href":"https:\/\/vietbee.com\/en\/wp-json\/wp\/v2\/pa_tam-quan-sat?post=4515"},{"taxonomy":"pa_theo-chuan","embeddable":true,"href":"https:\/\/vietbee.com\/en\/wp-json\/wp\/v2\/pa_theo-chuan?post=4515"}],"curies":[{"name":"wp","href":"https:\/\/api.w.org\/{rel}","templated":true}]}}