{"id":4513,"date":"2023-03-27T07:37:15","date_gmt":"2023-03-27T07:37:15","guid":{"rendered":"https:\/\/vietbee.com\/?post_type=product&#038;p=4513"},"modified":"2023-04-17T09:08:19","modified_gmt":"2023-04-17T09:08:19","slug":"animate","status":"publish","type":"product","link":"https:\/\/vietbee.com\/en\/product\/animate\/","title":{"rendered":"Animate"},"content":{"rendered":"<p><strong>T\u00ednh n\u0103ng c\u1ee7a s\u1ea3n ph\u1ea9m:<\/strong><br \/>\n* K\u1ef7 nguy\u00ean m\u1edbi c\u1ee7a ho\u1ea1t \u1ea3nh.<br \/>\nThi\u1ebft k\u1ebf ho\u1ea1t \u1ea3nh cho phim ho\u1ea1t h\u00ecnh, bi\u1ec3u ng\u1eef, tr\u00f2 ch\u01a1i v\u00e0 web v\u1edbi Animate.<br \/>\n* T\u1ea1o ho\u1ea1t \u1ea3nh cho h\u1ea7u nh\u01b0 m\u1ecdi n\u1ed9i dung.<br \/>\nThi\u1ebft k\u1ebf ho\u1ea1t \u1ea3nh t\u01b0\u01a1ng t\u00e1c cho tr\u00f2 ch\u01a1i, ch\u01b0\u01a1ng tr\u00ecnh truy\u1ec1n h\u00ecnh v\u00e0 web. L\u00e0m cho nh\u1eefng \u0111o\u1ea1n phim ho\u1ea1t h\u00ecnh v\u00e0 qu\u1ea3ng c\u00e1o bi\u1ec3u ng\u1eef tr\u1edf n\u00ean s\u1ed1ng \u0111\u1ed9ng. T\u1ea1o h\u00ecnh \u0111\u1ea1i di\u1ec7n v\u00e0 h\u00ecnh v\u1ebd doodle bi\u1ebft chuy\u1ec3n \u0111\u1ed9ng. V\u00e0 th\u00eam h\u00e0nh \u0111\u1ed9ng v\u00e0o n\u1ed9i dung H\u1ecdc t\u1eadp tr\u1ef1c tuy\u1ebfn c\u0169ng nh\u01b0 \u0111\u1ed3 h\u1ecda th\u00f4ng tin. V\u1edbi Animate, b\u1ea1n c\u00f3 th\u1ec3 nhanh ch\u00f3ng xu\u1ea5t b\u1ea3n l\u00ean nhi\u1ec1u n\u1ec1n t\u1ea3ng \u1edf b\u1ea5t k\u1ef3 \u0111\u1ecbnh d\u1ea1ng n\u00e0o v\u00e0 ti\u1ebfp c\u1eadn ng\u01b0\u1eddi xem tr\u00ean b\u1ea5t k\u1ef3 m\u00e0n h\u00ecnh n\u00e0o.<br \/>\n* S\u1eb5n s\u00e0ng cho th\u1eed th\u00e1ch.<br \/>\nT\u1ea1o web t\u01b0\u01a1ng t\u00e1c c\u0169ng nh\u01b0 n\u1ed9i dung di \u0111\u1ed9ng cho tr\u00f2 ch\u01a1i v\u00e0 qu\u1ea3ng c\u00e1o b\u1eb1ng c\u00e1c c\u00f4ng c\u1ee5 t\u1ea1o ho\u1ea1t \u1ea3nh v\u00e0 v\u1ebd minh h\u1ecda m\u1ea1nh m\u1ebd. X\u00e2y d\u1ef1ng m\u00f4i tr\u01b0\u1eddng tr\u00f2 ch\u01a1i, thi\u1ebft k\u1ebf m\u00e0n h\u00ecnh b\u1eaft \u0111\u1ea7u v\u00e0 l\u1ed3ng gh\u00e9p \u00e2m thanh. Chia s\u1ebb ho\u1ea1t \u1ea3nh d\u01b0\u1edbi d\u1ea1ng tr\u1ea3i nghi\u1ec7m th\u1ef1c t\u1ebf t\u0103ng c\u01b0\u1eddng. V\u1edbi Animate, b\u1ea1n c\u00f3 th\u1ec3 thi\u1ebft k\u1ebf n\u1ed9i dung v\u00e0 l\u1eadp tr\u00ecnh ngay trong \u1ee9ng d\u1ee5ng.<br \/>\n* T\u1ea1o c\u00e1c nh\u00e2n v\u1eadt nh\u01b0 ngo\u00e0i \u0111\u1eddi th\u1eadt.<br \/>\nPh\u00e1c th\u1ea3o v\u00e0 v\u1ebd c\u00e1c nh\u00e2n v\u1eadt bi\u1ec3u c\u1ea3m h\u01a1n v\u1edbi c\u1ecd v\u1ebd tr\u1ef1c ti\u1ebfp c\u1ee7a Adobe Fresco, uy\u1ec3n chuy\u1ec3n v\u00e0 h\u00f2a tr\u1ed9n nh\u01b0 nh\u1eefng c\u00e2y b\u00fat th\u1ef1c th\u1ee5. T\u1ea1o c\u00e1c nh\u00e2n v\u1eadt bi\u1ebft ch\u1edbp m\u1eaft, n\u00f3i chuy\u1ec7n v\u00e0 \u0111i l\u1ea1i b\u1eb1ng t\u00ednh n\u0103ng t\u1ea1o ho\u1ea1t \u1ea3nh t\u1eebng khung h\u00ecnh \u0111\u01a1n gi\u1ea3n. V\u00e0 t\u1ea1o c\u00e1c bi\u1ec3u ng\u1eef web t\u01b0\u01a1ng t\u00e1c bi\u1ebft ph\u1ea3n h\u1ed3i v\u1edbi c\u00e1c thao t\u00e1c c\u1ee7a ng\u01b0\u1eddi d\u00f9ng, nh\u01b0 di chuy\u1ec3n chu\u1ed9t, ch\u1ea1m v\u00e0 nh\u1ea5p chu\u1ed9t.<br \/>\n* Xu\u1ea5t b\u1ea3n l\u00ean b\u1ea5t k\u1ef3 n\u1ec1n t\u1ea3ng n\u00e0o.<br \/>\nTi\u1ebfp c\u1eadn \u0111\u1ed1i t\u01b0\u1ee3ng tr\u00ean m\u00e1y t\u00ednh, thi\u1ebft b\u1ecb di \u0111\u1ed9ng v\u00e0 TV b\u1eb1ng c\u00e1ch xu\u1ea5t ho\u1ea1t \u1ea3nh sang nhi\u1ec1u n\u1ec1n t\u1ea3ng, bao g\u1ed3m c\u1ea3 HTML5 Canvas, WebGL, Flash\/Adobe AIR v\u00e0 c\u00e1c n\u1ec1n t\u1ea3ng t\u00f9y ch\u1ec9nh nh\u01b0 SVG. B\u1ea1n c\u00f3 th\u1ec3 b\u1ed5 sung m\u00e3 ngay b\u00ean trong c\u00e1c d\u1ef1 \u00e1n v\u00e0 th\u1eadm ch\u00ed th\u00eam h\u00e0nh \u0111\u1ed9ng m\u00e0 kh\u00f4ng c\u1ea7n l\u1eadp tr\u00ecnh.<\/p>\n","protected":false},"excerpt":{"rendered":"<p>K\u1ef7 nguy\u00ean m\u1edbi cho ho\u1ea1t \u1ea3nh. M\u1ecdi n\u1ec1n t\u1ea3ng, thi\u1ebft b\u1ecb v\u00e0 phong c\u00e1ch.<\/p>\n","protected":false},"featured_media":4591,"template":"","meta":[],"product_brand":[],"product_cat":[1139],"product_tag":[2394,2393,2395],"pa_bo-nho-trong":[],"pa_bo-vi-xu-ly":[],"pa_do-dai":[],"pa_do-phan-giai":[],"pa_hang-san-xuat":[],"pa_kich-thuoc-man-hinh":[],"pa_micro-thu-am":[],"pa_nha-thong-minh-rang-dong":[],"pa_o-cung":[],"pa_ong-kinh":[],"pa_poe":[],"pa_ports":[],"pa_tam-quan-sat":[],"pa_theo-chuan":[],"class_list":{"0":"post-4513","1":"product","2":"type-product","3":"status-publish","4":"has-post-thumbnail","6":"product_cat-phan-mem-ban-quyen","7":"product_tag-ani","8":"product_tag-animate","9":"product_tag-mate","11":"first","12":"instock","13":"shipping-taxable","14":"product-type-simple"},"_links":{"self":[{"href":"https:\/\/vietbee.com\/en\/wp-json\/wp\/v2\/product\/4513","targetHints":{"allow":["GET"]}}],"collection":[{"href":"https:\/\/vietbee.com\/en\/wp-json\/wp\/v2\/product"}],"about":[{"href":"https:\/\/vietbee.com\/en\/wp-json\/wp\/v2\/types\/product"}],"wp:featuredmedia":[{"embeddable":true,"href":"https:\/\/vietbee.com\/en\/wp-json\/wp\/v2\/media\/4591"}],"wp:attachment":[{"href":"https:\/\/vietbee.com\/en\/wp-json\/wp\/v2\/media?parent=4513"}],"wp:term":[{"taxonomy":"product_brand","embeddable":true,"href":"https:\/\/vietbee.com\/en\/wp-json\/wp\/v2\/product_brand?post=4513"},{"taxonomy":"product_cat","embeddable":true,"href":"https:\/\/vietbee.com\/en\/wp-json\/wp\/v2\/product_cat?post=4513"},{"taxonomy":"product_tag","embeddable":true,"href":"https:\/\/vietbee.com\/en\/wp-json\/wp\/v2\/product_tag?post=4513"},{"taxonomy":"pa_bo-nho-trong","embeddable":true,"href":"https:\/\/vietbee.com\/en\/wp-json\/wp\/v2\/pa_bo-nho-trong?post=4513"},{"taxonomy":"pa_bo-vi-xu-ly","embeddable":true,"href":"https:\/\/vietbee.com\/en\/wp-json\/wp\/v2\/pa_bo-vi-xu-ly?post=4513"},{"taxonomy":"pa_do-dai","embeddable":true,"href":"https:\/\/vietbee.com\/en\/wp-json\/wp\/v2\/pa_do-dai?post=4513"},{"taxonomy":"pa_do-phan-giai","embeddable":true,"href":"https:\/\/vietbee.com\/en\/wp-json\/wp\/v2\/pa_do-phan-giai?post=4513"},{"taxonomy":"pa_hang-san-xuat","embeddable":true,"href":"https:\/\/vietbee.com\/en\/wp-json\/wp\/v2\/pa_hang-san-xuat?post=4513"},{"taxonomy":"pa_kich-thuoc-man-hinh","embeddable":true,"href":"https:\/\/vietbee.com\/en\/wp-json\/wp\/v2\/pa_kich-thuoc-man-hinh?post=4513"},{"taxonomy":"pa_micro-thu-am","embeddable":true,"href":"https:\/\/vietbee.com\/en\/wp-json\/wp\/v2\/pa_micro-thu-am?post=4513"},{"taxonomy":"pa_nha-thong-minh-rang-dong","embeddable":true,"href":"https:\/\/vietbee.com\/en\/wp-json\/wp\/v2\/pa_nha-thong-minh-rang-dong?post=4513"},{"taxonomy":"pa_o-cung","embeddable":true,"href":"https:\/\/vietbee.com\/en\/wp-json\/wp\/v2\/pa_o-cung?post=4513"},{"taxonomy":"pa_ong-kinh","embeddable":true,"href":"https:\/\/vietbee.com\/en\/wp-json\/wp\/v2\/pa_ong-kinh?post=4513"},{"taxonomy":"pa_poe","embeddable":true,"href":"https:\/\/vietbee.com\/en\/wp-json\/wp\/v2\/pa_poe?post=4513"},{"taxonomy":"pa_ports","embeddable":true,"href":"https:\/\/vietbee.com\/en\/wp-json\/wp\/v2\/pa_ports?post=4513"},{"taxonomy":"pa_tam-quan-sat","embeddable":true,"href":"https:\/\/vietbee.com\/en\/wp-json\/wp\/v2\/pa_tam-quan-sat?post=4513"},{"taxonomy":"pa_theo-chuan","embeddable":true,"href":"https:\/\/vietbee.com\/en\/wp-json\/wp\/v2\/pa_theo-chuan?post=4513"}],"curies":[{"name":"wp","href":"https:\/\/api.w.org\/{rel}","templated":true}]}}