{"id":4511,"date":"2023-03-27T02:37:10","date_gmt":"2023-03-27T02:37:10","guid":{"rendered":"https:\/\/vietbee.com\/?post_type=product&#038;p=4511"},"modified":"2023-04-17T08:23:41","modified_gmt":"2023-04-17T08:23:41","slug":"lightroom-1-tb","status":"publish","type":"product","link":"https:\/\/vietbee.com\/en\/product\/lightroom-1-tb\/","title":{"rendered":"Lightroom (1 TB)"},"content":{"rendered":"<p><strong><span style=\"color: #000000; font-size: 100%;\">T\u00ednh n\u0103ng c\u1ee7a s\u1ea3n ph\u1ea9m:<\/span><\/strong><br \/>\n<span style=\"color: #000000;\">* Ch\u1ec9nh s\u1eeda \u1ea3nh \u0111\u01b0\u1ee3c th\u1ef1c hi\u1ec7n cho t\u1ea5t c\u1ea3 m\u1ecdi ng\u01b0\u1eddi.<\/span><br \/>\n<span style=\"color: #000000;\">Lightroom gi\u00fap b\u1ea1n d\u1ec5 d\u00e0ng c\u00f3 \u0111\u01b0\u1ee3c h\u00ecnh \u1ea3nh ch\u00ednh x\u00e1c. Ch\u1ec9nh s\u1eeda t\u1eeb b\u1ea5t c\u1ee9 n\u01a1i \u0111\u00e2u v\u00e0 \u0111\u01b0a \u1ea3nh c\u1ee7a b\u1ea1n \u0111\u1ebfn nh\u1eefng \u0111\u1ecba \u0111i\u1ec3m m\u1edbi.<\/span><br \/>\n<span style=\"color: #000000;\">* L\u00e0m cho h\u00ecnh \u1ea3nh ph\u00f9 h\u1ee3p v\u1edbi kho\u1ea3nh kh\u1eafc.<\/span><br \/>\n<span style=\"color: #000000;\">Nh\u1eefng c\u00e1ch d\u1ec5 d\u00e0ng \u0111\u1ec3 \u0111i\u1ec1u ch\u1ec9nh \u0111\u1ed9 ph\u01a1i s\u00e1ng, m\u00e0u s\u1eafc v\u00e0 nhi\u1ec1u y\u1ebfu t\u1ed1 kh\u00e1c gi\u00fap b\u1ea1n t\u1ea1o ra nh\u1eefng b\u1ee9c \u1ea3nh ghi l\u1ea1i t\u1ea7m nh\u00ecn c\u1ee7a m\u00ecnh.<\/span><br \/>\n<span style=\"color: #000000;\">* Ch\u1ec9nh s\u1eeda d\u1ec5 d\u00e0ng.<\/span><br \/>\n<span style=\"color: #000000;\">D\u00f9 b\u1ea1n \u1edf \u0111\u00e2u, Lightroom c\u0169ng s\u1ebd gi\u00fap b\u1ea1n th\u1ef1c hi\u1ec7n c\u00e1c ch\u1ec9nh s\u1eeda c\u01a1 b\u1ea3n v\u1ec1 \u0111\u1ed9 s\u00e1ng, \u0111\u1ed9 t\u01b0\u01a1ng ph\u1ea3n, v.v. &#8211; nh\u1edd v\u1eady b\u1ea1n s\u1ebd c\u00f3 nh\u1eefng b\u1ee9c \u1ea3nh ho\u00e0n h\u1ea3o \u0111\u1ec3 chia s\u1ebb v\u1edbi b\u1ea1n b\u00e8 v\u00e0 gia \u0111\u00ecnh.<\/span><br \/>\n<span style=\"color: #000000;\">* Thi\u1ebft l\u1eadp s\u1eb5n v\u00e0 ho\u00e0n thi\u1ec7n h\u00ecnh \u1ea3nh.<\/span><br \/>\n<span style=\"color: #000000;\">\u0110\u1ec3 c\u00f3 giao di\u1ec7n v\u00e0 c\u1ea3m gi\u00e1c nh\u1ea5t qu\u00e1n, h\u00e3y \u0111\u1ec3 Lightroom th\u1ef1c hi\u1ec7n c\u00f4ng vi\u1ec7c v\u1edbi c\u00e1c thi\u1ebft l\u1eadp s\u1eb5n. \u00c1p d\u1ee5ng c\u00e1c b\u1ed9 l\u1ecdc ch\u1ec9 b\u1eb1ng m\u1ed9t c\u00fa nh\u1ea5p chu\u1ed9t v\u1edbi c\u00e1c thi\u1ebft l\u1eadp s\u1eb5n cao c\u1ea5p cho m\u1ecdi phong c\u00e1ch \u2014 v\u00e0 th\u00eam thi\u1ebft l\u1eadp s\u1eb5n v\u00e0o c\u00e1c khu v\u1ef1c c\u1ee5 th\u1ec3 trong \u1ea3nh \u0111\u1ec3 c\u00f3 h\u00ecnh \u1ea3nh ch\u1ec9nh s\u1eeda t\u1eadp trung h\u01a1n.<\/span><br \/>\n<span style=\"color: #000000;\">* N\u00e2ng t\u1ea7m k\u1ef9 n\u0103ng.<\/span><br \/>\n<span style=\"color: #000000;\">H\u00e3y tr\u1ea3i nghi\u1ec7m h\u01b0\u1edbng d\u1eabn t\u1eebng b\u01b0\u1edbc \u0111\u1ea7y \u0111\u1ee7 th\u00f4ng tin ngay trong Lightroom v\u00e0 t\u00ecm th\u00eam c\u1ea3m h\u1ee9ng t\u1eeb c\u1ed9ng \u0111\u1ed3ng trong Lightroom Discover.<\/span><br \/>\n<span style=\"color: #000000;\">* B\u1eaft tay v\u00e0o chi ti\u1ebft cu\u1ed1i c\u00f9ng.<\/span><br \/>\n<span style=\"color: #000000;\">Tinh ch\u1ec9nh \u1ea3nh v\u1edbi kh\u1ea3 n\u0103ng ki\u1ec3m so\u00e1t v\u00e0 \u0111\u1ed9 ch\u00ednh x\u00e1c t\u1ed1i \u0111a khi b\u1ea1n ch\u1ec9nh s\u1eeda b\u1eb1ng Lightroom cho m\u00e1y t\u00ednh.<\/span><\/p>\n","protected":false},"excerpt":{"rendered":"<p>Ch\u1ec9nh s\u1eeda, s\u1eafp x\u1ebfp, l\u01b0u tr\u1eef v\u00e0 chia s\u1ebb \u1ea3nh t\u1eeb m\u1ecdi n\u01a1i.<\/p>\n","protected":false},"featured_media":4590,"template":"","meta":[],"product_brand":[],"product_cat":[1139],"product_tag":[2392,2391,2390],"pa_bo-nho-trong":[],"pa_bo-vi-xu-ly":[],"pa_do-dai":[],"pa_do-phan-giai":[],"pa_hang-san-xuat":[],"pa_kich-thuoc-man-hinh":[],"pa_micro-thu-am":[],"pa_nha-thong-minh-rang-dong":[],"pa_o-cung":[],"pa_ong-kinh":[],"pa_poe":[],"pa_ports":[],"pa_tam-quan-sat":[],"pa_theo-chuan":[],"class_list":{"0":"post-4511","1":"product","2":"type-product","3":"status-publish","4":"has-post-thumbnail","6":"product_cat-phan-mem-ban-quyen","7":"product_tag-1-tb","8":"product_tag-lightroom","9":"product_tag-lightroom-1-tb","11":"first","12":"instock","13":"shipping-taxable","14":"product-type-simple"},"_links":{"self":[{"href":"https:\/\/vietbee.com\/en\/wp-json\/wp\/v2\/product\/4511","targetHints":{"allow":["GET"]}}],"collection":[{"href":"https:\/\/vietbee.com\/en\/wp-json\/wp\/v2\/product"}],"about":[{"href":"https:\/\/vietbee.com\/en\/wp-json\/wp\/v2\/types\/product"}],"wp:featuredmedia":[{"embeddable":true,"href":"https:\/\/vietbee.com\/en\/wp-json\/wp\/v2\/media\/4590"}],"wp:attachment":[{"href":"https:\/\/vietbee.com\/en\/wp-json\/wp\/v2\/media?parent=4511"}],"wp:term":[{"taxonomy":"product_brand","embeddable":true,"href":"https:\/\/vietbee.com\/en\/wp-json\/wp\/v2\/product_brand?post=4511"},{"taxonomy":"product_cat","embeddable":true,"href":"https:\/\/vietbee.com\/en\/wp-json\/wp\/v2\/product_cat?post=4511"},{"taxonomy":"product_tag","embeddable":true,"href":"https:\/\/vietbee.com\/en\/wp-json\/wp\/v2\/product_tag?post=4511"},{"taxonomy":"pa_bo-nho-trong","embeddable":true,"href":"https:\/\/vietbee.com\/en\/wp-json\/wp\/v2\/pa_bo-nho-trong?post=4511"},{"taxonomy":"pa_bo-vi-xu-ly","embeddable":true,"href":"https:\/\/vietbee.com\/en\/wp-json\/wp\/v2\/pa_bo-vi-xu-ly?post=4511"},{"taxonomy":"pa_do-dai","embeddable":true,"href":"https:\/\/vietbee.com\/en\/wp-json\/wp\/v2\/pa_do-dai?post=4511"},{"taxonomy":"pa_do-phan-giai","embeddable":true,"href":"https:\/\/vietbee.com\/en\/wp-json\/wp\/v2\/pa_do-phan-giai?post=4511"},{"taxonomy":"pa_hang-san-xuat","embeddable":true,"href":"https:\/\/vietbee.com\/en\/wp-json\/wp\/v2\/pa_hang-san-xuat?post=4511"},{"taxonomy":"pa_kich-thuoc-man-hinh","embeddable":true,"href":"https:\/\/vietbee.com\/en\/wp-json\/wp\/v2\/pa_kich-thuoc-man-hinh?post=4511"},{"taxonomy":"pa_micro-thu-am","embeddable":true,"href":"https:\/\/vietbee.com\/en\/wp-json\/wp\/v2\/pa_micro-thu-am?post=4511"},{"taxonomy":"pa_nha-thong-minh-rang-dong","embeddable":true,"href":"https:\/\/vietbee.com\/en\/wp-json\/wp\/v2\/pa_nha-thong-minh-rang-dong?post=4511"},{"taxonomy":"pa_o-cung","embeddable":true,"href":"https:\/\/vietbee.com\/en\/wp-json\/wp\/v2\/pa_o-cung?post=4511"},{"taxonomy":"pa_ong-kinh","embeddable":true,"href":"https:\/\/vietbee.com\/en\/wp-json\/wp\/v2\/pa_ong-kinh?post=4511"},{"taxonomy":"pa_poe","embeddable":true,"href":"https:\/\/vietbee.com\/en\/wp-json\/wp\/v2\/pa_poe?post=4511"},{"taxonomy":"pa_ports","embeddable":true,"href":"https:\/\/vietbee.com\/en\/wp-json\/wp\/v2\/pa_ports?post=4511"},{"taxonomy":"pa_tam-quan-sat","embeddable":true,"href":"https:\/\/vietbee.com\/en\/wp-json\/wp\/v2\/pa_tam-quan-sat?post=4511"},{"taxonomy":"pa_theo-chuan","embeddable":true,"href":"https:\/\/vietbee.com\/en\/wp-json\/wp\/v2\/pa_theo-chuan?post=4511"}],"curies":[{"name":"wp","href":"https:\/\/api.w.org\/{rel}","templated":true}]}}