{"id":4509,"date":"2023-03-24T09:09:52","date_gmt":"2023-03-24T09:09:52","guid":{"rendered":"https:\/\/vietbee.com\/?post_type=product&#038;p=4509"},"modified":"2023-04-17T08:17:44","modified_gmt":"2023-04-17T08:17:44","slug":"after-effects","status":"publish","type":"product","link":"https:\/\/vietbee.com\/en\/product\/after-effects\/","title":{"rendered":"After Effects"},"content":{"rendered":"<p><strong>T\u00ednh n\u0103ng c\u1ee7a s\u1ea3n ph\u1ea9m:<\/strong><br \/>\n* Th\u1ef1c hi\u1ec7n \u00fd t\u01b0\u1edfng c\u1ee7a b\u1ea1n.<br \/>\nVi\u1ec7c th\u00e0nh th\u1ea1o thi\u1ebft k\u1ebf chuy\u1ec3n \u0111\u1ed9ng v\u1edbi After Effects d\u1ec5 d\u00e0ng h\u01a1n b\u1ea1n ngh\u0129.<br \/>\n* N\u1ed5i b\u1eadt v\u1edbi After Effects.<br \/>\nX\u00f3a m\u1ed9t \u0111\u1ed1i t\u01b0\u1ee3ng kh\u1ecfi clip. T\u1ea1o m\u1ed9t \u0111\u00e1m ch\u00e1y ho\u1eb7c l\u00e0m m\u01b0a. L\u00e0m cho logo ho\u1eb7c k\u00fd t\u1ef1 chuy\u1ec3n \u0111\u1ed9ng. Th\u1eadm ch\u00ed l\u00e0 \u0111i\u1ec1u h\u01b0\u1edbng v\u00e0 thi\u1ebft k\u1ebf trong kh\u00f4ng gian 3D. V\u1edbi After Effects, b\u1ea1n c\u00f3 th\u1ec3 t\u1ea1o h\u00ecnh \u0111\u1ed3 h\u1ecda chuy\u1ec3n \u0111\u1ed9ng v\u00e0 hi\u1ec7u \u1ee9ng h\u00ecnh \u1ea3nh b\u1eaft m\u1eaft &#8211; \u0111\u1ec3 c\u00e1c b\u00e0i \u0111\u0103ng v\u00e0 video tr\u00ean m\u1ea1ng x\u00e3 h\u1ed9i kh\u00f4ng b\u1ecb b\u1ecf qua.<br \/>\n* T\u1ea1o ho\u1ea1t \u1ea3nh.<br \/>\n\u0110\u1eb7t v\u0103n b\u1ea3n v\u00e0 h\u00ecnh \u0111\u1ed3 h\u1ecda trong hi\u1ec7u \u1ee9ng chuy\u1ec3n \u0111\u1ed9ng. L\u00e0m cho ch\u00fang xoay, l\u1eafc, n\u1ea3y, quay, l\u1eadt, r\u01a1i v\u00e0 h\u01a1n th\u1ebf n\u1eefa.<br \/>\n* Th\u00eam hi\u1ec7u \u1ee9ng th\u00fa v\u1ecb.<br \/>\nThay \u0111\u1ed5i ho\u00e0n to\u00e0n m\u1ed9t c\u1ea3nh khi b\u1ea1n th\u00eam ho\u1eb7c x\u00f3a m\u1ed9t \u0111\u1ed1i t\u01b0\u1ee3ng chuy\u1ec3n \u0111\u1ed9ng. B\u1ea1n c\u00f3 t\u1ea5t c\u1ea3 nh\u1eefng g\u00ec m\u00ecnh c\u1ea7n \u0111\u1ec3 t\u1ea1o hi\u1ec7u \u1ee9ng h\u00ecnh \u1ea3nh theo kh\u1ea3 n\u0103ng s\u00e1ng t\u1ea1o video c\u1ee7a b\u1ea1n.<br \/>\n* T\u1ea1o nhanh h\u01a1n v\u1edbi c\u00e1c t\u00f9y ch\u1ecdn thi\u1ebft l\u1eadp s\u1eb5n m\u1edbi.<br \/>\nQuay h\u00ecnh \u0111\u1ed3 h\u1ecda, xoay ti\u00eau \u0111\u1ec1 v\u00e0 thu h\u00fat s\u1ef1 ch\u00fa \u00fd v\u1edbi h\u00e0ng tr\u0103m t\u00f9y ch\u1ecdn thi\u1ebft l\u1eadp s\u1eb5n t\u1eeb c\u00e1c nh\u00e0 thi\u1ebft k\u1ebf chuy\u1ec3n \u0111\u1ed9ng n\u1ed5i ti\u1ebfng c\u00f3 s\u1eb5n ngay b\u00ean trong \u1ee9ng d\u1ee5ng. C\u00f3 \u0111\u01b0\u1ee3c l\u1ee3i th\u1ebf t\u1eeb video thu h\u00fat s\u1ef1 ch\u00fa \u00fd c\u1ee7a ng\u01b0\u1eddi xem.<br \/>\n* K\u1ec3 m\u1ed9t c\u00e2u chuy\u1ec7n c\u1ea3m \u0111\u1ed9ng.<br \/>\nT\u1ea1o s\u1ee9c s\u1ed1ng m\u1edbi cho t\u00e1c ph\u1ea9m b\u1ea1n th\u1ef1c hi\u1ec7n trong Adobe Photoshop, Illustrator ho\u1eb7c Premiere Pro. Kh\u00e1m ph\u00e1 c\u00e1ch \u0111\u1ed3 h\u1ecda chuy\u1ec3n \u0111\u1ed9ng c\u00f3 th\u1ec3 c\u1ea3i thi\u1ec7n thi\u1ebft k\u1ebf c\u1ee7a b\u1ea1n v\u1edbi After Effects. B\u1ea1n c\u00f3 th\u1ec3 th\u1ef1c hi\u1ec7n t\u1ea5t c\u1ea3 v\u1edbi g\u00f3i.<\/p>\n","protected":false},"excerpt":{"rendered":"<p>Hi\u1ec7u \u1ee9ng \u0111i\u1ec7n \u1ea3nh v\u00e0 \u0111\u1ed3 h\u1ecda chuy\u1ec3n \u0111\u1ed9ng.<\/p>\n","protected":false},"featured_media":4589,"template":"","meta":[],"product_brand":[],"product_cat":[1139],"product_tag":[2388,2387,2389],"pa_bo-nho-trong":[],"pa_bo-vi-xu-ly":[],"pa_do-dai":[],"pa_do-phan-giai":[],"pa_hang-san-xuat":[],"pa_kich-thuoc-man-hinh":[],"pa_micro-thu-am":[],"pa_nha-thong-minh-rang-dong":[],"pa_o-cung":[],"pa_ong-kinh":[],"pa_poe":[],"pa_ports":[],"pa_tam-quan-sat":[],"pa_theo-chuan":[],"class_list":{"0":"post-4509","1":"product","2":"type-product","3":"status-publish","4":"has-post-thumbnail","6":"product_cat-phan-mem-ban-quyen","7":"product_tag-after","8":"product_tag-after-effects","9":"product_tag-effects","11":"first","12":"instock","13":"shipping-taxable","14":"product-type-simple"},"_links":{"self":[{"href":"https:\/\/vietbee.com\/en\/wp-json\/wp\/v2\/product\/4509","targetHints":{"allow":["GET"]}}],"collection":[{"href":"https:\/\/vietbee.com\/en\/wp-json\/wp\/v2\/product"}],"about":[{"href":"https:\/\/vietbee.com\/en\/wp-json\/wp\/v2\/types\/product"}],"wp:featuredmedia":[{"embeddable":true,"href":"https:\/\/vietbee.com\/en\/wp-json\/wp\/v2\/media\/4589"}],"wp:attachment":[{"href":"https:\/\/vietbee.com\/en\/wp-json\/wp\/v2\/media?parent=4509"}],"wp:term":[{"taxonomy":"product_brand","embeddable":true,"href":"https:\/\/vietbee.com\/en\/wp-json\/wp\/v2\/product_brand?post=4509"},{"taxonomy":"product_cat","embeddable":true,"href":"https:\/\/vietbee.com\/en\/wp-json\/wp\/v2\/product_cat?post=4509"},{"taxonomy":"product_tag","embeddable":true,"href":"https:\/\/vietbee.com\/en\/wp-json\/wp\/v2\/product_tag?post=4509"},{"taxonomy":"pa_bo-nho-trong","embeddable":true,"href":"https:\/\/vietbee.com\/en\/wp-json\/wp\/v2\/pa_bo-nho-trong?post=4509"},{"taxonomy":"pa_bo-vi-xu-ly","embeddable":true,"href":"https:\/\/vietbee.com\/en\/wp-json\/wp\/v2\/pa_bo-vi-xu-ly?post=4509"},{"taxonomy":"pa_do-dai","embeddable":true,"href":"https:\/\/vietbee.com\/en\/wp-json\/wp\/v2\/pa_do-dai?post=4509"},{"taxonomy":"pa_do-phan-giai","embeddable":true,"href":"https:\/\/vietbee.com\/en\/wp-json\/wp\/v2\/pa_do-phan-giai?post=4509"},{"taxonomy":"pa_hang-san-xuat","embeddable":true,"href":"https:\/\/vietbee.com\/en\/wp-json\/wp\/v2\/pa_hang-san-xuat?post=4509"},{"taxonomy":"pa_kich-thuoc-man-hinh","embeddable":true,"href":"https:\/\/vietbee.com\/en\/wp-json\/wp\/v2\/pa_kich-thuoc-man-hinh?post=4509"},{"taxonomy":"pa_micro-thu-am","embeddable":true,"href":"https:\/\/vietbee.com\/en\/wp-json\/wp\/v2\/pa_micro-thu-am?post=4509"},{"taxonomy":"pa_nha-thong-minh-rang-dong","embeddable":true,"href":"https:\/\/vietbee.com\/en\/wp-json\/wp\/v2\/pa_nha-thong-minh-rang-dong?post=4509"},{"taxonomy":"pa_o-cung","embeddable":true,"href":"https:\/\/vietbee.com\/en\/wp-json\/wp\/v2\/pa_o-cung?post=4509"},{"taxonomy":"pa_ong-kinh","embeddable":true,"href":"https:\/\/vietbee.com\/en\/wp-json\/wp\/v2\/pa_ong-kinh?post=4509"},{"taxonomy":"pa_poe","embeddable":true,"href":"https:\/\/vietbee.com\/en\/wp-json\/wp\/v2\/pa_poe?post=4509"},{"taxonomy":"pa_ports","embeddable":true,"href":"https:\/\/vietbee.com\/en\/wp-json\/wp\/v2\/pa_ports?post=4509"},{"taxonomy":"pa_tam-quan-sat","embeddable":true,"href":"https:\/\/vietbee.com\/en\/wp-json\/wp\/v2\/pa_tam-quan-sat?post=4509"},{"taxonomy":"pa_theo-chuan","embeddable":true,"href":"https:\/\/vietbee.com\/en\/wp-json\/wp\/v2\/pa_theo-chuan?post=4509"}],"curies":[{"name":"wp","href":"https:\/\/api.w.org\/{rel}","templated":true}]}}