{"id":4507,"date":"2023-03-24T09:00:39","date_gmt":"2023-03-24T09:00:39","guid":{"rendered":"https:\/\/vietbee.com\/?post_type=product&#038;p=4507"},"modified":"2023-04-17T08:01:05","modified_gmt":"2023-04-17T08:01:05","slug":"indesign","status":"publish","type":"product","link":"https:\/\/vietbee.com\/en\/product\/indesign\/","title":{"rendered":"InDesign"},"content":{"rendered":"<p><strong>T\u00ednh n\u0103ng c\u1ee7a s\u1ea3n ph\u1ea9m:<\/strong><br \/>\n* Thi\u1ebft k\u1ebf b\u1ed1 c\u1ee5c \u0111\u00e3 l\u00ean m\u1ed9t t\u1ea7m cao m\u1edbi.<br \/>\nT\u1ea1o v\u00e0 xu\u1ea5t b\u1ea3n s\u00e1ch, t\u1ea1p ch\u00ed k\u1ef9 thu\u1eadt s\u1ed1, s\u00e1ch \u0111i\u1ec7n t\u1eed, \u00e1p ph\u00edch v\u00e0 t\u1ec7p PDF t\u01b0\u01a1ng t\u00e1c v\u1edbi InDesign.<br \/>\n* B\u1ed1 c\u1ee5c xu\u1ea5t s\u1eafc. Ch\u1ec9 v\u1edbi InDesign.<br \/>\nAdobe InDesign l\u00e0 ph\u1ea7n m\u1ec1m thi\u1ebft k\u1ebf d\u00e0n trang v\u00e0 b\u1ed1 c\u1ee5c h\u00e0ng \u0111\u1ea7u trong ng\u00e0nh in \u1ea5n v\u00e0 ph\u01b0\u01a1ng ti\u1ec7n k\u1ef9 thu\u1eadt s\u1ed1. T\u1ea1o c\u00e1c thi\u1ebft k\u1ebf \u0111\u1ed3 h\u1ecda \u0111\u1eb9p lung linh v\u1edbi ki\u1ec3u ch\u1eef t\u1eeb c\u00e1c x\u01b0\u1edfng \u0111\u00fac h\u00e0ng \u0111\u1ea7u th\u1ebf gi\u1edbi v\u00e0 h\u00ecnh \u1ea3nh t\u1eeb Adobe Stock. Nhanh ch\u00f3ng chia s\u1ebb n\u1ed9i dung v\u00e0 ph\u1ea3n h\u1ed3i trong PDF. D\u1ec5 d\u00e0ng qu\u1ea3n l\u00fd kh\u00e2u s\u1ea3n xu\u1ea5t v\u1edbi Adobe Experience Manager. InDesign c\u00f3 m\u1ecdi th\u1ee9 b\u1ea1n c\u1ea7n \u0111\u1ec3 t\u1ea1o v\u00e0 xu\u1ea5t b\u1ea3n s\u00e1ch, t\u1ea1p ch\u00ed k\u1ef9 thu\u1eadt s\u1ed1, s\u00e1ch \u0111i\u1ec7n t\u1eed, \u00e1p ph\u00edch, t\u1ec7p PDF t\u01b0\u01a1ng t\u00e1c, v\u00e0 nhi\u1ec1u \u0111\u1ecbnh d\u1ea1ng n\u1ed9i dung kh\u00e1c.<br \/>\n* \u1ea4n b\u1ea3n k\u1ef9 thu\u1eadt s\u1ed1. T\u01b0\u01a1ng t\u00e1c ti\u1ec7n l\u1ee3i.<br \/>\nT\u1ea1o t\u1ea1p ch\u00ed k\u1ef9 thu\u1eadt s\u1ed1, s\u00e1ch \u0111i\u1ec7n t\u1eed v\u00e0 t\u00e0i li\u1ec7u tr\u1ef1c tuy\u1ebfn t\u01b0\u01a1ng t\u00e1c, thu h\u00fat m\u1ecdi s\u1ef1 ch\u00fa \u00fd b\u1eb1ng \u00e2m thanh, video, b\u1ea3n tr\u00ecnh chi\u1ebfu v\u00e0 ho\u1ea1t \u1ea3nh. InDesign gi\u00fap b\u1ea1n d\u1ec5 d\u00e0ng qu\u1ea3n l\u00fd c\u00e1c y\u1ebfu t\u1ed1 thi\u1ebft k\u1ebf v\u00e0 nhanh ch\u00f3ng mang \u0111\u1ebfn tr\u1ea3i nghi\u1ec7m s\u1ed1ng \u0111\u1ed9ng \u1edf m\u1ecdi \u0111\u1ecbnh d\u1ea1ng.<br \/>\n* C\u1ed9ng t\u00e1c nh\u1ecbp nh\u00e0ng c\u00f9ng c\u1ea3 nh\u00f3m.<br \/>\nTinh gi\u1ea3n quy tr\u00ecnh v\u1edbi c\u00f4ng c\u1ee5 l\u00e0m vi\u1ec7c theo nh\u00f3m. C\u1ed9ng t\u00e1c nhanh g\u1ea5p 3 l\u1ea7n v\u1edbi t\u00ednh n\u0103ng Share for Review. Ngo\u00e0i ra, \u1ee9ng d\u1ee5ng c\u00f2n t\u00edch h\u1ee3p v\u1edbi Adobe Creative Cloud v\u00e0 Experience Manager \u0111\u1ec3 b\u1ea1n c\u00f3 th\u1ec3 chia s\u1ebb n\u1ed9i dung, ph\u00f4ng ch\u1eef v\u00e0 h\u00ecnh \u0111\u1ed3 h\u1ecda tr\u00ean c\u00e1c d\u1ef1 \u00e1n.<br \/>\n* T\u1ea1o b\u1ea3n in \u1ea5n t\u01b0\u1ee3ng.<br \/>\nThi\u1ebft k\u1ebf m\u1ecdi th\u1ee9 t\u1eeb v\u0103n ph\u00f2ng ph\u1ea9m, t\u1edd r\u01a1i v\u00e0 \u00e1p ph\u00edch cho \u0111\u1ebfn t\u00e0i li\u1ec7u qu\u1ea3ng c\u00e1o, b\u00e1o c\u00e1o th\u01b0\u1eddng ni\u00ean, t\u1ea1p ch\u00ed v\u00e0 s\u00e1ch. V\u1edbi c\u00e1c c\u00f4ng c\u1ee5 s\u1eafp x\u1ebfp ki\u1ec3u ch\u1eef v\u00e0 b\u1ed1 c\u1ee5c chuy\u00ean nghi\u1ec7p, b\u1ea1n c\u00f3 th\u1ec3 t\u1ea1o c\u00e1c trang nhi\u1ec1u c\u1ed9t v\u1edbi ki\u1ec3u ch\u1eef \u0111\u1ea7y phong c\u00e1ch, c\u00f9ng c\u00e1c h\u00ecnh \u1ea3nh, b\u1ea3ng v\u00e0 \u0111\u1ed3 h\u1ecda \u0111a d\u1ea1ng th\u1ee9c.<\/p>\n","protected":false},"excerpt":{"rendered":"<p>Thi\u1ebft k\u1ebf v\u00e0 xu\u1ea5t b\u1ea3n c\u00e1c b\u1ed1 c\u1ee5c trang nh\u00e3 cho b\u1ea3n in v\u00e0 b\u1ea3n k\u1ef9 thu\u1eadt s\u1ed1.<\/p>\n","protected":false},"featured_media":4588,"template":"","meta":[],"product_brand":[],"product_cat":[1139],"product_tag":[2386,2385,2384],"pa_bo-nho-trong":[],"pa_bo-vi-xu-ly":[],"pa_do-dai":[],"pa_do-phan-giai":[],"pa_hang-san-xuat":[],"pa_kich-thuoc-man-hinh":[],"pa_micro-thu-am":[],"pa_nha-thong-minh-rang-dong":[],"pa_o-cung":[],"pa_ong-kinh":[],"pa_poe":[],"pa_ports":[],"pa_tam-quan-sat":[],"pa_theo-chuan":[],"class_list":{"0":"post-4507","1":"product","2":"type-product","3":"status-publish","4":"has-post-thumbnail","6":"product_cat-phan-mem-ban-quyen","7":"product_tag-design","8":"product_tag-in","9":"product_tag-indesign","11":"first","12":"instock","13":"shipping-taxable","14":"product-type-simple"},"_links":{"self":[{"href":"https:\/\/vietbee.com\/en\/wp-json\/wp\/v2\/product\/4507","targetHints":{"allow":["GET"]}}],"collection":[{"href":"https:\/\/vietbee.com\/en\/wp-json\/wp\/v2\/product"}],"about":[{"href":"https:\/\/vietbee.com\/en\/wp-json\/wp\/v2\/types\/product"}],"wp:featuredmedia":[{"embeddable":true,"href":"https:\/\/vietbee.com\/en\/wp-json\/wp\/v2\/media\/4588"}],"wp:attachment":[{"href":"https:\/\/vietbee.com\/en\/wp-json\/wp\/v2\/media?parent=4507"}],"wp:term":[{"taxonomy":"product_brand","embeddable":true,"href":"https:\/\/vietbee.com\/en\/wp-json\/wp\/v2\/product_brand?post=4507"},{"taxonomy":"product_cat","embeddable":true,"href":"https:\/\/vietbee.com\/en\/wp-json\/wp\/v2\/product_cat?post=4507"},{"taxonomy":"product_tag","embeddable":true,"href":"https:\/\/vietbee.com\/en\/wp-json\/wp\/v2\/product_tag?post=4507"},{"taxonomy":"pa_bo-nho-trong","embeddable":true,"href":"https:\/\/vietbee.com\/en\/wp-json\/wp\/v2\/pa_bo-nho-trong?post=4507"},{"taxonomy":"pa_bo-vi-xu-ly","embeddable":true,"href":"https:\/\/vietbee.com\/en\/wp-json\/wp\/v2\/pa_bo-vi-xu-ly?post=4507"},{"taxonomy":"pa_do-dai","embeddable":true,"href":"https:\/\/vietbee.com\/en\/wp-json\/wp\/v2\/pa_do-dai?post=4507"},{"taxonomy":"pa_do-phan-giai","embeddable":true,"href":"https:\/\/vietbee.com\/en\/wp-json\/wp\/v2\/pa_do-phan-giai?post=4507"},{"taxonomy":"pa_hang-san-xuat","embeddable":true,"href":"https:\/\/vietbee.com\/en\/wp-json\/wp\/v2\/pa_hang-san-xuat?post=4507"},{"taxonomy":"pa_kich-thuoc-man-hinh","embeddable":true,"href":"https:\/\/vietbee.com\/en\/wp-json\/wp\/v2\/pa_kich-thuoc-man-hinh?post=4507"},{"taxonomy":"pa_micro-thu-am","embeddable":true,"href":"https:\/\/vietbee.com\/en\/wp-json\/wp\/v2\/pa_micro-thu-am?post=4507"},{"taxonomy":"pa_nha-thong-minh-rang-dong","embeddable":true,"href":"https:\/\/vietbee.com\/en\/wp-json\/wp\/v2\/pa_nha-thong-minh-rang-dong?post=4507"},{"taxonomy":"pa_o-cung","embeddable":true,"href":"https:\/\/vietbee.com\/en\/wp-json\/wp\/v2\/pa_o-cung?post=4507"},{"taxonomy":"pa_ong-kinh","embeddable":true,"href":"https:\/\/vietbee.com\/en\/wp-json\/wp\/v2\/pa_ong-kinh?post=4507"},{"taxonomy":"pa_poe","embeddable":true,"href":"https:\/\/vietbee.com\/en\/wp-json\/wp\/v2\/pa_poe?post=4507"},{"taxonomy":"pa_ports","embeddable":true,"href":"https:\/\/vietbee.com\/en\/wp-json\/wp\/v2\/pa_ports?post=4507"},{"taxonomy":"pa_tam-quan-sat","embeddable":true,"href":"https:\/\/vietbee.com\/en\/wp-json\/wp\/v2\/pa_tam-quan-sat?post=4507"},{"taxonomy":"pa_theo-chuan","embeddable":true,"href":"https:\/\/vietbee.com\/en\/wp-json\/wp\/v2\/pa_theo-chuan?post=4507"}],"curies":[{"name":"wp","href":"https:\/\/api.w.org\/{rel}","templated":true}]}}