{"id":4504,"date":"2023-03-23T09:14:21","date_gmt":"2023-03-23T09:14:21","guid":{"rendered":"https:\/\/vietbee.com\/?post_type=product&#038;p=4504"},"modified":"2023-04-17T07:17:46","modified_gmt":"2023-04-17T07:17:46","slug":"adobe-stock","status":"publish","type":"product","link":"https:\/\/vietbee.com\/en\/product\/adobe-stock\/","title":{"rendered":"Adobe Stock"},"content":{"rendered":"<p><span style=\"color: #000000;\">T\u00ednh n\u0103ng c\u1ee7a s\u1ea3n ph\u1ea9m:<\/span><\/p>\n<div class=\"title heading-XXL dx-text-mobile--center dx-text-tablet--center dx-text-desktop--center aem-GridColumn aem-GridColumn--default--12\">\n<div class=\"cmp-title \">\n<h1 class=\"cmp-title__text\"><span style=\"font-size: 75%;\">* Kh\u01a1i ngu\u1ed3n s\u00e1ng t\u1ea1o trong b\u1ea1n.<\/span><\/h1>\n<\/div>\n<\/div>\n<div class=\"text aem-GridColumn--tablet--12 aem-GridColumn--offset--tablet--0 aem-GridColumn--default--none aem-GridColumn--phone--none aem-GridColumn--phone--12 aem-GridColumn--tablet--none aem-GridColumn aem-GridColumn--default--8 aem-GridColumn--offset--default--2 aem-GridColumn--offset--phone--0\">\n<div class=\"cmp-text mobile-padding-top-20 mobile-padding-bottom-20\">\n<p>T\u00ecm v\u00e0 t\u1ea1o nhanh h\u01a1n bao gi\u1edd h\u1ebft \u2013 v\u00e0 vi\u1ec7c c\u1ea5p ph\u00e9p c\u0169ng d\u1ec5 d\u00e0ng nh\u01b0 v\u1eady \u2013 v\u1edbi Adobe Stock &amp; Marketplace. In v\u00e0 thi\u1ebft k\u1ebf c\u00e1c d\u1ef1 \u00e1n, chi\u1ebfn d\u1ecbch tr\u00ean m\u1ea1ng x\u00e3 h\u1ed9i, phim v\u00e0 video: kh\u00e1m ph\u00e1 m\u1ecdi th\u1ee9 b\u1ea1n c\u1ea7n \u0111\u1ec3 nhanh ch\u00f3ng bi\u1ebfn \u00fd t\u01b0\u1edfng th\u00e0nh tuy\u1ec7t ph\u1ea9m, t\u1ea5t c\u1ea3 trong \u1ee9ng d\u1ee5ng Creative Cloud ho\u1eb7c quy tr\u00ecnh s\u00e1ng t\u1ea1o tr\u00ean web.<\/p>\n<p><span style=\"font-size: 20.16px; color: #333333;\">* Nh\u1eefng n\u1ed9i dung \u0111\u1eb3ng c\u1ea5p th\u1ebf gi\u1edbi. C\u1ed9ng \u0111\u1ed3ng s\u00e1ng t\u1ea1o \u0111\u1eb3ng c\u1ea5p th\u1ebf gi\u1edbi.<\/span><\/p>\n<div class=\"text NoMargin body-M aem-GridColumn aem-GridColumn--default--12\">\n<div class=\"cmp-text \">\n<p>T\u00ecm ki\u1ebfm v\u00e0 c\u1ea5p ph\u00e9p cho h\u00e0ng tri\u1ec7u n\u1ed9i dung \u0111\u1eb3ng c\u1ea5p th\u1ebf gi\u1edbi ngay trong \u1ee9ng d\u1ee5ng Creative Cloud. T\u1ea5t c\u1ea3 \u0111\u00e3 quy t\u1ee5 v\u1ec1 \u0111\u00e2y: h\u00ecnh \u1ea3nh, h\u00ecnh \u0111\u1ed3 h\u1ecda, video, b\u1ea3n nh\u1ea1c, m\u1eabu thi\u1ebft k\u1ebf s\u1eb5n, n\u1ed9i dung 3D c\u00f9ng v\u1edbi c\u00e1c b\u1ed9 s\u01b0u t\u1eadp Cao c\u1ea5p v\u00e0 \u0110\u1eb7c s\u1eafc c\u1ee7a ch\u00fang t\u00f4i. Kho n\u1ed9i dung mi\u1ec5n ph\u00ed kh\u1ed5ng l\u1ed3 \u0111\u1ea7y tinh t\u1ebf s\u1ebd gi\u00fap b\u1ea1n ho\u00e0n thi\u1ec7n d\u1ef1 \u00e1n \u1edf m\u1ecdi c\u1ea5p \u0111\u1ed9.<\/p>\n<p>* <span style=\"font-size: 20.16px; color: #333333;\">S\u00e1ng t\u1ea1o li\u1ec1n m\u1ea1ch.<\/span><\/p>\n<div class=\"text NoMargin body-M aem-GridColumn aem-GridColumn--default--12\">\n<div class=\"cmp-text \">\n<p>\u0110\u01a1n gi\u1ea3n h\u00f3a quy tr\u00ecnh b\u1eb1ng c\u00e1ch s\u1eed d\u1ee5ng Adobe Stock v\u00e0 Marketplace \u0111\u1ec3 xem tr\u01b0\u1edbc v\u00e0 c\u1ea5p ph\u00e9p n\u1ed9i dung s\u00e1ng t\u1ea1o, n\u1ed9i dung 3D, ph\u00f4ng ch\u1eef v\u00e0 plugin ngay b\u00ean trong Photoshop, Illustrator, InDesign, XD, Premiere Pro v\u00e0 Adobe Express. Ngo\u1ea1i tr\u1eeb c\u00e1c b\u1ea3n nh\u1ea1c, nh\u1eefng n\u1ed9i dung b\u1ea1n ch\u1ecdn s\u1ebd t\u1ef1 \u0111\u1ed9ng \u0111\u01b0\u1ee3c thay th\u1ebf b\u1eb1ng phi\u00ean b\u1ea3n c\u00f3 \u0111\u1ed9 ph\u00e2n gi\u1ea3i cao, gi\u00fap b\u1ea1n kh\u00f4ng t\u1ed1n th\u1eddi gian l\u00e0m l\u1ea1i.<\/p>\n<p>* <span style=\"font-size: 20.16px; color: #333333;\">Th\u1eadt \u0111\u01a1n gi\u1ea3n \u0111\u1ec3 t\u00ecm \u0111\u01b0\u1ee3c b\u1ee9c \u1ea3nh ho\u00e0n h\u1ea3o.<\/span><\/p>\n<div class=\"text NoMargin body-M aem-GridColumn aem-GridColumn--default--12\">\n<div class=\"cmp-text \">\n<p>T\u1ea1o d\u1ef1 \u00e1n ch\u1ea5t l\u01b0\u1ee3ng m\u00e0 kh\u00f4ng ph\u1ea3i hy sinh t\u1ed1c \u0111\u1ed9. T\u00ednh n\u0103ng T\u00ecm ki\u1ebfm h\u00ecnh \u1ea3nh, do Adobe Sensei cung c\u1ea5p, cho ra k\u1ebft qu\u1ea3 ngay l\u1eadp t\u1ee9c khi b\u1ea1n th\u1ea3 m\u1ed9t h\u00ecnh \u1ea3nh v\u00e0o thanh t\u00ecm ki\u1ebfm. S\u1eed d\u1ee5ng c\u00e1c b\u1ed9 l\u1ecdc th\u1ea9m m\u1ef9 \u0111\u1ec3 tinh ch\u1ec9nh t\u00ecm ki\u1ebfm theo kh\u00f4ng gian n\u1ed9i dung, t\u1ef7 l\u1ec7 khung h\u00ecnh v\u00e0 th\u1eddi l\u01b0\u1ee3ng, ho\u1eb7c \u0111\u1ed9 s\u00e2u tr\u01b0\u1eddng \u1ea3nh; tinh ch\u1ec9nh k\u1ebft qu\u1ea3 h\u01a1n n\u1eefa v\u1edbi t\u00ednh n\u0103ng T\u00ecm ki\u1ebfm n\u1ed9i dung t\u01b0\u01a1ng t\u1ef1. Khi b\u1ea1n c\u1ea7n nhanh ch\u00f3ng \u0111\u1ed3ng b\u1ed9 nh\u1ea1c v\u1edbi t\u00e2m tr\u1ea1ng mong mu\u1ed1n, h\u00e3y th\u1eed T\u00ecm \u00e2m thanh t\u01b0\u01a1ng t\u1ef1 \u0111\u1ec3 l\u1ecdc c\u00e1c b\u1ea3n nh\u1ea1c.<\/p>\n<\/div>\n<\/div>\n<\/div>\n<\/div>\n<\/div>\n<\/div>\n<\/div>\n<\/div>\n","protected":false},"excerpt":{"rendered":"<p>Ch\u1ecdn t\u1eeb h\u00e0ng tri\u1ec7u h\u00ecnh \u1ea3nh, h\u00ecnh \u0111\u1ed3 h\u1ecda, video ch\u1ea5t l\u01b0\u1ee3ng cao v\u00e0 nhi\u1ec1u n\u1ed9i dung kh\u00e1c.<\/p>\n","protected":false},"featured_media":4505,"template":"","meta":[],"product_brand":[],"product_cat":[1139],"product_tag":[2380,2379,2381],"pa_bo-nho-trong":[],"pa_bo-vi-xu-ly":[],"pa_do-dai":[],"pa_do-phan-giai":[],"pa_hang-san-xuat":[],"pa_kich-thuoc-man-hinh":[],"pa_micro-thu-am":[],"pa_nha-thong-minh-rang-dong":[],"pa_o-cung":[],"pa_ong-kinh":[],"pa_poe":[],"pa_ports":[],"pa_tam-quan-sat":[],"pa_theo-chuan":[],"class_list":{"0":"post-4504","1":"product","2":"type-product","3":"status-publish","4":"has-post-thumbnail","6":"product_cat-phan-mem-ban-quyen","7":"product_tag-adobe","8":"product_tag-adobe-stock","9":"product_tag-stock","11":"first","12":"instock","13":"shipping-taxable","14":"product-type-simple"},"_links":{"self":[{"href":"https:\/\/vietbee.com\/en\/wp-json\/wp\/v2\/product\/4504","targetHints":{"allow":["GET"]}}],"collection":[{"href":"https:\/\/vietbee.com\/en\/wp-json\/wp\/v2\/product"}],"about":[{"href":"https:\/\/vietbee.com\/en\/wp-json\/wp\/v2\/types\/product"}],"wp:featuredmedia":[{"embeddable":true,"href":"https:\/\/vietbee.com\/en\/wp-json\/wp\/v2\/media\/4505"}],"wp:attachment":[{"href":"https:\/\/vietbee.com\/en\/wp-json\/wp\/v2\/media?parent=4504"}],"wp:term":[{"taxonomy":"product_brand","embeddable":true,"href":"https:\/\/vietbee.com\/en\/wp-json\/wp\/v2\/product_brand?post=4504"},{"taxonomy":"product_cat","embeddable":true,"href":"https:\/\/vietbee.com\/en\/wp-json\/wp\/v2\/product_cat?post=4504"},{"taxonomy":"product_tag","embeddable":true,"href":"https:\/\/vietbee.com\/en\/wp-json\/wp\/v2\/product_tag?post=4504"},{"taxonomy":"pa_bo-nho-trong","embeddable":true,"href":"https:\/\/vietbee.com\/en\/wp-json\/wp\/v2\/pa_bo-nho-trong?post=4504"},{"taxonomy":"pa_bo-vi-xu-ly","embeddable":true,"href":"https:\/\/vietbee.com\/en\/wp-json\/wp\/v2\/pa_bo-vi-xu-ly?post=4504"},{"taxonomy":"pa_do-dai","embeddable":true,"href":"https:\/\/vietbee.com\/en\/wp-json\/wp\/v2\/pa_do-dai?post=4504"},{"taxonomy":"pa_do-phan-giai","embeddable":true,"href":"https:\/\/vietbee.com\/en\/wp-json\/wp\/v2\/pa_do-phan-giai?post=4504"},{"taxonomy":"pa_hang-san-xuat","embeddable":true,"href":"https:\/\/vietbee.com\/en\/wp-json\/wp\/v2\/pa_hang-san-xuat?post=4504"},{"taxonomy":"pa_kich-thuoc-man-hinh","embeddable":true,"href":"https:\/\/vietbee.com\/en\/wp-json\/wp\/v2\/pa_kich-thuoc-man-hinh?post=4504"},{"taxonomy":"pa_micro-thu-am","embeddable":true,"href":"https:\/\/vietbee.com\/en\/wp-json\/wp\/v2\/pa_micro-thu-am?post=4504"},{"taxonomy":"pa_nha-thong-minh-rang-dong","embeddable":true,"href":"https:\/\/vietbee.com\/en\/wp-json\/wp\/v2\/pa_nha-thong-minh-rang-dong?post=4504"},{"taxonomy":"pa_o-cung","embeddable":true,"href":"https:\/\/vietbee.com\/en\/wp-json\/wp\/v2\/pa_o-cung?post=4504"},{"taxonomy":"pa_ong-kinh","embeddable":true,"href":"https:\/\/vietbee.com\/en\/wp-json\/wp\/v2\/pa_ong-kinh?post=4504"},{"taxonomy":"pa_poe","embeddable":true,"href":"https:\/\/vietbee.com\/en\/wp-json\/wp\/v2\/pa_poe?post=4504"},{"taxonomy":"pa_ports","embeddable":true,"href":"https:\/\/vietbee.com\/en\/wp-json\/wp\/v2\/pa_ports?post=4504"},{"taxonomy":"pa_tam-quan-sat","embeddable":true,"href":"https:\/\/vietbee.com\/en\/wp-json\/wp\/v2\/pa_tam-quan-sat?post=4504"},{"taxonomy":"pa_theo-chuan","embeddable":true,"href":"https:\/\/vietbee.com\/en\/wp-json\/wp\/v2\/pa_theo-chuan?post=4504"}],"curies":[{"name":"wp","href":"https:\/\/api.w.org\/{rel}","templated":true}]}}