{"id":4502,"date":"2023-03-23T08:27:48","date_gmt":"2023-03-23T08:27:48","guid":{"rendered":"https:\/\/vietbee.com\/?post_type=product&#038;p=4502"},"modified":"2023-04-17T02:51:45","modified_gmt":"2023-04-17T02:51:45","slug":"illustrator","status":"publish","type":"product","link":"https:\/\/vietbee.com\/en\/product\/illustrator\/","title":{"rendered":"Illustrator"},"content":{"rendered":"<div><strong>T\u00ednh n\u0103ng c\u1ee7a s\u1ea3n ph\u1ea9m:<\/strong><\/div>\n<div>* \u0110\u1ed3 h\u1ecda tuy\u1ec7t \u0111\u1eb9p do b\u1ea1n thi\u1ebft k\u1ebf.<\/div>\n<div>V\u1edbi Illustrator, b\u1ea5t k\u1ef3 ai c\u0169ng c\u00f3 th\u1ec3 t\u1ea1o logo, thi\u1ebft k\u1ebf bao b\u00ec, \u0111\u1ed3 h\u1ecda web, v.v.<\/div>\n<div>* X\u00e2y d\u1ef1ng n\u1ec1n t\u1ea3ng th\u01b0\u01a1ng hi\u1ec7u c\u1ee7a b\u1ea1n.<\/div>\n<div>Aaron Atchinson s\u1eed d\u1ee5ng Illustrator \u0111\u1ec3 t\u1ea1o c\u00e1c logo v\u00e0 bi\u1ec3u t\u01b0\u1ee3ng \u0111\u1eb9p tuy\u1ec7t v\u1eddi \u1edf m\u1ecdi n\u01a1i &#8211; t\u1eeb trang web \u0111\u1ebfn \u00e1o n\u1ec9, m\u1ea1ng x\u00e3 h\u1ed9i cho \u0111\u1ebfn swag.<\/div>\n<div>* Thu h\u00fat s\u1ef1 ch\u00fa \u00fd v\u1edbi thi\u1ebft k\u1ebf tuy\u1ec7t v\u1eddi.<\/div>\n<div>Qu\u1ea3ng c\u00e1o doanh nghi\u1ec7p c\u1ee7a b\u1ea1n b\u1eb1ng \u0111\u1ed3 h\u1ecda b\u1eaft m\u1eaft. T\u00e1c ph\u1ea9m ngh\u1ec7 thu\u1eadt c\u1ee7a Illustrator c\u00f3 th\u1ec3 thu nh\u1ecf cho m\u00e0n h\u00ecnh thi\u1ebft b\u1ecb di \u0111\u1ed9ng v\u00e0 ph\u00f3ng to \u0111\u1ebfn k\u00edch th\u01b0\u1edbc m\u1eb7t ti\u1ec1n c\u1eeda h\u00e0ng &#8211; v\u00e0 lu\u00f4n s\u1eafc n\u00e9t ho\u00e0n h\u1ea3o.<\/div>\n<div>* Thi\u1ebft k\u1ebf \u0111\u1ed3 h\u1ecda th\u00f4ng tin \u0111\u00e1ng kinh ng\u1ea1c.<\/div>\n<div>Konstantina Gavalas chuy\u1ec3n d\u1eef li\u1ec7u ph\u1ee9c t\u1ea1p th\u00e0nh h\u00ecnh \u0111\u1ed3 h\u1ecda \u0111\u01a1n gi\u1ea3n b\u1eb1ng c\u00e1c c\u00f4ng c\u1ee5 c\u1ee7a Illustrator, gi\u00fap c\u00e1c doanh nghi\u1ec7p d\u1ec5 d\u00e0ng th\u1ea5y xu h\u01b0\u1edbng, kh\u00e1m ph\u00e1 th\u00f4ng tin chi ti\u1ebft v\u00e0 \u0111\u01b0a ra quy\u1ebft \u0111\u1ecbnh s\u00e1ng su\u1ed1t h\u01a1n.<\/div>\n<div>* \u0110\u01b0a s\u1ea3n ph\u1ea9m c\u1ee7a b\u1ea1n ra th\u1ecb tr\u01b0\u1eddng m\u1ed9t c\u00e1ch \u1ea5n t\u01b0\u1ee3ng.<\/div>\n<div>Shanti Sparrow s\u1eed d\u1ee5ng Illustrator \u0111\u1ec3 t\u1ea1o ra hoa v\u0103n m\u00e0u \u0111\u1eadm gi\u00fap th\u01b0\u01a1ng hi\u1ec7u n\u1ed5i b\u1eadt \u2013 trong bao b\u00ec, \u1ee9ng d\u1ee5ng di \u0111\u1ed9ng, b\u1ea3ng hi\u1ec7u, v.v.<\/div>\n<div><\/div>","protected":false},"excerpt":{"rendered":"<p>S\u00e1ng t\u1ea1o h\u00ecnh minh h\u1ecda v\u00e0 t\u00e1c ph\u1ea9m ngh\u1ec7 thu\u1eadt vector \u0111\u1eb9p m\u1eaft tr\u00ean m\u00e1y t\u00ednh v\u00e0 iPad.<\/p>\n","protected":false},"featured_media":4587,"template":"","meta":[],"product_brand":[],"product_cat":[1139],"product_tag":[2377,2376,2378],"pa_bo-nho-trong":[],"pa_bo-vi-xu-ly":[],"pa_do-dai":[],"pa_do-phan-giai":[],"pa_hang-san-xuat":[],"pa_kich-thuoc-man-hinh":[],"pa_micro-thu-am":[],"pa_nha-thong-minh-rang-dong":[],"pa_o-cung":[],"pa_ong-kinh":[],"pa_poe":[],"pa_ports":[],"pa_tam-quan-sat":[],"pa_theo-chuan":[],"class_list":{"0":"post-4502","1":"product","2":"type-product","3":"status-publish","4":"has-post-thumbnail","6":"product_cat-phan-mem-ban-quyen","7":"product_tag-illu","8":"product_tag-illustrator","9":"product_tag-strator","11":"first","12":"instock","13":"shipping-taxable","14":"product-type-simple"},"_links":{"self":[{"href":"https:\/\/vietbee.com\/en\/wp-json\/wp\/v2\/product\/4502","targetHints":{"allow":["GET"]}}],"collection":[{"href":"https:\/\/vietbee.com\/en\/wp-json\/wp\/v2\/product"}],"about":[{"href":"https:\/\/vietbee.com\/en\/wp-json\/wp\/v2\/types\/product"}],"wp:featuredmedia":[{"embeddable":true,"href":"https:\/\/vietbee.com\/en\/wp-json\/wp\/v2\/media\/4587"}],"wp:attachment":[{"href":"https:\/\/vietbee.com\/en\/wp-json\/wp\/v2\/media?parent=4502"}],"wp:term":[{"taxonomy":"product_brand","embeddable":true,"href":"https:\/\/vietbee.com\/en\/wp-json\/wp\/v2\/product_brand?post=4502"},{"taxonomy":"product_cat","embeddable":true,"href":"https:\/\/vietbee.com\/en\/wp-json\/wp\/v2\/product_cat?post=4502"},{"taxonomy":"product_tag","embeddable":true,"href":"https:\/\/vietbee.com\/en\/wp-json\/wp\/v2\/product_tag?post=4502"},{"taxonomy":"pa_bo-nho-trong","embeddable":true,"href":"https:\/\/vietbee.com\/en\/wp-json\/wp\/v2\/pa_bo-nho-trong?post=4502"},{"taxonomy":"pa_bo-vi-xu-ly","embeddable":true,"href":"https:\/\/vietbee.com\/en\/wp-json\/wp\/v2\/pa_bo-vi-xu-ly?post=4502"},{"taxonomy":"pa_do-dai","embeddable":true,"href":"https:\/\/vietbee.com\/en\/wp-json\/wp\/v2\/pa_do-dai?post=4502"},{"taxonomy":"pa_do-phan-giai","embeddable":true,"href":"https:\/\/vietbee.com\/en\/wp-json\/wp\/v2\/pa_do-phan-giai?post=4502"},{"taxonomy":"pa_hang-san-xuat","embeddable":true,"href":"https:\/\/vietbee.com\/en\/wp-json\/wp\/v2\/pa_hang-san-xuat?post=4502"},{"taxonomy":"pa_kich-thuoc-man-hinh","embeddable":true,"href":"https:\/\/vietbee.com\/en\/wp-json\/wp\/v2\/pa_kich-thuoc-man-hinh?post=4502"},{"taxonomy":"pa_micro-thu-am","embeddable":true,"href":"https:\/\/vietbee.com\/en\/wp-json\/wp\/v2\/pa_micro-thu-am?post=4502"},{"taxonomy":"pa_nha-thong-minh-rang-dong","embeddable":true,"href":"https:\/\/vietbee.com\/en\/wp-json\/wp\/v2\/pa_nha-thong-minh-rang-dong?post=4502"},{"taxonomy":"pa_o-cung","embeddable":true,"href":"https:\/\/vietbee.com\/en\/wp-json\/wp\/v2\/pa_o-cung?post=4502"},{"taxonomy":"pa_ong-kinh","embeddable":true,"href":"https:\/\/vietbee.com\/en\/wp-json\/wp\/v2\/pa_ong-kinh?post=4502"},{"taxonomy":"pa_poe","embeddable":true,"href":"https:\/\/vietbee.com\/en\/wp-json\/wp\/v2\/pa_poe?post=4502"},{"taxonomy":"pa_ports","embeddable":true,"href":"https:\/\/vietbee.com\/en\/wp-json\/wp\/v2\/pa_ports?post=4502"},{"taxonomy":"pa_tam-quan-sat","embeddable":true,"href":"https:\/\/vietbee.com\/en\/wp-json\/wp\/v2\/pa_tam-quan-sat?post=4502"},{"taxonomy":"pa_theo-chuan","embeddable":true,"href":"https:\/\/vietbee.com\/en\/wp-json\/wp\/v2\/pa_theo-chuan?post=4502"}],"curies":[{"name":"wp","href":"https:\/\/api.w.org\/{rel}","templated":true}]}}