{"id":4496,"date":"2023-03-21T09:35:49","date_gmt":"2023-03-21T09:35:49","guid":{"rendered":"http:\/\/vietbee.com\/?post_type=product&#038;p=4496"},"modified":"2023-04-17T02:23:44","modified_gmt":"2023-04-17T02:23:44","slug":"premiere-pro","status":"publish","type":"product","link":"https:\/\/vietbee.com\/en\/product\/premiere-pro\/","title":{"rendered":"Premiere Pro"},"content":{"rendered":"<p class=\"TinhteMods_HeadingTag TinhteMods_HeadingTagH2\"><span style=\"font-size: 105%;\"><strong>T\u00ednh n\u0103ng c\u1ee7a s\u1ea3n ph\u1ea9m:<\/strong><\/span><\/p>\n<p><strong>Ph\u1ea7n M\u1ec1m B\u1ea3n Quy\u1ec1n Adobe Premiere Pro CC for Teams ALL Multiple Platforms Multi Asian Languages Team Licensing<\/strong><\/p>\n<p><strong>\u1ede trong d\u00f2ng ch\u1ea3y s\u00e1ng t\u1ea1o c\u1ee7a b\u1ea1n<\/strong><\/p>\n<div>\n<p>C\u00e1c c\u00f4ng c\u1ee5 t\u1ef1 \u0111\u1ed9ng \u0111\u01b0\u1ee3c cung c\u1ea5p b\u1edfi Adobe Sensei gi\u00fap ti\u1ebft ki\u1ec7m th\u1eddi gian \u0111\u1ec3 b\u1ea1n c\u00f3 th\u1ec3 t\u1eadp trung v\u00e0o c\u00e2u chuy\u1ec7n c\u1ee7a m\u00ecnh v\u00e0 quy tr\u00ecnh l\u00e0m vi\u1ec7c t\u00edch h\u1ee3p cho ph\u00e9p b\u1ea1n \u0111\u00e1nh b\u00f3ng c\u00f4ng vi\u1ec7c m\u00e0 kh\u00f4ng ph\u1ea3i r\u1eddi kh\u1ecfi d\u00f2ng th\u1eddi gian c\u1ee7a m\u00ecnh.<\/p>\n<p><strong><img decoding=\"async\" src=\"https:\/\/www.sieuthimaychu.vn\/source\/phan%20mem\/65297626ba01a12\/65297626ba01a12.jpg\" alt=\"\" \/><\/strong><\/p>\n<div>\n<div>\n<h4>B\u1ea5t k\u1ef3 m\u00e1y \u1ea3nh. B\u1ea5t k\u1ef3 \u0111\u1ecbnh d\u1ea1ng. B\u1ea5t k\u1ef3 n\u1ec1n t\u1ea3ng<\/h4>\n<\/div>\n<\/div>\n<div>\n<p>Ch\u1ec9nh s\u1eeda c\u1ea3nh quay \u1edf b\u1ea5t k\u1ef3 \u0111\u1ecbnh d\u1ea1ng n\u00e0o, t\u1eeb 8K \u0111\u1ebfn th\u1ef1c t\u1ebf \u1ea3o.\u00a0H\u1ed7 tr\u1ee3 t\u1ec7p g\u1ed1c, quy tr\u00ecnh l\u00e0m vi\u1ec7c proxy nh\u1eb9 v\u00e0 ProRes HDR nhanh h\u01a1n cho ph\u00e9p b\u1ea1n l\u00e0m vi\u1ec7c theo c\u00e1ch b\u1ea1n mu\u1ed1n v\u1edbi ph\u01b0\u01a1ng ti\u1ec7n c\u1ee7a m\u00ecnh, ngay c\u1ea3 tr\u00ean c\u00e1c m\u00e1y tr\u1ea1m di \u0111\u1ed9ng.<\/p>\n<p><img decoding=\"async\" src=\"https:\/\/www.sieuthimaychu.vn\/source\/phan%20mem\/65297626ba01a12\/65297626ba01a12-1.jpg\" alt=\"\" \/><\/p>\n<div>\n<div>\n<h4>T\u1ea5t c\u1ea3 m\u1ecdi th\u1ee9 b\u1ea1n c\u1ea7n \u0111\u1ec3 t\u1ea1o ra<\/h4>\n<\/div>\n<\/div>\n<div>\n<p>Premiere Pro ho\u1ea1t \u0111\u1ed9ng ho\u00e0n h\u1ea3o v\u1edbi c\u00e1c \u1ee9ng d\u1ee5ng v\u00e0 d\u1ecbch v\u1ee5 kh\u00e1c, bao g\u1ed3m Photoshop, After Effects, Adobe Audition v\u00e0 Adobe Stock.\u00a0M\u1edf m\u1eabu \u0110\u1ed3 h\u1ecda chuy\u1ec3n \u0111\u1ed9ng t\u1eeb After Effects, t\u00f9y ch\u1ec9nh m\u1ed9t m\u1eabu t\u1eeb Adobe Stock ho\u1eb7c t\u00edch h\u1ee3p v\u1edbi h\u00e0ng tr\u0103m ti\u1ec7n \u00edch m\u1edf r\u1ed9ng c\u1ee7a b\u00ean th\u1ee9 ba.<\/p>\n<p><img decoding=\"async\" src=\"https:\/\/www.sieuthimaychu.vn\/source\/phan%20mem\/65297626ba01a12\/65297626ba01a12-2.jpg\" alt=\"\" \/><\/p>\n<div>\n<div>\n<h4>M\u1edf r\u1ed9ng n\u1ec1n t\u1ea3ng ch\u1ec9nh s\u1eeda c\u1ee7a b\u1ea1n m\u1ecdi l\u00fac m\u1ecdi n\u01a1i<\/h4>\n<\/div>\n<\/div>\n<div>\n<p>Premiere Pro \u0111i k\u00e8m v\u1edbi Premiere Rush, m\u1ed9t \u1ee9ng d\u1ee5ng t\u1ea5t c\u1ea3 trong m\u1ed9t m\u1edbi ho\u1ea1t \u0111\u1ed9ng tr\u00ean t\u1ea5t c\u1ea3 c\u00e1c thi\u1ebft b\u1ecb.\u00a0Quay phim v\u00e0 ch\u1ec9nh s\u1eeda tr\u00ean \u0111i\u1ec7n tho\u1ea1i c\u1ee7a b\u1ea1n, sau \u0111\u00f3 chia s\u1ebb l\u00ean m\u1ea1ng x\u00e3 h\u1ed9i t\u1eeb thi\u1ebft b\u1ecb ho\u1eb7c m\u00e1y t\u00ednh \u0111\u1ec3 b\u00e0n c\u1ee7a b\u1ea1n.\u00a0Ho\u1eb7c m\u1edf c\u00e1c t\u1ec7p Rush trong Premiere Pro \u0111\u1ec3 \u0111\u01b0a ch\u00fang \u0111i xa h\u01a1n.<\/p>\n<p><img decoding=\"async\" src=\"https:\/\/www.sieuthimaychu.vn\/source\/phan%20mem\/65297626ba01a12\/65297626ba01a12-3.jpg\" alt=\"\" \/><\/p>\n<p>Premiere Pro lu\u00f4n tr\u1edf n\u00ean t\u1ed1t h\u01a1n, v\u1edbi c\u00e1c t\u00ednh n\u0103ng m\u1edbi \u0111\u01b0\u1ee3c tung ra th\u01b0\u1eddng xuy\u00ean.\u00a0V\u00e0 v\u1edbi t\u01b0 c\u00e1ch th\u00e0nh vi\u00ean Creative Cloud c\u1ee7a b\u1ea1n, b\u1ea1n s\u1ebd c\u00f3 \u0111\u01b0\u1ee3c ch\u00fang ngay khi ch\u00fang t\u00f4i ph\u00e1t h\u00e0nh ch\u00fang.<\/p>\n<ul>\n<li><strong>T\u1ef1 \u0111\u1ed9ng \u0111\u1ecbnh d\u1ea1ng l\u1ea1i video c\u1ee7a b\u1ea1n<\/strong><\/li>\n<\/ul>\n<p>T\u1ef1 \u0111\u1ed9ng chuy\u1ec3n \u0111\u1ed5i gi\u00fap t\u0103ng t\u1ed1c quy tr\u00ecnh l\u00e0m vi\u1ec7c c\u1ee7a b\u1ea1n v\u00e0 t\u1ed1i \u01b0u h\u00f3a c\u1ea3nh quay cho ph\u01b0\u01a1ng ti\u1ec7n truy\u1ec1n th\u00f4ng x\u00e3 h\u1ed9i v\u1edbi t\u00ednh n\u0103ng tinh ch\u1ec9nh th\u00f4ng minh \u0111\u01b0\u1ee3c cung c\u1ea5p b\u1edfi Adobe Sensei, gi\u00fap gi\u1eef n\u1ed9i dung quan tr\u1ecdng trong khung h\u00ecnh, cho d\u00f9 \u0111\u00f3 l\u00e0 h\u00ecnh vu\u00f4ng, d\u1ecdc, 16: 9 ho\u1eb7c \u1edf \u0111\u1ed9 ph\u00e2n gi\u1ea3i 4K.<\/p>\n<ul>\n<li><strong>\u0110\u01b0a ph\u1ecfng \u0111o\u00e1n ra kh\u1ecfi \u0111i\u1ec1u ch\u1ec9nh \u0111\u01b0\u1eddng cong<\/strong><\/li>\n<\/ul>\n<p>V\u1edbi c\u00e1c c\u00f4ng c\u1ee5 Lumetri Color, m\u1ed7i \u0111\u01b0\u1eddng cong c\u00f3 hai tr\u1ee5c v\u1edbi c\u00e1c gi\u00e1 tr\u1ecb \u0111\u01b0\u1ee3c gh\u00e9p n\u1ed1i, gi\u00fap vi\u1ec7c ph\u00e2n lo\u1ea1i m\u00e0u ch\u1ecdn l\u1ecdc tr\u1edf n\u00ean d\u1ec5 d\u00e0ng v\u00e0 ch\u00ednh x\u00e1c.<\/p>\n<ul>\n<li><strong>T\u0103ng t\u1ed1c tr\u1ed9n \u00e2m thanh<\/strong><\/li>\n<\/ul>\n<p>Quay s\u1ed1 ti\u1ebfng \u1ed3n n\u1ec1n v\u00e0 h\u1ed3i \u00e2m v\u1edbi c\u00e1c thanh tr\u01b0\u1ee3t m\u1edbi trong b\u1ea3ng Essential Sound.<\/p>\n<ul>\n<li><strong>\u0110\u1ea7u cu\u1ed1i VR 180<\/strong><\/li>\n<\/ul>\n<p>H\u00e3y nh\u1eadp vai v\u1edbi t\u1ea5t c\u1ea3 c\u00e1c c\u00f4ng c\u1ee5 b\u1ea1n c\u1ea7n \u0111\u1ec3 t\u1ea1o v\u00e0 chia s\u1ebb c\u00e1c c\u00e2u chuy\u1ec7n trong VR 180.<\/p>\n<\/div>\n<\/div>\n<\/div>\n<\/div>\n","protected":false},"excerpt":{"rendered":"<ul>\n<li>Adobe Premiere Pro ALL MLP License Subscription.<\/li>\n<li>Premiere Pro is the industry-leading video editing software for film, TV, and the web.<\/li>\n<li>Adobe Sensei helps you turn your footage into polished movies and videos.<\/li>\n<li>Premiere Rush create and edit new projects from any device.<\/li>\n<\/ul>\n","protected":false},"featured_media":4584,"template":"","meta":[],"product_brand":[],"product_cat":[1139],"product_tag":[2371,2370,2372],"pa_bo-nho-trong":[],"pa_bo-vi-xu-ly":[],"pa_do-dai":[],"pa_do-phan-giai":[],"pa_hang-san-xuat":[],"pa_kich-thuoc-man-hinh":[],"pa_micro-thu-am":[],"pa_nha-thong-minh-rang-dong":[],"pa_o-cung":[],"pa_ong-kinh":[],"pa_poe":[],"pa_ports":[],"pa_tam-quan-sat":[],"pa_theo-chuan":[],"class_list":{"0":"post-4496","1":"product","2":"type-product","3":"status-publish","4":"has-post-thumbnail","6":"product_cat-phan-mem-ban-quyen","7":"product_tag-premiere","8":"product_tag-premiere-pro","9":"product_tag-pro","11":"first","12":"instock","13":"shipping-taxable","14":"product-type-simple"},"_links":{"self":[{"href":"https:\/\/vietbee.com\/en\/wp-json\/wp\/v2\/product\/4496","targetHints":{"allow":["GET"]}}],"collection":[{"href":"https:\/\/vietbee.com\/en\/wp-json\/wp\/v2\/product"}],"about":[{"href":"https:\/\/vietbee.com\/en\/wp-json\/wp\/v2\/types\/product"}],"wp:featuredmedia":[{"embeddable":true,"href":"https:\/\/vietbee.com\/en\/wp-json\/wp\/v2\/media\/4584"}],"wp:attachment":[{"href":"https:\/\/vietbee.com\/en\/wp-json\/wp\/v2\/media?parent=4496"}],"wp:term":[{"taxonomy":"product_brand","embeddable":true,"href":"https:\/\/vietbee.com\/en\/wp-json\/wp\/v2\/product_brand?post=4496"},{"taxonomy":"product_cat","embeddable":true,"href":"https:\/\/vietbee.com\/en\/wp-json\/wp\/v2\/product_cat?post=4496"},{"taxonomy":"product_tag","embeddable":true,"href":"https:\/\/vietbee.com\/en\/wp-json\/wp\/v2\/product_tag?post=4496"},{"taxonomy":"pa_bo-nho-trong","embeddable":true,"href":"https:\/\/vietbee.com\/en\/wp-json\/wp\/v2\/pa_bo-nho-trong?post=4496"},{"taxonomy":"pa_bo-vi-xu-ly","embeddable":true,"href":"https:\/\/vietbee.com\/en\/wp-json\/wp\/v2\/pa_bo-vi-xu-ly?post=4496"},{"taxonomy":"pa_do-dai","embeddable":true,"href":"https:\/\/vietbee.com\/en\/wp-json\/wp\/v2\/pa_do-dai?post=4496"},{"taxonomy":"pa_do-phan-giai","embeddable":true,"href":"https:\/\/vietbee.com\/en\/wp-json\/wp\/v2\/pa_do-phan-giai?post=4496"},{"taxonomy":"pa_hang-san-xuat","embeddable":true,"href":"https:\/\/vietbee.com\/en\/wp-json\/wp\/v2\/pa_hang-san-xuat?post=4496"},{"taxonomy":"pa_kich-thuoc-man-hinh","embeddable":true,"href":"https:\/\/vietbee.com\/en\/wp-json\/wp\/v2\/pa_kich-thuoc-man-hinh?post=4496"},{"taxonomy":"pa_micro-thu-am","embeddable":true,"href":"https:\/\/vietbee.com\/en\/wp-json\/wp\/v2\/pa_micro-thu-am?post=4496"},{"taxonomy":"pa_nha-thong-minh-rang-dong","embeddable":true,"href":"https:\/\/vietbee.com\/en\/wp-json\/wp\/v2\/pa_nha-thong-minh-rang-dong?post=4496"},{"taxonomy":"pa_o-cung","embeddable":true,"href":"https:\/\/vietbee.com\/en\/wp-json\/wp\/v2\/pa_o-cung?post=4496"},{"taxonomy":"pa_ong-kinh","embeddable":true,"href":"https:\/\/vietbee.com\/en\/wp-json\/wp\/v2\/pa_ong-kinh?post=4496"},{"taxonomy":"pa_poe","embeddable":true,"href":"https:\/\/vietbee.com\/en\/wp-json\/wp\/v2\/pa_poe?post=4496"},{"taxonomy":"pa_ports","embeddable":true,"href":"https:\/\/vietbee.com\/en\/wp-json\/wp\/v2\/pa_ports?post=4496"},{"taxonomy":"pa_tam-quan-sat","embeddable":true,"href":"https:\/\/vietbee.com\/en\/wp-json\/wp\/v2\/pa_tam-quan-sat?post=4496"},{"taxonomy":"pa_theo-chuan","embeddable":true,"href":"https:\/\/vietbee.com\/en\/wp-json\/wp\/v2\/pa_theo-chuan?post=4496"}],"curies":[{"name":"wp","href":"https:\/\/api.w.org\/{rel}","templated":true}]}}