{"id":4460,"date":"2023-03-02T04:12:35","date_gmt":"2023-03-02T04:12:35","guid":{"rendered":"https:\/\/vietbee.com\/?post_type=product&#038;p=4460"},"modified":"2023-03-02T04:12:36","modified_gmt":"2023-03-02T04:12:36","slug":"thiet-bi-phat-song-wifi-ciscomeraki-mr78","status":"publish","type":"product","link":"https:\/\/vietbee.com\/en\/product\/thiet-bi-phat-song-wifi-ciscomeraki-mr78\/","title":{"rendered":"Thi\u1ebft b\u1ecb ph\u00e1t s\u00f3ng wifi CiscoMeraki MR78"},"content":{"rendered":"TH\u00d4NG S\u1ed0 K\u1ef8 THU\u1eacT:<\/p>\n<table border=\"1\" cellspacing=\"5\" cellpadding=\"5\">\n<tbody>\n<tr>\n<td><strong>Model<\/strong><\/td>\n<td><strong>MR78-HW<\/strong><\/td>\n<\/tr>\n<tr>\n<td><strong>Usage<\/strong><\/td>\n<td>Basic ruggedized coverage<\/td>\n<\/tr>\n<tr>\n<td><strong>Radio specification<\/strong><\/td>\n<td>Dual-band (2.4 GHz, 5 GHz)<\/td>\n<\/tr>\n<tr>\n<td><strong>Spatial streams<\/strong><\/td>\n<td>2&#215;2:2<\/td>\n<\/tr>\n<tr>\n<td><strong>Bluetooth Low Energy\/IoT Radio<\/strong><\/td>\n<td>\u2713<\/td>\n<\/tr>\n<tr>\n<td><strong>Aggregate frame rate<\/strong><\/td>\n<td>1.5 Gbps<\/td>\n<\/tr>\n<tr>\n<td><strong>Interface<\/strong><\/td>\n<td>1x Gigabit Ethernet (RJ45)<\/td>\n<\/tr>\n<tr>\n<td><strong>Power<\/strong><\/td>\n<td>802.3af PoE or DC power adapter<\/td>\n<\/tr>\n<tr>\n<td><strong>Management<\/strong><\/td>\n<td>Cloud-managed with Meraki cloud<\/td>\n<\/tr>\n<tr>\n<td><strong>PoE<\/strong><\/td>\n<td>802.3af PoE compliant or DC power adapter<\/td>\n<\/tr>\n<tr>\n<td><strong>Performance features<\/strong><\/td>\n<td>Rugged industrial design<br \/>\nWater and dust sealed (IP67 rated)<br \/>\nUL\/DL-OFDMA, TWT support, BSS coloring SU-MIMO, UL\/DL MU-MIMO support<br \/>\nMaximal ratio combining (MRC) and beamforming<br \/>\nBand Steering<br \/>\nHardware-accelerated encryption<br \/>\nPriority voice, power save (802.11e\/WMM)<\/td>\n<\/tr>\n<tr>\n<td><strong>Dimensions<\/strong><\/td>\n<td>6.1 in x 4.33 inx 0.9 in (15.5 cm x 11 cm x 2.3 cm)<\/td>\n<\/tr>\n<tr>\n<td><strong>Weight<\/strong><\/td>\n<td>17.35 oz (0.5 kg)<\/td>\n<\/tr>\n<\/tbody>\n<\/table>","protected":false},"excerpt":{"rendered":"<ul>\n<li>1 \u00d7 Gigabit Ethernet port<\/li>\n<li>802.3af PoE (37-57V) or 12V DC power adapter<\/li>\n<li>1 \u00d7 2.4 Ghz 802.11b\/g\/n\/ax<\/li>\n<li>1 \u00d7 5 GHz 802.11a\/n\/ac\/ax<\/li>\n<li>1.5Gbps dual-radio aggregate frame ratee<\/li>\n<li>License Options: Enterprise 1Yr, 3Yr, 5,Yr, 7Yr, 10Yr; Advanced 1Yr, 3Yr, 5Yr<\/li>\n<\/ul>\n","protected":false},"featured_media":4461,"template":"","meta":[],"product_brand":[],"product_cat":[45,28],"product_tag":[1154,2316,2134,2136,2138,2317,2135,2315,2137,2139],"pa_bo-nho-trong":[],"pa_bo-vi-xu-ly":[],"pa_do-dai":[],"pa_do-phan-giai":[],"pa_hang-san-xuat":[],"pa_kich-thuoc-man-hinh":[],"pa_micro-thu-am":[],"pa_nha-thong-minh-rang-dong":[],"pa_o-cung":[],"pa_ong-kinh":[],"pa_poe":[],"pa_ports":[],"pa_tam-quan-sat":[],"pa_theo-chuan":[],"class_list":{"0":"post-4460","1":"product","2":"type-product","3":"status-publish","4":"has-post-thumbnail","6":"product_cat-thiet-bi-mang","7":"product_cat-wireless-products","8":"product_tag-ap","9":"product_tag-ciscomeraki-mr78","10":"product_tag-cloud","11":"product_tag-cloud-controller","12":"product_tag-mesh","13":"product_tag-mr78","14":"product_tag-smart-wifi","15":"product_tag-thiet-bi-phat-song-wifi-ciscomeraki-mr78","16":"product_tag-wifi-maketing","17":"product_tag-wifi-roaming","19":"first","20":"instock","21":"shipping-taxable","22":"product-type-simple"},"_links":{"self":[{"href":"https:\/\/vietbee.com\/en\/wp-json\/wp\/v2\/product\/4460","targetHints":{"allow":["GET"]}}],"collection":[{"href":"https:\/\/vietbee.com\/en\/wp-json\/wp\/v2\/product"}],"about":[{"href":"https:\/\/vietbee.com\/en\/wp-json\/wp\/v2\/types\/product"}],"wp:featuredmedia":[{"embeddable":true,"href":"https:\/\/vietbee.com\/en\/wp-json\/wp\/v2\/media\/4461"}],"wp:attachment":[{"href":"https:\/\/vietbee.com\/en\/wp-json\/wp\/v2\/media?parent=4460"}],"wp:term":[{"taxonomy":"product_brand","embeddable":true,"href":"https:\/\/vietbee.com\/en\/wp-json\/wp\/v2\/product_brand?post=4460"},{"taxonomy":"product_cat","embeddable":true,"href":"https:\/\/vietbee.com\/en\/wp-json\/wp\/v2\/product_cat?post=4460"},{"taxonomy":"product_tag","embeddable":true,"href":"https:\/\/vietbee.com\/en\/wp-json\/wp\/v2\/product_tag?post=4460"},{"taxonomy":"pa_bo-nho-trong","embeddable":true,"href":"https:\/\/vietbee.com\/en\/wp-json\/wp\/v2\/pa_bo-nho-trong?post=4460"},{"taxonomy":"pa_bo-vi-xu-ly","embeddable":true,"href":"https:\/\/vietbee.com\/en\/wp-json\/wp\/v2\/pa_bo-vi-xu-ly?post=4460"},{"taxonomy":"pa_do-dai","embeddable":true,"href":"https:\/\/vietbee.com\/en\/wp-json\/wp\/v2\/pa_do-dai?post=4460"},{"taxonomy":"pa_do-phan-giai","embeddable":true,"href":"https:\/\/vietbee.com\/en\/wp-json\/wp\/v2\/pa_do-phan-giai?post=4460"},{"taxonomy":"pa_hang-san-xuat","embeddable":true,"href":"https:\/\/vietbee.com\/en\/wp-json\/wp\/v2\/pa_hang-san-xuat?post=4460"},{"taxonomy":"pa_kich-thuoc-man-hinh","embeddable":true,"href":"https:\/\/vietbee.com\/en\/wp-json\/wp\/v2\/pa_kich-thuoc-man-hinh?post=4460"},{"taxonomy":"pa_micro-thu-am","embeddable":true,"href":"https:\/\/vietbee.com\/en\/wp-json\/wp\/v2\/pa_micro-thu-am?post=4460"},{"taxonomy":"pa_nha-thong-minh-rang-dong","embeddable":true,"href":"https:\/\/vietbee.com\/en\/wp-json\/wp\/v2\/pa_nha-thong-minh-rang-dong?post=4460"},{"taxonomy":"pa_o-cung","embeddable":true,"href":"https:\/\/vietbee.com\/en\/wp-json\/wp\/v2\/pa_o-cung?post=4460"},{"taxonomy":"pa_ong-kinh","embeddable":true,"href":"https:\/\/vietbee.com\/en\/wp-json\/wp\/v2\/pa_ong-kinh?post=4460"},{"taxonomy":"pa_poe","embeddable":true,"href":"https:\/\/vietbee.com\/en\/wp-json\/wp\/v2\/pa_poe?post=4460"},{"taxonomy":"pa_ports","embeddable":true,"href":"https:\/\/vietbee.com\/en\/wp-json\/wp\/v2\/pa_ports?post=4460"},{"taxonomy":"pa_tam-quan-sat","embeddable":true,"href":"https:\/\/vietbee.com\/en\/wp-json\/wp\/v2\/pa_tam-quan-sat?post=4460"},{"taxonomy":"pa_theo-chuan","embeddable":true,"href":"https:\/\/vietbee.com\/en\/wp-json\/wp\/v2\/pa_theo-chuan?post=4460"}],"curies":[{"name":"wp","href":"https:\/\/api.w.org\/{rel}","templated":true}]}}