{"id":4287,"date":"2023-02-08T02:26:28","date_gmt":"2023-02-08T02:26:28","guid":{"rendered":"https:\/\/vietbee.com\/?post_type=product&#038;p=4287"},"modified":"2023-02-08T02:47:30","modified_gmt":"2023-02-08T02:47:30","slug":"cap-hdmi-2-0-v-cab-10m","status":"publish","type":"product","link":"https:\/\/vietbee.com\/en\/product\/cap-hdmi-2-0-v-cab-10m\/","title":{"rendered":"C\u00e1p HDMI 2.0 V-CAB (10m)"},"content":{"rendered":"<p><strong>TH\u00d4NG S\u1ed0 K\u1ef8 THU\u1eacT<\/strong><\/p>\n<ul>\n<li>Chi\u1ec1u d\u00e0i : 10m<\/li>\n<li>Ch\u1ee9ng ch\u1ec9 CL2<\/li>\n<li>C\u1ee1 d\u00e2y: 24 AWG<\/li>\n<li>Phi\u00ean b\u1ea3n HDMI 2.0<\/li>\n<li>T\u01b0\u01a1ng th\u00edch ng\u01b0\u1ee3c v\u1edbi t\u1ea5t c\u1ea3 c\u00e1c phi\u00ean b\u1ea3n HDMI tr\u01b0\u1edbc<\/li>\n<li>H\u1ed7 tr\u1ee3 \u0111\u1ed9 ph\u00e2n gi\u1ea3i \u0111\u1ed9 n\u00e9t c\u1ef1c cao l\u00ean \u0111\u1ebfn 4K<\/li>\n<li>H\u1ed7 tr\u1ee3 HDR (D\u1ea3i \u0111\u1ed9ng cao)<\/li>\n<li>T\u01b0\u01a1ng th\u00edch v\u1edbi c\u00e1c \u0111\u1ecbnh d\u1ea1ng video 3D<\/li>\n<li>H\u1ed7 tr\u1ee3 m\u00e0u s\u00e2u, xvColour v\u00e0 c\u00e1c kh\u00f4ng gian m\u00e0u b\u1ed5 sung<\/li>\n<li>Cho ph\u00e9p h\u1ed7 tr\u1ee3 l\u00ean \u0111\u1ebfn 32 k\u00eanh \u00e2m thanh \u0111a chi\u1ec1u (Dolby Atmos v\u00e0 DTS: X, v.v.)<\/li>\n<li>H\u1ed7 tr\u1ee3 t\u1ea7n s\u1ed1 l\u1ea5y m\u1eabu \u00e2m thanh 1536kHz<\/li>\n<li>H\u1ed7 tr\u1ee3 k\u00eanh tr\u1ea3 v\u1ec1 \u00e2m thanh (ARC)<\/li>\n<li>\u0110\u1ea7u n\u1ed1i m\u1ea1 v\u00e0ng 24k<\/li>\n<\/ul>\n<p>&nbsp;<\/p>\n","protected":false},"excerpt":{"rendered":"<p>TH\u00d4NG S\u1ed0 K\u1ef8 THU\u1eacT Chi\u1ec1u d\u00e0i : 10m Ch\u1ee9ng ch\u1ec9 CL2 C\u1ee1 d\u00e2y: 24 AWG Phi\u00ean b\u1ea3n HDMI 2.0 T\u01b0\u01a1ng th\u00edch ng\u01b0\u1ee3c v\u1edbi t\u1ea5t c\u1ea3 c\u00e1c phi\u00ean b\u1ea3n HDMI tr\u01b0\u1edbc H\u1ed7 tr\u1ee3 \u0111\u1ed9 ph\u00e2n gi\u1ea3i \u0111\u1ed9 n\u00e9t c\u1ef1c cao l\u00ean \u0111\u1ebfn 4K H\u1ed7 tr\u1ee3 HDR (D\u1ea3i \u0111\u1ed9ng cao) T\u01b0\u01a1ng th\u00edch v\u1edbi c\u00e1c \u0111\u1ecbnh d\u1ea1ng video<\/p>\n","protected":false},"featured_media":4283,"template":"","meta":[],"product_brand":[],"product_cat":[1820,1813],"product_tag":[2119,2117,2118],"pa_bo-nho-trong":[],"pa_bo-vi-xu-ly":[],"pa_do-dai":[],"pa_do-phan-giai":[],"pa_hang-san-xuat":[],"pa_kich-thuoc-man-hinh":[],"pa_micro-thu-am":[],"pa_nha-thong-minh-rang-dong":[],"pa_o-cung":[],"pa_ong-kinh":[],"pa_poe":[],"pa_ports":[],"pa_tam-quan-sat":[],"pa_theo-chuan":[],"class_list":{"0":"post-4287","1":"product","2":"type-product","3":"status-publish","4":"has-post-thumbnail","6":"product_cat-cap-hdmi","7":"product_cat-phu-kien","8":"product_tag-2-0-v-cab-10m","9":"product_tag-cap-hdmi","10":"product_tag-cap-hdmi-2-0-v-cab-10m","12":"first","13":"instock","14":"shipping-taxable","15":"product-type-simple"},"_links":{"self":[{"href":"https:\/\/vietbee.com\/en\/wp-json\/wp\/v2\/product\/4287","targetHints":{"allow":["GET"]}}],"collection":[{"href":"https:\/\/vietbee.com\/en\/wp-json\/wp\/v2\/product"}],"about":[{"href":"https:\/\/vietbee.com\/en\/wp-json\/wp\/v2\/types\/product"}],"wp:featuredmedia":[{"embeddable":true,"href":"https:\/\/vietbee.com\/en\/wp-json\/wp\/v2\/media\/4283"}],"wp:attachment":[{"href":"https:\/\/vietbee.com\/en\/wp-json\/wp\/v2\/media?parent=4287"}],"wp:term":[{"taxonomy":"product_brand","embeddable":true,"href":"https:\/\/vietbee.com\/en\/wp-json\/wp\/v2\/product_brand?post=4287"},{"taxonomy":"product_cat","embeddable":true,"href":"https:\/\/vietbee.com\/en\/wp-json\/wp\/v2\/product_cat?post=4287"},{"taxonomy":"product_tag","embeddable":true,"href":"https:\/\/vietbee.com\/en\/wp-json\/wp\/v2\/product_tag?post=4287"},{"taxonomy":"pa_bo-nho-trong","embeddable":true,"href":"https:\/\/vietbee.com\/en\/wp-json\/wp\/v2\/pa_bo-nho-trong?post=4287"},{"taxonomy":"pa_bo-vi-xu-ly","embeddable":true,"href":"https:\/\/vietbee.com\/en\/wp-json\/wp\/v2\/pa_bo-vi-xu-ly?post=4287"},{"taxonomy":"pa_do-dai","embeddable":true,"href":"https:\/\/vietbee.com\/en\/wp-json\/wp\/v2\/pa_do-dai?post=4287"},{"taxonomy":"pa_do-phan-giai","embeddable":true,"href":"https:\/\/vietbee.com\/en\/wp-json\/wp\/v2\/pa_do-phan-giai?post=4287"},{"taxonomy":"pa_hang-san-xuat","embeddable":true,"href":"https:\/\/vietbee.com\/en\/wp-json\/wp\/v2\/pa_hang-san-xuat?post=4287"},{"taxonomy":"pa_kich-thuoc-man-hinh","embeddable":true,"href":"https:\/\/vietbee.com\/en\/wp-json\/wp\/v2\/pa_kich-thuoc-man-hinh?post=4287"},{"taxonomy":"pa_micro-thu-am","embeddable":true,"href":"https:\/\/vietbee.com\/en\/wp-json\/wp\/v2\/pa_micro-thu-am?post=4287"},{"taxonomy":"pa_nha-thong-minh-rang-dong","embeddable":true,"href":"https:\/\/vietbee.com\/en\/wp-json\/wp\/v2\/pa_nha-thong-minh-rang-dong?post=4287"},{"taxonomy":"pa_o-cung","embeddable":true,"href":"https:\/\/vietbee.com\/en\/wp-json\/wp\/v2\/pa_o-cung?post=4287"},{"taxonomy":"pa_ong-kinh","embeddable":true,"href":"https:\/\/vietbee.com\/en\/wp-json\/wp\/v2\/pa_ong-kinh?post=4287"},{"taxonomy":"pa_poe","embeddable":true,"href":"https:\/\/vietbee.com\/en\/wp-json\/wp\/v2\/pa_poe?post=4287"},{"taxonomy":"pa_ports","embeddable":true,"href":"https:\/\/vietbee.com\/en\/wp-json\/wp\/v2\/pa_ports?post=4287"},{"taxonomy":"pa_tam-quan-sat","embeddable":true,"href":"https:\/\/vietbee.com\/en\/wp-json\/wp\/v2\/pa_tam-quan-sat?post=4287"},{"taxonomy":"pa_theo-chuan","embeddable":true,"href":"https:\/\/vietbee.com\/en\/wp-json\/wp\/v2\/pa_theo-chuan?post=4287"}],"curies":[{"name":"wp","href":"https:\/\/api.w.org\/{rel}","templated":true}]}}