{"id":3830,"date":"2022-12-29T07:33:55","date_gmt":"2022-12-29T07:33:55","guid":{"rendered":"https:\/\/vietbee.com\/?post_type=product&#038;p=3830"},"modified":"2022-12-29T07:33:55","modified_gmt":"2022-12-29T07:33:55","slug":"nguon-luu-dien-ups-vertiv-gxt5-6000irt5uxln-01201976","status":"publish","type":"product","link":"https:\/\/vietbee.com\/en\/product\/nguon-luu-dien-ups-vertiv-gxt5-6000irt5uxln-01201976\/","title":{"rendered":"Ngu\u1ed3n l\u01b0u \u0111i\u1ec7n UPS Vertiv GXT5-6000IRT5UXLN (01201976)"},"content":{"rendered":"<p><strong>TH\u00d4NG S\u1ed0 K\u1ef8 THU\u1eacT:<\/strong><\/p>\n<table class=\"table-tab-specs specs-content\" width=\"100%\">\n<tbody>\n<tr class=\"property-value\">\n<td>Model<\/td>\n<td>\n<ul>\n<li>01201976<\/li>\n<\/ul>\n<\/td>\n<\/tr>\n<tr class=\"property-value\">\n<td>C\u00f4ng su\u1ea5t<\/td>\n<td>\n<ul>\n<li>6000VA\/6000W<\/li>\n<\/ul>\n<\/td>\n<\/tr>\n<tr class=\"property-value\">\n<td>H\u1ec7 s\u1ed1 c\u00f4ng su\u1ea5t<\/td>\n<td>\n<ul>\n<li>1<\/li>\n<\/ul>\n<\/td>\n<\/tr>\n<tr class=\"property-value\">\n<td>\u0110i\u1ec7n \u00e1p v\u00e0o<\/td>\n<td>\n<ul>\n<li>230VAC<\/li>\n<\/ul>\n<\/td>\n<\/tr>\n<tr class=\"property-value\">\n<td>T\u1ea7n s\u1ed1 ngu\u1ed3n v\u00e0o<\/td>\n<td>\n<ul>\n<li>40Hz-70Hz<\/li>\n<\/ul>\n<\/td>\n<\/tr>\n<tr class=\"property-value\">\n<td>\u0110i\u1ec7n \u00e1p ra<\/td>\n<td>\n<ul>\n<li>200\/208\/220\/230\/240 VAC<\/li>\n<\/ul>\n<\/td>\n<\/tr>\n<tr class=\"property-value\">\n<td>Chu\u1ea9n \u0111\u1ea7u ra<\/td>\n<td>\n<ul>\n<li>PD5-CE6HDWRMBS<\/li>\n<\/ul>\n<\/td>\n<\/tr>\n<tr class=\"property-value\">\n<td>Ki\u1ec3u d\u00e1ng<\/td>\n<td>\n<ul>\n<li>Rack Or Tower<\/li>\n<\/ul>\n<\/td>\n<\/tr>\n<tr class=\"property-value\">\n<td>Chi\u1ec1u cao g\u1eafn rack<\/td>\n<td>\n<ul>\n<li>5U<\/li>\n<\/ul>\n<\/td>\n<\/tr>\n<tr class=\"property-value\">\n<td>K\u00edch th\u01b0\u1edbc<\/td>\n<td>\n<ul>\n<li>430 \u00d7 630 \u00d7 217 mm<\/li>\n<\/ul>\n<\/td>\n<\/tr>\n<tr class=\"property-value\">\n<td>Tr\u1ecdng l\u01b0\u1ee3ng<\/td>\n<td>\n<ul>\n<li>70.8kg<\/li>\n<\/ul>\n<\/td>\n<\/tr>\n<tr class=\"property-value\">\n<td>Ch\u1ee9c n\u0103ng kh\u00e1c<\/td>\n<td>\n<ul>\n<li>Battery c\u00f3 th\u1ec3 thay th\u1ebf n\u00f3ng (user replaceable and hot-swappable batteries)<\/li>\n<li>C\u00f3 m\u00e0n h\u00ecnh hi\u1ec3n th\u1ecb LCD, c\u1ea3m bi\u1ebfn tr\u1ecdng tr\u01b0\u1eddng t\u1ef1 \u0111\u1ed9ng xoay khi \u0111\u1eb7t d\u1ea1ng rack\/tower<\/li>\n<li>C\u00f3 ch\u1ee9c n\u0103ng gi\u00e1m s\u00e1t v\u00e0 \u0111i\u1ec1u khi\u1ec3n t\u1eeb xa th\u00f4ng qua 1 card m\u1ea1ng \u0111\u00e3 c\u00f3 s\u1eb5n.<\/li>\n<li>Th\u1eddi gian chuy\u1ec3n m\u1ea1ch b\u1eb1ng 0<\/li>\n<\/ul>\n<\/td>\n<\/tr>\n<tr class=\"property-value\">\n<td>C\u00f4ng ngh\u1ec7<\/td>\n<td>\n<ul>\n<li>On-line chuy\u1ec3n \u0111\u1ed5i k\u00e9p<\/li>\n<\/ul>\n<\/td>\n<\/tr>\n<tr class=\"property-value\">\n<td>Ph\u1ea7n m\u1ec1m<\/td>\n<td>\n<ul>\n<li>Liebert multilink (qu\u1ea3n l\u00fd n\u0103ng l\u01b0\u1ee3ng v\u00e0 Auto shutdown)<\/li>\n<li>Support for NT, 2000, XP, Vista &amp; Linux<\/li>\n<\/ul>\n<\/td>\n<\/tr>\n<tr class=\"property-value\">\n<td>Th\u1eddi gian l\u01b0u \u0111i\u1ec7n<\/td>\n<td>\n<ul>\n<li>2-3.5-5.5-7 ph\u00fat (10 &#8211; 8 &#8211; 6 &#8211; 5KVA \u1edf 100% t\u1ea3i)<\/li>\n<\/ul>\n<\/td>\n<\/tr>\n<tr class=\"property-value\">\n<td>Ph\u1ee5 ki\u1ec7n<\/td>\n<td>\n<ul>\n<li>CD Software<\/li>\n<li>Rack mount handles<\/li>\n<li>Tower stands<\/li>\n<li>RS232 cable<\/li>\n<\/ul>\n<\/td>\n<\/tr>\n<\/tbody>\n<\/table>\n","protected":false},"excerpt":{"rendered":"<p>TH\u00d4NG S\u1ed0 K\u1ef8 THU\u1eacT: Model 01201976 C\u00f4ng su\u1ea5t 6000VA\/6000W H\u1ec7 s\u1ed1 c\u00f4ng su\u1ea5t 1 \u0110i\u1ec7n \u00e1p v\u00e0o 230VAC T\u1ea7n s\u1ed1 ngu\u1ed3n v\u00e0o 40Hz-70Hz \u0110i\u1ec7n \u00e1p ra 200\/208\/220\/230\/240 VAC Chu\u1ea9n \u0111\u1ea7u ra PD5-CE6HDWRMBS Ki\u1ec3u d\u00e1ng Rack Or Tower Chi\u1ec1u cao g\u1eafn rack 5U K\u00edch th\u01b0\u1edbc 430 \u00d7 630 \u00d7 217 mm Tr\u1ecdng l\u01b0\u1ee3ng 70.8kg Ch\u1ee9c n\u0103ng<\/p>\n","protected":false},"featured_media":3828,"template":"","meta":[],"product_brand":[],"product_cat":[61],"product_tag":[1880,1881,1876,1879],"pa_bo-nho-trong":[],"pa_bo-vi-xu-ly":[],"pa_do-dai":[],"pa_do-phan-giai":[],"pa_hang-san-xuat":[],"pa_kich-thuoc-man-hinh":[],"pa_micro-thu-am":[],"pa_nha-thong-minh-rang-dong":[],"pa_o-cung":[],"pa_ong-kinh":[],"pa_poe":[],"pa_ports":[],"pa_tam-quan-sat":[],"pa_theo-chuan":[],"class_list":{"0":"post-3830","1":"product","2":"type-product","3":"status-publish","4":"has-post-thumbnail","6":"product_cat-ups","7":"product_tag-1880","8":"product_tag-gxt5-6000irt5uxln","9":"product_tag-nguon-luu-dien-ups-vertiv","10":"product_tag-nguon-luu-dien-ups-vertiv-gxt5-6000irt5uxln-01201976","12":"first","13":"instock","14":"shipping-taxable","15":"product-type-simple"},"_links":{"self":[{"href":"https:\/\/vietbee.com\/en\/wp-json\/wp\/v2\/product\/3830","targetHints":{"allow":["GET"]}}],"collection":[{"href":"https:\/\/vietbee.com\/en\/wp-json\/wp\/v2\/product"}],"about":[{"href":"https:\/\/vietbee.com\/en\/wp-json\/wp\/v2\/types\/product"}],"wp:featuredmedia":[{"embeddable":true,"href":"https:\/\/vietbee.com\/en\/wp-json\/wp\/v2\/media\/3828"}],"wp:attachment":[{"href":"https:\/\/vietbee.com\/en\/wp-json\/wp\/v2\/media?parent=3830"}],"wp:term":[{"taxonomy":"product_brand","embeddable":true,"href":"https:\/\/vietbee.com\/en\/wp-json\/wp\/v2\/product_brand?post=3830"},{"taxonomy":"product_cat","embeddable":true,"href":"https:\/\/vietbee.com\/en\/wp-json\/wp\/v2\/product_cat?post=3830"},{"taxonomy":"product_tag","embeddable":true,"href":"https:\/\/vietbee.com\/en\/wp-json\/wp\/v2\/product_tag?post=3830"},{"taxonomy":"pa_bo-nho-trong","embeddable":true,"href":"https:\/\/vietbee.com\/en\/wp-json\/wp\/v2\/pa_bo-nho-trong?post=3830"},{"taxonomy":"pa_bo-vi-xu-ly","embeddable":true,"href":"https:\/\/vietbee.com\/en\/wp-json\/wp\/v2\/pa_bo-vi-xu-ly?post=3830"},{"taxonomy":"pa_do-dai","embeddable":true,"href":"https:\/\/vietbee.com\/en\/wp-json\/wp\/v2\/pa_do-dai?post=3830"},{"taxonomy":"pa_do-phan-giai","embeddable":true,"href":"https:\/\/vietbee.com\/en\/wp-json\/wp\/v2\/pa_do-phan-giai?post=3830"},{"taxonomy":"pa_hang-san-xuat","embeddable":true,"href":"https:\/\/vietbee.com\/en\/wp-json\/wp\/v2\/pa_hang-san-xuat?post=3830"},{"taxonomy":"pa_kich-thuoc-man-hinh","embeddable":true,"href":"https:\/\/vietbee.com\/en\/wp-json\/wp\/v2\/pa_kich-thuoc-man-hinh?post=3830"},{"taxonomy":"pa_micro-thu-am","embeddable":true,"href":"https:\/\/vietbee.com\/en\/wp-json\/wp\/v2\/pa_micro-thu-am?post=3830"},{"taxonomy":"pa_nha-thong-minh-rang-dong","embeddable":true,"href":"https:\/\/vietbee.com\/en\/wp-json\/wp\/v2\/pa_nha-thong-minh-rang-dong?post=3830"},{"taxonomy":"pa_o-cung","embeddable":true,"href":"https:\/\/vietbee.com\/en\/wp-json\/wp\/v2\/pa_o-cung?post=3830"},{"taxonomy":"pa_ong-kinh","embeddable":true,"href":"https:\/\/vietbee.com\/en\/wp-json\/wp\/v2\/pa_ong-kinh?post=3830"},{"taxonomy":"pa_poe","embeddable":true,"href":"https:\/\/vietbee.com\/en\/wp-json\/wp\/v2\/pa_poe?post=3830"},{"taxonomy":"pa_ports","embeddable":true,"href":"https:\/\/vietbee.com\/en\/wp-json\/wp\/v2\/pa_ports?post=3830"},{"taxonomy":"pa_tam-quan-sat","embeddable":true,"href":"https:\/\/vietbee.com\/en\/wp-json\/wp\/v2\/pa_tam-quan-sat?post=3830"},{"taxonomy":"pa_theo-chuan","embeddable":true,"href":"https:\/\/vietbee.com\/en\/wp-json\/wp\/v2\/pa_theo-chuan?post=3830"}],"curies":[{"name":"wp","href":"https:\/\/api.w.org\/{rel}","templated":true}]}}