{"id":3806,"date":"2022-12-22T04:07:40","date_gmt":"2022-12-22T04:07:40","guid":{"rendered":"https:\/\/vietbee.com\/?post_type=product&#038;p=3806"},"modified":"2022-12-22T07:45:31","modified_gmt":"2022-12-22T07:45:31","slug":"vertiv-ups-gxt-rt-2kva-230v-2u-rack-tower-w-batteries","status":"publish","type":"product","link":"https:\/\/vietbee.com\/en\/product\/vertiv-ups-gxt-rt-2kva-230v-2u-rack-tower-w-batteries\/","title":{"rendered":"Vertiv UPS GXT RT+ 2kVA 230V 2U Rack\/Tower W\/Batteries"},"content":{"rendered":"<p class=\"qtranxs-available-languages-message qtranxs-available-languages-message-en\">Sorry, this entry is only available in <a href=\"https:\/\/vietbee.com\/vi\/wp-json\/wp\/v2\/product\/3806\" class=\"qtranxs-available-language-link qtranxs-available-language-link-vi\" title=\"Ti\u1ebfng Vi\u1ec7t\">Ti\u1ebfng Vi\u1ec7t<\/a>. For the sake of viewer convenience, the content is shown below in the alternative language. You may click the link to switch the active language.<\/p><div id=\"wrapper\">\n<div id=\"fullpage\" class=\"content_wrapper\">\n<div id=\"main\">\n<div class=\"container\">\n<div class=\"content-area-product\">\n<div id=\"primary\" class=\"content-area\">\n<p>&nbsp;<\/p>\n<div id=\"product-23019\" class=\"post-23019 product type-product status-publish has-post-thumbnail product_cat-power-backup-system-ups product_cat-vertiv-en first instock shipping-taxable purchasable product-type-simple\">\n<div class=\"gr-single-pr\">\n<div class=\"summary entry-summary\">\n<div class=\"woocommerce-product-details__short-description\">\n<p><strong>TH\u00d4NG S\u1ed0 K\u1ef8 THU\u1eacT:<\/strong><\/p>\n<ul>\n<li>H\u00e3ng: Vertiv<\/li>\n<li>Part: 1202559<\/li>\n<li>Model: GXTRT-2000IRT2UXL<\/li>\n<li>Liebert GXT-MT On-Line Plus 2000VA\/1800W 230V Rack<\/li>\n<li>C\u00f4ng ngh\u1ec7: On-line Double Conversion.<\/li>\n<li>H\u1ec7 s\u1ed1 c\u00f4ng su\u1ea5t: 0.9<\/li>\n<li>EPO (Emergency power off): ng\u1eaft out kh\u1ea9n c\u1ea5p<\/li>\n<li>\u0110i\u1ec7n \u00e1p v\u00e0o: 120-300VAC<\/li>\n<li>\u00a0T\u1ea7n s\u1ed1 ngu\u1ed3n v\u00e0o: 40Hz-70Hz<\/li>\n<li>\u00a0\u0110i\u1ec7n \u00e1p ra: 220\/230\/240 VAC<\/li>\n<li>Ch\u1ed1ng s\u00e9t lan truy\u1ec1n: RJ \u2013 45 Jack(in\/out) \u2013 data line protection<\/li>\n<li>C\u1ed5ng giao di\u1ec7n: USB\/RS232, and optional SNMP.<\/li>\n<li>C\u00f3 m\u00e0n h\u00ecnh LCD hi\u1ec3n th\u1ecb<\/li>\n<li>Th\u1eddi gian l\u01b0u \u0111i\u1ec7n: 9 ph\u00fat \u1edf 50% t\u1ea3i, 3.2 ph\u00fat \u1edf 100% t\u1ea3i.<\/li>\n<li>K\u00edch th\u01b0\u1edbc: 438 x 462 x 88 cm<\/li>\n<li>Tr\u1ecdng l\u01b0\u1ee3ng: 18.2 kg<\/li>\n<li>B\u1ea3o h\u00e0nh: 2 n\u0103m<\/li>\n<\/ul>\n<\/div>\n<\/div>\n<\/div>\n<\/div>\n<p>&nbsp;<\/p>\n<\/div>\n<\/div>\n<\/div>\n<\/div>\n<\/div>\n<\/div>\n<footer id=\"footer\">\n<div class=\"container\">\n<div class=\"row\">\n<div id=\"footer-sidebar-1\" class=\"col-sm-2 col-xs-12 footer-sidebar\"><\/div>\n<\/div>\n<\/div>\n<\/footer>","protected":false},"excerpt":{"rendered":"<ul>\n<li><span style=\"color: #282828;\">H\u1ec7 s\u1ed1 c\u00f4ng su\u1ea5t: 0.9<\/span><\/li>\n<li><span style=\"color: #282828;\">EPO (Emergency power off): ng\u1eaft out kh\u1ea9n c\u1ea5p<\/span><\/li>\n<li><span style=\"color: #282828;\">\u0110i\u1ec7n \u00e1p v\u00e0o: 120-300VAC<\/span><\/li>\n<li><span style=\"color: #282828;\">\u00a0T\u1ea7n s\u1ed1 ngu\u1ed3n v\u00e0o: 40Hz-70Hz<\/span><\/li>\n<li><span style=\"color: #282828;\">\u00a0\u0110i\u1ec7n \u00e1p ra: 220\/230\/240 VAC<\/span><\/li>\n<li><span style=\"color: #282828;\">Ch\u1ed1ng s\u00e9t lan truy\u1ec1n: RJ \u2013 45 Jack(in\/out) \u2013 data line protection<\/span><\/li>\n<li><span style=\"color: #282828;\">C\u1ed5ng giao di\u1ec7n: USB\/RS232, and optional SNMP.<\/span><\/li>\n<li><span style=\"color: #282828;\">Tr\u1ecdng l\u01b0\u1ee3ng: 18.2 kg<\/span><\/li>\n<li><span style=\"color: #282828;\">B\u1ea3o h\u00e0nh: 2 n\u0103m<\/span><\/li>\n<\/ul>\n","protected":false},"featured_media":3808,"template":"","meta":[],"product_brand":[],"product_cat":[61],"product_tag":[1859,1858,1857],"pa_bo-nho-trong":[],"pa_bo-vi-xu-ly":[],"pa_do-dai":[],"pa_do-phan-giai":[],"pa_hang-san-xuat":[],"pa_kich-thuoc-man-hinh":[],"pa_micro-thu-am":[],"pa_nha-thong-minh-rang-dong":[],"pa_o-cung":[],"pa_ong-kinh":[],"pa_poe":[],"pa_ports":[],"pa_tam-quan-sat":[],"pa_theo-chuan":[],"class_list":{"0":"post-3806","1":"product","2":"type-product","3":"status-publish","4":"has-post-thumbnail","6":"product_cat-ups","7":"product_tag-2kva-230v-2u-rack-tower-w-batteries","8":"product_tag-vertiv-ups-gxt-rt-2kva-230v-2u","9":"product_tag-vertiv-ups-gxt-rt-2kva-230v-2u-rack-tower-w-batteries","11":"first","12":"instock","13":"shipping-taxable","14":"product-type-simple"},"_links":{"self":[{"href":"https:\/\/vietbee.com\/en\/wp-json\/wp\/v2\/product\/3806","targetHints":{"allow":["GET"]}}],"collection":[{"href":"https:\/\/vietbee.com\/en\/wp-json\/wp\/v2\/product"}],"about":[{"href":"https:\/\/vietbee.com\/en\/wp-json\/wp\/v2\/types\/product"}],"wp:featuredmedia":[{"embeddable":true,"href":"https:\/\/vietbee.com\/en\/wp-json\/wp\/v2\/media\/3808"}],"wp:attachment":[{"href":"https:\/\/vietbee.com\/en\/wp-json\/wp\/v2\/media?parent=3806"}],"wp:term":[{"taxonomy":"product_brand","embeddable":true,"href":"https:\/\/vietbee.com\/en\/wp-json\/wp\/v2\/product_brand?post=3806"},{"taxonomy":"product_cat","embeddable":true,"href":"https:\/\/vietbee.com\/en\/wp-json\/wp\/v2\/product_cat?post=3806"},{"taxonomy":"product_tag","embeddable":true,"href":"https:\/\/vietbee.com\/en\/wp-json\/wp\/v2\/product_tag?post=3806"},{"taxonomy":"pa_bo-nho-trong","embeddable":true,"href":"https:\/\/vietbee.com\/en\/wp-json\/wp\/v2\/pa_bo-nho-trong?post=3806"},{"taxonomy":"pa_bo-vi-xu-ly","embeddable":true,"href":"https:\/\/vietbee.com\/en\/wp-json\/wp\/v2\/pa_bo-vi-xu-ly?post=3806"},{"taxonomy":"pa_do-dai","embeddable":true,"href":"https:\/\/vietbee.com\/en\/wp-json\/wp\/v2\/pa_do-dai?post=3806"},{"taxonomy":"pa_do-phan-giai","embeddable":true,"href":"https:\/\/vietbee.com\/en\/wp-json\/wp\/v2\/pa_do-phan-giai?post=3806"},{"taxonomy":"pa_hang-san-xuat","embeddable":true,"href":"https:\/\/vietbee.com\/en\/wp-json\/wp\/v2\/pa_hang-san-xuat?post=3806"},{"taxonomy":"pa_kich-thuoc-man-hinh","embeddable":true,"href":"https:\/\/vietbee.com\/en\/wp-json\/wp\/v2\/pa_kich-thuoc-man-hinh?post=3806"},{"taxonomy":"pa_micro-thu-am","embeddable":true,"href":"https:\/\/vietbee.com\/en\/wp-json\/wp\/v2\/pa_micro-thu-am?post=3806"},{"taxonomy":"pa_nha-thong-minh-rang-dong","embeddable":true,"href":"https:\/\/vietbee.com\/en\/wp-json\/wp\/v2\/pa_nha-thong-minh-rang-dong?post=3806"},{"taxonomy":"pa_o-cung","embeddable":true,"href":"https:\/\/vietbee.com\/en\/wp-json\/wp\/v2\/pa_o-cung?post=3806"},{"taxonomy":"pa_ong-kinh","embeddable":true,"href":"https:\/\/vietbee.com\/en\/wp-json\/wp\/v2\/pa_ong-kinh?post=3806"},{"taxonomy":"pa_poe","embeddable":true,"href":"https:\/\/vietbee.com\/en\/wp-json\/wp\/v2\/pa_poe?post=3806"},{"taxonomy":"pa_ports","embeddable":true,"href":"https:\/\/vietbee.com\/en\/wp-json\/wp\/v2\/pa_ports?post=3806"},{"taxonomy":"pa_tam-quan-sat","embeddable":true,"href":"https:\/\/vietbee.com\/en\/wp-json\/wp\/v2\/pa_tam-quan-sat?post=3806"},{"taxonomy":"pa_theo-chuan","embeddable":true,"href":"https:\/\/vietbee.com\/en\/wp-json\/wp\/v2\/pa_theo-chuan?post=3806"}],"curies":[{"name":"wp","href":"https:\/\/api.w.org\/{rel}","templated":true}]}}