{"id":3713,"date":"2022-10-24T08:38:26","date_gmt":"2022-10-24T08:38:26","guid":{"rendered":"https:\/\/vietbee.com\/?post_type=product&#038;p=3713"},"modified":"2022-10-26T01:58:05","modified_gmt":"2022-10-26T01:58:05","slug":"may-in-kho-lon-hp-designjet-t1708-44-in-postscript-printer","status":"publish","type":"product","link":"https:\/\/vietbee.com\/en\/product\/may-in-kho-lon-hp-designjet-t1708-44-in-postscript-printer\/","title":{"rendered":"M\u00e1y in kh\u1ed5 l\u1edbn HP DesignJet T1708 44-in PostScript Printer"},"content":{"rendered":"<h2 class=\"h-title\">TH\u00d4NG S\u1ed0 K\u1ef8 THU\u1eacT<\/h2>\n<div class=\"tbl-technical nd\">\n<table width=\"1252\">\n<tbody>\n<tr>\n<td>Ch\u1ee9c n\u0103ng<\/td>\n<td>In<\/td>\n<\/tr>\n<tr>\n<td>K\u00edch th\u01b0\u1edbc m\u00f4 h\u00ecnh<\/td>\n<td>1118 mm<\/td>\n<\/tr>\n<tr>\n<td>T\u1ed1c \u0111\u1ed9 in b\u1ea3n v\u1ebd n\u00e9t (ch\u1ebf \u0111\u1ed9 ti\u1ebft ki\u1ec7m chi ph\u00ed, A1 gi\u1ea5y th\u01b0\u01a1\u0300ng)<\/td>\n<td>116 pages per hour[1]<\/td>\n<\/tr>\n<tr>\n<td>C\u00f4ng ngh\u1ec7 in<\/td>\n<td>HP Thermal Inkjet<\/td>\n<\/tr>\n<tr>\n<td>Tri\u0300nh \u0111i\u1ec1u khi\u1ec3n m\u00e1y in \u0111\u01b0\u1ee3c k\u00e8m theo<\/td>\n<td>Raster drivers for Windows and macOS; PostScript and PDF Windows drivers and macOS PostScript driver with optional PostScript\/PDF Upgrade Kit<\/td>\n<\/tr>\n<tr>\n<td>Ch\u00e2\u0301t l\u01b0\u01a1\u0323ng in ma\u0300u (t\u00f4\u0301t nh\u00e2\u0301t)<\/td>\n<td>T\u1ed1i \u0111a 2400 x 1200 dpi \u0111\u01b0\u01a1\u0323c t\u1ed1i \u01b0u h\u00f3a<\/td>\n<\/tr>\n<tr>\n<td>\n<div class=\"itemRow-label au-target\">Ng\u00f4n ng\u1eef in<\/div>\n<div class=\"itemRow-data au-target\"><\/div>\n<\/td>\n<td>Adobe PostScript 3, Adobe PDF 1.7 ext 3, HP-GL\/2, TIFF, JPEG, URF, CALS G4<\/td>\n<\/tr>\n<tr>\n<td>S\u1ed1 l\u01b0\u1ee3ng h\u1ed9p m\u1ef1c in<\/td>\n<td>6 (cyan, magenta, yellow, photo black, matte black, gray)<\/td>\n<\/tr>\n<tr>\n<td>Lo\u1ea1i m\u1ef1c<\/td>\n<td>Dye-based (C, M, Y, PK, G); pigment-based (MK)<\/td>\n<\/tr>\n<tr>\n<td>\u0110\u1ed9 ch\u00ednh x\u00e1c d\u00f2ng<\/td>\n<td>\u00b10,1%<\/td>\n<\/tr>\n<tr>\n<td>M\u1eadt \u0111\u1ed9 quang h\u1ecdc t\u1ed1i \u0111a (\u0111en)<\/td>\n<td>2.15 maximum black optical density (6 L*min)<\/td>\n<\/tr>\n<tr>\n<td>\n<div class=\"itemRow-label au-target\">Kh\u1ea3 n\u0103ng c\u1ee7a HP ePrint<\/div>\n<div class=\"itemRow-data au-target\"><\/div>\n<\/td>\n<td>Co\u0301<\/td>\n<\/tr>\n<tr>\n<td>K\u00ea\u0301t n\u00f4\u0301i, ti\u00eau chu\u00e2\u0309n<\/td>\n<td>Ethernet, Fast Ethernet, Gigabit Ethernet, 10\/100\/1000Base-T Ethernet (802.3, 802.3u, 802.3ab); USB Type-A host port<\/td>\n<\/tr>\n<tr>\n<td>K\u00ea\u0301t n\u00f4\u0301i, tu\u0300y cho\u0323n<\/td>\n<td>HP USB 3.0 \u0111\u1ebfn B\u1ed9 chuy\u1ec3n \u0111\u1ed5i Gigabit LAN<\/td>\n<\/tr>\n<tr>\n<td>M\u1ea1ng s\u1eb5n s\u00e0ng<\/td>\n<td>Chu\u1ea9n<\/td>\n<\/tr>\n<tr>\n<td>B\u1ed9 nh\u1edb<\/td>\n<td>128 GB (virtual)[4]<\/td>\n<\/tr>\n<tr>\n<td>B\u1ed9 nh\u1edb, t\u1ed1i \u0111a<\/td>\n<td>128 GB (virtual)<\/td>\n<\/tr>\n<tr>\n<td>\u0110\u0129a c\u1ee9ng<\/td>\n<td>500 GB self-encrypting<\/td>\n<\/tr>\n<tr>\n<td>Ho\u00e0n th\u00e0nh x\u1eed l\u00fd \u0111\u1ea7u ra<\/td>\n<td>Sheet feed, roll feed, automatic horizontal cutter<\/td>\n<\/tr>\n<tr>\n<td>K\u00edch th\u01b0\u1edbc gi\u1ea5y \u1ea3nh media ti\u00eau chu\u1ea9n (cu\u00f4\u0323n theo h\u00ea\u0323 me\u0301t)<\/td>\n<td>279 to 1118-mm<\/td>\n<\/tr>\n<tr>\n<td>T\u00f9y ch\u1ec9nh k\u00edch th\u01b0\u1edbc gi\u1ea5y \u1ea3nh media<\/td>\n<td>210 x 279 to 1118 x 1676 mm<\/td>\n<\/tr>\n<tr>\n<td>Lo\u1ea1i gi\u1ea5y \u1ea3nh media<\/td>\n<td>Bond and coated paper (bond, coated, heavyweight coated, super heavyweight plus matte), technical paper (natural tracing, translucent bond), film (clear, matte), photographic paper (satin, gloss, semi-gloss, matte, high-gloss), backlit, self-adhesive (polypropylene, vinyl)<\/td>\n<\/tr>\n<tr>\n<td>\u0110\u1ecbnh l\u01b0\u1ee3ng gi\u1ea5y \u1ea3nh media, \u0111\u01b0\u01a1\u0323c khuy\u00ea\u0301n nghi\u0323<\/td>\n<td>60 to 328 g\/m\u00b2<\/td>\n<\/tr>\n<tr>\n<td>\u0110\u01b0\u1eddng k\u00ednh ngo\u00e0i c\u1ee7a cu\u1ed9n<\/td>\n<td>135 mm<\/td>\n<\/tr>\n<tr>\n<td>\u0110\u1ed9 da\u0300y gi\u1ea5y \u1ea3nh media<\/td>\n<td>Up to 31.5 mil<\/td>\n<\/tr>\n<tr>\n<td>Ngu\u1ed3n<\/td>\n<td>Input voltage (auto ranging) 100-240 V (\u00b110%), 50\/60 Hz (\u00b13 Hz), 2 A max<\/td>\n<\/tr>\n<tr>\n<td>M\u01b0\u0301c ti\u00eau th\u1ee5 \u0111i\u00ea\u0323n<\/td>\n<td>&lt; 100 W (printing); &lt; 24 W (ready); &lt; 0.3 W (&lt; 6.5 W with embedded Digital Front End) (sleep); 0.1 W (off)<\/td>\n<\/tr>\n<tr>\n<td>\u0110\u1ee7 ti\u00eau chu\u1ea9n \u0111\u01b0\u1ee3c ch\u1ee9ng nh\u1eadn ENERGY STAR\u00ae<\/td>\n<td>Co\u0301<\/td>\n<\/tr>\n<tr>\n<td>\n<div class=\"itemRow-label au-target\">Ph\u1ea1m v\u1ecb nhi\u1ec7t \u0111\u1ed9 hoa\u0323t \u0111\u00f4\u0323ng<\/div>\n<div class=\"itemRow-data au-target\"><\/div>\n<\/td>\n<td>5 t\u1edbi 40\u00baC<\/td>\n<\/tr>\n<tr>\n<td>K\u00edch th\u01b0\u1edbc t\u1ed1i thi\u1ec3u (R x S x C)<\/td>\n<td>1802 x 695 x 998 mm<\/td>\n<\/tr>\n<tr>\n<td>Tr\u1ecdng l\u01b0\u1ee3ng<\/td>\n<td>72 kg<\/td>\n<\/tr>\n<tr>\n<td>K\u00edch th\u01b0\u1edbc g\u00f3i h\u00e0ng (R x S x C)<\/td>\n<td>1955 x 770 x 710 mm<\/td>\n<\/tr>\n<tr>\n<td>Tr\u1ecdng l\u01b0\u1ee3ng g\u00f3i h\u00e0ng<\/td>\n<td>126 kg<\/td>\n<\/tr>\n<tr>\n<td>C\u00f3 g\u00ec trong th\u00f9ng h\u00e0ng<\/td>\n<td>M\u00e1y in HP DesignJet T1708PS, \u0111\u1ea7u in, h\u1ed9p m\u1ef1c, ch\u00e2n m\u00e1y in, tr\u1ee5c xoay, \u00e1p ph\u00edch c\u00e0i \u0111\u1eb7t, th\u00f4ng tin gi\u1edbi thi\u1ec7u, b\u1ea3o h\u00e0nh, d\u00e2y ngu\u1ed3n, b\u1ed9 d\u1ee5ng c\u1ee5 nh\u00e3n<\/td>\n<\/tr>\n<tr>\n<td>B\u1ea3o h\u00e0nh<\/td>\n<td>1 N\u0103m<\/td>\n<\/tr>\n<\/tbody>\n<\/table>\n<\/div>\n","protected":false},"excerpt":{"rendered":"<ul class=\"ul\">\n<li><span style=\"font-size: 110%; color: #333333;\">\u00a0M\u00e1y in kh\u1ed5 r\u1ed9ng gi\u1ea5y 44 inch.<\/span><\/li>\n<li><span style=\"font-size: 110%; color: #333333;\"><i class=\"before\"><\/i>\u00a0Kh\u1ed5 gi\u1ea5y in: A0.<\/span><\/li>\n<li><span style=\"font-size: 110%; color: #333333;\"><i class=\"before\"><\/i>\u00a0K\u1ef9 thu\u1eadt in phun nhi\u1ec7t HP.<\/span><\/li>\n<li><span style=\"font-size: 110%; color: #333333;\"><i class=\"before\"><\/i>\u00a0T\u1ed1c \u0111\u1ed9 in b\u1ea3n v\u1ebd \u0111\u01b0\u1eddng th\u1eb3ng: 103 b\u1ea3n in m\u1ed7i gi\u1edd (A1, D).<\/span><\/li>\n<li><span style=\"font-size: 110%; color: #333333;\"><i class=\"before\"><\/i>\u00a0Th\u1eddi gian in b\u1ea3n v\u1ebd \u0111\u01b0\u1eddng th\u1eb3ng: 28 gi\u00e2y\/ trang (A1, D).<\/span><\/li>\n<li><span style=\"font-size: 110%; color: #333333;\"><i class=\"before\"><\/i>\u00a0In nhanh h\u00ecnh \u1ea3nh m\u00e0u: 41 m\u00b2 \/ gi\u1edd tr\u00ean gi\u1ea5y ph\u1ee7.<\/span><\/li>\n<\/ul>\n","protected":false},"featured_media":3717,"template":"","meta":[],"product_brand":[],"product_cat":[1533],"product_tag":[1809,1808,1807],"pa_bo-nho-trong":[],"pa_bo-vi-xu-ly":[],"pa_do-dai":[],"pa_do-phan-giai":[],"pa_hang-san-xuat":[],"pa_kich-thuoc-man-hinh":[],"pa_micro-thu-am":[],"pa_nha-thong-minh-rang-dong":[],"pa_o-cung":[],"pa_ong-kinh":[],"pa_poe":[],"pa_ports":[],"pa_tam-quan-sat":[],"pa_theo-chuan":[],"class_list":{"0":"post-3713","1":"product","2":"type-product","3":"status-publish","4":"has-post-thumbnail","6":"product_cat-may-in","7":"product_tag-hp-designjet-t1708-44-in-postscript-printer","8":"product_tag-may-in-kho-lon-hp","9":"product_tag-may-in-kho-lon-hp-designjet-t1708-44-in-postscript-printer","11":"first","12":"instock","13":"shipping-taxable","14":"product-type-simple"},"_links":{"self":[{"href":"https:\/\/vietbee.com\/en\/wp-json\/wp\/v2\/product\/3713","targetHints":{"allow":["GET"]}}],"collection":[{"href":"https:\/\/vietbee.com\/en\/wp-json\/wp\/v2\/product"}],"about":[{"href":"https:\/\/vietbee.com\/en\/wp-json\/wp\/v2\/types\/product"}],"wp:featuredmedia":[{"embeddable":true,"href":"https:\/\/vietbee.com\/en\/wp-json\/wp\/v2\/media\/3717"}],"wp:attachment":[{"href":"https:\/\/vietbee.com\/en\/wp-json\/wp\/v2\/media?parent=3713"}],"wp:term":[{"taxonomy":"product_brand","embeddable":true,"href":"https:\/\/vietbee.com\/en\/wp-json\/wp\/v2\/product_brand?post=3713"},{"taxonomy":"product_cat","embeddable":true,"href":"https:\/\/vietbee.com\/en\/wp-json\/wp\/v2\/product_cat?post=3713"},{"taxonomy":"product_tag","embeddable":true,"href":"https:\/\/vietbee.com\/en\/wp-json\/wp\/v2\/product_tag?post=3713"},{"taxonomy":"pa_bo-nho-trong","embeddable":true,"href":"https:\/\/vietbee.com\/en\/wp-json\/wp\/v2\/pa_bo-nho-trong?post=3713"},{"taxonomy":"pa_bo-vi-xu-ly","embeddable":true,"href":"https:\/\/vietbee.com\/en\/wp-json\/wp\/v2\/pa_bo-vi-xu-ly?post=3713"},{"taxonomy":"pa_do-dai","embeddable":true,"href":"https:\/\/vietbee.com\/en\/wp-json\/wp\/v2\/pa_do-dai?post=3713"},{"taxonomy":"pa_do-phan-giai","embeddable":true,"href":"https:\/\/vietbee.com\/en\/wp-json\/wp\/v2\/pa_do-phan-giai?post=3713"},{"taxonomy":"pa_hang-san-xuat","embeddable":true,"href":"https:\/\/vietbee.com\/en\/wp-json\/wp\/v2\/pa_hang-san-xuat?post=3713"},{"taxonomy":"pa_kich-thuoc-man-hinh","embeddable":true,"href":"https:\/\/vietbee.com\/en\/wp-json\/wp\/v2\/pa_kich-thuoc-man-hinh?post=3713"},{"taxonomy":"pa_micro-thu-am","embeddable":true,"href":"https:\/\/vietbee.com\/en\/wp-json\/wp\/v2\/pa_micro-thu-am?post=3713"},{"taxonomy":"pa_nha-thong-minh-rang-dong","embeddable":true,"href":"https:\/\/vietbee.com\/en\/wp-json\/wp\/v2\/pa_nha-thong-minh-rang-dong?post=3713"},{"taxonomy":"pa_o-cung","embeddable":true,"href":"https:\/\/vietbee.com\/en\/wp-json\/wp\/v2\/pa_o-cung?post=3713"},{"taxonomy":"pa_ong-kinh","embeddable":true,"href":"https:\/\/vietbee.com\/en\/wp-json\/wp\/v2\/pa_ong-kinh?post=3713"},{"taxonomy":"pa_poe","embeddable":true,"href":"https:\/\/vietbee.com\/en\/wp-json\/wp\/v2\/pa_poe?post=3713"},{"taxonomy":"pa_ports","embeddable":true,"href":"https:\/\/vietbee.com\/en\/wp-json\/wp\/v2\/pa_ports?post=3713"},{"taxonomy":"pa_tam-quan-sat","embeddable":true,"href":"https:\/\/vietbee.com\/en\/wp-json\/wp\/v2\/pa_tam-quan-sat?post=3713"},{"taxonomy":"pa_theo-chuan","embeddable":true,"href":"https:\/\/vietbee.com\/en\/wp-json\/wp\/v2\/pa_theo-chuan?post=3713"}],"curies":[{"name":"wp","href":"https:\/\/api.w.org\/{rel}","templated":true}]}}