{"id":3707,"date":"2022-10-24T02:57:20","date_gmt":"2022-10-24T02:57:20","guid":{"rendered":"https:\/\/vietbee.com\/?post_type=product&#038;p=3707"},"modified":"2022-10-24T03:02:03","modified_gmt":"2022-10-24T03:02:03","slug":"may-in-mau-kho-lon-hp-designjet-t1708-44-inch","status":"publish","type":"product","link":"https:\/\/vietbee.com\/en\/product\/may-in-mau-kho-lon-hp-designjet-t1708-44-inch\/","title":{"rendered":"M\u00e1y in m\u00e0u kh\u1ed5 l\u1edbn HP DesignJet T1708 44 inch"},"content":{"rendered":"<p><strong>TH\u00d4NG TIN K\u1ef8 THU\u1eacT:<\/strong><\/p>\n<table border=\"1\" width=\"514pt\" cellspacing=\"0\" cellpadding=\"0\">\n<colgroup>\n<col \/>\n<col \/><\/colgroup>\n<tbody>\n<tr>\n<td class=\"xl71\" height=\"21\"><strong>Model<\/strong><\/td>\n<td class=\"xl77\" align=\"left\"><strong>HP DesignJet T1708 44 inch (1VD83A)<\/strong><\/td>\n<\/tr>\n<tr>\n<td class=\"xl71\" colspan=\"2\" height=\"21\"><strong>Print<\/strong><\/td>\n<\/tr>\n<tr>\n<td class=\"xl68\" align=\"left\" height=\"23\">Print resolution<\/td>\n<td class=\"xl69\" align=\"left\">Up to 2400 x 1200 optimized dpi<\/td>\n<\/tr>\n<tr>\n<td class=\"xl68\" align=\"left\" height=\"18\">Technology<\/td>\n<td class=\"xl68\" align=\"left\">HP Thermal Inkjet<\/td>\n<\/tr>\n<tr>\n<td class=\"xl68\" align=\"left\" height=\"19\">Margins<\/td>\n<td class=\"xl68\" align=\"left\">Roll: 3 x 3 x 3 x 3 mm (borderless on photo media)<br \/>\nSheet: 3 x 17 x 3 x 3 mm<\/td>\n<\/tr>\n<tr>\n<td class=\"xl68\" align=\"left\" height=\"19\">Ink types<\/td>\n<td class=\"xl68\" align=\"left\">Dye-based (C, M, Y, PK, G); pigment-based (MK)<\/td>\n<\/tr>\n<tr>\n<td class=\"xl68\" align=\"left\" height=\"18\">Ink drop<\/td>\n<td class=\"xl68\" align=\"left\">6 pl<\/td>\n<\/tr>\n<tr>\n<td class=\"xl68\" align=\"left\" height=\"21\">Printheads<\/td>\n<td class=\"xl68\" align=\"left\">3 universal printheads, 2 colors each<\/td>\n<\/tr>\n<tr>\n<td class=\"xl68\" align=\"left\" height=\"21\">Printhead nozzles<\/td>\n<td class=\"xl68\" align=\"left\">2112 each color<\/td>\n<\/tr>\n<tr>\n<td class=\"xl68\" align=\"left\" height=\"21\">Line accuracy<\/td>\n<td class=\"xl68\" align=\"left\">\u00b10.1%\u00b2<\/td>\n<\/tr>\n<tr>\n<td class=\"xl68\" align=\"left\" height=\"20\">Minimum line width<\/td>\n<td class=\"xl68\" align=\"left\">0.02 mm (PDF addressable @ 1200 dpi)<\/td>\n<\/tr>\n<tr>\n<td class=\"xl68\" align=\"left\" height=\"18\">Max optical density<\/td>\n<td class=\"xl68\" align=\"left\">2.15 maximum black optical density (6 Lxmin)<\/td>\n<\/tr>\n<tr>\n<td class=\"xl72\" colspan=\"2\" height=\"20\">Media<\/td>\n<\/tr>\n<tr>\n<td class=\"xl68\" align=\"left\" height=\"23\">Handling<\/td>\n<td class=\"xl69\" align=\"left\">Single-roll: Sheet feed, roll feed, automatic horizontal cutter<br \/>\nDual-roll: Sheet feed, two automatic roll feeds, automatic roll-switching, media bin, automatic horizontal cutter<\/td>\n<\/tr>\n<tr>\n<td class=\"xl68\" align=\"left\" height=\"23\">Roll size<\/td>\n<td class=\"xl69\" align=\"left\">279 to 1118-mm<\/td>\n<\/tr>\n<tr>\n<td class=\"xl68\" align=\"left\" height=\"23\">Sheet size<\/td>\n<td class=\"xl69\" align=\"left\">210 x 279 to 1118 x 1676 mm<\/td>\n<\/tr>\n<tr>\n<td class=\"xl68\" align=\"left\" height=\"23\">Standard sheets<\/td>\n<td class=\"xl69\" align=\"left\">A4, A3, A2, A1, A0<\/td>\n<\/tr>\n<tr>\n<td class=\"xl68\" align=\"left\" height=\"23\">Grammage<\/td>\n<td class=\"xl69\" align=\"left\">60 to 328 g\/m\u00b2<\/td>\n<\/tr>\n<tr>\n<td class=\"xl68\" align=\"left\" height=\"23\">Thickness<\/td>\n<td class=\"xl69\" align=\"left\">Up to 0.8 mm<\/td>\n<\/tr>\n<tr>\n<td class=\"xl68\" align=\"left\" height=\"23\">Applications<\/td>\n<td class=\"xl69\" align=\"left\">Line drawings; Maps; Orthophotos; Presentations; Renderings<\/td>\n<\/tr>\n<tr>\n<td class=\"xl68\" align=\"left\" height=\"23\">Memory<\/td>\n<td class=\"xl69\" align=\"left\">128 GB (virtual<\/td>\n<\/tr>\n<tr>\n<td class=\"xl68\" align=\"left\" height=\"23\">Hard disk<\/td>\n<td class=\"xl69\" align=\"left\">500 GB self-encrypting<\/td>\n<\/tr>\n<tr>\n<td class=\"xl72\" colspan=\"2\" height=\"23\"><strong>Connectivity<\/strong><\/td>\n<\/tr>\n<tr>\n<td class=\"xl70\" align=\"left\" height=\"23\">Interfaces<\/td>\n<td class=\"xl69\" align=\"left\">Ethernet, Fast Ethernet, Gigabit Ethernet, 10\/100\/1000Base-T Ethernet (802.3, 802.3u, 802.3ab); USB Type-A host port<\/td>\n<\/tr>\n<tr>\n<td class=\"xl70\" align=\"left\" height=\"23\">Print languages (standard)<\/td>\n<td class=\"xl69\" align=\"left\">HP-GL\/2, TIFF, JPEG, URF, CALS G4<\/td>\n<\/tr>\n<tr>\n<td class=\"xl70\" align=\"left\" height=\"23\">Print languages (optional)<\/td>\n<td class=\"xl69\" align=\"left\">Basic printer: Adobe PostScript 3, Adobe PDF 1.7 ext 3<\/td>\n<\/tr>\n<tr>\n<td class=\"xl70\" align=\"left\" height=\"23\">Drivers<\/td>\n<td class=\"xl69\" align=\"left\">Raster drivers for Windows and macOS, PostScript and PDF Windows drivers and macOS PostScript driver<\/td>\n<\/tr>\n<tr>\n<td class=\"xl70\" align=\"left\" height=\"23\">Security features<\/td>\n<td class=\"xl69\" align=\"left\">HP Secure Boot, Whitelisting, Role Based Access Control, SNMPv3, HTTPS, Secure-IPP, IPsec\/Firewall, Certificates management, 802.1X, TLS 1.0\/1.1\/1.2, HP Web Jetadmin compatible, HP JetAdvantage Security Manager compatible, Secure Disk erase (DoD 5220.22-M), Secure File erase, self-encrypting HDD, PIN printing<\/td>\n<\/tr>\n<tr>\n<td class=\"xl73\" colspan=\"2\" height=\"23\"><strong>General<\/strong><\/td>\n<\/tr>\n<tr>\n<td class=\"xl75\" rowspan=\"2\" height=\"41\">Dimensions (W x D x H)<\/td>\n<td class=\"xl69\" align=\"left\">Printer: 1802 x 695 x 998 mm<\/td>\n<\/tr>\n<tr>\n<td class=\"xl69\" align=\"left\" height=\"20\">Shipping: 1955 x 770 x 710 mm<\/td>\n<\/tr>\n<tr>\n<td class=\"xl75\" rowspan=\"2\" height=\"40\">Weight<\/td>\n<td class=\"xl69\" align=\"left\">Printer<br \/>\nSingle-roll: 72 kg<br \/>\nDual-roll: 74 kg<\/td>\n<\/tr>\n<tr>\n<td class=\"xl69\" align=\"left\" height=\"20\">Shipping<br \/>\nSingle-roll: 126 kg<br \/>\nDual-roll: 128 kg<\/td>\n<\/tr>\n<tr>\n<td class=\"xl75\" rowspan=\"3\" height=\"61\">Environmental ranges<\/td>\n<td class=\"xl69\" align=\"left\">Operating temperature: 5 to 40\u00baC<\/td>\n<\/tr>\n<tr>\n<td class=\"xl69\" align=\"left\" height=\"20\">Operating humidity: 20 to 80% RH<\/td>\n<\/tr>\n<tr>\n<td class=\"xl69\" align=\"left\" height=\"21\">Storage temperature: -25 to 55\u00baC<\/td>\n<\/tr>\n<tr>\n<td class=\"xl75\" rowspan=\"2\" height=\"44\">Acoustics<\/td>\n<td class=\"xl69\" align=\"left\">Sound pressure: 45 dB(A) (operating), 32 dB(A) (idle),<\/td>\n<\/tr>\n<tr>\n<td class=\"xl69\" align=\"left\" height=\"22\">Sound power: 6.1 B(A) (operating), 5.0 B(A) (idle),<\/td>\n<\/tr>\n<tr>\n<td class=\"xl75\" rowspan=\"2\" height=\"43\">Power<\/td>\n<td class=\"xl69\" align=\"left\">Consumption:<\/td>\n<\/tr>\n<tr>\n<td class=\"xl66\" align=\"left\" height=\"21\">Requirements: Input voltage (auto ranging) 100-240 V (\u00b110%), 50\/60 Hz (\u00b13 Hz), 2 A max<\/td>\n<\/tr>\n<\/tbody>\n<\/table>\n","protected":false},"excerpt":{"rendered":"<p><span style=\"color: #333333;\">&#8211; HP DesignJet T1708 44 inch (1VD83A) l\u00e0 d\u00f2ng m\u00e1y in kh\u1ed5 l\u1edbn, h\u1ed7 tr\u1ee3 ch\u1ee9c n\u0103ng in.<\/span><\/p>\n<p><span style=\"color: #333333;\">&#8211; T\u00f4\u0301c \u0111\u1ed9 in: 116 trang A1\/gi\u01a1\u0300.<\/span><\/p>\n<p><span style=\"color: #333333;\">&#8211; C\u00f4ng ngh\u1ec7 in: HP Thermal Inkjet.<\/span><\/p>\n<p><span style=\"color: #333333;\">&#8211; \u0110\u1ed9 ph\u00e2n gi\u1ea3i: 2400 x 1200 optimized dpi.<\/span><\/p>\n<p><span style=\"color: #333333;\">&#8211; K\u1ebft n\u1ed1i: Ethernet, Fast Ethernet, Gigabit Ethernet, 10\/100\/1000Base-T Ethernet (802.3, 802.3u, 802.3ab); USB Type-A host port.<\/span><\/p>\n<p><span style=\"color: #333333;\">&#8211; B\u1ed9 nh\u1edb: 128 GB (virtual).<\/span><\/p>\n<p><span style=\"color: #333333;\">&#8211; Ng\u00f4n ng\u1eef in: HP-GL\/2, TIFF, JPEG, URF, CALS G4.<\/span><\/p>\n<p><span style=\"color: #333333;\">&#8211; Driver h\u1ed7 tr\u1ee3: MacOS va\u0300 Windows.<\/span><\/p>\n<p><span style=\"color: #333333;\">&#8211; K\u00edch th\u01b0\u1edbc (W x D x H): 1955 x 770 x 710 mm.<\/span><\/p>\n","protected":false},"featured_media":3711,"template":"","meta":[],"product_brand":[],"product_cat":[1533],"product_tag":[1805,1804,1803,1806],"pa_bo-nho-trong":[],"pa_bo-vi-xu-ly":[],"pa_do-dai":[],"pa_do-phan-giai":[],"pa_hang-san-xuat":[],"pa_kich-thuoc-man-hinh":[],"pa_micro-thu-am":[],"pa_nha-thong-minh-rang-dong":[],"pa_o-cung":[],"pa_ong-kinh":[],"pa_poe":[],"pa_ports":[],"pa_tam-quan-sat":[],"pa_theo-chuan":[],"class_list":{"0":"post-3707","1":"product","2":"type-product","3":"status-publish","4":"has-post-thumbnail","6":"product_cat-may-in","7":"product_tag-hp-designjet-t1708-44-inch","8":"product_tag-may-in-mau-kho-lon-hp","9":"product_tag-may-in-mau-kho-lon-hp-designjet-t1708-44-inch","10":"product_tag-t1708-44-inch","12":"first","13":"instock","14":"shipping-taxable","15":"product-type-simple"},"_links":{"self":[{"href":"https:\/\/vietbee.com\/en\/wp-json\/wp\/v2\/product\/3707","targetHints":{"allow":["GET"]}}],"collection":[{"href":"https:\/\/vietbee.com\/en\/wp-json\/wp\/v2\/product"}],"about":[{"href":"https:\/\/vietbee.com\/en\/wp-json\/wp\/v2\/types\/product"}],"wp:featuredmedia":[{"embeddable":true,"href":"https:\/\/vietbee.com\/en\/wp-json\/wp\/v2\/media\/3711"}],"wp:attachment":[{"href":"https:\/\/vietbee.com\/en\/wp-json\/wp\/v2\/media?parent=3707"}],"wp:term":[{"taxonomy":"product_brand","embeddable":true,"href":"https:\/\/vietbee.com\/en\/wp-json\/wp\/v2\/product_brand?post=3707"},{"taxonomy":"product_cat","embeddable":true,"href":"https:\/\/vietbee.com\/en\/wp-json\/wp\/v2\/product_cat?post=3707"},{"taxonomy":"product_tag","embeddable":true,"href":"https:\/\/vietbee.com\/en\/wp-json\/wp\/v2\/product_tag?post=3707"},{"taxonomy":"pa_bo-nho-trong","embeddable":true,"href":"https:\/\/vietbee.com\/en\/wp-json\/wp\/v2\/pa_bo-nho-trong?post=3707"},{"taxonomy":"pa_bo-vi-xu-ly","embeddable":true,"href":"https:\/\/vietbee.com\/en\/wp-json\/wp\/v2\/pa_bo-vi-xu-ly?post=3707"},{"taxonomy":"pa_do-dai","embeddable":true,"href":"https:\/\/vietbee.com\/en\/wp-json\/wp\/v2\/pa_do-dai?post=3707"},{"taxonomy":"pa_do-phan-giai","embeddable":true,"href":"https:\/\/vietbee.com\/en\/wp-json\/wp\/v2\/pa_do-phan-giai?post=3707"},{"taxonomy":"pa_hang-san-xuat","embeddable":true,"href":"https:\/\/vietbee.com\/en\/wp-json\/wp\/v2\/pa_hang-san-xuat?post=3707"},{"taxonomy":"pa_kich-thuoc-man-hinh","embeddable":true,"href":"https:\/\/vietbee.com\/en\/wp-json\/wp\/v2\/pa_kich-thuoc-man-hinh?post=3707"},{"taxonomy":"pa_micro-thu-am","embeddable":true,"href":"https:\/\/vietbee.com\/en\/wp-json\/wp\/v2\/pa_micro-thu-am?post=3707"},{"taxonomy":"pa_nha-thong-minh-rang-dong","embeddable":true,"href":"https:\/\/vietbee.com\/en\/wp-json\/wp\/v2\/pa_nha-thong-minh-rang-dong?post=3707"},{"taxonomy":"pa_o-cung","embeddable":true,"href":"https:\/\/vietbee.com\/en\/wp-json\/wp\/v2\/pa_o-cung?post=3707"},{"taxonomy":"pa_ong-kinh","embeddable":true,"href":"https:\/\/vietbee.com\/en\/wp-json\/wp\/v2\/pa_ong-kinh?post=3707"},{"taxonomy":"pa_poe","embeddable":true,"href":"https:\/\/vietbee.com\/en\/wp-json\/wp\/v2\/pa_poe?post=3707"},{"taxonomy":"pa_ports","embeddable":true,"href":"https:\/\/vietbee.com\/en\/wp-json\/wp\/v2\/pa_ports?post=3707"},{"taxonomy":"pa_tam-quan-sat","embeddable":true,"href":"https:\/\/vietbee.com\/en\/wp-json\/wp\/v2\/pa_tam-quan-sat?post=3707"},{"taxonomy":"pa_theo-chuan","embeddable":true,"href":"https:\/\/vietbee.com\/en\/wp-json\/wp\/v2\/pa_theo-chuan?post=3707"}],"curies":[{"name":"wp","href":"https:\/\/api.w.org\/{rel}","templated":true}]}}