{"id":3694,"date":"2022-10-19T04:02:50","date_gmt":"2022-10-19T04:02:50","guid":{"rendered":"https:\/\/vietbee.com\/?post_type=product&#038;p=3694"},"modified":"2022-10-19T04:02:50","modified_gmt":"2022-10-19T04:02:50","slug":"may-in-kho-lon-hp-designjet-t650-24-in-printer","status":"publish","type":"product","link":"https:\/\/vietbee.com\/en\/product\/may-in-kho-lon-hp-designjet-t650-24-in-printer\/","title":{"rendered":"M\u00e1y in kh\u1ed5 l\u1edbn HP DesignJet T650 24-in Printer"},"content":{"rendered":"<div class=\"AsideTitle mt-0\">\n<h3>TH\u00d4NG TIN NHANH S\u1ea2N PH\u1ea8M<\/h3>\n<\/div>\n<div class=\"quickSpecs full clearfix mt-1\">\n<article id=\"Context\" class=\"Context\">\n<ul class=\"ListStyle1\">\n<li><span style=\"color: #333333;\"><b>Model:<\/b> M\u00e1y in kh\u1ed5 l\u1edbn HP Designiet T650 24 Inch Printer (5HB08A)<\/span><\/li>\n<li><span style=\"color: #333333;\"><b>Lo\u1ea1i m\u00e1y:<\/b> In kh\u1ed5 l\u1edbn\u00a0\u00a0<\/span><\/li>\n<li><span style=\"color: #333333;\"><b>Ch\u1ee9c n\u0103ng:<\/b>\u00a0Print<\/span><\/li>\n<li><span style=\"color: #333333;\"><b>Kh\u1ed5 gi\u1ea5y in:<\/b>\u00a0A1 (610mm)<\/span><\/li>\n<li><span style=\"color: #333333;\"><b>T\u1ed1c \u0111\u1ed9 in:<\/b>\u00a026 gi\u00e2y\/A1, 81 A1\/ gi\u1edd<\/span><\/li>\n<li><span style=\"color: #333333;\"><b>\u0110\u1ed9 ph\u00e2n gi\u1ea3i:<\/b>\u00a02400 x 1200 dpi<\/span><\/li>\n<li><span style=\"color: #333333;\"><b>B\u1ed9 nh\u1edb ram:<\/b>\u00a01 GB<\/span><\/li>\n<li><span style=\"color: #333333;\"><b>K\u00edch th\u01b0\u1edbc gi\u1ea5y<\/b>\u00a0:\u00a0279 \u0111\u1ebfn 610 mm<\/span><\/li>\n<li><span style=\"color: #333333;\"><b>T\u00f9y ch\u1ec9nh k\u00edch th\u01b0\u1edbc gi\u1ea5y<\/b>:\u00a0Khay n\u1ea1p gi\u1ea5y t\u1ef1 \u0111\u1ed9ng: 210 x 279 \u0111\u1ebfn 330 x 482 mm; khay n\u1ea1p th\u1ee7 c\u00f4ng: 210 x 279 \u0111\u1ebfn 610 x 1897 mm<\/span><\/li>\n<li><span style=\"color: #333333;\"><b>\u0110\u1ecbnh l\u01b0\u1ee3ng gi\u1ea5y<\/b>:\u00a060 \u0111\u1ebfn 280 g\/m\u00b2 (cu\u1ed9n\/khay n\u1ea1p th\u1ee7 c\u00f4ng); 60 \u0111\u1ebfn 220 g\/m\u00b2 (khay n\u1ea1p gi\u1ea5y t\u1ef1 \u0111\u1ed9ng)<\/span><\/li>\n<li><span style=\"color: #333333;\"><b>\u0110\u01b0\u1eddng k\u00ednh cu\u1ed9n:<\/b>\u00a0100 mm<\/span><\/li>\n<li><span style=\"color: #333333;\"><b>X\u1eed l\u00fd gi\u1ea5y<\/b>: N\u1ea1p gi\u1ea5y, cu\u1ed9n n\u1ea1p gi\u1ea5y, khay n\u1ea1p gi\u1ea5y t\u1ef1 \u0111\u1ed9ng, th\u00f9ng \u0111\u1ef1ng gi\u1ea5y, m\u00e1y c\u1eaft ngang t\u1ef1 \u0111\u1ed9ng<\/span><\/li>\n<li><span style=\"color: #333333;\"><b>Ng\u00f4n Ng\u1eef in:\u00a0<\/b>HP-GL\/2, HP-RTL, CALS G4, JPEG, URF<\/span><\/li>\n<li><span style=\"color: #333333;\"><b>Chu\u1ea9n k\u1ebft n\u1ed1i:<\/b>\u00a0RJ45, USB 2.0, Wifi<\/span><\/li>\n<li><span style=\"color: #333333;\"><b>Ch\u1ee9c n\u0103ng \u0111\u1eb7c bi\u1ec7t:<\/b>\u00a0 Wifi<\/span><\/li>\n<li><span style=\"color: #333333;\"><b>M\u1ef1c in s\u1eed d\u1ee5ng:<\/b>\u00a04 (C, M, Y, K)\u00a0m\u00e3 HP 712, 712B\u00a0<\/span><\/li>\n<li><span style=\"color: #333333;\"><b>\u0110\u1ea7u\u00a0in s\u1eed d\u1ee5ng:\u00a0<\/b>1 c\u1ee5m m\u00e3 3ED58A<\/span><\/li>\n<li><span style=\"color: #333333;\"><strong>K\u00edch th\u01b0\u1edbc:\u00a0<\/strong>1013 x 605 x 932 mm<\/span><\/li>\n<li><span style=\"color: #333333;\"><strong>Tr\u1ecdng l\u01b0\u1ee3ng:\u00a0<\/strong>29.5 kg<\/span><\/li>\n<li><span style=\"color: #333333;\"><b>B\u1ea3o h\u00e0nh:<\/b>\u00a0Ch\u00ednh h\u00e3ng 1 n\u0103m<\/span><\/li>\n<\/ul>\n<\/article>\n<\/div>","protected":false},"excerpt":{"rendered":"<p>TH\u00d4NG TIN NHANH S\u1ea2N PH\u1ea8M Model: M\u00e1y in kh\u1ed5 l\u1edbn HP Designiet T650 24 Inch Printer (5HB08A) Lo\u1ea1i m\u00e1y: In kh\u1ed5 l\u1edbn\u00a0\u00a0 Ch\u1ee9c n\u0103ng:\u00a0Print Kh\u1ed5 gi\u1ea5y in:\u00a0A1 (610mm) T\u1ed1c \u0111\u1ed9 in:\u00a026 gi\u00e2y\/A1, 81 A1\/ gi\u1edd \u0110\u1ed9 ph\u00e2n gi\u1ea3i:\u00a02400 x 1200 dpi B\u1ed9 nh\u1edb ram:\u00a01 GB K\u00edch th\u01b0\u1edbc gi\u1ea5y\u00a0:\u00a0279 \u0111\u1ebfn 610 mm T\u00f9y ch\u1ec9nh k\u00edch th\u01b0\u1edbc<\/p>\n","protected":false},"featured_media":3696,"template":"","meta":[],"product_brand":[],"product_cat":[1533],"product_tag":[1795,1794],"pa_bo-nho-trong":[],"pa_bo-vi-xu-ly":[],"pa_do-dai":[],"pa_do-phan-giai":[],"pa_hang-san-xuat":[],"pa_kich-thuoc-man-hinh":[],"pa_micro-thu-am":[],"pa_nha-thong-minh-rang-dong":[],"pa_o-cung":[],"pa_ong-kinh":[],"pa_poe":[],"pa_ports":[],"pa_tam-quan-sat":[],"pa_theo-chuan":[],"class_list":{"0":"post-3694","1":"product","2":"type-product","3":"status-publish","4":"has-post-thumbnail","6":"product_cat-may-in","7":"product_tag-hp-designjet-t650-24-in-printer","8":"product_tag-may-in-kho-lon-hp-designjet-t650-24-in-printer","10":"first","11":"instock","12":"shipping-taxable","13":"product-type-simple"},"_links":{"self":[{"href":"https:\/\/vietbee.com\/en\/wp-json\/wp\/v2\/product\/3694","targetHints":{"allow":["GET"]}}],"collection":[{"href":"https:\/\/vietbee.com\/en\/wp-json\/wp\/v2\/product"}],"about":[{"href":"https:\/\/vietbee.com\/en\/wp-json\/wp\/v2\/types\/product"}],"wp:featuredmedia":[{"embeddable":true,"href":"https:\/\/vietbee.com\/en\/wp-json\/wp\/v2\/media\/3696"}],"wp:attachment":[{"href":"https:\/\/vietbee.com\/en\/wp-json\/wp\/v2\/media?parent=3694"}],"wp:term":[{"taxonomy":"product_brand","embeddable":true,"href":"https:\/\/vietbee.com\/en\/wp-json\/wp\/v2\/product_brand?post=3694"},{"taxonomy":"product_cat","embeddable":true,"href":"https:\/\/vietbee.com\/en\/wp-json\/wp\/v2\/product_cat?post=3694"},{"taxonomy":"product_tag","embeddable":true,"href":"https:\/\/vietbee.com\/en\/wp-json\/wp\/v2\/product_tag?post=3694"},{"taxonomy":"pa_bo-nho-trong","embeddable":true,"href":"https:\/\/vietbee.com\/en\/wp-json\/wp\/v2\/pa_bo-nho-trong?post=3694"},{"taxonomy":"pa_bo-vi-xu-ly","embeddable":true,"href":"https:\/\/vietbee.com\/en\/wp-json\/wp\/v2\/pa_bo-vi-xu-ly?post=3694"},{"taxonomy":"pa_do-dai","embeddable":true,"href":"https:\/\/vietbee.com\/en\/wp-json\/wp\/v2\/pa_do-dai?post=3694"},{"taxonomy":"pa_do-phan-giai","embeddable":true,"href":"https:\/\/vietbee.com\/en\/wp-json\/wp\/v2\/pa_do-phan-giai?post=3694"},{"taxonomy":"pa_hang-san-xuat","embeddable":true,"href":"https:\/\/vietbee.com\/en\/wp-json\/wp\/v2\/pa_hang-san-xuat?post=3694"},{"taxonomy":"pa_kich-thuoc-man-hinh","embeddable":true,"href":"https:\/\/vietbee.com\/en\/wp-json\/wp\/v2\/pa_kich-thuoc-man-hinh?post=3694"},{"taxonomy":"pa_micro-thu-am","embeddable":true,"href":"https:\/\/vietbee.com\/en\/wp-json\/wp\/v2\/pa_micro-thu-am?post=3694"},{"taxonomy":"pa_nha-thong-minh-rang-dong","embeddable":true,"href":"https:\/\/vietbee.com\/en\/wp-json\/wp\/v2\/pa_nha-thong-minh-rang-dong?post=3694"},{"taxonomy":"pa_o-cung","embeddable":true,"href":"https:\/\/vietbee.com\/en\/wp-json\/wp\/v2\/pa_o-cung?post=3694"},{"taxonomy":"pa_ong-kinh","embeddable":true,"href":"https:\/\/vietbee.com\/en\/wp-json\/wp\/v2\/pa_ong-kinh?post=3694"},{"taxonomy":"pa_poe","embeddable":true,"href":"https:\/\/vietbee.com\/en\/wp-json\/wp\/v2\/pa_poe?post=3694"},{"taxonomy":"pa_ports","embeddable":true,"href":"https:\/\/vietbee.com\/en\/wp-json\/wp\/v2\/pa_ports?post=3694"},{"taxonomy":"pa_tam-quan-sat","embeddable":true,"href":"https:\/\/vietbee.com\/en\/wp-json\/wp\/v2\/pa_tam-quan-sat?post=3694"},{"taxonomy":"pa_theo-chuan","embeddable":true,"href":"https:\/\/vietbee.com\/en\/wp-json\/wp\/v2\/pa_theo-chuan?post=3694"}],"curies":[{"name":"wp","href":"https:\/\/api.w.org\/{rel}","templated":true}]}}