{"id":3691,"date":"2022-10-19T03:30:42","date_gmt":"2022-10-19T03:30:42","guid":{"rendered":"https:\/\/vietbee.com\/?post_type=product&#038;p=3691"},"modified":"2022-10-19T03:30:42","modified_gmt":"2022-10-19T03:30:42","slug":"may-in-kho-lon-hp-designjet-t250-24-in-printer","status":"publish","type":"product","link":"https:\/\/vietbee.com\/en\/product\/may-in-kho-lon-hp-designjet-t250-24-in-printer\/","title":{"rendered":"M\u00e1y in kh\u1ed5 l\u1edbn HP DesignJet T250 24-in Printer"},"content":{"rendered":"<ul class=\"ListStyle1\">\n<li><span style=\"color: #333333;\"><b>Model:<\/b>\u00a0<a style=\"color: #333333;\" href=\"https:\/\/bcavn.com\/hp\/may-in\/may-in-kho-lon-hp-designjet-t250-24-in-printer-5hb06a-4873.html\">M\u00e1y in kh\u1ed5 l\u1edbn\u00a0HP Designjet T250 24 Inch Printer (5HB06A)<\/a><\/span><\/li>\n<li><span style=\"color: #333333;\"><b>Lo\u1ea1i m\u00e1y:<\/b>\u00a0In kh\u1ed5 l\u1edbn<\/span><\/li>\n<li><span style=\"color: #333333;\"><b>Ch\u1ee9c n\u0103ng:<\/b>\u00a0Print<\/span><\/li>\n<li><span style=\"color: #333333;\"><b>Kh\u1ed5 gi\u1ea5y in:<\/b>\u00a0A1 (610mm)<\/span><\/li>\n<li><span style=\"color: #333333;\"><b>T\u1ed1c \u0111\u1ed9 in:<\/b>\u00a030 gi\u00e2y\/trang tr\u00ean A1, 76 b\u1ea3n in A1 m\u1ed7i gi\u1edd<\/span><\/li>\n<li><span style=\"color: #333333;\"><b>\u0110\u1ed9 ph\u00e2n gi\u1ea3i:<\/b>\u00a02400 x 1200 dpi<\/span><\/li>\n<li><span style=\"color: #333333;\"><b>B\u1ed9 nh\u1edb ram:<\/b>\u00a0512 MB<\/span><\/li>\n<li><span style=\"color: #333333;\"><b>K\u00edch th\u01b0\u1edbc gi\u1ea5y<\/b>\u00a0: 279 \u0111\u1ebfn 610 mm<\/span><\/li>\n<li><span style=\"color: #333333;\"><b>T\u00f9y ch\u1ec9nh k\u00edch th\u01b0\u1edbc gi\u1ea5y<\/b>: 210 x 279 \u0111\u1ebfn 610 x 1897 mm<\/span><\/li>\n<li><span style=\"color: #333333;\"><b>\u0110\u1ecbnh l\u01b0\u1ee3ng gi\u1ea5y<\/b>: 60 \u0111\u1ebfn 280 g\/m\u00b2\u00a0<\/span><\/li>\n<li><span style=\"color: #333333;\"><b>\u0110\u01b0\u1eddng k\u00ednh cu\u1ed9n:<\/b>\u00a0100 mm<\/span><\/li>\n<li><span style=\"color: #333333;\"><b>X\u1eed l\u00fd gi\u1ea5y<\/b>: N\u1ea1p gi\u1ea5y, cu\u1ed9n n\u1ea1p gi\u1ea5y, m\u00e1y c\u1eaft ngang t\u1ef1 \u0111\u1ed9ng<\/span><\/li>\n<li><span style=\"color: #333333;\"><b>Ng\u00f4n Ng\u1eef in:\u00a0<\/b>JPEG, URF<\/span><\/li>\n<li><span style=\"color: #333333;\"><b>Chu\u1ea9n k\u1ebft n\u1ed1i:<\/b>\u00a0RJ45, USB 2.0, Wifi<\/span><\/li>\n<li><span style=\"color: #333333;\"><b>Ch\u1ee9c n\u0103ng \u0111\u1eb7c bi\u1ec7t:<\/b>\u00a0 Wifi<\/span><\/li>\n<li><span style=\"color: #333333;\"><b>M\u1ef1c in s\u1eed d\u1ee5ng:<\/b>\u00a04 (C, M, Y, K) m\u00e3 HP 712, 712B\u00a0<\/span><\/li>\n<li><span style=\"color: #333333;\"><b>\u0110\u1ea7u\u00a0in s\u1eed d\u1ee5ng:\u00a0<\/b>1 c\u1ee5m m\u00e3 3ED58A<\/span><\/li>\n<li><span style=\"color: #333333;\"><strong>K\u00edch th\u01b0\u1edbc:\u00a0<\/strong>1013 x 440 x 285 mm<\/span><\/li>\n<li><span style=\"color: #333333;\"><strong>Tr\u1ecdng l\u01b0\u1ee3ng:\u00a0<\/strong>21.5 kg<\/span><\/li>\n<li><span style=\"color: #333333;\"><b>B\u1ea3o h\u00e0nh:<\/b>\u00a0Ch\u00ednh h\u00e3ng 1 n\u0103m<\/span><\/li>\n<\/ul>","protected":false},"excerpt":{"rendered":"<p>Model:\u00a0M\u00e1y in kh\u1ed5 l\u1edbn\u00a0HP Designjet T250 24 Inch Printer (5HB06A) Lo\u1ea1i m\u00e1y:\u00a0In kh\u1ed5 l\u1edbn Ch\u1ee9c n\u0103ng:\u00a0Print Kh\u1ed5 gi\u1ea5y in:\u00a0A1 (610mm) T\u1ed1c \u0111\u1ed9 in:\u00a030 gi\u00e2y\/trang tr\u00ean A1, 76 b\u1ea3n in A1 m\u1ed7i gi\u1edd \u0110\u1ed9 ph\u00e2n gi\u1ea3i:\u00a02400 x 1200 dpi B\u1ed9 nh\u1edb ram:\u00a0512 MB K\u00edch th\u01b0\u1edbc gi\u1ea5y\u00a0: 279 \u0111\u1ebfn 610 mm T\u00f9y ch\u1ec9nh k\u00edch th\u01b0\u1edbc gi\u1ea5y: 210<\/p>\n","protected":false},"featured_media":3693,"template":"","meta":[],"product_brand":[],"product_cat":[1533],"product_tag":[1793,1792],"pa_bo-nho-trong":[],"pa_bo-vi-xu-ly":[],"pa_do-dai":[],"pa_do-phan-giai":[],"pa_hang-san-xuat":[],"pa_kich-thuoc-man-hinh":[],"pa_micro-thu-am":[],"pa_nha-thong-minh-rang-dong":[],"pa_o-cung":[],"pa_ong-kinh":[],"pa_poe":[],"pa_ports":[],"pa_tam-quan-sat":[],"pa_theo-chuan":[],"class_list":{"0":"post-3691","1":"product","2":"type-product","3":"status-publish","4":"has-post-thumbnail","6":"product_cat-may-in","7":"product_tag-designjet-t250-24-in-printer","8":"product_tag-may-in-kho-lon-hp-designjet-t250-24-in-printer","10":"first","11":"instock","12":"shipping-taxable","13":"product-type-simple"},"_links":{"self":[{"href":"https:\/\/vietbee.com\/en\/wp-json\/wp\/v2\/product\/3691","targetHints":{"allow":["GET"]}}],"collection":[{"href":"https:\/\/vietbee.com\/en\/wp-json\/wp\/v2\/product"}],"about":[{"href":"https:\/\/vietbee.com\/en\/wp-json\/wp\/v2\/types\/product"}],"wp:featuredmedia":[{"embeddable":true,"href":"https:\/\/vietbee.com\/en\/wp-json\/wp\/v2\/media\/3693"}],"wp:attachment":[{"href":"https:\/\/vietbee.com\/en\/wp-json\/wp\/v2\/media?parent=3691"}],"wp:term":[{"taxonomy":"product_brand","embeddable":true,"href":"https:\/\/vietbee.com\/en\/wp-json\/wp\/v2\/product_brand?post=3691"},{"taxonomy":"product_cat","embeddable":true,"href":"https:\/\/vietbee.com\/en\/wp-json\/wp\/v2\/product_cat?post=3691"},{"taxonomy":"product_tag","embeddable":true,"href":"https:\/\/vietbee.com\/en\/wp-json\/wp\/v2\/product_tag?post=3691"},{"taxonomy":"pa_bo-nho-trong","embeddable":true,"href":"https:\/\/vietbee.com\/en\/wp-json\/wp\/v2\/pa_bo-nho-trong?post=3691"},{"taxonomy":"pa_bo-vi-xu-ly","embeddable":true,"href":"https:\/\/vietbee.com\/en\/wp-json\/wp\/v2\/pa_bo-vi-xu-ly?post=3691"},{"taxonomy":"pa_do-dai","embeddable":true,"href":"https:\/\/vietbee.com\/en\/wp-json\/wp\/v2\/pa_do-dai?post=3691"},{"taxonomy":"pa_do-phan-giai","embeddable":true,"href":"https:\/\/vietbee.com\/en\/wp-json\/wp\/v2\/pa_do-phan-giai?post=3691"},{"taxonomy":"pa_hang-san-xuat","embeddable":true,"href":"https:\/\/vietbee.com\/en\/wp-json\/wp\/v2\/pa_hang-san-xuat?post=3691"},{"taxonomy":"pa_kich-thuoc-man-hinh","embeddable":true,"href":"https:\/\/vietbee.com\/en\/wp-json\/wp\/v2\/pa_kich-thuoc-man-hinh?post=3691"},{"taxonomy":"pa_micro-thu-am","embeddable":true,"href":"https:\/\/vietbee.com\/en\/wp-json\/wp\/v2\/pa_micro-thu-am?post=3691"},{"taxonomy":"pa_nha-thong-minh-rang-dong","embeddable":true,"href":"https:\/\/vietbee.com\/en\/wp-json\/wp\/v2\/pa_nha-thong-minh-rang-dong?post=3691"},{"taxonomy":"pa_o-cung","embeddable":true,"href":"https:\/\/vietbee.com\/en\/wp-json\/wp\/v2\/pa_o-cung?post=3691"},{"taxonomy":"pa_ong-kinh","embeddable":true,"href":"https:\/\/vietbee.com\/en\/wp-json\/wp\/v2\/pa_ong-kinh?post=3691"},{"taxonomy":"pa_poe","embeddable":true,"href":"https:\/\/vietbee.com\/en\/wp-json\/wp\/v2\/pa_poe?post=3691"},{"taxonomy":"pa_ports","embeddable":true,"href":"https:\/\/vietbee.com\/en\/wp-json\/wp\/v2\/pa_ports?post=3691"},{"taxonomy":"pa_tam-quan-sat","embeddable":true,"href":"https:\/\/vietbee.com\/en\/wp-json\/wp\/v2\/pa_tam-quan-sat?post=3691"},{"taxonomy":"pa_theo-chuan","embeddable":true,"href":"https:\/\/vietbee.com\/en\/wp-json\/wp\/v2\/pa_theo-chuan?post=3691"}],"curies":[{"name":"wp","href":"https:\/\/api.w.org\/{rel}","templated":true}]}}