{"id":3687,"date":"2022-10-18T08:10:57","date_gmt":"2022-10-18T08:10:57","guid":{"rendered":"https:\/\/vietbee.com\/?post_type=product&#038;p=3687"},"modified":"2022-10-19T02:50:59","modified_gmt":"2022-10-19T02:50:59","slug":"laptop-hp-zbook-studio-15-g8-30n01av","status":"publish","type":"product","link":"https:\/\/vietbee.com\/en\/product\/laptop-hp-zbook-studio-15-g8-30n01av\/","title":{"rendered":"Laptop HP Zbook Studio 15 G8 30N01AV"},"content":{"rendered":"<table border=\"1\" width=\"100%\">\n<tbody>\n<tr>\n<td width=\"303\"><strong>H\u00e3ng s\u1ea3n xu\u1ea5t<\/strong><\/td>\n<td width=\"771\"><span style=\"color: #333333;\">LaptopHP<\/span><\/td>\n<\/tr>\n<tr>\n<td width=\"303\"><strong>T\u00ean s\u1ea3n ph\u1ea9m\u00a0 \u00a0<\/strong><\/td>\n<td width=\"771\">\n<h3 align=\"center\">Laptop HP Zbook Studio 15 G8 30N01AV<\/h3>\n<p><strong>\u00a0<\/strong><\/td>\n<\/tr>\n<tr>\n<td width=\"303\"><strong>D\u00f2ng Laptop<\/strong><\/td>\n<td width=\"771\">Laptop I Laptop nh\u1ecf g\u1ecdn I Laptop c\u1ea3m \u1ee9ng &#8211; 2 trong 1 I Laptop doanh nh\u00e2n<\/td>\n<\/tr>\n<tr>\n<td colspan=\"2\" width=\"303\"><strong>B\u1ed9 vi x\u1eed l\u00fd<\/strong><\/td>\n<\/tr>\n<tr>\n<td width=\"303\">C\u00f4ng ngh\u1ec7 CPU<\/td>\n<td width=\"771\">Intel Core i7-11800H (Up to 4.6GHz)<\/td>\n<\/tr>\n<tr>\n<td width=\"303\">S\u1ed1 nh\u00e2n<\/td>\n<td width=\"771\">8<\/td>\n<\/tr>\n<tr>\n<td width=\"303\">S\u1ed1 lu\u1ed3ng<\/td>\n<td width=\"771\">16<\/td>\n<\/tr>\n<tr>\n<td width=\"303\">T\u1ed1c \u0111\u1ed9 CPU<\/td>\n<td width=\"771\">\u00a0&#8211;<\/td>\n<\/tr>\n<tr>\n<td width=\"303\">T\u1ed1c \u0111\u1ed9 t\u1ed1i \u0111a<\/td>\n<td width=\"771\">4.60 GHz<\/td>\n<\/tr>\n<tr>\n<td width=\"303\">B\u1ed9 nh\u1edb \u0111\u1ec7m<\/td>\n<td width=\"771\">\n<div class=\"field__label\">24MB<\/div>\n<\/td>\n<\/tr>\n<tr>\n<td colspan=\"2\" width=\"1076\"><strong>B\u1ed9 nh\u1edb trong (RAM)<\/strong><\/td>\n<\/tr>\n<tr>\n<td width=\"303\">RAM<\/td>\n<td width=\"771\">\u00a016GB<\/td>\n<\/tr>\n<tr>\n<td width=\"303\">Lo\u1ea1i RAM<\/td>\n<td width=\"771\">DDR4<\/td>\n<\/tr>\n<tr>\n<td width=\"303\">T\u1ed1c \u0111\u1ed9 Bus RAM<\/td>\n<td width=\"771\">3200MHz<\/td>\n<\/tr>\n<tr>\n<td width=\"303\">S\u1ed1 khe c\u1eafm<\/td>\n<td width=\"771\">&#8211;<\/td>\n<\/tr>\n<tr>\n<td width=\"303\">H\u1ed7 tr\u1ee3 RAM t\u1ed1i \u0111a<\/td>\n<td width=\"771\">&#8211;<\/td>\n<\/tr>\n<tr>\n<td colspan=\"2\" width=\"1076\"><strong>\u1ed4 c\u1ee9ng\u00a0<\/strong><\/td>\n<\/tr>\n<tr>\n<td width=\"303\">Dung l\u01b0\u1ee3ng<\/td>\n<td width=\"771\">512GB SSD M.2 PCIe<\/td>\n<\/tr>\n<tr>\n<td width=\"303\">T\u1ed1c \u0111\u1ed9 v\u00f2ng quay<\/td>\n<td width=\"771\">\u00a0&#8211;<\/td>\n<\/tr>\n<tr>\n<td width=\"303\"><strong>Khe c\u1eafm SSD m\u1edf r\u1ed9ng<\/strong><\/td>\n<td width=\"771\">&#8211;<\/td>\n<\/tr>\n<tr>\n<td width=\"303\"><strong>\u1ed4 \u0111\u0129a quang (ODD)\u00a0<\/strong><\/td>\n<td width=\"771\">Kh\u00f4ng c\u00f3<\/td>\n<\/tr>\n<tr>\n<td colspan=\"2\" width=\"1076\"><strong>M\u00e0n h\u00ecnh<\/strong><\/td>\n<\/tr>\n<tr>\n<td width=\"303\">K\u00edch th\u01b0\u1edbc m\u00e0n h\u00ecnh<\/td>\n<td width=\"771\">15.6 inch<\/td>\n<\/tr>\n<tr>\n<td width=\"303\">\u0110\u1ed9 ph\u00e2n gi\u1ea3i<\/td>\n<td width=\"771\">FHD (1920 x 1080)<\/td>\n<\/tr>\n<tr>\n<td width=\"303\">T\u1ea7n s\u1ed1 qu\u00e9t<\/td>\n<td width=\"771\">&#8211;<\/td>\n<\/tr>\n<tr>\n<td width=\"303\">C\u00f4ng ngh\u1ec7 m\u00e0n h\u00ecnh<\/td>\n<td width=\"771\">IPS, 400 Nits Anti-Glare, ultraslim, Narrow Bezel, 100% sRGB<\/td>\n<\/tr>\n<tr>\n<td colspan=\"2\" width=\"1076\"><strong>\u0110\u1ed3 H\u1ecda (VGA)\u00a0<\/strong><\/td>\n<\/tr>\n<tr>\n<td width=\"303\">Card m\u00e0n h\u00ecnh<\/td>\n<td width=\"771\">\u00a0NVIDIA Quadro RTX A2000 GDDR6 4G<\/td>\n<\/tr>\n<tr>\n<td colspan=\"2\" width=\"1076\"><strong>K\u1ebft n\u1ed1i (Network)\u00a0<\/strong><\/td>\n<\/tr>\n<tr>\n<td width=\"303\">Wireless<\/td>\n<td width=\"771\">Intel Wi-Fi 6<\/td>\n<\/tr>\n<tr>\n<td width=\"303\">LAN<\/td>\n<td width=\"771\">\u00a0&#8211;<\/td>\n<\/tr>\n<tr>\n<td width=\"303\">Bluetooth<\/td>\n<td width=\"771\">\u00a0Bluetooth 5.0<\/td>\n<\/tr>\n<tr>\n<td colspan=\"2\" width=\"1076\"><strong>B\u00e0n ph\u00edm , Chu\u1ed9t\u00a0<\/strong><\/td>\n<\/tr>\n<tr>\n<td width=\"303\">Ki\u1ec3u b\u00e0n ph\u00edm<\/td>\n<td width=\"771\">B\u00e0n ph\u00edm ti\u00eau chu\u1ea9n<\/td>\n<\/tr>\n<tr>\n<td width=\"303\">Chu\u1ed9t<\/td>\n<td width=\"771\">C\u1ea3m \u1ee9ng \u0111a \u0111i\u1ec3m<\/td>\n<\/tr>\n<tr>\n<td colspan=\"2\" width=\"1076\"><strong>Giao ti\u1ebfp m\u1edf r\u1ed9ng\u00a0<\/strong><\/td>\n<\/tr>\n<tr>\n<td width=\"303\">K\u1ebft n\u1ed1i USB<\/td>\n<td width=\"771\">1 x USB 3.1 Gen1 Type-A<\/p>\n<p>2 x ThunderBolt 4 (DisplayPort\u00a01.4) h\u1ed7 tr\u1ee3 s\u1ea1c<\/td>\n<\/tr>\n<tr>\n<td width=\"303\">K\u1ebft n\u1ed1i HDMI\/VGA<\/td>\n<td width=\"771\">1 x HDMI 2.1<\/td>\n<\/tr>\n<tr>\n<td width=\"303\">Tai nghe<\/td>\n<td width=\"771\">1 x Mic-in\/ Headphone-out\u00a0combo jack<\/td>\n<\/tr>\n<tr>\n<td width=\"303\">Camera<\/td>\n<td width=\"771\">720P HD Camera(IR)<\/td>\n<\/tr>\n<tr>\n<td width=\"303\">Card m\u1edf r\u1ed9ng<\/td>\n<td width=\"771\">&#8211;<\/td>\n<\/tr>\n<tr>\n<td width=\"303\"><strong>LOA<\/strong><\/td>\n<td width=\"771\">2 Loa<\/td>\n<\/tr>\n<tr>\n<td width=\"303\"><strong>Ki\u1ec3u Pin<\/strong><\/td>\n<td width=\"771\">83Wh<\/td>\n<\/tr>\n<tr>\n<td width=\"303\"><strong>S\u1ea1c pin<\/strong><\/td>\n<td width=\"771\">\u0110i k\u00e8m<\/td>\n<\/tr>\n<tr>\n<td width=\"303\"><strong>H\u1ec7 \u0111i\u1ec1u h\u00e0nh\u00a0(b\u1ea3n quy\u1ec1n) \u0111i k\u00e8m\u00a0<\/strong><\/td>\n<td width=\"771\">Windows 10 Pro<\/td>\n<\/tr>\n<tr>\n<td width=\"303\"><strong>K\u00edch th\u01b0\u1edbc (D\u00e0i x R\u1ed9ng x Cao)<\/strong><\/td>\n<td width=\"771\">354 x 234 x 17.78 mm<\/td>\n<\/tr>\n<tr>\n<td width=\"303\"><strong>Tr\u1ecdng L\u01b0\u1ee3ng<\/strong><\/td>\n<td width=\"771\">1.79 kg<\/td>\n<\/tr>\n<tr>\n<td width=\"303\"><strong>M\u00e0u s\u1eafc<\/strong><\/td>\n<td width=\"771\">&#8211;<\/td>\n<\/tr>\n<tr>\n<td width=\"303\"><strong>Xu\u1ea5t X\u1ee9<\/strong><\/td>\n<td width=\"771\">Trung Qu\u1ed1c<\/td>\n<\/tr>\n<\/tbody>\n<\/table>\n","protected":false},"excerpt":{"rendered":"<ul>\n<li><span class=\"item \" style=\"color: #333333;\">CPU: Intel Core i7-11800H (upto 4.60 GHz, 24MB)<\/span><\/li>\n<li><span class=\"item \" style=\"color: #333333;\"><i class=\"fa fa-check-circle\"><\/i>RAM: 16GB DDR4 3200MHz<\/span><\/li>\n<li><span class=\"item \" style=\"color: #333333;\"><i class=\"fa fa-check-circle\"><\/i>\u1ed4 c\u1ee9ng: 512GB SSD M.2 PCIe<\/span><\/li>\n<li><span class=\"item \" style=\"color: #333333;\"><i class=\"fa fa-check-circle\"><\/i>VGA: NVIDIA Quadro RTX A2000 GDDR6 4G<\/span><\/li>\n<li><span class=\"item hide d-block\" style=\"color: #333333;\"><i class=\"fa fa-check-circle\"><\/i>M\u00e0n h\u00ecnh: 15.6 inch FHD (1920 x 1080), IPS, 400 Nits Anti-Glare, ultraslim, Narrow Bezel, 100% sRGB<\/span><\/li>\n<li><span class=\"item hide d-block\" style=\"color: #333333;\"><i class=\"fa fa-check-circle\"><\/i>OS: Windows 10 Pro<\/span><\/li>\n<li><span class=\"item hide d-block\" style=\"color: #333333;\"><i class=\"fa fa-check-circle\"><\/i>Pin: 83Wh<\/span><\/li>\n<li><span class=\"item hide d-block\" style=\"color: #333333;\"><i class=\"fa fa-check-circle\"><\/i>C\u00e2n n\u1eb7ng: 1.79 kg<\/span><\/li>\n<li><span class=\"item hide d-block\" style=\"color: #333333;\"><i class=\"fa fa-check-circle\"><\/i>T\u00ednh n\u0103ng: B\u1ea3o m\u1eadt v\u00e2n tay<\/span><\/li>\n<\/ul>\n","protected":false},"featured_media":3690,"template":"","meta":[],"product_brand":[],"product_cat":[249,251],"product_tag":[1788,1038,1785,1787,1786],"pa_bo-nho-trong":[],"pa_bo-vi-xu-ly":[],"pa_do-dai":[],"pa_do-phan-giai":[],"pa_hang-san-xuat":[],"pa_kich-thuoc-man-hinh":[],"pa_micro-thu-am":[],"pa_nha-thong-minh-rang-dong":[],"pa_o-cung":[],"pa_ong-kinh":[],"pa_poe":[],"pa_ports":[],"pa_tam-quan-sat":[],"pa_theo-chuan":[],"class_list":{"0":"post-3687","1":"product","2":"type-product","3":"status-publish","4":"has-post-thumbnail","6":"product_cat-may-tinh-laptop","7":"product_cat-may-tinh-xach-tay","8":"product_tag-30n01av","9":"product_tag-laptop-hp","10":"product_tag-laptop-hp-zbook-studio-15-g8-30n01av","11":"product_tag-zbook-studio-15-g8","12":"product_tag-zbook-studio-15-g8-30n01av","14":"first","15":"instock","16":"shipping-taxable","17":"product-type-simple"},"_links":{"self":[{"href":"https:\/\/vietbee.com\/en\/wp-json\/wp\/v2\/product\/3687","targetHints":{"allow":["GET"]}}],"collection":[{"href":"https:\/\/vietbee.com\/en\/wp-json\/wp\/v2\/product"}],"about":[{"href":"https:\/\/vietbee.com\/en\/wp-json\/wp\/v2\/types\/product"}],"wp:featuredmedia":[{"embeddable":true,"href":"https:\/\/vietbee.com\/en\/wp-json\/wp\/v2\/media\/3690"}],"wp:attachment":[{"href":"https:\/\/vietbee.com\/en\/wp-json\/wp\/v2\/media?parent=3687"}],"wp:term":[{"taxonomy":"product_brand","embeddable":true,"href":"https:\/\/vietbee.com\/en\/wp-json\/wp\/v2\/product_brand?post=3687"},{"taxonomy":"product_cat","embeddable":true,"href":"https:\/\/vietbee.com\/en\/wp-json\/wp\/v2\/product_cat?post=3687"},{"taxonomy":"product_tag","embeddable":true,"href":"https:\/\/vietbee.com\/en\/wp-json\/wp\/v2\/product_tag?post=3687"},{"taxonomy":"pa_bo-nho-trong","embeddable":true,"href":"https:\/\/vietbee.com\/en\/wp-json\/wp\/v2\/pa_bo-nho-trong?post=3687"},{"taxonomy":"pa_bo-vi-xu-ly","embeddable":true,"href":"https:\/\/vietbee.com\/en\/wp-json\/wp\/v2\/pa_bo-vi-xu-ly?post=3687"},{"taxonomy":"pa_do-dai","embeddable":true,"href":"https:\/\/vietbee.com\/en\/wp-json\/wp\/v2\/pa_do-dai?post=3687"},{"taxonomy":"pa_do-phan-giai","embeddable":true,"href":"https:\/\/vietbee.com\/en\/wp-json\/wp\/v2\/pa_do-phan-giai?post=3687"},{"taxonomy":"pa_hang-san-xuat","embeddable":true,"href":"https:\/\/vietbee.com\/en\/wp-json\/wp\/v2\/pa_hang-san-xuat?post=3687"},{"taxonomy":"pa_kich-thuoc-man-hinh","embeddable":true,"href":"https:\/\/vietbee.com\/en\/wp-json\/wp\/v2\/pa_kich-thuoc-man-hinh?post=3687"},{"taxonomy":"pa_micro-thu-am","embeddable":true,"href":"https:\/\/vietbee.com\/en\/wp-json\/wp\/v2\/pa_micro-thu-am?post=3687"},{"taxonomy":"pa_nha-thong-minh-rang-dong","embeddable":true,"href":"https:\/\/vietbee.com\/en\/wp-json\/wp\/v2\/pa_nha-thong-minh-rang-dong?post=3687"},{"taxonomy":"pa_o-cung","embeddable":true,"href":"https:\/\/vietbee.com\/en\/wp-json\/wp\/v2\/pa_o-cung?post=3687"},{"taxonomy":"pa_ong-kinh","embeddable":true,"href":"https:\/\/vietbee.com\/en\/wp-json\/wp\/v2\/pa_ong-kinh?post=3687"},{"taxonomy":"pa_poe","embeddable":true,"href":"https:\/\/vietbee.com\/en\/wp-json\/wp\/v2\/pa_poe?post=3687"},{"taxonomy":"pa_ports","embeddable":true,"href":"https:\/\/vietbee.com\/en\/wp-json\/wp\/v2\/pa_ports?post=3687"},{"taxonomy":"pa_tam-quan-sat","embeddable":true,"href":"https:\/\/vietbee.com\/en\/wp-json\/wp\/v2\/pa_tam-quan-sat?post=3687"},{"taxonomy":"pa_theo-chuan","embeddable":true,"href":"https:\/\/vietbee.com\/en\/wp-json\/wp\/v2\/pa_theo-chuan?post=3687"}],"curies":[{"name":"wp","href":"https:\/\/api.w.org\/{rel}","templated":true}]}}