{"id":3685,"date":"2022-10-18T07:14:08","date_gmt":"2022-10-18T07:14:08","guid":{"rendered":"https:\/\/vietbee.com\/?post_type=product&#038;p=3685"},"modified":"2022-10-18T07:14:08","modified_gmt":"2022-10-18T07:14:08","slug":"laptop-hp-zbook-power-15-g8-33d92av","status":"publish","type":"product","link":"https:\/\/vietbee.com\/en\/product\/laptop-hp-zbook-power-15-g8-33d92av\/","title":{"rendered":"Laptop HP ZBook Power 15 G8 33D92AV"},"content":{"rendered":"<p><strong>TH\u00d4NG S\u1ed0 K\u1ef8 THU\u1eacT:<\/strong><\/p>\n<table border=\"1\" cellspacing=\"0\" cellpadding=\"0\">\n<colgroup>\n<col \/>\n<col \/><\/colgroup>\n<tbody>\n<tr>\n<td class=\"xl67\" align=\"left\"><strong>Part Number<\/strong><\/td>\n<td class=\"xl67\" align=\"left\"><strong>33D92AV<\/strong><\/td>\n<\/tr>\n<tr>\n<td class=\"xl67\" align=\"left\">CPU<\/td>\n<td class=\"xl67\" align=\"left\">Intel Core i7-11800H (2.3 GHz &#8211; 4.6 GHz \/ 24MB \/ 8 nh\u00e2n, 16 lu\u00f4\u0300ng)<\/td>\n<\/tr>\n<tr>\n<td class=\"xl67\" align=\"left\">Chip \u0111\u00f4\u0300 ho\u0323a<\/td>\n<td class=\"xl67\" align=\"left\">NVIDIA Quadro T600 4GB GDDR6<\/td>\n<\/tr>\n<tr>\n<td class=\"xl67\" align=\"left\">RAM<\/td>\n<td class=\"xl67\" align=\"left\">2 x 8GB DDR4 3200MHz (2 Khe c\u1eafm \/ H\u1ed7 tr\u1ee3 t\u1ed1i \u0111a 16GB)<\/td>\n<\/tr>\n<tr>\n<td class=\"xl67\" align=\"left\">\u1ed4 c\u1ee9ng<\/td>\n<td class=\"xl67\" align=\"left\">1TB SSD M.2 NVMe<\/td>\n<\/tr>\n<tr>\n<td class=\"xl67\" align=\"left\">Ma\u0300n hi\u0300nh<\/td>\n<td class=\"xl67\" align=\"left\">15.6&#8242; (1920 x 1080) IPS kh\u00f4ng ca\u0309m \u01b0\u0301ng<\/td>\n<\/tr>\n<tr>\n<td class=\"xl67\" align=\"left\">C\u1ed5ng xu\u1ea5t h\u00ecnh<\/td>\n<td class=\"xl67\" align=\"left\">1 x HDMI, 1 x DisplayPort<\/td>\n<\/tr>\n<tr>\n<td class=\"xl67\" align=\"left\">C\u1ed5ng k\u1ebft n\u1ed1i<\/td>\n<td class=\"xl67\" align=\"left\">1 x USB Type C, 2 x USB 3.1, LAN 1 Gb\/s<\/td>\n<\/tr>\n<tr>\n<td class=\"xl67\" align=\"left\">K\u1ebft n\u1ed1i kh\u00f4ng d\u00e2y<\/td>\n<td class=\"xl67\" align=\"left\">WiFi 802.11ax (Wifi 6), Bluetooth 5.0<\/td>\n<\/tr>\n<tr>\n<td class=\"xl67\" align=\"left\">T\u00ednh n\u0103ng kh\u00e1c<\/td>\n<td class=\"xl67\" align=\"left\">B\u1ea3o m\u1eadt v\u00e2n tay<\/td>\n<\/tr>\n<tr>\n<td class=\"xl67\" align=\"left\">Webcam<\/td>\n<td class=\"xl67\" align=\"left\">HD webcam<\/td>\n<\/tr>\n<tr>\n<td class=\"xl67\" align=\"left\">B\u00e0n ph\u00edm<\/td>\n<td class=\"xl67\" align=\"left\">Th\u01b0\u01a1\u0300ng, co\u0301 phi\u0301m s\u00f4\u0301, LED<\/td>\n<\/tr>\n<tr>\n<td class=\"xl67\" align=\"left\">H\u1ec7 \u0111i\u1ec1u h\u00e0nh<\/td>\n<td class=\"xl67\" align=\"left\">Windows 10 Pro<\/td>\n<\/tr>\n<tr>\n<td class=\"xl67\" align=\"left\">Pin<\/td>\n<td class=\"xl67\" align=\"left\">6 cell Pin r\u1eddi<\/td>\n<\/tr>\n<tr>\n<td class=\"xl67\" align=\"left\">K\u00edch th\u01b0\u1edbc<\/td>\n<td class=\"xl67\" align=\"left\">35.94 x 23.39 x 2.28 cm<\/td>\n<\/tr>\n<tr>\n<td class=\"xl67\" align=\"left\">Tr\u1ecdng l\u01b0\u1ee3ng<\/td>\n<td class=\"xl67\" align=\"left\">1.9 kg<\/td>\n<\/tr>\n<tr>\n<td class=\"xl69\" align=\"left\">M\u00e0u s\u1eafc<\/td>\n<td class=\"xl70\" align=\"left\">B\u1ea1c<\/td>\n<\/tr>\n<\/tbody>\n<\/table>\n","protected":false},"excerpt":{"rendered":"<p><span style=\"color: #333333;\">&#8211; CPU: Intel Core i7-11800H<\/span><br \/>\n<span style=\"color: #333333;\">&#8211; M\u00e0n h\u00ecnh: 15.6&#8243; IPS (1920 x 1080)<\/span><br \/>\n<span style=\"color: #333333;\">&#8211; RAM: 2 x 8GB DDR4 3200MHz<\/span><br \/>\n<span style=\"color: #333333;\">&#8211; \u0110\u1ed3 h\u1ecda: Quadro T600 4GB GDDR6 \/ Intel UHD Graphics<\/span><br \/>\n<span style=\"color: #333333;\">&#8211; L\u01b0u tr\u1eef: 1TB SSD M.2 NVMe \/<\/span><br \/>\n<span style=\"color: #333333;\">&#8211; H\u1ec7 \u0111i\u1ec1u h\u00e0nh: Windows 10 Pro<\/span><br \/>\n<span style=\"color: #333333;\">&#8211; Pin: 6 cell Pin r\u1eddi<\/span><br \/>\n<span style=\"color: #333333;\">&#8211; Kh\u1ed1i l\u01b0\u1ee3ng: 1.9kg<\/span><\/p>\n","protected":false},"featured_media":3678,"template":"","meta":[],"product_brand":[],"product_cat":[249,251],"product_tag":[1783,1784,1038,1779,1782],"pa_bo-nho-trong":[],"pa_bo-vi-xu-ly":[],"pa_do-dai":[],"pa_do-phan-giai":[],"pa_hang-san-xuat":[],"pa_kich-thuoc-man-hinh":[],"pa_micro-thu-am":[],"pa_nha-thong-minh-rang-dong":[],"pa_o-cung":[],"pa_ong-kinh":[],"pa_poe":[],"pa_ports":[],"pa_tam-quan-sat":[],"pa_theo-chuan":[],"class_list":{"0":"post-3685","1":"product","2":"type-product","3":"status-publish","4":"has-post-thumbnail","6":"product_cat-may-tinh-laptop","7":"product_cat-may-tinh-xach-tay","8":"product_tag-33d92av","9":"product_tag-hp-zbook-power-15-g8-33d92av","10":"product_tag-laptop-hp","11":"product_tag-laptop-hp-zbook-power-15-g8","12":"product_tag-laptop-hp-zbook-power-15-g8-33d92av","14":"first","15":"instock","16":"shipping-taxable","17":"product-type-simple"},"_links":{"self":[{"href":"https:\/\/vietbee.com\/en\/wp-json\/wp\/v2\/product\/3685","targetHints":{"allow":["GET"]}}],"collection":[{"href":"https:\/\/vietbee.com\/en\/wp-json\/wp\/v2\/product"}],"about":[{"href":"https:\/\/vietbee.com\/en\/wp-json\/wp\/v2\/types\/product"}],"wp:featuredmedia":[{"embeddable":true,"href":"https:\/\/vietbee.com\/en\/wp-json\/wp\/v2\/media\/3678"}],"wp:attachment":[{"href":"https:\/\/vietbee.com\/en\/wp-json\/wp\/v2\/media?parent=3685"}],"wp:term":[{"taxonomy":"product_brand","embeddable":true,"href":"https:\/\/vietbee.com\/en\/wp-json\/wp\/v2\/product_brand?post=3685"},{"taxonomy":"product_cat","embeddable":true,"href":"https:\/\/vietbee.com\/en\/wp-json\/wp\/v2\/product_cat?post=3685"},{"taxonomy":"product_tag","embeddable":true,"href":"https:\/\/vietbee.com\/en\/wp-json\/wp\/v2\/product_tag?post=3685"},{"taxonomy":"pa_bo-nho-trong","embeddable":true,"href":"https:\/\/vietbee.com\/en\/wp-json\/wp\/v2\/pa_bo-nho-trong?post=3685"},{"taxonomy":"pa_bo-vi-xu-ly","embeddable":true,"href":"https:\/\/vietbee.com\/en\/wp-json\/wp\/v2\/pa_bo-vi-xu-ly?post=3685"},{"taxonomy":"pa_do-dai","embeddable":true,"href":"https:\/\/vietbee.com\/en\/wp-json\/wp\/v2\/pa_do-dai?post=3685"},{"taxonomy":"pa_do-phan-giai","embeddable":true,"href":"https:\/\/vietbee.com\/en\/wp-json\/wp\/v2\/pa_do-phan-giai?post=3685"},{"taxonomy":"pa_hang-san-xuat","embeddable":true,"href":"https:\/\/vietbee.com\/en\/wp-json\/wp\/v2\/pa_hang-san-xuat?post=3685"},{"taxonomy":"pa_kich-thuoc-man-hinh","embeddable":true,"href":"https:\/\/vietbee.com\/en\/wp-json\/wp\/v2\/pa_kich-thuoc-man-hinh?post=3685"},{"taxonomy":"pa_micro-thu-am","embeddable":true,"href":"https:\/\/vietbee.com\/en\/wp-json\/wp\/v2\/pa_micro-thu-am?post=3685"},{"taxonomy":"pa_nha-thong-minh-rang-dong","embeddable":true,"href":"https:\/\/vietbee.com\/en\/wp-json\/wp\/v2\/pa_nha-thong-minh-rang-dong?post=3685"},{"taxonomy":"pa_o-cung","embeddable":true,"href":"https:\/\/vietbee.com\/en\/wp-json\/wp\/v2\/pa_o-cung?post=3685"},{"taxonomy":"pa_ong-kinh","embeddable":true,"href":"https:\/\/vietbee.com\/en\/wp-json\/wp\/v2\/pa_ong-kinh?post=3685"},{"taxonomy":"pa_poe","embeddable":true,"href":"https:\/\/vietbee.com\/en\/wp-json\/wp\/v2\/pa_poe?post=3685"},{"taxonomy":"pa_ports","embeddable":true,"href":"https:\/\/vietbee.com\/en\/wp-json\/wp\/v2\/pa_ports?post=3685"},{"taxonomy":"pa_tam-quan-sat","embeddable":true,"href":"https:\/\/vietbee.com\/en\/wp-json\/wp\/v2\/pa_tam-quan-sat?post=3685"},{"taxonomy":"pa_theo-chuan","embeddable":true,"href":"https:\/\/vietbee.com\/en\/wp-json\/wp\/v2\/pa_theo-chuan?post=3685"}],"curies":[{"name":"wp","href":"https:\/\/api.w.org\/{rel}","templated":true}]}}