{"id":3670,"date":"2022-10-17T08:48:13","date_gmt":"2022-10-17T08:48:13","guid":{"rendered":"https:\/\/vietbee.com\/?post_type=product&#038;p=3670"},"modified":"2022-10-17T08:48:14","modified_gmt":"2022-10-17T08:48:14","slug":"laptop-hp-zbook-firefly-14-g8-1a2f1av-i5-16g-ddr4-3200","status":"publish","type":"product","link":"https:\/\/vietbee.com\/en\/product\/laptop-hp-zbook-firefly-14-g8-1a2f1av-i5-16g-ddr4-3200\/","title":{"rendered":"Laptop HP ZBook Firefly 14 G8 1A2F1AV-i5-16G-DDR4-3200"},"content":{"rendered":"<p><strong>TH\u00d4NG S\u1ed0 K\u1ef8 THU\u1eacT:<\/strong><\/p>\n<table border=\"1\" cellspacing=\"0\" cellpadding=\"0\">\n<colgroup>\n<col \/>\n<col \/><\/colgroup>\n<tbody>\n<tr>\n<td class=\"xl68\"><strong>Part Number<\/strong><\/td>\n<td class=\"xl68\"><strong>1A2F1AV-i5-16G-DDR4-3200<\/strong><\/td>\n<\/tr>\n<tr>\n<td class=\"xl69\">CPU<\/td>\n<td class=\"xl69\">Core i5-1135G7 (2.40GHz up to 4.20GHz, 8 MB cache, 4 cores)<\/td>\n<\/tr>\n<tr>\n<td class=\"xl69\">RAM<\/td>\n<td class=\"xl69\">16GB DDR4 3200MHz<\/td>\n<\/tr>\n<tr>\n<td class=\"xl69\">\u1ed4 c\u1ee9ng<\/td>\n<td class=\"xl69\">SSD 512GB PCIe NVMe<\/td>\n<\/tr>\n<tr>\n<td class=\"xl69\">Chip \u0111\u00f4\u0300 ho\u0323a<\/td>\n<td class=\"xl69\">Intel Iris Xe Graphics<\/td>\n<\/tr>\n<tr>\n<td class=\"xl69\">Ma\u0300n hi\u0300nh<\/td>\n<td class=\"xl69\">14\u2033, FHD (1920 x 1080), IPS, anti-glare, 250 nits, 45% NTSC<\/td>\n<\/tr>\n<tr>\n<td class=\"xl69\">K\u1ebft n\u1ed1i USB<\/td>\n<td class=\"xl69\">1 SuperSpeed USB Type-A 5Gbps signaling rate;<br \/>\n1 SuperSpeed USB Type-A 5Gbps signaling rate (charging)<br \/>\n2 Thunderbolt\u2122 4 with USB4\u2122 Type-C\u00ae 40Gbps signaling rate (USB Power Delivery, DisplayPort\u2122 1.4, HP Sleep and Charge)<\/td>\n<\/tr>\n<tr>\n<td class=\"xl69\">K\u1ebft n\u1ed1i HDMI\/VGA<\/td>\n<td class=\"xl69\">1 HDMI 1.4b<\/td>\n<\/tr>\n<tr>\n<td class=\"xl69\">Tai nghe<\/td>\n<td class=\"xl69\">1 headphone\/microphone combo<\/td>\n<\/tr>\n<tr>\n<td class=\"xl69\">K\u1ebft n\u1ed1i kh\u00f4ng d\u00e2y<\/td>\n<td class=\"xl69\">Intel\u00ae AX201 Wi-Fi 6 (2&#215;2), Bluetooth<\/td>\n<\/tr>\n<tr>\n<td class=\"xl69\">Webcam<\/td>\n<td class=\"xl69\">HD 720p Dual AryMic<\/td>\n<\/tr>\n<tr>\n<td class=\"xl69\">\u00c2m thanh<\/td>\n<td class=\"xl69\">2 loa<\/td>\n<\/tr>\n<tr>\n<td class=\"xl69\">B\u00e0n ph\u00edm<\/td>\n<td class=\"xl69\">Ti\u00eau chu\u1ea9n<\/td>\n<\/tr>\n<tr>\n<td class=\"xl69\">B\u1ea3o m\u1eadt<\/td>\n<td class=\"xl69\">V\u00e2n tay<\/td>\n<\/tr>\n<tr>\n<td class=\"xl69\">H\u1ec7 \u0111i\u1ec1u h\u00e0nh<\/td>\n<td class=\"xl69\">Windows 10 Pro 64<\/td>\n<\/tr>\n<tr>\n<td class=\"xl69\">Pin<\/td>\n<td class=\"xl69\">3 Cell, 53 WHr<\/td>\n<\/tr>\n<tr>\n<td class=\"xl69\">M\u00e0u s\u1eafc<\/td>\n<td class=\"xl69\">B\u1ea1c<\/td>\n<\/tr>\n<tr>\n<td class=\"xl69\">K\u00edch th\u01b0\u1edbc<\/td>\n<td class=\"xl70\" align=\"left\">32.3 x 21.46 x 1.79 cm<\/td>\n<\/tr>\n<tr>\n<td class=\"xl69\">Tr\u1ecdng l\u01b0\u1ee3ng<\/td>\n<td class=\"xl69\">1.41kg<\/td>\n<\/tr>\n<\/tbody>\n<\/table>\n","protected":false},"excerpt":{"rendered":"<ul>\n<li><span style=\"font-size: 110%; color: #000000;\">M\u00e1y t\u00ednh x\u00e1ch tay HP ZBook Firefly 14 G8\/ Intel Core i5-1135G7 (2.40 Ghz, 4C8T, 8MB)\/ 16GB (1x16GB) DDR4-3200\/ SSD 512GB M.2 2280 PCIe NVMe\/ Intel\u00ae Iris\u00ae Xe Graphics\/ 14\u201d FHD\/ Webcam HD\/ Wifi AX + BT\/ Fingerprint\/ Windows 10 Pro 64\/ Silver\/ 1,35kg\/1Y Onsite WTY_1A2F1AV<\/span><\/li>\n<\/ul>\n","protected":false},"featured_media":3667,"template":"","meta":[],"product_brand":[],"product_cat":[249,251],"product_tag":[1772,1038,1771,1770],"pa_bo-nho-trong":[],"pa_bo-vi-xu-ly":[],"pa_do-dai":[],"pa_do-phan-giai":[],"pa_hang-san-xuat":[],"pa_kich-thuoc-man-hinh":[],"pa_micro-thu-am":[],"pa_nha-thong-minh-rang-dong":[],"pa_o-cung":[],"pa_ong-kinh":[],"pa_poe":[],"pa_ports":[],"pa_tam-quan-sat":[],"pa_theo-chuan":[],"class_list":{"0":"post-3670","1":"product","2":"type-product","3":"status-publish","4":"has-post-thumbnail","6":"product_cat-may-tinh-laptop","7":"product_cat-may-tinh-xach-tay","8":"product_tag-1a2f1av-i5-16g-ddr4-3200","9":"product_tag-laptop-hp","10":"product_tag-laptop-hp-zbook-firefly-14-g8","11":"product_tag-laptop-hp-zbook-firefly-14-g8-1a2f1av-i5-16g-ddr4-3200","13":"first","14":"instock","15":"shipping-taxable","16":"product-type-simple"},"_links":{"self":[{"href":"https:\/\/vietbee.com\/en\/wp-json\/wp\/v2\/product\/3670","targetHints":{"allow":["GET"]}}],"collection":[{"href":"https:\/\/vietbee.com\/en\/wp-json\/wp\/v2\/product"}],"about":[{"href":"https:\/\/vietbee.com\/en\/wp-json\/wp\/v2\/types\/product"}],"wp:featuredmedia":[{"embeddable":true,"href":"https:\/\/vietbee.com\/en\/wp-json\/wp\/v2\/media\/3667"}],"wp:attachment":[{"href":"https:\/\/vietbee.com\/en\/wp-json\/wp\/v2\/media?parent=3670"}],"wp:term":[{"taxonomy":"product_brand","embeddable":true,"href":"https:\/\/vietbee.com\/en\/wp-json\/wp\/v2\/product_brand?post=3670"},{"taxonomy":"product_cat","embeddable":true,"href":"https:\/\/vietbee.com\/en\/wp-json\/wp\/v2\/product_cat?post=3670"},{"taxonomy":"product_tag","embeddable":true,"href":"https:\/\/vietbee.com\/en\/wp-json\/wp\/v2\/product_tag?post=3670"},{"taxonomy":"pa_bo-nho-trong","embeddable":true,"href":"https:\/\/vietbee.com\/en\/wp-json\/wp\/v2\/pa_bo-nho-trong?post=3670"},{"taxonomy":"pa_bo-vi-xu-ly","embeddable":true,"href":"https:\/\/vietbee.com\/en\/wp-json\/wp\/v2\/pa_bo-vi-xu-ly?post=3670"},{"taxonomy":"pa_do-dai","embeddable":true,"href":"https:\/\/vietbee.com\/en\/wp-json\/wp\/v2\/pa_do-dai?post=3670"},{"taxonomy":"pa_do-phan-giai","embeddable":true,"href":"https:\/\/vietbee.com\/en\/wp-json\/wp\/v2\/pa_do-phan-giai?post=3670"},{"taxonomy":"pa_hang-san-xuat","embeddable":true,"href":"https:\/\/vietbee.com\/en\/wp-json\/wp\/v2\/pa_hang-san-xuat?post=3670"},{"taxonomy":"pa_kich-thuoc-man-hinh","embeddable":true,"href":"https:\/\/vietbee.com\/en\/wp-json\/wp\/v2\/pa_kich-thuoc-man-hinh?post=3670"},{"taxonomy":"pa_micro-thu-am","embeddable":true,"href":"https:\/\/vietbee.com\/en\/wp-json\/wp\/v2\/pa_micro-thu-am?post=3670"},{"taxonomy":"pa_nha-thong-minh-rang-dong","embeddable":true,"href":"https:\/\/vietbee.com\/en\/wp-json\/wp\/v2\/pa_nha-thong-minh-rang-dong?post=3670"},{"taxonomy":"pa_o-cung","embeddable":true,"href":"https:\/\/vietbee.com\/en\/wp-json\/wp\/v2\/pa_o-cung?post=3670"},{"taxonomy":"pa_ong-kinh","embeddable":true,"href":"https:\/\/vietbee.com\/en\/wp-json\/wp\/v2\/pa_ong-kinh?post=3670"},{"taxonomy":"pa_poe","embeddable":true,"href":"https:\/\/vietbee.com\/en\/wp-json\/wp\/v2\/pa_poe?post=3670"},{"taxonomy":"pa_ports","embeddable":true,"href":"https:\/\/vietbee.com\/en\/wp-json\/wp\/v2\/pa_ports?post=3670"},{"taxonomy":"pa_tam-quan-sat","embeddable":true,"href":"https:\/\/vietbee.com\/en\/wp-json\/wp\/v2\/pa_tam-quan-sat?post=3670"},{"taxonomy":"pa_theo-chuan","embeddable":true,"href":"https:\/\/vietbee.com\/en\/wp-json\/wp\/v2\/pa_theo-chuan?post=3670"}],"curies":[{"name":"wp","href":"https:\/\/api.w.org\/{rel}","templated":true}]}}