{"id":3534,"date":"2022-10-13T07:22:09","date_gmt":"2022-10-13T07:22:09","guid":{"rendered":"https:\/\/vietbee.com\/?post_type=product&#038;p=3534"},"modified":"2022-10-13T07:22:09","modified_gmt":"2022-10-13T07:22:09","slug":"laptop-hp-14s-dq2545tu-46m23pa","status":"publish","type":"product","link":"https:\/\/vietbee.com\/en\/product\/laptop-hp-14s-dq2545tu-46m23pa\/","title":{"rendered":"Laptop HP 14s-dq2545TU 46M23PA"},"content":{"rendered":"<table border=\"1\" width=\"100%\">\n<tbody>\n<tr>\n<td width=\"303\"><strong>H\u00e3ng s\u1ea3n xu\u1ea5t\u00a0<\/strong><\/td>\n<td width=\"771\">LaptopHP<\/td>\n<\/tr>\n<tr>\n<td width=\"303\"><strong>T\u00ean s\u1ea3n ph\u1ea9m<\/strong><\/td>\n<td width=\"771\">HP 14s-dq2545TU 46M23PA<\/td>\n<\/tr>\n<tr>\n<td width=\"303\"><strong>Nh\u00f3m thu\u1ed9c t\u00ednh<\/strong><\/td>\n<td width=\"771\">\u00a0Laptop I Laptop v\u0103n ph\u00f2ng<\/td>\n<\/tr>\n<tr>\n<td colspan=\"2\" width=\"303\"><strong>B\u1ed9 vi x\u1eed l\u00fd<\/strong><\/td>\n<\/tr>\n<tr>\n<td width=\"303\">B\u1ed9 vi x\u1eed l\u00fd<\/td>\n<td width=\"771\">\u00a0Intel\u00ae Core i5-1135G7<\/td>\n<\/tr>\n<tr>\n<td width=\"303\">T\u1ed1c \u0111\u1ed9<\/td>\n<td width=\"771\">upto 4.20 GHz, 4 cores\u00a08 threads<\/td>\n<\/tr>\n<tr>\n<td width=\"303\">B\u1ed9 nh\u1edb \u0111\u1ec7m<\/td>\n<td width=\"771\">8MB Cache<\/td>\n<\/tr>\n<tr>\n<td colspan=\"2\" width=\"1076\"><strong>B\u1ed9 nh\u1edb trong (RAM)<\/strong><\/td>\n<\/tr>\n<tr>\n<td width=\"303\">Dung l\u01b0\u1ee3ng<\/td>\n<td width=\"771\">8GB (2 x 4GB) DDR4-3200MHz<\/td>\n<\/tr>\n<tr>\n<td width=\"303\">S\u1ed1 khe c\u1eafm<\/td>\n<td width=\"771\"><\/td>\n<\/tr>\n<tr>\n<td colspan=\"2\" width=\"1076\"><strong>\u1ed4 c\u1ee9ng\u00a0<\/strong><\/td>\n<\/tr>\n<tr>\n<td width=\"303\">Dung l\u01b0\u1ee3ng<\/td>\n<td width=\"771\">256GB PCIe\u00ae NVMe\u2122 M.2 SSD<\/td>\n<\/tr>\n<tr>\n<td width=\"303\">T\u1ed1c \u0111\u1ed9 v\u00f2ng quay<\/td>\n<td width=\"771\"><\/td>\n<\/tr>\n<tr>\n<td width=\"303\"><strong>Khe c\u1eafm SSD m\u1edf r\u1ed9ng<\/strong><\/td>\n<td width=\"771\"><\/td>\n<\/tr>\n<tr>\n<td width=\"303\"><strong>\u1ed4 \u0111\u0129a quang (ODD)\u00a0<\/strong><\/td>\n<td width=\"771\">\u00a0Kh\u00f4ng<\/td>\n<\/tr>\n<tr>\n<td colspan=\"2\" width=\"1076\"><strong>Hi\u1ec3n th\u1ecb\u00a0<\/strong><\/td>\n<\/tr>\n<tr>\n<td width=\"303\">M\u00e0n h\u00ecnh<\/td>\n<td width=\"771\">14 inch HD (1366 x 768), micro-edge, BrightView, 250 nits, 45% NTSC<\/td>\n<\/tr>\n<tr>\n<td width=\"303\">\u0110\u1ed9 ph\u00e2n gi\u1ea3i<\/td>\n<td width=\"771\">1366 x 768<\/td>\n<\/tr>\n<tr>\n<td colspan=\"2\" width=\"1076\"><strong>\u0110\u1ed3 H\u1ecda (VGA)\u00a0<\/strong><\/td>\n<\/tr>\n<tr>\n<td width=\"303\">Card m\u00e0n h\u00ecnh<\/td>\n<td width=\"771\">\u00a0Intel\u00ae Iris\u00ae Xe Graphics<\/td>\n<\/tr>\n<tr>\n<td colspan=\"2\" width=\"1076\"><strong>K\u1ebft n\u1ed1i (Network)\u00a0<\/strong><\/td>\n<\/tr>\n<tr>\n<td width=\"303\">Wireless<\/td>\n<td width=\"771\">Intel\u00ae Wireless-AC 9461 802.11a\/b\/g\/n\/ac (1&#215;1) Wi-Fi<\/td>\n<\/tr>\n<tr>\n<td width=\"303\">LAN<\/td>\n<td width=\"771\"><\/td>\n<\/tr>\n<tr>\n<td width=\"303\">Bluetooth<\/td>\n<td width=\"771\">Bluetooth\u00ae 5 combo<\/td>\n<\/tr>\n<tr>\n<td colspan=\"2\" width=\"1076\"><strong>B\u00e0n ph\u00edm , Chu\u1ed9t\u00a0<\/strong><\/td>\n<\/tr>\n<tr>\n<td width=\"303\">Ki\u1ec3u b\u00e0n ph\u00edm<\/td>\n<td width=\"771\">B\u00e0n ph\u00edm ti\u00eau chu\u1ea9n<\/td>\n<\/tr>\n<tr>\n<td width=\"303\">Chu\u1ed9t<\/td>\n<td width=\"771\">C\u1ea3m \u1ee9ng \u0111a \u0111i\u1ec3m<\/td>\n<\/tr>\n<tr>\n<td colspan=\"2\" width=\"1076\"><strong>Giao ti\u1ebfp m\u1edf r\u1ed9ng\u00a0<\/strong><\/td>\n<\/tr>\n<tr>\n<td width=\"303\">K\u1ebft n\u1ed1i USB<\/td>\n<td width=\"771\">1 SuperSpeed USB Type-C\u00ae 5Gbps signaling rate;<br \/>\n2 SuperSpeed USB Type-A 5Gbps signaling rate<\/td>\n<\/tr>\n<tr>\n<td width=\"303\">K\u1ebft n\u1ed1i HDMI\/VGA<\/td>\n<td width=\"771\">1 HDMI 1.4b<\/td>\n<\/tr>\n<tr>\n<td width=\"303\">Tai nghe<\/td>\n<td width=\"771\">1 headphone\/microphone combo<\/td>\n<\/tr>\n<tr>\n<td width=\"303\">Camera<\/td>\n<td width=\"771\">HP True Vision 720p HD camera with integrated dual array digital microphones<\/td>\n<\/tr>\n<tr>\n<td width=\"303\">Card m\u1edf r\u1ed9ng<\/td>\n<td width=\"771\">1 multi-format SD media card reader<\/td>\n<\/tr>\n<tr>\n<td width=\"303\"><strong>LOA<\/strong><\/td>\n<td width=\"771\">2 Loa<\/td>\n<\/tr>\n<tr>\n<td width=\"303\"><strong>Ki\u1ec3u Pin<\/strong><\/td>\n<td width=\"771\">\u00a03-cell, 41 Wh Li-ion<\/td>\n<\/tr>\n<tr>\n<td width=\"303\"><strong>S\u1ea1c pin<\/strong><\/td>\n<td width=\"771\">\u0110i k\u00e8m<\/td>\n<\/tr>\n<tr>\n<td width=\"303\"><strong>H\u1ec7 \u0111i\u1ec1u h\u00e0nh\u00a0(b\u1ea3n quy\u1ec1n) \u0111i k\u00e8m\u00a0<\/strong><\/td>\n<td width=\"771\">Windows 11 Home 64 bits<\/td>\n<\/tr>\n<tr>\n<td width=\"303\"><strong>K\u00edch th\u01b0\u1edbc (D\u00e0i x R\u1ed9ng x Cao)<\/strong><\/td>\n<td width=\"771\">32.4 x 22.5 x 1.79 cm<\/td>\n<\/tr>\n<tr>\n<td width=\"303\"><strong>Tr\u1ecdng L\u01b0\u1ee3ng<\/strong><\/td>\n<td width=\"771\">1.46 kg<\/td>\n<\/tr>\n<tr>\n<td width=\"303\"><strong>M\u00e0u s\u1eafc<\/strong><\/td>\n<td width=\"771\">B\u1ea1c<\/td>\n<\/tr>\n<tr>\n<td width=\"303\"><strong>Xu\u1ea5t x\u1ee9<\/strong><\/td>\n<td width=\"771\">Trung Qu\u1ed1c<\/td>\n<\/tr>\n<\/tbody>\n<\/table>\n<p>&nbsp;","protected":false},"excerpt":{"rendered":"<ul>\n<li><span class=\"item \" style=\"color: #000000;\">CPU: Intel\u00ae Core i5-1135G7 (upto 4.20 GHz, 8 MB)<\/span><\/li>\n<li><span class=\"item \" style=\"color: #000000;\"><i class=\"fa fa-check-circle\"><\/i>RAM: 8GB (2 x 4GB) DDR4-3200MHz (2 khe)<\/span><\/li>\n<li><span class=\"item \" style=\"color: #000000;\"><i class=\"fa fa-check-circle\"><\/i>\u1ed4 c\u1ee9ng: 256GB PCIe\u00ae NVMe\u2122 M.2 SSD<\/span><\/li>\n<li><span class=\"item \" style=\"color: #000000;\"><i class=\"fa fa-check-circle\"><\/i>VGA: Intel\u00ae Iris\u00ae Xe Graphics<\/span><\/li>\n<li><span class=\"item hide d-block\" style=\"color: #000000;\"><i class=\"fa fa-check-circle\"><\/i>M\u00e0n h\u00ecnh: 14 inch HD (1366 x 768), micro-edge, BrightView, 250 nits, 45% NTSC<\/span><\/li>\n<li><span class=\"item hide d-block\" style=\"color: #000000;\"><i class=\"fa fa-check-circle\"><\/i>Pin: 3-cell, 41 Wh Li-ion<\/span><\/li>\n<li><span class=\"item hide d-block\" style=\"color: #000000;\"><i class=\"fa fa-check-circle\"><\/i>C\u00e2n n\u1eb7ng: 1.46 kg<\/span><\/li>\n<li><span class=\"item hide d-block\" style=\"color: #000000;\"><i class=\"fa fa-check-circle\"><\/i>M\u00e0u s\u1eafc: B\u1ea1c<\/span><\/li>\n<li><span class=\"item hide d-block\" style=\"color: #000000;\"><i class=\"fa fa-check-circle\"><\/i>OS: Windows 11 Home 64 bits<\/span><\/li>\n<\/ul>\n","protected":false},"featured_media":3535,"template":"","meta":[],"product_brand":[],"product_cat":[249,251],"product_tag":[1758,1757,1038,1756,1755],"pa_bo-nho-trong":[],"pa_bo-vi-xu-ly":[],"pa_do-dai":[],"pa_do-phan-giai":[],"pa_hang-san-xuat":[],"pa_kich-thuoc-man-hinh":[],"pa_micro-thu-am":[],"pa_nha-thong-minh-rang-dong":[],"pa_o-cung":[],"pa_ong-kinh":[],"pa_poe":[],"pa_ports":[],"pa_tam-quan-sat":[],"pa_theo-chuan":[],"class_list":{"0":"post-3534","1":"product","2":"type-product","3":"status-publish","4":"has-post-thumbnail","6":"product_cat-may-tinh-laptop","7":"product_cat-may-tinh-xach-tay","8":"product_tag-14s-dq2545tu-46m23pa","9":"product_tag-46m23pa","10":"product_tag-laptop-hp","11":"product_tag-laptop-hp-14s-dq2545tu","12":"product_tag-laptop-hp-14s-dq2545tu-46m23pa","14":"first","15":"instock","16":"shipping-taxable","17":"product-type-simple"},"_links":{"self":[{"href":"https:\/\/vietbee.com\/en\/wp-json\/wp\/v2\/product\/3534","targetHints":{"allow":["GET"]}}],"collection":[{"href":"https:\/\/vietbee.com\/en\/wp-json\/wp\/v2\/product"}],"about":[{"href":"https:\/\/vietbee.com\/en\/wp-json\/wp\/v2\/types\/product"}],"wp:featuredmedia":[{"embeddable":true,"href":"https:\/\/vietbee.com\/en\/wp-json\/wp\/v2\/media\/3535"}],"wp:attachment":[{"href":"https:\/\/vietbee.com\/en\/wp-json\/wp\/v2\/media?parent=3534"}],"wp:term":[{"taxonomy":"product_brand","embeddable":true,"href":"https:\/\/vietbee.com\/en\/wp-json\/wp\/v2\/product_brand?post=3534"},{"taxonomy":"product_cat","embeddable":true,"href":"https:\/\/vietbee.com\/en\/wp-json\/wp\/v2\/product_cat?post=3534"},{"taxonomy":"product_tag","embeddable":true,"href":"https:\/\/vietbee.com\/en\/wp-json\/wp\/v2\/product_tag?post=3534"},{"taxonomy":"pa_bo-nho-trong","embeddable":true,"href":"https:\/\/vietbee.com\/en\/wp-json\/wp\/v2\/pa_bo-nho-trong?post=3534"},{"taxonomy":"pa_bo-vi-xu-ly","embeddable":true,"href":"https:\/\/vietbee.com\/en\/wp-json\/wp\/v2\/pa_bo-vi-xu-ly?post=3534"},{"taxonomy":"pa_do-dai","embeddable":true,"href":"https:\/\/vietbee.com\/en\/wp-json\/wp\/v2\/pa_do-dai?post=3534"},{"taxonomy":"pa_do-phan-giai","embeddable":true,"href":"https:\/\/vietbee.com\/en\/wp-json\/wp\/v2\/pa_do-phan-giai?post=3534"},{"taxonomy":"pa_hang-san-xuat","embeddable":true,"href":"https:\/\/vietbee.com\/en\/wp-json\/wp\/v2\/pa_hang-san-xuat?post=3534"},{"taxonomy":"pa_kich-thuoc-man-hinh","embeddable":true,"href":"https:\/\/vietbee.com\/en\/wp-json\/wp\/v2\/pa_kich-thuoc-man-hinh?post=3534"},{"taxonomy":"pa_micro-thu-am","embeddable":true,"href":"https:\/\/vietbee.com\/en\/wp-json\/wp\/v2\/pa_micro-thu-am?post=3534"},{"taxonomy":"pa_nha-thong-minh-rang-dong","embeddable":true,"href":"https:\/\/vietbee.com\/en\/wp-json\/wp\/v2\/pa_nha-thong-minh-rang-dong?post=3534"},{"taxonomy":"pa_o-cung","embeddable":true,"href":"https:\/\/vietbee.com\/en\/wp-json\/wp\/v2\/pa_o-cung?post=3534"},{"taxonomy":"pa_ong-kinh","embeddable":true,"href":"https:\/\/vietbee.com\/en\/wp-json\/wp\/v2\/pa_ong-kinh?post=3534"},{"taxonomy":"pa_poe","embeddable":true,"href":"https:\/\/vietbee.com\/en\/wp-json\/wp\/v2\/pa_poe?post=3534"},{"taxonomy":"pa_ports","embeddable":true,"href":"https:\/\/vietbee.com\/en\/wp-json\/wp\/v2\/pa_ports?post=3534"},{"taxonomy":"pa_tam-quan-sat","embeddable":true,"href":"https:\/\/vietbee.com\/en\/wp-json\/wp\/v2\/pa_tam-quan-sat?post=3534"},{"taxonomy":"pa_theo-chuan","embeddable":true,"href":"https:\/\/vietbee.com\/en\/wp-json\/wp\/v2\/pa_theo-chuan?post=3534"}],"curies":[{"name":"wp","href":"https:\/\/api.w.org\/{rel}","templated":true}]}}