{"id":3529,"date":"2022-10-13T04:27:24","date_gmt":"2022-10-13T04:27:24","guid":{"rendered":"https:\/\/vietbee.com\/?post_type=product&#038;p=3529"},"modified":"2022-10-13T04:27:25","modified_gmt":"2022-10-13T04:27:25","slug":"laptop-hp-envy-x360-convert-13-ay1056au-601q8a","status":"publish","type":"product","link":"https:\/\/vietbee.com\/en\/product\/laptop-hp-envy-x360-convert-13-ay1056au-601q8a\/","title":{"rendered":"Laptop HP Envy x360 Convert 13 ay1056AU 601Q8A"},"content":{"rendered":"<table border=\"1\" width=\"100%\">\n<tbody>\n<tr>\n<td width=\"303\"><strong>H\u00e3ng s\u1ea3n xu\u1ea5t<\/strong><\/td>\n<td width=\"771\">Laptop HP<\/td>\n<\/tr>\n<tr>\n<td width=\"303\"><strong>T\u00ean s\u1ea3n ph\u1ea9m\u00a0 \u00a0<\/strong><\/td>\n<td width=\"771\">Laptop HP Envy x360 Convert 13 ay1056AU 601Q8A<\/td>\n<\/tr>\n<tr>\n<td width=\"303\"><strong>D\u00f2ng Laptop<\/strong><\/td>\n<td width=\"771\">Laptop I Laptop nh\u1ecf g\u1ecdn I Laptop c\u1ea3m \u1ee9ng -2 trong 1 I Laptop Windows 11 I Laptop doanh nh\u00e2n<\/td>\n<\/tr>\n<tr>\n<td colspan=\"2\" width=\"303\"><strong>B\u1ed9 vi x\u1eed l\u00fd<\/strong><\/td>\n<\/tr>\n<tr>\n<td width=\"303\">C\u00f4ng ngh\u1ec7 CPU<\/td>\n<td width=\"771\">AMD Ryzen\u2122 7-5800U (1.9GHz upto 4.4GHz, 16MB)<\/td>\n<\/tr>\n<tr>\n<td width=\"303\">S\u1ed1 nh\u00e2n<\/td>\n<td width=\"771\">8<\/td>\n<\/tr>\n<tr>\n<td width=\"303\">S\u1ed1 lu\u1ed3ng<\/td>\n<td width=\"771\">16<\/td>\n<\/tr>\n<tr>\n<td width=\"303\">T\u1ed1c \u0111\u1ed9 CPU<\/td>\n<td width=\"771\">1.9GHz<\/td>\n<\/tr>\n<tr>\n<td width=\"303\">T\u1ed1c \u0111\u1ed9 t\u1ed1i \u0111a<\/td>\n<td width=\"771\">4.4GHz<\/td>\n<\/tr>\n<tr>\n<td width=\"303\">B\u1ed9 nh\u1edb \u0111\u1ec7m<\/td>\n<td width=\"771\">\n<div class=\"field__label\">\n<p>L2 Cache: 4MB<\/p>\n<div class=\"field__label\">L3 Cache: 16MB<\/div>\n<\/div>\n<\/td>\n<\/tr>\n<tr>\n<td colspan=\"2\" width=\"1076\"><strong>B\u1ed9 nh\u1edb trong (RAM)<\/strong><\/td>\n<\/tr>\n<tr>\n<td width=\"303\">RAM<\/td>\n<td width=\"771\">\u00a08GB(onboard)<\/td>\n<\/tr>\n<tr>\n<td width=\"303\">Lo\u1ea1i RAM<\/td>\n<td width=\"771\">DDR4<\/td>\n<\/tr>\n<tr>\n<td width=\"303\">T\u1ed1c \u0111\u1ed9 Bus RAM<\/td>\n<td width=\"771\">3200MHz<\/td>\n<\/tr>\n<tr>\n<td width=\"303\">S\u1ed1 khe c\u1eafm<\/td>\n<td width=\"771\">&#8211;<\/td>\n<\/tr>\n<tr>\n<td width=\"303\">H\u1ed7 tr\u1ee3 RAM t\u1ed1i \u0111a<\/td>\n<td width=\"771\">&#8211;<\/td>\n<\/tr>\n<tr>\n<td colspan=\"2\" width=\"1076\"><strong>\u1ed4 c\u1ee9ng\u00a0<\/strong><\/td>\n<\/tr>\n<tr>\n<td width=\"303\">Dung l\u01b0\u1ee3ng<\/td>\n<td width=\"771\">256GB PCIe\u00ae NVMe\u2122 M.2 SSD<\/td>\n<\/tr>\n<tr>\n<td width=\"303\">T\u1ed1c \u0111\u1ed9 v\u00f2ng quay<\/td>\n<td width=\"771\"><\/td>\n<\/tr>\n<tr>\n<td width=\"303\"><strong>Khe c\u1eafm SSD m\u1edf r\u1ed9ng<\/strong><\/td>\n<td width=\"771\">&#8211;<\/td>\n<\/tr>\n<tr>\n<td width=\"303\"><strong>\u1ed4 \u0111\u0129a quang (ODD)\u00a0<\/strong><\/td>\n<td width=\"771\">Kh\u00f4ng c\u00f3<\/td>\n<\/tr>\n<tr>\n<td colspan=\"2\" width=\"1076\"><strong>M\u00e0n h\u00ecnh<\/strong><\/td>\n<\/tr>\n<tr>\n<td width=\"303\">K\u00edch th\u01b0\u1edbc m\u00e0n h\u00ecnh<\/td>\n<td width=\"771\">\u00a013.3 inch<\/td>\n<\/tr>\n<tr>\n<td width=\"303\">\u0110\u1ed9 ph\u00e2n gi\u1ea3i<\/td>\n<td width=\"771\">FHD (1920 x 1080)<\/td>\n<\/tr>\n<tr>\n<td width=\"303\">T\u1ea7n s\u1ed1 qu\u00e9t<\/td>\n<td width=\"771\">&#8211;<\/td>\n<\/tr>\n<tr>\n<td width=\"303\">C\u00f4ng ngh\u1ec7 m\u00e0n h\u00ecnh<\/td>\n<td width=\"771\">IPS, edge-to-edge glass, micro-edge, Corning\u00ae Gorilla\u00ae Glass NBT\u2122, 400 nits, 100% sRGB &#8211; C\u1ea3m \u1ee9ng<\/td>\n<\/tr>\n<tr>\n<td colspan=\"2\" width=\"1076\"><strong>\u0110\u1ed3 H\u1ecda (VGA)\u00a0<\/strong><\/td>\n<\/tr>\n<tr>\n<td width=\"303\">Card m\u00e0n h\u00ecnh<\/td>\n<td width=\"771\">\u00a0AMD Radeon\u2122 Graphics<\/td>\n<\/tr>\n<tr>\n<td colspan=\"2\" width=\"1076\"><strong>K\u1ebft n\u1ed1i (Network)\u00a0<\/strong><\/td>\n<\/tr>\n<tr>\n<td width=\"303\">Wireless<\/td>\n<td width=\"771\">Realtek Wi-Fi 6 (2&#215;2)<\/td>\n<\/tr>\n<tr>\n<td width=\"303\">LAN<\/td>\n<td width=\"771\"><\/td>\n<\/tr>\n<tr>\n<td width=\"303\">Bluetooth<\/td>\n<td width=\"771\">Bluetooth\u00ae 5.2 combo (Supporting Gigabit data rate)<\/td>\n<\/tr>\n<tr>\n<td colspan=\"2\" width=\"1076\"><strong>B\u00e0n ph\u00edm , Chu\u1ed9t\u00a0<\/strong><\/td>\n<\/tr>\n<tr>\n<td width=\"303\">Ki\u1ec3u b\u00e0n ph\u00edm<\/td>\n<td width=\"771\">B\u00e0n ph\u00edm ti\u00eau chu\u1ea9n<\/td>\n<\/tr>\n<tr>\n<td width=\"303\">Chu\u1ed9t<\/td>\n<td width=\"771\">C\u1ea3m \u1ee9ng \u0111a \u0111i\u1ec3m<\/td>\n<\/tr>\n<tr>\n<td colspan=\"2\" width=\"1076\"><strong>Giao ti\u1ebfp m\u1edf r\u1ed9ng\u00a0<\/strong><\/td>\n<\/tr>\n<tr>\n<td width=\"303\">K\u1ebft n\u1ed1i USB<\/td>\n<td width=\"771\">1 SuperSpeed USB Type-C\u00ae 10Gbps signaling rate (USB Power Delivery, DisplayPort\u2122 1.4, HP Sleep and Charge);<br \/>\n1 SuperSpeed USB Type-A 5Gbps signaling rate (HP Sleep and Charge);<br \/>\n1 SuperSpeed USB Type-A 5Gbps signaling rate;<\/td>\n<\/tr>\n<tr>\n<td width=\"303\">K\u1ebft n\u1ed1i HDMI\/VGA<\/td>\n<td width=\"771\">&#8211;<\/td>\n<\/tr>\n<tr>\n<td width=\"303\">Tai nghe<\/td>\n<td width=\"771\">1 headphone\/microphone combo<\/td>\n<\/tr>\n<tr>\n<td width=\"303\">Camera<\/td>\n<td width=\"771\">HP Wide Vision 720p HD camera with camera shutter and integrated dual array digital microphones<\/td>\n<\/tr>\n<tr>\n<td width=\"303\">Card m\u1edf r\u1ed9ng<\/td>\n<td width=\"771\">1 microSD media card reader<\/td>\n<\/tr>\n<tr>\n<td width=\"303\"><strong>LOA<\/strong><\/td>\n<td width=\"771\">2 Loa<\/td>\n<\/tr>\n<tr>\n<td width=\"303\"><strong>Ki\u1ec3u Pin<\/strong><\/td>\n<td width=\"771\">3-cell, 51 Wh Li-ion<\/td>\n<\/tr>\n<tr>\n<td width=\"303\"><strong>S\u1ea1c pin<\/strong><\/td>\n<td width=\"771\">\u0110i k\u00e8m<\/td>\n<\/tr>\n<tr>\n<td width=\"303\"><strong>H\u1ec7 \u0111i\u1ec1u h\u00e0nh\u00a0(b\u1ea3n quy\u1ec1n) \u0111i k\u00e8m\u00a0<\/strong><\/td>\n<td width=\"771\">Windows 11 Home<\/td>\n<\/tr>\n<tr>\n<td width=\"303\"><strong>K\u00edch th\u01b0\u1edbc (D\u00e0i x R\u1ed9ng x Cao)<\/strong><\/td>\n<td width=\"771\">30.65 x 19.46 x 1.64 cm<\/td>\n<\/tr>\n<tr>\n<td width=\"303\"><strong>Tr\u1ecdng L\u01b0\u1ee3ng<\/strong><\/td>\n<td width=\"771\">1.3 kg<\/td>\n<\/tr>\n<tr>\n<td width=\"303\"><strong>M\u00e0u s\u1eafc<\/strong><\/td>\n<td width=\"771\">Nightfall Black<\/td>\n<\/tr>\n<tr>\n<td width=\"303\"><strong>Xu\u1ea5t X\u1ee9<\/strong><\/td>\n<td width=\"771\">Trung Qu\u1ed1c<\/td>\n<\/tr>\n<\/tbody>\n<\/table>\n","protected":false},"excerpt":{"rendered":"<ul>\n<li><span class=\"item \" style=\"color: #000000;\">CPU: AMD Ryzen\u2122 7-5800U (1.9GHz upto 4.4GHz, 16MB)<\/span><\/li>\n<li><span class=\"item \" style=\"color: #000000;\"><i class=\"fa fa-check-circle\"><\/i>RAM: 8GB DDR4-3200MHz RAM (onboard)<\/span><\/li>\n<li><span style=\"color: #000000;\"><span class=\"item \"><i class=\"fa fa-check-circle\"><\/i>\u1ed4 c\u1ee9ng: 256GB PCIe\u00ae NVMe\u2122 M.2 SSD<\/span><span class=\"item \"><i class=\"fa fa-check-circle\"><\/i>VGA: AMD Radeon\u2122 Graphics<\/span><\/span><\/li>\n<li><span class=\"item hide d-block\" style=\"color: #000000;\"><i class=\"fa fa-check-circle\"><\/i>M\u00e0n h\u00ecnh: 13.3 inch FHD (1920 x 1080) IPS, edge-to-edge glass, micro-edge, Corning\u00ae Gorilla\u00ae Glass NBT\u2122, 400 nits, 100% sRGB &#8211; C\u1ea3m \u1ee9ng<\/span><\/li>\n<li><span class=\"item hide d-block\" style=\"color: #000000;\"><i class=\"fa fa-check-circle\"><\/i>OS: Windows 11 Home<\/span><\/li>\n<li><span class=\"item hide d-block\" style=\"color: #000000;\"><i class=\"fa fa-check-circle\"><\/i>Pin: 3-cell, 51 Wh Li-ion<\/span><\/li>\n<li><span class=\"item hide d-block\" style=\"color: #000000;\"><i class=\"fa fa-check-circle\"><\/i>C\u00e2n n\u1eb7ng: 1.3 kg<\/span><\/li>\n<li><span class=\"item hide d-block\" style=\"color: #000000;\"><i class=\"fa fa-check-circle\"><\/i>M\u00e0u s\u1eafc: Nightfall Black<\/span><\/li>\n<li><span class=\"item hide d-block\" style=\"color: #000000;\"><i class=\"fa fa-check-circle\"><\/i>T\u00ednh n\u0103ng: B\u1ea3o m\u1eadt v\u00e2n tay, c\u00f3 k\u00e8m b\u00fat<\/span><\/li>\n<\/ul>\n","protected":false},"featured_media":3532,"template":"","meta":[],"product_brand":[],"product_cat":[249,251],"product_tag":[1754,1750,1753,1038,1752],"pa_bo-nho-trong":[],"pa_bo-vi-xu-ly":[],"pa_do-dai":[],"pa_do-phan-giai":[],"pa_hang-san-xuat":[],"pa_kich-thuoc-man-hinh":[],"pa_micro-thu-am":[],"pa_nha-thong-minh-rang-dong":[],"pa_o-cung":[],"pa_ong-kinh":[],"pa_poe":[],"pa_ports":[],"pa_tam-quan-sat":[],"pa_theo-chuan":[],"class_list":{"0":"post-3529","1":"product","2":"type-product","3":"status-publish","4":"has-post-thumbnail","6":"product_cat-may-tinh-laptop","7":"product_cat-may-tinh-xach-tay","8":"product_tag-601q8a","9":"product_tag-ay1056au","10":"product_tag-ay1056au-601q8a","11":"product_tag-laptop-hp","12":"product_tag-laptop-hp-envy-x360-convert-13-ay1056au-601q8a","14":"first","15":"instock","16":"shipping-taxable","17":"product-type-simple"},"_links":{"self":[{"href":"https:\/\/vietbee.com\/en\/wp-json\/wp\/v2\/product\/3529","targetHints":{"allow":["GET"]}}],"collection":[{"href":"https:\/\/vietbee.com\/en\/wp-json\/wp\/v2\/product"}],"about":[{"href":"https:\/\/vietbee.com\/en\/wp-json\/wp\/v2\/types\/product"}],"wp:featuredmedia":[{"embeddable":true,"href":"https:\/\/vietbee.com\/en\/wp-json\/wp\/v2\/media\/3532"}],"wp:attachment":[{"href":"https:\/\/vietbee.com\/en\/wp-json\/wp\/v2\/media?parent=3529"}],"wp:term":[{"taxonomy":"product_brand","embeddable":true,"href":"https:\/\/vietbee.com\/en\/wp-json\/wp\/v2\/product_brand?post=3529"},{"taxonomy":"product_cat","embeddable":true,"href":"https:\/\/vietbee.com\/en\/wp-json\/wp\/v2\/product_cat?post=3529"},{"taxonomy":"product_tag","embeddable":true,"href":"https:\/\/vietbee.com\/en\/wp-json\/wp\/v2\/product_tag?post=3529"},{"taxonomy":"pa_bo-nho-trong","embeddable":true,"href":"https:\/\/vietbee.com\/en\/wp-json\/wp\/v2\/pa_bo-nho-trong?post=3529"},{"taxonomy":"pa_bo-vi-xu-ly","embeddable":true,"href":"https:\/\/vietbee.com\/en\/wp-json\/wp\/v2\/pa_bo-vi-xu-ly?post=3529"},{"taxonomy":"pa_do-dai","embeddable":true,"href":"https:\/\/vietbee.com\/en\/wp-json\/wp\/v2\/pa_do-dai?post=3529"},{"taxonomy":"pa_do-phan-giai","embeddable":true,"href":"https:\/\/vietbee.com\/en\/wp-json\/wp\/v2\/pa_do-phan-giai?post=3529"},{"taxonomy":"pa_hang-san-xuat","embeddable":true,"href":"https:\/\/vietbee.com\/en\/wp-json\/wp\/v2\/pa_hang-san-xuat?post=3529"},{"taxonomy":"pa_kich-thuoc-man-hinh","embeddable":true,"href":"https:\/\/vietbee.com\/en\/wp-json\/wp\/v2\/pa_kich-thuoc-man-hinh?post=3529"},{"taxonomy":"pa_micro-thu-am","embeddable":true,"href":"https:\/\/vietbee.com\/en\/wp-json\/wp\/v2\/pa_micro-thu-am?post=3529"},{"taxonomy":"pa_nha-thong-minh-rang-dong","embeddable":true,"href":"https:\/\/vietbee.com\/en\/wp-json\/wp\/v2\/pa_nha-thong-minh-rang-dong?post=3529"},{"taxonomy":"pa_o-cung","embeddable":true,"href":"https:\/\/vietbee.com\/en\/wp-json\/wp\/v2\/pa_o-cung?post=3529"},{"taxonomy":"pa_ong-kinh","embeddable":true,"href":"https:\/\/vietbee.com\/en\/wp-json\/wp\/v2\/pa_ong-kinh?post=3529"},{"taxonomy":"pa_poe","embeddable":true,"href":"https:\/\/vietbee.com\/en\/wp-json\/wp\/v2\/pa_poe?post=3529"},{"taxonomy":"pa_ports","embeddable":true,"href":"https:\/\/vietbee.com\/en\/wp-json\/wp\/v2\/pa_ports?post=3529"},{"taxonomy":"pa_tam-quan-sat","embeddable":true,"href":"https:\/\/vietbee.com\/en\/wp-json\/wp\/v2\/pa_tam-quan-sat?post=3529"},{"taxonomy":"pa_theo-chuan","embeddable":true,"href":"https:\/\/vietbee.com\/en\/wp-json\/wp\/v2\/pa_theo-chuan?post=3529"}],"curies":[{"name":"wp","href":"https:\/\/api.w.org\/{rel}","templated":true}]}}