{"id":3517,"date":"2022-10-06T08:49:50","date_gmt":"2022-10-06T08:49:50","guid":{"rendered":"https:\/\/vietbee.com\/?post_type=product&#038;p=3517"},"modified":"2022-10-06T08:56:38","modified_gmt":"2022-10-06T08:56:38","slug":"laptop-hp-14s-fq1066au-4k0z6pa","status":"publish","type":"product","link":"https:\/\/vietbee.com\/en\/product\/laptop-hp-14s-fq1066au-4k0z6pa\/","title":{"rendered":"Laptop HP 14s fq1066AU (4K0Z6PA)"},"content":{"rendered":"<div class=\"parameter-item\">\n<p data-group-id=\"32\" data-index=\"1\"><strong>TH\u00d4NG S\u1ed0 K\u1ef8 THU\u1eacT:<\/strong><\/p>\n<p class=\"parameter-ttl\" data-group-id=\"32\" data-index=\"1\"><span style=\"color: #000000;\">B\u1ed9 x\u1eed l\u00fd:<\/span><\/p>\n<ul class=\"ulist \">\n<li data-id=\"28727\" data-group-id=\"32\" data-index=\"1\">\n<div class=\"ctLeft\">\n<p><span style=\"color: #000000;\">C\u00f4ng ngh\u1ec7 CPU: AMD Ryzen 5 &#8211; 5500U<\/span><\/p>\n<\/div>\n<\/li>\n<li data-id=\"28859\" data-group-id=\"32\" data-index=\"4\">\n<div class=\"ctLeft\">\n<p><span style=\"color: #000000;\">S\u1ed1 nh\u00e2n: 6<\/span><\/p>\n<\/div>\n<\/li>\n<li data-id=\"28860\" data-group-id=\"32\" data-index=\"5\">\n<div class=\"ctLeft\">\n<p><span style=\"color: #000000;\">S\u1ed1 lu\u1ed3ng: 12<\/span><\/p>\n<\/div>\n<\/li>\n<li data-id=\"93\" data-group-id=\"32\" data-index=\"6\">\n<div class=\"ctLeft\">\n<p><span style=\"color: #000000;\">T\u1ed1c \u0111\u1ed9 CPU: 2.10 GHz<\/span><\/p>\n<\/div>\n<\/li>\n<li data-id=\"97\" data-group-id=\"32\" data-index=\"7\">\n<div class=\"ctLeft\">\n<p><span style=\"color: #000000;\">T\u1ed1c \u0111\u1ed9 t\u1ed1i \u0111a: Turbo Boost 4.0 GHz<\/span><\/p>\n<\/div>\n<\/li>\n<li data-id=\"28861\" data-group-id=\"32\" data-index=\"8\">\n<div class=\"ctLeft\">\n<p><span style=\"color: #000000;\">B\u1ed9 nh\u1edb \u0111\u1ec7m: 8 MB<\/span><\/p>\n<\/div>\n<\/li>\n<\/ul>\n<\/div>\n<div class=\"parameter-item\">\n<p class=\"parameter-ttl\" data-group-id=\"34\" data-index=\"3\"><span style=\"color: #000000;\">B\u1ed9 nh\u1edb RAM, \u1ed4 c\u1ee9ng<\/span><\/p>\n<ul class=\"ulist \">\n<li data-id=\"146\" data-group-id=\"34\" data-index=\"1\">\n<div class=\"ctLeft\">\n<p><span style=\"color: #000000;\">RAM: 8 GB<\/span><\/p>\n<\/div>\n<\/li>\n<li data-id=\"149\" data-group-id=\"34\" data-index=\"2\">\n<div class=\"ctLeft\">\n<p><span style=\"color: #000000;\">Lo\u1ea1i RAM: DDR4 2 khe (1 khe 4 GB + 1khe 4GB)<\/span><\/p>\n<\/div>\n<\/li>\n<li data-id=\"155\" data-group-id=\"34\" data-index=\"3\">\n<div class=\"ctLeft\">\n<p><span style=\"color: #000000;\">T\u1ed1c \u0111\u1ed9 Bus RAM: 3200 MHz<\/span><\/p>\n<\/div>\n<\/li>\n<li data-id=\"137\" data-group-id=\"34\" data-index=\"4\">\n<div class=\"ctLeft\">\n<p><span style=\"color: #000000;\">H\u1ed7 tr\u1ee3 RAM t\u1ed1i \u0111a: 16 GB<\/span><\/p>\n<\/div>\n<\/li>\n<li data-id=\"184\" data-group-id=\"34\" data-index=\"5\">\n<div class=\"ctLeft\">\n<p><span style=\"color: #000000;\">\u1ed4 c\u1ee9ng:<\/span><\/p>\n<\/div>\n<div class=\"ctRight\">\n<p class=\"circle\"><span style=\"color: #000000;\">Kh\u00f4ng h\u1ed7 tr\u1ee3 khe c\u1eafm SSD M2 m\u1edf r\u1ed9ng th\u00eam<\/span><\/p>\n<p class=\"circle\"><span style=\"color: #000000;\">Kh\u00f4ng h\u1ed7 tr\u1ee3 khe c\u1eafm HDD<\/span><\/p>\n<p><span style=\"color: #000000;\">256 GB SSD NVMe PCle (C\u00f3 th\u1ec3 th\u00e1o ra, l\u1eafp thanh kh\u00e1c t\u1ed1i \u0111a 1TB)<\/span><\/p>\n<\/div>\n<\/li>\n<\/ul>\n<\/div>\n<div class=\"parameter-item\">\n<p class=\"parameter-ttl\" data-group-id=\"52\" data-index=\"4\"><span style=\"color: #000000;\">M\u00e0n h\u00ecnh<\/span><\/p>\n<ul class=\"ulist \">\n<li data-id=\"187\" data-group-id=\"52\" data-index=\"1\">\n<div class=\"ctLeft\">\n<p><span style=\"color: #000000;\">M\u00e0n h\u00ecnh: 14 inch<\/span><\/p>\n<\/div>\n<\/li>\n<li data-id=\"189\" data-group-id=\"52\" data-index=\"2\">\n<div class=\"ctLeft\">\n<p><span style=\"color: #000000;\">\u0110\u1ed9 ph\u00e2n gi\u1ea3i: HD (1366 x 768)<\/span><\/p>\n<\/div>\n<\/li>\n<li data-id=\"29056\" data-group-id=\"52\" data-index=\"3\">\n<div class=\"ctLeft\">\n<p><span style=\"color: #000000;\">T\u1ea7n s\u1ed1 qu\u00e9t: 60 Hz<\/span><\/p>\n<\/div>\n<\/li>\n<li data-id=\"186\" data-group-id=\"52\" data-index=\"4\">\n<div class=\"ctLeft\">\n<p><span style=\"color: #000000;\">C\u00f4ng ngh\u1ec7 m\u00e0n h\u00ecnh: SVA<\/span><\/p>\n<\/div>\n<\/li>\n<\/ul>\n<\/div>\n<div class=\"parameter-item\">\n<p class=\"parameter-ttl\" data-group-id=\"53\" data-index=\"6\"><span style=\"color: #000000;\">\u0110\u1ed3 h\u1ecda v\u00e0 \u00c2m thanh<\/span><\/p>\n<ul class=\"ulist \">\n<li data-id=\"28123\" data-group-id=\"53\" data-index=\"0\">\n<div class=\"ctLeft\">\n<p><span style=\"color: #000000;\">Card m\u00e0n h\u00ecnh: Card t\u00edch h\u1ee3p &#8211; AMD Radeon Graphics<\/span><\/p>\n<\/div>\n<\/li>\n<li data-id=\"196\" data-group-id=\"53\" data-index=\"3\">\n<div class=\"ctLeft\">\n<p><span style=\"color: #000000;\">C\u00f4ng ngh\u1ec7 \u00e2m thanh: Loa k\u00e9p (2 k\u00eanh)<\/span><\/p>\n<\/div>\n<\/li>\n<\/ul>\n<\/div>\n<div class=\"parameter-item\">\n<p class=\"parameter-ttl\" data-group-id=\"56\" data-index=\"7\"><span style=\"color: #000000;\">C\u1ed5ng k\u1ebft n\u1ed1i &amp; t\u00ednh n\u0103ng m\u1edf r\u1ed9ng<\/span><\/p>\n<ul class=\"ulist \">\n<li data-id=\"200\" data-group-id=\"56\" data-index=\"1\">\n<div class=\"ctLeft\">\n<p><span style=\"color: #000000;\">C\u1ed5ng giao ti\u1ebfp:\u00a0<\/span><\/p>\n<p><span style=\"color: #000000;\">2x SuperSpeed USB A<\/span><\/p>\n<\/div>\n<div class=\"ctRight\">\n<p class=\"circle\"><span style=\"color: #000000;\">Jack tai nghe 3.5 mm<\/span><\/p>\n<p class=\"circle\"><span style=\"color: #000000;\">HDMI<\/span><\/p>\n<p><span style=\"color: #000000;\">USB Type-C<\/span><\/p>\n<\/div>\n<\/li>\n<li data-id=\"206\" data-group-id=\"56\" data-index=\"4\">\n<div class=\"ctLeft\">\n<p><span style=\"color: #000000;\">K\u1ebft n\u1ed1i kh\u00f4ng d\u00e2y: Wi-Fi 802.11 a\/b\/g\/n\/acBluetooth 4.2<\/span><\/p>\n<\/div>\n<\/li>\n<li data-id=\"218\" data-group-id=\"56\" data-index=\"5\">\n<div class=\"ctLeft\">\n<p><span style=\"color: #000000;\">Khe \u0111\u1ecdc th\u1ebb nh\u1edb: SD\u00a0<\/span><\/p>\n<\/div>\n<\/li>\n<li data-id=\"223\" data-group-id=\"56\" data-index=\"7\">\n<div class=\"ctLeft\">\n<p><span style=\"color: #000000;\">Webcam: HD webcam<\/span><\/p>\n<\/div>\n<\/li>\n<li data-id=\"10741\" data-group-id=\"56\" data-index=\"9\">\n<div class=\"ctLeft\">\n<p><span style=\"color: #000000;\">\u0110\u00e8n b\u00e0n ph\u00edm: Kh\u00f4ng c\u00f3 \u0111\u00e8n<\/span><\/p>\n<\/div>\n<\/li>\n<\/ul>\n<\/div>\n<div class=\"parameter-item\">\n<p class=\"parameter-ttl\" data-group-id=\"62\" data-index=\"15\"><span style=\"color: #000000;\">K\u00edch th\u01b0\u1edbc &amp; tr\u1ecdng l\u01b0\u1ee3ng<\/span><\/p>\n<ul class=\"ulist \">\n<li data-id=\"7779\" data-group-id=\"62\" data-index=\"1\">\n<div class=\"ctLeft\">\n<p><span style=\"color: #000000;\">K\u00edch th\u01b0\u1edbc, tr\u1ecdng l\u01b0\u1ee3ng:<\/span><\/p>\n<\/div>\n<div class=\"ctRight\"><span class=\"\" style=\"color: #000000;\">D\u00e0i 324 mm &#8211; R\u1ed9ng 225 mm &#8211; D\u00e0y 17.9 mm &#8211; N\u1eb7ng 1.47 kg<\/span><\/div>\n<\/li>\n<li data-id=\"7903\" data-group-id=\"62\" data-index=\"20\">\n<div class=\"ctLeft\">\n<p><span style=\"color: #000000;\">Ch\u1ea5t li\u1ec7u: V\u1ecf nh\u1ef1a<\/span><\/p>\n<\/div>\n<\/li>\n<\/ul>\n<\/div>\n<div class=\"parameter-item\">\n<p class=\"parameter-ttl\" data-group-id=\"60\" data-index=\"16\"><span style=\"color: #000000;\">Th\u00f4ng tin kh\u00e1c<\/span><\/p>\n<ul class=\"ulist \">\n<li data-id=\"228\" data-group-id=\"60\" data-index=\"2\">\n<div class=\"ctLeft\">\n<p><span style=\"color: #000000;\">Th\u00f4ng tin Pin: 3-cell Li-ion, 41 Wh<\/span><\/p>\n<\/div>\n<\/li>\n<li data-id=\"8599\" data-group-id=\"60\" data-index=\"3\">\n<div class=\"ctLeft\">\n<p><span style=\"color: #000000;\">H\u1ec7 \u0111i\u1ec1u h\u00e0nh: Windows 11 Home SL<\/span><\/p>\n<\/div>\n<\/li>\n<li data-id=\"22711\" data-group-id=\"60\" data-index=\"4\">\n<div class=\"ctLeft\">\n<p><span style=\"color: #000000;\">Th\u1eddi \u0111i\u1ec3m ra m\u1eaft: 2021<\/span><\/p>\n<\/div>\n<\/li>\n<\/ul>\n<\/div>\n","protected":false},"excerpt":{"rendered":"<ul>\n<li><span style=\"font-size: 105%; color: #000000;\">M\u00e1y t\u00ednh x\u00e1ch tay HP 14s-fq1066AU\/ AMD Ryzen 5 5500U \/ 8GB DDR4-3200\/ SSD 256GB \/ Radeon Vega Graphics\/ 14\u201d HD\/ Windows 11 Home\/ Natural Silver\/ 1Y WTY<\/span><\/li>\n<\/ul>\n","protected":false},"featured_media":3520,"template":"","meta":[],"product_brand":[],"product_cat":[249,251],"product_tag":[1744,1742,1743,1038,1741,1740],"pa_bo-nho-trong":[],"pa_bo-vi-xu-ly":[],"pa_do-dai":[],"pa_do-phan-giai":[],"pa_hang-san-xuat":[],"pa_kich-thuoc-man-hinh":[],"pa_micro-thu-am":[],"pa_nha-thong-minh-rang-dong":[],"pa_o-cung":[],"pa_ong-kinh":[],"pa_poe":[],"pa_ports":[],"pa_tam-quan-sat":[],"pa_theo-chuan":[],"class_list":{"0":"post-3517","1":"product","2":"type-product","3":"status-publish","4":"has-post-thumbnail","6":"product_cat-may-tinh-laptop","7":"product_cat-may-tinh-xach-tay","8":"product_tag-14s-fq1066au","9":"product_tag-14s-fq1066au-4k0z6pa","10":"product_tag-4k0z6pa","11":"product_tag-laptop-hp","12":"product_tag-laptop-hp-14s-fq1066au","13":"product_tag-laptop-hp-14s-fq1066au-4k0z6pa","15":"first","16":"instock","17":"shipping-taxable","18":"product-type-simple"},"_links":{"self":[{"href":"https:\/\/vietbee.com\/en\/wp-json\/wp\/v2\/product\/3517","targetHints":{"allow":["GET"]}}],"collection":[{"href":"https:\/\/vietbee.com\/en\/wp-json\/wp\/v2\/product"}],"about":[{"href":"https:\/\/vietbee.com\/en\/wp-json\/wp\/v2\/types\/product"}],"wp:featuredmedia":[{"embeddable":true,"href":"https:\/\/vietbee.com\/en\/wp-json\/wp\/v2\/media\/3520"}],"wp:attachment":[{"href":"https:\/\/vietbee.com\/en\/wp-json\/wp\/v2\/media?parent=3517"}],"wp:term":[{"taxonomy":"product_brand","embeddable":true,"href":"https:\/\/vietbee.com\/en\/wp-json\/wp\/v2\/product_brand?post=3517"},{"taxonomy":"product_cat","embeddable":true,"href":"https:\/\/vietbee.com\/en\/wp-json\/wp\/v2\/product_cat?post=3517"},{"taxonomy":"product_tag","embeddable":true,"href":"https:\/\/vietbee.com\/en\/wp-json\/wp\/v2\/product_tag?post=3517"},{"taxonomy":"pa_bo-nho-trong","embeddable":true,"href":"https:\/\/vietbee.com\/en\/wp-json\/wp\/v2\/pa_bo-nho-trong?post=3517"},{"taxonomy":"pa_bo-vi-xu-ly","embeddable":true,"href":"https:\/\/vietbee.com\/en\/wp-json\/wp\/v2\/pa_bo-vi-xu-ly?post=3517"},{"taxonomy":"pa_do-dai","embeddable":true,"href":"https:\/\/vietbee.com\/en\/wp-json\/wp\/v2\/pa_do-dai?post=3517"},{"taxonomy":"pa_do-phan-giai","embeddable":true,"href":"https:\/\/vietbee.com\/en\/wp-json\/wp\/v2\/pa_do-phan-giai?post=3517"},{"taxonomy":"pa_hang-san-xuat","embeddable":true,"href":"https:\/\/vietbee.com\/en\/wp-json\/wp\/v2\/pa_hang-san-xuat?post=3517"},{"taxonomy":"pa_kich-thuoc-man-hinh","embeddable":true,"href":"https:\/\/vietbee.com\/en\/wp-json\/wp\/v2\/pa_kich-thuoc-man-hinh?post=3517"},{"taxonomy":"pa_micro-thu-am","embeddable":true,"href":"https:\/\/vietbee.com\/en\/wp-json\/wp\/v2\/pa_micro-thu-am?post=3517"},{"taxonomy":"pa_nha-thong-minh-rang-dong","embeddable":true,"href":"https:\/\/vietbee.com\/en\/wp-json\/wp\/v2\/pa_nha-thong-minh-rang-dong?post=3517"},{"taxonomy":"pa_o-cung","embeddable":true,"href":"https:\/\/vietbee.com\/en\/wp-json\/wp\/v2\/pa_o-cung?post=3517"},{"taxonomy":"pa_ong-kinh","embeddable":true,"href":"https:\/\/vietbee.com\/en\/wp-json\/wp\/v2\/pa_ong-kinh?post=3517"},{"taxonomy":"pa_poe","embeddable":true,"href":"https:\/\/vietbee.com\/en\/wp-json\/wp\/v2\/pa_poe?post=3517"},{"taxonomy":"pa_ports","embeddable":true,"href":"https:\/\/vietbee.com\/en\/wp-json\/wp\/v2\/pa_ports?post=3517"},{"taxonomy":"pa_tam-quan-sat","embeddable":true,"href":"https:\/\/vietbee.com\/en\/wp-json\/wp\/v2\/pa_tam-quan-sat?post=3517"},{"taxonomy":"pa_theo-chuan","embeddable":true,"href":"https:\/\/vietbee.com\/en\/wp-json\/wp\/v2\/pa_theo-chuan?post=3517"}],"curies":[{"name":"wp","href":"https:\/\/api.w.org\/{rel}","templated":true}]}}