{"id":3506,"date":"2022-10-05T07:22:29","date_gmt":"2022-10-05T07:22:29","guid":{"rendered":"https:\/\/vietbee.com\/?post_type=product&#038;p=3506"},"modified":"2022-10-05T07:22:29","modified_gmt":"2022-10-05T07:22:29","slug":"man-hinh-tuong-tac-86-inch-hikvision-ds-d5b86rb-b","status":"publish","type":"product","link":"https:\/\/vietbee.com\/en\/product\/man-hinh-tuong-tac-86-inch-hikvision-ds-d5b86rb-b\/","title":{"rendered":"M\u00e0n h\u00ecnh t\u01b0\u01a1ng t\u00e1c 86-inch HIKVISION DS-D5B86RB\/B"},"content":{"rendered":"<p><strong>TH\u00d4NG S\u1ed0 K\u1ef8 THU\u1eacT:<\/strong><\/p>\n<table border=\"1\" cellspacing=\"0\" cellpadding=\"0\">\n<colgroup>\n<col \/>\n<col \/><\/colgroup>\n<tbody>\n<tr>\n<td class=\"xl72\" align=\"left\" height=\"25\"><strong>Model<\/strong><\/td>\n<td class=\"xl72\" align=\"left\"><strong>DS-D5B86RB\/B<\/strong><\/td>\n<\/tr>\n<tr>\n<td class=\"xl67\" colspan=\"2\" align=\"left\" height=\"25\"><strong>Display<\/strong><\/td>\n<\/tr>\n<tr>\n<td class=\"xl67\" align=\"left\" height=\"22\">Screen Size<\/td>\n<td class=\"xl67\" align=\"left\">86 inch LED Backlight<\/td>\n<\/tr>\n<tr>\n<td class=\"xl67\" align=\"left\" height=\"25\">Backlight<\/td>\n<td class=\"xl67\" align=\"left\">DLED<\/td>\n<\/tr>\n<tr>\n<td class=\"xl67\" align=\"left\" height=\"24\">Pixel Pitch<\/td>\n<td class=\"xl67\" align=\"left\">0.164 (H) \u00d7 0.493 (V) mm<\/td>\n<\/tr>\n<tr>\n<td class=\"xl67\" align=\"left\" height=\"23\">Resolution<\/td>\n<td class=\"xl67\" align=\"left\">3840 \u00d7 2160 @60 Hz<\/td>\n<\/tr>\n<tr>\n<td class=\"xl67\" align=\"left\" height=\"25\">Brightness<\/td>\n<td class=\"xl67\" align=\"left\">350 cd\/m\u00b2<\/td>\n<\/tr>\n<tr>\n<td class=\"xl67\" align=\"left\" height=\"23\">Color Depth<\/td>\n<td class=\"xl67\" align=\"left\">10 bit<\/td>\n<\/tr>\n<tr>\n<td class=\"xl67\" align=\"left\" height=\"24\">Contrast Ratio<\/td>\n<td class=\"xl67\" align=\"left\">1200 : 1 (Typ.)<\/td>\n<\/tr>\n<tr>\n<td class=\"xl67\" align=\"left\" height=\"24\">Response Time<\/td>\n<td class=\"xl67\" align=\"left\">6 ms<\/td>\n<\/tr>\n<tr>\n<td class=\"xl67\" align=\"left\" height=\"25\">Color Gamut<\/td>\n<td class=\"xl67\" align=\"left\">90% NTSC (CIE1931) (Typ.)<\/td>\n<\/tr>\n<tr>\n<td class=\"xl67\" align=\"left\" height=\"25\">Refresh Rate<\/td>\n<td class=\"xl67\" align=\"left\">60 Hz<\/td>\n<\/tr>\n<tr>\n<td class=\"xl67\" align=\"left\" height=\"23\">Viewing Angle<\/td>\n<td class=\"xl67\" align=\"left\">178\u00b0 (H) \/ 178\u00b0 (V)<\/td>\n<\/tr>\n<tr>\n<td class=\"xl74\" colspan=\"2\" height=\"24\"><strong>Built-in System<\/strong><\/td>\n<\/tr>\n<tr>\n<td class=\"xl67\" align=\"left\" height=\"24\">Operation System<\/td>\n<td class=\"xl67\" align=\"left\">Android 8.0<\/td>\n<\/tr>\n<tr>\n<td class=\"xl67\" align=\"left\" height=\"24\">Processor<\/td>\n<td class=\"xl67\" align=\"left\">4-core A73 \u00d7 2 + A53 \u00d7 2, 1.5 GHz<\/td>\n<\/tr>\n<tr>\n<td class=\"xl67\" align=\"left\" height=\"25\">Memory<\/td>\n<td class=\"xl67\" align=\"left\">3 GB<\/td>\n<\/tr>\n<tr>\n<td class=\"xl67\" align=\"left\" height=\"21\">Built-in Storage<\/td>\n<td class=\"xl67\" align=\"left\">32 GB<\/td>\n<\/tr>\n<tr>\n<td class=\"xl67\" align=\"left\" height=\"25\">NIC<\/td>\n<td class=\"xl67\" align=\"left\">Built-in 100Mbps NIC, supporting routing<\/td>\n<\/tr>\n<tr>\n<td class=\"xl67\" colspan=\"2\" align=\"left\" height=\"25\"><strong>Touch<\/strong><\/td>\n<\/tr>\n<tr>\n<td class=\"xl67\" align=\"left\" height=\"25\">Type<\/td>\n<td class=\"xl67\" align=\"left\">Infrared touch screen<\/td>\n<\/tr>\n<tr>\n<td class=\"xl67\" align=\"left\" height=\"24\">Glass<\/td>\n<td class=\"xl67\" align=\"left\">Smooth tempered glass being anti-glare and explosion-proof<\/td>\n<\/tr>\n<tr>\n<td class=\"xl67\" align=\"left\" height=\"25\">Touch Point<\/td>\n<td class=\"xl67\" align=\"left\">20 point multi-touch<\/td>\n<\/tr>\n<tr>\n<td class=\"xl67\" align=\"left\" height=\"24\">Touch Response Time<\/td>\n<td class=\"xl67\" align=\"left\"><\/td>\n<\/tr>\n<tr>\n<td class=\"xl67\" align=\"left\" height=\"25\">Touch Precision<\/td>\n<td class=\"xl67\" align=\"left\">\u00b11 mm (\u2265 90% touching area)<\/td>\n<\/tr>\n<tr>\n<td class=\"xl71\" height=\"24\">Optical Bonding<\/td>\n<td class=\"xl71\">Support<\/td>\n<\/tr>\n<tr>\n<td class=\"xl73\" colspan=\"2\" height=\"23\"><strong>Internal Function<\/strong><\/td>\n<\/tr>\n<tr>\n<td class=\"xl70\" height=\"23\">Loudspeaker<\/td>\n<td class=\"xl70\">Built-in 2 \u00d7 16 W loudspeaker<\/td>\n<\/tr>\n<tr>\n<td class=\"xl70\" height=\"23\">Bluetooth<\/td>\n<td class=\"xl70\">Built-in BLE (Bluetooth Low Energy) module supports Bluetooth 5.0 and previous version.<\/td>\n<\/tr>\n<tr>\n<td class=\"xl73\" colspan=\"2\" height=\"23\"><strong>Interface<\/strong><\/td>\n<\/tr>\n<tr>\n<td class=\"xl70\" height=\"24\">Video &amp; Audio Input<\/td>\n<td class=\"xl70\">HDMI IN \u00d7 2, MAX 4K @ 60 Hz, LINE IN \u00d7 1<\/td>\n<\/tr>\n<tr>\n<td class=\"xl70\" height=\"23\">Video &amp; audio output<\/td>\n<td class=\"xl70\">HDMI OUT \u00d7 1, MAX 4K @ 60 Hz, LINE OUT \u00d7 1<\/td>\n<\/tr>\n<tr>\n<td class=\"xl70\" height=\"24\">Control interface<\/td>\n<td class=\"xl70\">RS-232 \u00d7 1<\/td>\n<\/tr>\n<tr>\n<td class=\"xl77\" height=\"23\">Network Interface<\/td>\n<td class=\"xl77\">RJ45 (100Mbps ports) \u00d7 2<\/td>\n<\/tr>\n<tr>\n<td class=\"xl76\" height=\"23\">Data Transmission Interface<\/td>\n<td class=\"xl77\">USB on front panel \u00d7 2, USB on rear panel \u00d7 2, touch USB \u00d7 1<\/td>\n<\/tr>\n<tr>\n<td class=\"xl78\" colspan=\"2\" height=\"23\"><strong>Power<\/strong><\/td>\n<\/tr>\n<tr>\n<td class=\"xl69\" align=\"left\" height=\"23\">Power Consumption<\/td>\n<td class=\"xl80\">\u2264 420 W (full load)<\/td>\n<\/tr>\n<tr>\n<td class=\"xl77\" height=\"23\">Standby Consumption<\/td>\n<td class=\"xl77\">0.5 W<\/td>\n<\/tr>\n<tr>\n<td class=\"xl78\" colspan=\"2\" height=\"23\"><strong>Working Environment<\/strong><\/td>\n<\/tr>\n<tr>\n<td class=\"xl77\" height=\"23\">Working Temperature<\/td>\n<td class=\"xl77\">0 \u2103~40 \u2103<\/td>\n<\/tr>\n<tr>\n<td class=\"xl77\" height=\"23\">Working Humidity<\/td>\n<td class=\"xl77\">10%~90% RH<\/td>\n<\/tr>\n<tr>\n<td class=\"xl81\" colspan=\"2\" height=\"23\"><strong>General<\/strong><\/td>\n<\/tr>\n<tr>\n<td class=\"xl77\" height=\"23\">Power<\/td>\n<td class=\"xl77\">100~240VAC, 50\/60 Hz<\/td>\n<\/tr>\n<tr>\n<td class=\"xl77\" height=\"23\">Product dimensions<\/td>\n<td class=\"xl77\">1963 \u00d7 1159 \u00d7 87.5 mm<\/td>\n<\/tr>\n<tr>\n<td class=\"xl77\" height=\"23\">Net Weight<\/td>\n<td class=\"xl80\">65.62 kg<\/td>\n<\/tr>\n<\/tbody>\n<\/table>\n<p><strong>&#8211; B\u1ea3o h\u00e0nh: 24 th\u00e1ng.<\/strong><\/p>\n<p>&nbsp;<\/p>\n","protected":false},"excerpt":{"rendered":"<p><strong>M\u00e0n h\u00ecnh t\u01b0\u01a1ng t\u00e1c 86-inch HIKVISION DS-D5B86RB\/B<\/strong><\/p>\n<p><span style=\"color: #000000;\">&#8211; M\u00e0n h\u00ecnh t\u01b0\u01a1ng t\u00e1c 86 inch, Android 8.0, 4-core A73 \u00d7 2 + A53 \u00d7 2, 1.5GHz.<\/span><\/p>\n<p><span style=\"color: #000000;\">&#8211; M\u00e0n h\u00ecnh 4K hi\u1ec3n th\u1ecb chi ti\u1ebft h\u01a1n: \u0110\u1ed9 ph\u00e2n gi\u1ea3i 4K c\u1ea3i thi\u1ec7n chi ti\u1ebft h\u00ecnh \u1ea3nh v\u1edbi c\u00e1c t\u00ednh n\u0103ng ch\u1ed1ng l\u00f3a, ch\u1ed1ng b\u00e1m v\u00e2n tay v\u00e0 c\u1ea3n s\u00e1ng m\u1ea1nh.\u00a0<\/span><\/p>\n<p><span style=\"color: #000000;\">&#8211; Chia s\u1ebb m\u1ed9t ch\u1ea1m cho cu\u1ed9c h\u1ecdp: Chia s\u1ebb ch\u00fa th\u00edch b\u1eb1ng m\u00e3 QR ho\u1eb7c e-mail \u0111\u1ea3m b\u1ea3o t\u1eadp trung h\u01a1n v\u00e0 hi\u1ec7u qu\u1ea3 cao h\u01a1n.<\/span><\/p>\n<p><span style=\"color: #000000;\">&#8211; Ch\u00fa th\u00edch mi\u1ec5n ph\u00ed: \u1ee8ng d\u1ee5ng t\u00edch h\u1ee3p s\u1eb5n cho ph\u00e9p ch\u00fa th\u00edch mi\u1ec5n ph\u00ed v\u00e0 l\u01b0u ngay l\u1eadp t\u1ee9c tr\u00ean b\u1ea5t k\u1ef3 giao di\u1ec7n n\u00e0o. H\u1ec7 th\u1ed1ng b\u1ea3ng tr\u1eafng c\u00f3 th\u1ec3 \u0111\u0103ng k\u00fd \u0111\u1ed3ng th\u1eddi 20 \u0111i\u1ec3m ch\u1ea1m, hi\u1ec3n th\u1ecb c\u00e1c \u00fd ki\u1ebfn kh\u00e1c nhau c\u00f9ng m\u1ed9t l\u00fac.<\/span><\/p>\n<p><span style=\"color: #000000;\">&#8211; Ph\u1ea3n chi\u1ebfu m\u00e0n h\u00ecnh kh\u00f4ng d\u00e2y: Ph\u1ea3n chi\u1ebfu m\u00e0n h\u00ecnh kh\u00f4ng d\u00e2y qua m\u00e1y t\u00ednh x\u00e1ch tay, m\u00e1y t\u00ednh \u0111\u1ec3 b\u00e0n, \u0111i\u1ec7n tho\u1ea1i di \u0111\u1ed9ng v\u00e0 m\u00e1y t\u00ednh b\u1ea3ng m\u00e0 kh\u00f4ng c\u1ea7n k\u1ebft n\u1ed1i c\u00e1p. So s\u00e1nh gi\u1ea3i ph\u00e1p thu\u1eadn ti\u1ec7n nh\u1edd m\u00e0n h\u00ecnh chia \u0111\u00f4i v\u00e0 chia b\u1ed1n.<\/span><\/p>\n<p><span style=\"color: #000000;\">&#8211; Camera 8MP t\u00edch h\u1ee3p \u0111\u1ea3m b\u1ea3o h\u00ecnh \u1ea3nh r\u00f5 n\u00e9t h\u01a1n v\u00e0 6 m\u1ea3ng micr\u00f4 mang \u0111\u1ebfn cho b\u1ea1n tr\u1ea3i nghi\u1ec7m tuy\u1ec7t v\u1eddi.<\/span><\/p>\n<p><span style=\"color: #000000;\">&#8211; Mic thu \u00e2m \u0111a h\u01b0\u1edbng, ch\u1ed1ng \u1ed3n ch\u1ed1ng nhi\u1ec5u; b\u1eaft \u00e2m thanh kho\u1ea3ng c\u00e1ch t\u1edbi 8m.<\/span><\/p>\n","protected":false},"featured_media":3492,"template":"","meta":[],"product_brand":[],"product_cat":[1700],"product_tag":[1731,1710,1730,1716,1729],"pa_bo-nho-trong":[],"pa_bo-vi-xu-ly":[],"pa_do-dai":[],"pa_do-phan-giai":[],"pa_hang-san-xuat":[],"pa_kich-thuoc-man-hinh":[],"pa_micro-thu-am":[],"pa_nha-thong-minh-rang-dong":[],"pa_o-cung":[],"pa_ong-kinh":[],"pa_poe":[],"pa_ports":[],"pa_tam-quan-sat":[],"pa_theo-chuan":[],"class_list":{"0":"post-3506","1":"product","2":"type-product","3":"status-publish","4":"has-post-thumbnail","6":"product_cat-man-hinh-lcd-hikvision","7":"product_tag-ds-d5b86rb-b","8":"product_tag-hikvision","9":"product_tag-hikvision-ds-d5b86rb-b","10":"product_tag-man-hinh-tuong-tac-86-inch","11":"product_tag-man-hinh-tuong-tac-86-inch-hikvision-ds-d5b86rb-b","13":"first","14":"instock","15":"shipping-taxable","16":"product-type-simple"},"_links":{"self":[{"href":"https:\/\/vietbee.com\/en\/wp-json\/wp\/v2\/product\/3506","targetHints":{"allow":["GET"]}}],"collection":[{"href":"https:\/\/vietbee.com\/en\/wp-json\/wp\/v2\/product"}],"about":[{"href":"https:\/\/vietbee.com\/en\/wp-json\/wp\/v2\/types\/product"}],"wp:featuredmedia":[{"embeddable":true,"href":"https:\/\/vietbee.com\/en\/wp-json\/wp\/v2\/media\/3492"}],"wp:attachment":[{"href":"https:\/\/vietbee.com\/en\/wp-json\/wp\/v2\/media?parent=3506"}],"wp:term":[{"taxonomy":"product_brand","embeddable":true,"href":"https:\/\/vietbee.com\/en\/wp-json\/wp\/v2\/product_brand?post=3506"},{"taxonomy":"product_cat","embeddable":true,"href":"https:\/\/vietbee.com\/en\/wp-json\/wp\/v2\/product_cat?post=3506"},{"taxonomy":"product_tag","embeddable":true,"href":"https:\/\/vietbee.com\/en\/wp-json\/wp\/v2\/product_tag?post=3506"},{"taxonomy":"pa_bo-nho-trong","embeddable":true,"href":"https:\/\/vietbee.com\/en\/wp-json\/wp\/v2\/pa_bo-nho-trong?post=3506"},{"taxonomy":"pa_bo-vi-xu-ly","embeddable":true,"href":"https:\/\/vietbee.com\/en\/wp-json\/wp\/v2\/pa_bo-vi-xu-ly?post=3506"},{"taxonomy":"pa_do-dai","embeddable":true,"href":"https:\/\/vietbee.com\/en\/wp-json\/wp\/v2\/pa_do-dai?post=3506"},{"taxonomy":"pa_do-phan-giai","embeddable":true,"href":"https:\/\/vietbee.com\/en\/wp-json\/wp\/v2\/pa_do-phan-giai?post=3506"},{"taxonomy":"pa_hang-san-xuat","embeddable":true,"href":"https:\/\/vietbee.com\/en\/wp-json\/wp\/v2\/pa_hang-san-xuat?post=3506"},{"taxonomy":"pa_kich-thuoc-man-hinh","embeddable":true,"href":"https:\/\/vietbee.com\/en\/wp-json\/wp\/v2\/pa_kich-thuoc-man-hinh?post=3506"},{"taxonomy":"pa_micro-thu-am","embeddable":true,"href":"https:\/\/vietbee.com\/en\/wp-json\/wp\/v2\/pa_micro-thu-am?post=3506"},{"taxonomy":"pa_nha-thong-minh-rang-dong","embeddable":true,"href":"https:\/\/vietbee.com\/en\/wp-json\/wp\/v2\/pa_nha-thong-minh-rang-dong?post=3506"},{"taxonomy":"pa_o-cung","embeddable":true,"href":"https:\/\/vietbee.com\/en\/wp-json\/wp\/v2\/pa_o-cung?post=3506"},{"taxonomy":"pa_ong-kinh","embeddable":true,"href":"https:\/\/vietbee.com\/en\/wp-json\/wp\/v2\/pa_ong-kinh?post=3506"},{"taxonomy":"pa_poe","embeddable":true,"href":"https:\/\/vietbee.com\/en\/wp-json\/wp\/v2\/pa_poe?post=3506"},{"taxonomy":"pa_ports","embeddable":true,"href":"https:\/\/vietbee.com\/en\/wp-json\/wp\/v2\/pa_ports?post=3506"},{"taxonomy":"pa_tam-quan-sat","embeddable":true,"href":"https:\/\/vietbee.com\/en\/wp-json\/wp\/v2\/pa_tam-quan-sat?post=3506"},{"taxonomy":"pa_theo-chuan","embeddable":true,"href":"https:\/\/vietbee.com\/en\/wp-json\/wp\/v2\/pa_theo-chuan?post=3506"}],"curies":[{"name":"wp","href":"https:\/\/api.w.org\/{rel}","templated":true}]}}