{"id":3495,"date":"2022-10-04T08:23:27","date_gmt":"2022-10-04T08:23:27","guid":{"rendered":"https:\/\/vietbee.com\/?post_type=product&#038;p=3495"},"modified":"2022-10-04T08:23:28","modified_gmt":"2022-10-04T08:23:28","slug":"man-hinh-tuong-tac-75-inch-hikvision-ds-d5b75rb-a","status":"publish","type":"product","link":"https:\/\/vietbee.com\/en\/product\/man-hinh-tuong-tac-75-inch-hikvision-ds-d5b75rb-a\/","title":{"rendered":"M\u00e0n h\u00ecnh t\u01b0\u01a1ng t\u00e1c 75-inch HIKVISION DS-D5B75RB\/A"},"content":{"rendered":"<p><strong>TH\u00d4NG S\u1ed0 K\u1ef8 THU\u1eacT:<\/strong><\/p>\n<table border=\"1\" cellspacing=\"0\" cellpadding=\"0\">\n<colgroup>\n<col \/>\n<col \/><\/colgroup>\n<tbody>\n<tr>\n<td class=\"xl72\" height=\"25\"><strong>Model<\/strong><\/td>\n<td class=\"xl72\"><strong>DS-D5B75RB\/A<\/strong><\/td>\n<\/tr>\n<tr>\n<td class=\"xl67\" colspan=\"2\" height=\"25\"><strong>Display<\/strong><\/td>\n<\/tr>\n<tr>\n<td class=\"xl67\" height=\"22\">Screen Size<\/td>\n<td class=\"xl67\">75 inch LED Backlight<\/td>\n<\/tr>\n<tr>\n<td class=\"xl67\" height=\"25\">Backlight<\/td>\n<td class=\"xl67\">DLED<\/td>\n<\/tr>\n<tr>\n<td class=\"xl67\" height=\"24\">Pixel Pitch<\/td>\n<td class=\"xl67\">0.143(H) \u00d7 0.430(V) mm<\/td>\n<\/tr>\n<tr>\n<td class=\"xl67\" height=\"23\">Resolution<\/td>\n<td class=\"xl67\">3840 \u00d7 2160 @60 Hz<\/td>\n<\/tr>\n<tr>\n<td class=\"xl67\" height=\"25\">Brightness<\/td>\n<td class=\"xl67\">350 cd\/m\u00b2<\/td>\n<\/tr>\n<tr>\n<td class=\"xl67\" height=\"23\">Color Depth<\/td>\n<td class=\"xl67\">10 bit<\/td>\n<\/tr>\n<tr>\n<td class=\"xl67\" height=\"24\">Contrast Ratio<\/td>\n<td class=\"xl67\">1200\uff1a1 (Typ.)<\/td>\n<\/tr>\n<tr>\n<td class=\"xl67\" height=\"24\">Response Time<\/td>\n<td class=\"xl67\">6 ms<\/td>\n<\/tr>\n<tr>\n<td class=\"xl67\" height=\"25\">Color Gamut<\/td>\n<td class=\"xl67\">90% NTSC<\/td>\n<\/tr>\n<tr>\n<td class=\"xl67\" height=\"25\">Refresh Rate<\/td>\n<td class=\"xl67\">60 Hz<\/td>\n<\/tr>\n<tr>\n<td class=\"xl67\" height=\"23\">Viewing Angle<\/td>\n<td class=\"xl67\">178\u00b0(H)\/178\u00b0(V)<\/td>\n<\/tr>\n<tr>\n<td class=\"xl74\" colspan=\"2\" height=\"24\"><strong>Built-in System<\/strong><\/td>\n<\/tr>\n<tr>\n<td class=\"xl67\" height=\"24\">Operation System<\/td>\n<td class=\"xl67\">Android 8.0<\/td>\n<\/tr>\n<tr>\n<td class=\"xl67\" height=\"24\">Processor<\/td>\n<td class=\"xl67\">4-core A73 \u00d7 2 + A53 \u00d7 2, 1.5 GHz<\/td>\n<\/tr>\n<tr>\n<td class=\"xl67\" height=\"25\">Memory<\/td>\n<td class=\"xl67\">3 GB<\/td>\n<\/tr>\n<tr>\n<td class=\"xl67\" height=\"21\">Built-in Storage<\/td>\n<td class=\"xl67\">32 GB<\/td>\n<\/tr>\n<tr>\n<td class=\"xl67\" height=\"25\">NIC<\/td>\n<td class=\"xl67\">Built-in 100Mbps NIC, supporting routing<\/td>\n<\/tr>\n<tr>\n<td class=\"xl67\" colspan=\"2\" height=\"25\"><strong>Touch<\/strong><\/td>\n<\/tr>\n<tr>\n<td class=\"xl67\" height=\"25\">Type<\/td>\n<td class=\"xl67\">Infrared touch screen<\/td>\n<\/tr>\n<tr>\n<td class=\"xl67\" height=\"24\">Glass<\/td>\n<td class=\"xl67\">AG smooth glass<\/td>\n<\/tr>\n<tr>\n<td class=\"xl67\" height=\"25\">Touch Point<\/td>\n<td class=\"xl67\">20 point multi-touch<\/td>\n<\/tr>\n<tr>\n<td class=\"xl67\" height=\"24\">Touch Response Time<\/td>\n<td class=\"xl67\"><\/td>\n<\/tr>\n<tr>\n<td class=\"xl67\" height=\"25\">Touch Precision<\/td>\n<td class=\"xl67\">\u00b11 mm (\u2265 90% touching area)<\/td>\n<\/tr>\n<tr>\n<td class=\"xl71\" height=\"24\">Touch Craft<\/td>\n<td class=\"xl71\">Full paste<\/td>\n<\/tr>\n<tr>\n<td class=\"xl73\" colspan=\"2\" height=\"23\"><strong>Internal Function<\/strong><\/td>\n<\/tr>\n<tr>\n<td class=\"xl70\" height=\"23\">Loudspeaker<\/td>\n<td class=\"xl70\">Built-in 2 \u00d7 16 W loudspeaker<\/td>\n<\/tr>\n<tr>\n<td class=\"xl70\" height=\"23\">Bluetooth<\/td>\n<td class=\"xl70\">Built-in BLE (Bluetooth Low Energy) module supports Bluetooth 5.0 and previous version.<\/td>\n<\/tr>\n<tr>\n<td class=\"xl73\" colspan=\"2\" height=\"23\"><strong>Interface<\/strong><\/td>\n<\/tr>\n<tr>\n<td class=\"xl70\" height=\"24\">Video &amp; Audio Input<\/td>\n<td class=\"xl70\">HDMI IN \u00d7 2\uff0cMAX 4 K @ 60 Hz, LINE IN \u00d7 1<\/td>\n<\/tr>\n<tr>\n<td class=\"xl70\" height=\"23\">Video &amp; audio output<\/td>\n<td class=\"xl70\">HDMI OUT \u00d7 1, MAX 4K @ 60 Hz, LINE OUT \u00d7 1<\/td>\n<\/tr>\n<tr>\n<td class=\"xl70\" height=\"24\">Control interface<\/td>\n<td class=\"xl70\">RS-232 \u00d7 1<\/td>\n<\/tr>\n<tr>\n<td class=\"xl77\" height=\"23\">Network Interface<\/td>\n<td class=\"xl77\">RJ45 (100Mbps ports) \u00d7 2<\/td>\n<\/tr>\n<tr>\n<td class=\"xl76\" height=\"23\">Data Transmission Interface<\/td>\n<td class=\"xl77\">2 USB on front panel, 2 USB on rear panel<\/td>\n<\/tr>\n<tr>\n<td class=\"xl78\" colspan=\"2\" height=\"23\"><strong>Power<\/strong><\/td>\n<\/tr>\n<tr>\n<td class=\"xl69\" height=\"23\">Power Consumption<\/td>\n<td class=\"xl80\">&lt; 300 W (full load)<\/td>\n<\/tr>\n<tr>\n<td class=\"xl77\" height=\"23\">Standby Consumption<\/td>\n<td class=\"xl77\">0.5 W<\/td>\n<\/tr>\n<tr>\n<td class=\"xl78\" colspan=\"2\" height=\"23\"><strong>Working Environment<\/strong><\/td>\n<\/tr>\n<tr>\n<td class=\"xl77\" height=\"23\">Working Temperature<\/td>\n<td class=\"xl77\">0 \u2103~40 \u2103<\/td>\n<\/tr>\n<tr>\n<td class=\"xl77\" height=\"23\">Working Humidity<\/td>\n<td class=\"xl77\">10%~90% RH<\/td>\n<\/tr>\n<tr>\n<td class=\"xl81\" colspan=\"2\" height=\"23\"><strong>General<\/strong><\/td>\n<\/tr>\n<tr>\n<td class=\"xl77\" height=\"23\">Power<\/td>\n<td class=\"xl77\">100~240VAC, 50\/60 Hz<\/td>\n<\/tr>\n<tr>\n<td class=\"xl77\" height=\"23\">Product dimensions<\/td>\n<td class=\"xl77\">1718\u00d7 1021 \u00d7 87.5 mm<\/td>\n<\/tr>\n<tr>\n<td class=\"xl77\" height=\"23\">Net Weight<\/td>\n<td class=\"xl80\">51.75 kg<\/td>\n<\/tr>\n<\/tbody>\n<\/table>\n<p><strong>&#8211; B\u1ea3o h\u00e0nh: 24 th\u00e1ng.<\/strong><\/p>\n<p>&nbsp;<\/p>\n","protected":false},"excerpt":{"rendered":"<p><strong>M\u00e0n h\u00ecnh t\u01b0\u01a1ng t\u00e1c 75-inch HIKVISION DS-D5B75RB\/A<\/strong><\/p>\n<p><span style=\"color: #000000;\">&#8211; M\u00e0n h\u00ecnh t\u01b0\u01a1ng t\u00e1c 75 inch, 4K, Android 8.0, 4-core A73 \u00d7 2 + A53 \u00d7 2, 1.5GHz<\/span><\/p>\n<p><span style=\"color: #000000;\">&#8211; 20 \u0111i\u1ec3m ch\u1ea1m<\/span><\/p>\n<p><span style=\"color: #000000;\">&#8211; T\u00edch h\u1ee3p Wifi ph\u1ea3n chi\u1ebfu m\u00e0n h\u00ecnh, k\u1ebft n\u1ed1i kh\u00f4ng c\u1ea7n c\u00e1p\u00a0<\/span><\/p>\n<p><span style=\"color: #000000;\">&#8211; H\u1ec7 th\u1ed1ng t\u01b0\u01a1ng t\u00e1c b\u1ea3ng tr\u1eafng cho ph\u00e9p ch\u00fa th\u00edch v\u00e0 chia s\u1ebb b\u1eb1ng QR code\u00a0<\/span><\/p>\n<p><span style=\"color: #000000;\">&#8211; Input: HDMI IN \u00d7 2, MAX 4 K @ 60 Hz, LINE IN \u00d7 1<\/span><\/p>\n<p><span style=\"color: #000000;\">&#8211; Output: HDMI OUT \u00d7 1, MAX 4K @ 60 Hz,\u00a0 LINE OUT \u00d7 1<\/span><\/p>\n<p><span style=\"color: #000000;\">&#8211; Network: RJ45 (100Mbps ports) \u00d7 2<\/span><\/p>\n","protected":false},"featured_media":3492,"template":"","meta":[],"product_brand":[],"product_cat":[1700],"product_tag":[1714,1710,1713,1712,1711],"pa_bo-nho-trong":[],"pa_bo-vi-xu-ly":[],"pa_do-dai":[],"pa_do-phan-giai":[],"pa_hang-san-xuat":[],"pa_kich-thuoc-man-hinh":[],"pa_micro-thu-am":[],"pa_nha-thong-minh-rang-dong":[],"pa_o-cung":[],"pa_ong-kinh":[],"pa_poe":[],"pa_ports":[],"pa_tam-quan-sat":[],"pa_theo-chuan":[],"class_list":{"0":"post-3495","1":"product","2":"type-product","3":"status-publish","4":"has-post-thumbnail","6":"product_cat-man-hinh-lcd-hikvision","7":"product_tag-ds-d5b75rb-a","8":"product_tag-hikvision","9":"product_tag-hikvision-ds-d5b75rb-a","10":"product_tag-man-hinh-tuong-tac-75-inch","11":"product_tag-man-hinh-tuong-tac-75-inch-hikvision-ds-d5b75rb-a","13":"first","14":"instock","15":"shipping-taxable","16":"product-type-simple"},"_links":{"self":[{"href":"https:\/\/vietbee.com\/en\/wp-json\/wp\/v2\/product\/3495","targetHints":{"allow":["GET"]}}],"collection":[{"href":"https:\/\/vietbee.com\/en\/wp-json\/wp\/v2\/product"}],"about":[{"href":"https:\/\/vietbee.com\/en\/wp-json\/wp\/v2\/types\/product"}],"wp:featuredmedia":[{"embeddable":true,"href":"https:\/\/vietbee.com\/en\/wp-json\/wp\/v2\/media\/3492"}],"wp:attachment":[{"href":"https:\/\/vietbee.com\/en\/wp-json\/wp\/v2\/media?parent=3495"}],"wp:term":[{"taxonomy":"product_brand","embeddable":true,"href":"https:\/\/vietbee.com\/en\/wp-json\/wp\/v2\/product_brand?post=3495"},{"taxonomy":"product_cat","embeddable":true,"href":"https:\/\/vietbee.com\/en\/wp-json\/wp\/v2\/product_cat?post=3495"},{"taxonomy":"product_tag","embeddable":true,"href":"https:\/\/vietbee.com\/en\/wp-json\/wp\/v2\/product_tag?post=3495"},{"taxonomy":"pa_bo-nho-trong","embeddable":true,"href":"https:\/\/vietbee.com\/en\/wp-json\/wp\/v2\/pa_bo-nho-trong?post=3495"},{"taxonomy":"pa_bo-vi-xu-ly","embeddable":true,"href":"https:\/\/vietbee.com\/en\/wp-json\/wp\/v2\/pa_bo-vi-xu-ly?post=3495"},{"taxonomy":"pa_do-dai","embeddable":true,"href":"https:\/\/vietbee.com\/en\/wp-json\/wp\/v2\/pa_do-dai?post=3495"},{"taxonomy":"pa_do-phan-giai","embeddable":true,"href":"https:\/\/vietbee.com\/en\/wp-json\/wp\/v2\/pa_do-phan-giai?post=3495"},{"taxonomy":"pa_hang-san-xuat","embeddable":true,"href":"https:\/\/vietbee.com\/en\/wp-json\/wp\/v2\/pa_hang-san-xuat?post=3495"},{"taxonomy":"pa_kich-thuoc-man-hinh","embeddable":true,"href":"https:\/\/vietbee.com\/en\/wp-json\/wp\/v2\/pa_kich-thuoc-man-hinh?post=3495"},{"taxonomy":"pa_micro-thu-am","embeddable":true,"href":"https:\/\/vietbee.com\/en\/wp-json\/wp\/v2\/pa_micro-thu-am?post=3495"},{"taxonomy":"pa_nha-thong-minh-rang-dong","embeddable":true,"href":"https:\/\/vietbee.com\/en\/wp-json\/wp\/v2\/pa_nha-thong-minh-rang-dong?post=3495"},{"taxonomy":"pa_o-cung","embeddable":true,"href":"https:\/\/vietbee.com\/en\/wp-json\/wp\/v2\/pa_o-cung?post=3495"},{"taxonomy":"pa_ong-kinh","embeddable":true,"href":"https:\/\/vietbee.com\/en\/wp-json\/wp\/v2\/pa_ong-kinh?post=3495"},{"taxonomy":"pa_poe","embeddable":true,"href":"https:\/\/vietbee.com\/en\/wp-json\/wp\/v2\/pa_poe?post=3495"},{"taxonomy":"pa_ports","embeddable":true,"href":"https:\/\/vietbee.com\/en\/wp-json\/wp\/v2\/pa_ports?post=3495"},{"taxonomy":"pa_tam-quan-sat","embeddable":true,"href":"https:\/\/vietbee.com\/en\/wp-json\/wp\/v2\/pa_tam-quan-sat?post=3495"},{"taxonomy":"pa_theo-chuan","embeddable":true,"href":"https:\/\/vietbee.com\/en\/wp-json\/wp\/v2\/pa_theo-chuan?post=3495"}],"curies":[{"name":"wp","href":"https:\/\/api.w.org\/{rel}","templated":true}]}}