{"id":3474,"date":"2022-09-30T04:01:53","date_gmt":"2022-09-30T04:01:53","guid":{"rendered":"https:\/\/vietbee.com\/?post_type=product&#038;p=3474"},"modified":"2022-09-30T04:01:53","modified_gmt":"2022-09-30T04:01:53","slug":"hp-laserjet-mfp-m440nda-8af48a","status":"publish","type":"product","link":"https:\/\/vietbee.com\/en\/product\/hp-laserjet-mfp-m440nda-8af48a\/","title":{"rendered":"HP LaserJet MFP M440nda 8AF48A"},"content":{"rendered":"<p><strong>TH\u00d4NG S\u1ed0 K\u1ef8 THU\u1eacT:<\/strong><\/p>\n<table border=\"1\" width=\"100%\">\n<tbody>\n<tr>\n<td width=\"145\"><span style=\"color: #000000;\">H\u00e3ng s\u1ea3n xu\u1ea5t<\/span><\/td>\n<td width=\"391\"><span style=\"color: #000000;\">HP<\/span><\/td>\n<\/tr>\n<tr>\n<td width=\"145\"><span style=\"color: #000000;\">Ch\u1ee7ng lo\u1ea1i<\/span><\/td>\n<td width=\"391\"><span style=\"color: #000000;\">HP LaserJet M440nda (8AF48A)<\/span><\/td>\n<\/tr>\n<tr>\n<td width=\"145\"><span style=\"color: #000000;\">Lo\u1ea1i m\u00e1y<\/span><\/td>\n<td width=\"391\"><span style=\"color: #000000;\">In, Sao ch\u00e9p, Qu\u00e9t<\/span><\/td>\n<\/tr>\n<tr>\n<td width=\"145\"><span style=\"color: #000000;\">Kh\u1ed5 gi\u1ea5y<\/span><\/td>\n<td width=\"391\"><span style=\"color: #000000;\">A3; A4; A5; A6; B4 (JIS); B5 (JIS); 8K; 16K; Oficio 216x340mm<\/span><\/td>\n<\/tr>\n<tr>\n<td width=\"145\"><span style=\"color: #000000;\">B\u00f4\u0323 nh\u01a1\u0301<\/span><\/td>\n<td width=\"391\"><span style=\"color: #000000;\">512 MB<\/span><\/td>\n<\/tr>\n<tr>\n<td width=\"145\"><span style=\"color: #000000;\">Hi\u1ec3n th\u1ecb LCD<\/span><\/td>\n<td width=\"391\"><span style=\"color: #000000;\">LCD 4 d\u00f2ng<\/span><\/td>\n<\/tr>\n<tr>\n<td width=\"145\"><span style=\"color: #000000;\">T\u1ed1c \u0111\u1ed9<\/span><\/td>\n<td width=\"391\"><span style=\"color: #000000;\">T\u1ed1c \u0111\u1ed9 in m\u00e0u \u0111en (ISO, A4) L\u00ean \u0111\u1ebfn 24 trang\/ph\u00fat<\/span><\/p>\n<p><span style=\"color: #000000;\">T\u1ed1c \u0111\u1ed9 in \u0111en (b\u00ecnh th\u01b0\u1eddng, A3) L\u00ean \u0111\u1ebfn 13 trang\/ph\u00fat<\/span><\/p>\n<p><span style=\"color: #000000;\">T\u1ed1c \u0111\u1ed9 in hai m\u1eb7t (A4) T\u1ed1i \u0111a 12 ppm<\/span><\/td>\n<\/tr>\n<tr>\n<td width=\"145\"><span style=\"color: #000000;\">In \u0111\u1ea3o m\u1eb7t<\/span><\/td>\n<td width=\"391\"><span style=\"color: #000000;\">T\u1ef1 \u0111\u1ed9ng (ti\u00eau chu\u1ea9n)<\/span><\/td>\n<\/tr>\n<tr>\n<td width=\"145\"><span style=\"color: #000000;\">\u0110\u1ed9 ph\u00e2n gi\u1ea3i<\/span><\/td>\n<td width=\"391\"><span style=\"color: #000000;\">L\u00ean \u0111\u1ebfn 1200 x 1200 dpi<\/span><\/td>\n<\/tr>\n<tr>\n<td width=\"145\"><span style=\"color: #000000;\">In m\u00e0u<\/span><\/td>\n<td width=\"391\"><span style=\"color: #000000;\">Kh\u00f4ng<\/span><\/td>\n<\/tr>\n<tr>\n<td width=\"145\"><span style=\"color: #000000;\">C\u1ed5ng giao ti\u1ebfp<\/span><\/td>\n<td width=\"391\"><span style=\"color: #000000;\">Thi\u1ebft b\u1ecb USB 2.0 T\u1ed1c \u0111\u1ed9 cao, Ethernet 10\/100 Base TX<\/span><\/td>\n<\/tr>\n<tr>\n<td width=\"145\"><span style=\"color: #000000;\">H\u1ed9p m\u1ef1c thay th\u1ebf<\/span><\/td>\n<td width=\"391\"><span style=\"color: #000000;\">H\u1ed9p m\u1ef1c HP 335A LaserJet ch\u00ednh h\u00e3ng (n\u0103ng su\u1ea5t ~7.400 trang ISO*) W1335A, H\u1ed9p m\u1ef1c HP 335X LaserJet m\u00e0u \u0111en n\u0103ng su\u1ea5t cao ch\u00ednh h\u00e3ng (n\u0103ng su\u1ea5t ~13.700 trang ISO*) W1335X, Tr\u1ed1ng t\u1ea1o \u1ea3nh HP 57A LaserJet ch\u00ednh h\u00e3ng (n\u0103ng su\u1ea5t ~80.000 trang) CF257A<\/span><\/td>\n<\/tr>\n<tr>\n<td width=\"145\"><span style=\"color: #000000;\">Kh\u1ed1i l\u01b0\u1ee3ng trang h\u00e0ng th\u00e1ng \u0111\u01b0\u1ee3c khuy\u1ebfn ngh\u1ecb<\/span><\/td>\n<td width=\"391\"><span style=\"color: #000000;\">2000 \u0111\u1ebfn 5000<\/span><\/td>\n<\/tr>\n<tr>\n<td width=\"145\"><span style=\"color: #000000;\">Sao ch\u00e9p<\/span><\/td>\n<td width=\"391\"><span style=\"color: #000000;\">T\u1ed1c \u0111\u1ed9 sao ch\u00e9p (\u0111en, ch\u1ea5t l\u01b0\u1ee3ng b\u00ecnh th\u01b0\u1eddng, A4) L\u00ean \u0111\u1ebfn 24 b\u1ea3n sao\/ph\u00fat<\/span><\/p>\n<p><span style=\"color: #000000;\">\u0110\u1ed9 ph\u00e2n gi\u1ea3i b\u1ea3n sao (v\u0103n ba\u0309n \u0111en) L\u00ean t\u1edbi 600 x 600 dpi<\/span><\/p>\n<p><span style=\"color: #000000;\">Thi\u1ebft l\u1eadp thu nh\u1ecf \/ ph\u00f3ng to b\u1ea3n sao 25 \u0111\u1ebfn 400%<\/span><\/p>\n<p><span style=\"color: #000000;\">Ba\u0309n sao, t\u1ed1i \u0111a L\u00ean \u0111\u1ebfn 999 b\u1ea3n sao<\/span><\/p>\n<p><span style=\"color: #000000;\">Thi\u1ebft l\u1eadp m\u00e1y photocopy 600 x 600 dpi x 2 bit; C\u00e1c c\u00e0i \u0111\u1eb7t n\u1ed9i dung b\u1ea3n g\u1ed1c: V\u0103n b\u1ea3n, V\u0103n b\u1ea3n\/\u1ea2nh, \u1ea2nh, B\u1ea3n \u0111\u1ed3; T\u1ef7 l\u1ec7 Thu nh\u1ecf\/Ph\u00f3ng to: 25 \u0111\u1ebfn 400%; C\u00e0i \u0111\u1eb7t s\u1ed1 l\u01b0\u1ee3ng b\u1ea3n sao: 1 \u0111\u1ebfn 999; \u0110i\u1ec1u ch\u1ec9nh \u0111\u1ed9 \u0111\u1eadm: 11 m\u1ee9c (Nh\u1ea1t, B\u00ecnh th\u01b0\u1eddng, \u0110\u1eadm); S\u1eafp x\u1ebfp trang in: C\u00f3 (H\u1ea1n ch\u1ebf); In nhi\u00ea\u0300u trang tr\u00ean m\u00f4\u0323t t\u1edd; A3: 2\/4\/8\/16 trang; A4: 2\/4\/8 trang<\/span><\/td>\n<\/tr>\n<tr>\n<td width=\"145\"><span style=\"color: #000000;\">Qu\u00e9t<\/span><\/td>\n<td width=\"391\"><span style=\"color: #000000;\">Lo\u1ea1i m\u00e1y ch\u1ee5p qu\u00e9t M\u0103\u0323t ki\u0301nh ph\u0103\u0309ng, ADF<\/span><\/p>\n<p><span style=\"color: #000000;\">\u0110\u1ecbnh d\u1ea1ng t\u1eadp tin ch\u1ee5p qu\u00e9t PDF, JPEG, TIFF<\/span><\/p>\n<p><span style=\"color: #000000;\">\u0110\u1ed9 ph\u00e2n gi\u1ea3i ch\u1ee5p qu\u00e9t, quang h\u1ecdc L\u00ean t\u1edbi 600 dpi<\/span><\/p>\n<p><span style=\"color: #000000;\">\u0110\u1ed9 s\u00e2u b\u00edt 24-bit<\/span><\/p>\n<p><span style=\"color: #000000;\">K\u00edch c\u1ee1 b\u1ea3n ch\u1ee5p qu\u00e9t, t\u1ed1i \u0111a 297 x 432 mm<\/span><\/p>\n<p><span style=\"color: #000000;\">K\u00edch th\u01b0\u1edbc ch\u1ee5p qu\u00e9t (ADF), t\u1ed1i \u0111a 297 x 432 mm<\/span><\/p>\n<p><span style=\"color: #000000;\">C\u00f4ng su\u1ea5t khay n\u1ea1p t\u00e0i li\u1ec7u t\u1ef1 \u0111\u1ed9ng Chu\u1ea9n, 100 t\u01a1\u0300<\/span><\/p>\n<p><span style=\"color: #000000;\">C\u00e1c t\u00ednh n\u0103ng g\u1eedi k\u1ef9 thu\u1eadt s\u1ed1 ti\u00eau chu\u1ea9n Scan t\u1edbi Email; G\u1eedi t\u1edbi FTP; G\u1eedi t\u1edbi SMB; S\u00f4\u0309 \u0110i\u0323a chi\u0309 Cu\u0323c b\u00f4\u0323; SMTP qua SSL\/TLS<\/span><\/p>\n<p><span style=\"color: #000000;\">\u0110\u1ecbnh d\u1ea1ng T\u1ec7p \u0110\u01b0\u1ee3c h\u1ed7 tr\u1ee3 PDF; JPEG; TIFF<\/span><\/p>\n<p><span style=\"color: #000000;\">T\u1ed1c \u0111\u1ed9 ch\u1ee5p qu\u00e9t (b\u00ecnh th\u01b0\u1eddng, A4) L\u00ean \u0111\u1ebfn 33 h\u00ecnh\/ph\u00fat (\u0111en tr\u1eafng); L\u00ean \u0111\u1ebfn 33 h\u00ecnh\/ph\u00fat (m\u00e0u)<\/span><\/td>\n<\/tr>\n<tr>\n<td width=\"145\"><span style=\"color: #000000;\">Khay gi\u1ea5y<\/span><\/td>\n<td width=\"391\"><span style=\"color: #000000;\">Khay 1: 100 t\u1edd, Khay 2: 250 t\u1edd<\/span><\/td>\n<\/tr>\n<tr>\n<td width=\"145\"><span style=\"color: #000000;\">H\u1ec7 \u0111i\u1ec1u h\u00e0nh t\u01b0\u01a1ng th\u00edch<\/span><\/td>\n<td width=\"391\"><span style=\"color: #000000;\">Windows 7 (32\/64 bit), Windows 2008 Server R2, Windows 8 (32\/64 bit), Windows 8.1 (32\/64 bit), Windows 10 (32\/64 bit), Windows 2012 Server, Windows 2016 Server, Red Hat Enterprise Linux : 5, 6, 7, Fedora : 15, 16, 17, 18, 19, 20, 21, 22, 23, 24, 25, 26, openSUSE : 112, 11.4, 12.1, 121.2, 12.3, 13.1, 13.2, 42.1, Ubuntu : 11.10, 12.04, 12.10, 13.04, 13.10, 14.04, 14.10, 15.04, 15.10, 16.04, 16.10, 17.04, 17.10, 18.04, 18.10, 19.04, SUSE Linux Enterprise Desktop : 10, 11, 12, Debian : 6, 7, 8, 9, Linux Mint : 15, 16, 17, 18<\/span><\/td>\n<\/tr>\n<tr>\n<td width=\"145\"><span style=\"color: #000000;\">K\u00edch th\u01b0\u1edbc<\/span><\/td>\n<td width=\"391\"><span style=\"color: #000000;\">K\u00edch th\u01b0\u1edbc t\u1ed1i thi\u1ec3u (R x S x C) 560 x 583 x 505 mm<\/span><\/p>\n<p><span style=\"color: #000000;\">K\u00edch th\u01b0\u1edbc t\u1ed1i \u0111a (R x S x C) 960 x 1133 x 933 mm<\/span><\/td>\n<\/tr>\n<tr>\n<td width=\"145\"><span style=\"color: #000000;\">Tr\u1ecdng l\u01b0\u1ee3ng<\/span><\/td>\n<td width=\"391\"><span style=\"color: #000000;\">30 kg (k\u1ec3 c\u1ea3 m\u1ef1c in)<\/span><\/td>\n<\/tr>\n<\/tbody>\n<\/table>\n","protected":false},"excerpt":{"rendered":"<p><span class=\"item \" style=\"color: #000000;\">* C\u00f4ng ngh\u1ec7 in: Laser \u0111a n\u0103ng (In, Sao ch\u00e9p, Qu\u00e9t)<\/span><\/p>\n<p><span class=\"item \" style=\"color: #000000;\"><i class=\"fa fa-check-circle\"><\/i>* M\u00e0n h\u00ecnh hi\u1ec3n th\u1ecb in: 4-line LCD.<\/span><\/p>\n<p><span class=\"item \" style=\"color: #000000;\"><i class=\"fa fa-check-circle\"><\/i>* Kh\u1ed5 gi\u1ea5y in: A3.<\/span><\/p>\n<p><span style=\"color: #000000;\"><span class=\"item \">* T\u1ed1c \u0111\u1ed9 in tr\u1eafng \u0111en kh\u1ed5 gi\u1ea5y A4: 24 trang\/ph\u00fat (in m\u1ed9t m\u1eb7t); 12 trang\/ph\u00fat (in hai m\u1eb7t).<\/span><span class=\"item hide d-block\"><i class=\"fa fa-check-circle\"><\/i>T\u1ed1c \u0111\u1ed9 in tr\u1eafng \u0111en kh\u1ed5 gi\u1ea5y A3: 13 trang\/ph\u00fat (in m\u1ed9t m\u1eb7t); 8 trang\/ph\u00fat (in hai m\u1eb7t).<\/span><\/span><\/p>\n<p><span style=\"color: #000000;\"><span class=\"item hide d-block\"><i class=\"fa fa-check-circle\"><\/i>* Th\u1eddi gian in trang \u0111\u1ea7u ti\u00ean (tr\u1ea1ng th\u00e1i s\u1eb5n s\u00e0ng): 7.7 gi\u00e2y (in tr\u1eafng \u0111en).<\/span><span class=\"item hide d-block\"><i class=\"fa fa-check-circle\"><\/i>\u0110\u1ed9 ph\u00e2n gi\u1ea3i in: 1.200 x 1.200 dpi.<\/span><\/span><\/p>\n<p><span class=\"item hide d-block\" style=\"color: #000000;\"><i class=\"fa fa-check-circle\"><\/i>* T\u1ed1c \u0111\u1ed9 copy: 24cpm (letter)<\/span><\/p>\n<p><span style=\"color: #000000;\"><span class=\"item hide d-block\">* <\/span><span class=\"item hide d-block\">C\u00f4ng ngh\u1ec7 Scan: Digital-CMOS Image Sensors (D-CIS).<\/span><\/span><\/p>\n<p><span class=\"item hide d-block\" style=\"color: #000000;\"><i class=\"fa fa-check-circle\"><\/i>* K\u1ebft n\u1ed1i: Hi-Speed USB 2.0 Device, Ethernet 10\/100 Base TX.<\/span><\/p>\n","protected":false},"featured_media":3475,"template":"","meta":[],"product_brand":[],"product_cat":[1533],"product_tag":[1691,1537,1689,1542,1690],"pa_bo-nho-trong":[],"pa_bo-vi-xu-ly":[],"pa_do-dai":[],"pa_do-phan-giai":[],"pa_hang-san-xuat":[],"pa_kich-thuoc-man-hinh":[],"pa_micro-thu-am":[],"pa_nha-thong-minh-rang-dong":[],"pa_o-cung":[],"pa_ong-kinh":[],"pa_poe":[],"pa_ports":[],"pa_tam-quan-sat":[],"pa_theo-chuan":[],"class_list":{"0":"post-3474","1":"product","2":"type-product","3":"status-publish","4":"has-post-thumbnail","6":"product_cat-may-in","7":"product_tag-8af48a","8":"product_tag-hp-laserjet","9":"product_tag-hp-laserjet-mfp-m440nda-8af48a","10":"product_tag-may-in-hp","11":"product_tag-mfp-m440nda","13":"first","14":"instock","15":"shipping-taxable","16":"product-type-simple"},"_links":{"self":[{"href":"https:\/\/vietbee.com\/en\/wp-json\/wp\/v2\/product\/3474","targetHints":{"allow":["GET"]}}],"collection":[{"href":"https:\/\/vietbee.com\/en\/wp-json\/wp\/v2\/product"}],"about":[{"href":"https:\/\/vietbee.com\/en\/wp-json\/wp\/v2\/types\/product"}],"wp:featuredmedia":[{"embeddable":true,"href":"https:\/\/vietbee.com\/en\/wp-json\/wp\/v2\/media\/3475"}],"wp:attachment":[{"href":"https:\/\/vietbee.com\/en\/wp-json\/wp\/v2\/media?parent=3474"}],"wp:term":[{"taxonomy":"product_brand","embeddable":true,"href":"https:\/\/vietbee.com\/en\/wp-json\/wp\/v2\/product_brand?post=3474"},{"taxonomy":"product_cat","embeddable":true,"href":"https:\/\/vietbee.com\/en\/wp-json\/wp\/v2\/product_cat?post=3474"},{"taxonomy":"product_tag","embeddable":true,"href":"https:\/\/vietbee.com\/en\/wp-json\/wp\/v2\/product_tag?post=3474"},{"taxonomy":"pa_bo-nho-trong","embeddable":true,"href":"https:\/\/vietbee.com\/en\/wp-json\/wp\/v2\/pa_bo-nho-trong?post=3474"},{"taxonomy":"pa_bo-vi-xu-ly","embeddable":true,"href":"https:\/\/vietbee.com\/en\/wp-json\/wp\/v2\/pa_bo-vi-xu-ly?post=3474"},{"taxonomy":"pa_do-dai","embeddable":true,"href":"https:\/\/vietbee.com\/en\/wp-json\/wp\/v2\/pa_do-dai?post=3474"},{"taxonomy":"pa_do-phan-giai","embeddable":true,"href":"https:\/\/vietbee.com\/en\/wp-json\/wp\/v2\/pa_do-phan-giai?post=3474"},{"taxonomy":"pa_hang-san-xuat","embeddable":true,"href":"https:\/\/vietbee.com\/en\/wp-json\/wp\/v2\/pa_hang-san-xuat?post=3474"},{"taxonomy":"pa_kich-thuoc-man-hinh","embeddable":true,"href":"https:\/\/vietbee.com\/en\/wp-json\/wp\/v2\/pa_kich-thuoc-man-hinh?post=3474"},{"taxonomy":"pa_micro-thu-am","embeddable":true,"href":"https:\/\/vietbee.com\/en\/wp-json\/wp\/v2\/pa_micro-thu-am?post=3474"},{"taxonomy":"pa_nha-thong-minh-rang-dong","embeddable":true,"href":"https:\/\/vietbee.com\/en\/wp-json\/wp\/v2\/pa_nha-thong-minh-rang-dong?post=3474"},{"taxonomy":"pa_o-cung","embeddable":true,"href":"https:\/\/vietbee.com\/en\/wp-json\/wp\/v2\/pa_o-cung?post=3474"},{"taxonomy":"pa_ong-kinh","embeddable":true,"href":"https:\/\/vietbee.com\/en\/wp-json\/wp\/v2\/pa_ong-kinh?post=3474"},{"taxonomy":"pa_poe","embeddable":true,"href":"https:\/\/vietbee.com\/en\/wp-json\/wp\/v2\/pa_poe?post=3474"},{"taxonomy":"pa_ports","embeddable":true,"href":"https:\/\/vietbee.com\/en\/wp-json\/wp\/v2\/pa_ports?post=3474"},{"taxonomy":"pa_tam-quan-sat","embeddable":true,"href":"https:\/\/vietbee.com\/en\/wp-json\/wp\/v2\/pa_tam-quan-sat?post=3474"},{"taxonomy":"pa_theo-chuan","embeddable":true,"href":"https:\/\/vietbee.com\/en\/wp-json\/wp\/v2\/pa_theo-chuan?post=3474"}],"curies":[{"name":"wp","href":"https:\/\/api.w.org\/{rel}","templated":true}]}}