{"id":3465,"date":"2022-09-29T08:59:46","date_gmt":"2022-09-29T08:59:46","guid":{"rendered":"https:\/\/vietbee.com\/?post_type=product&#038;p=3465"},"modified":"2022-09-29T08:59:46","modified_gmt":"2022-09-29T08:59:46","slug":"hp-laserjet-pro-mfp-m428fdw-w1a30a","status":"publish","type":"product","link":"https:\/\/vietbee.com\/en\/product\/hp-laserjet-pro-mfp-m428fdw-w1a30a\/","title":{"rendered":"HP LaserJet Pro MFP M428fdw &#8211; W1A30A"},"content":{"rendered":"<h2 class=\"h-title\">TH\u00d4NG S\u1ed0 K\u1ef8 THU\u1eacT<\/h2>\n<div class=\"progen\">\n<p><span style=\"color: #000000;\">&#8211; Ch\u1ee9c n\u0103ng : Copy &#8211; In &#8211; Scan &#8211; Fax.<\/span><\/p>\n<p><span style=\"color: #000000;\">&#8211; M\u00e0n h\u00ecnh m\u00e0u c\u1ea3m \u1ee9ng 2.7 Inch (6.9 cm).<\/span><\/p>\n<p><span style=\"color: #000000;\">&#8211; T\u1ed1c \u0111\u1ed9 in\/copy : 38 trang \/ ph\u00fat.<\/span><\/p>\n<p><span style=\"color: #000000;\">&#8211; T\u1ed1c \u0111\u1ed9 scan : 29 trang tr\u1eafng \u0111en\/ 20 trang m\u00e0u \/ ph\u00fat.<\/span><\/p>\n<p><span style=\"color: #000000;\">&#8211; \u0110\u1ed9 ph\u00e2n gi\u1ea3i : 1200 dpi x 1200 dpi.<\/span><\/p>\n<p><span style=\"color: #000000;\">&#8211; B\u1ed9 nh\u1edb ti\u00eau chu\u1ea9n : 512MB;\u00a0&#8211; B\u1ed9 x\u1eed l\u00fd CPU 1200Mhz.<\/span><\/p>\n<p><span style=\"color: #000000;\">&#8211; Kh\u1ed5 gi\u1ea5y t\u1ed1i \u0111a : A4;\u00a0&#8211; Khay n\u1ea1p t\u00e0i li\u1ec7u\u00a0hai m\u1eb7t t\u1ef1 \u0111\u1ed9ng Duplex ADF (50 t\u1edd).<\/span><\/p>\n<p><span style=\"color: #000000;\">&#8211; In\u00a0hai m\u1eb7t t\u1ef1 \u0111\u1ed9ng (Duplex);\u00a0&#8211; In\/scan qua m\u1ea1ng Lan c\u00f3 d\u00e2y v\u00e0 kh\u00f4ng d\u00e2y WiFi.<\/span><\/p>\n<p><span style=\"color: #000000;\">&#8211; Qu\u00e9t tr\u1ef1c ti\u1ebfp v\u00e0o Microsoft\u00ae SharePoint, email, USB v\u00e0 th\u01b0 m\u1ee5c m\u1ea1ng.<\/span><\/p>\n<p><span style=\"color: #000000;\">&#8211; Khay gi\u1ea5y t\u1ef1 \u0111\u1ed9ng : 01 x 250 t\u1edd.<\/span><\/p>\n<p><span style=\"color: #000000;\">&#8211; C\u1ed5ng k\u1ebft n\u1ed1i : 1 Hi-Speed USB 2.0;1 rear host USB; 1 Front USB port; Gigabit Ethernet LAN 10\/100\/1000,\u00a0Wi-Fi, Wi-Fi\u00ae Direct Printing.<\/span><\/p>\n<p><span style=\"color: #000000;\">&#8211; K\u00edch th\u01b0\u1edbc 420 x 390 x 323 mm.<\/span><\/p>\n<p><span style=\"color: #000000;\">&#8211; Tr\u1ecdng l\u01b0\u1ee3ng : 12.6 Kg.<\/span><\/p>\n<p><span style=\"color: #000000;\">&#8211; S\u1eed d\u1ee5ng h\u1ed9p m\u1ef1c (Cartridge) CF276A 3.000 trang.<\/span><\/p>\n<\/div>","protected":false},"excerpt":{"rendered":"<ul class=\"ul\">\n<li><span style=\"color: #000000;\">M\u00e0n h\u00ecnh m\u00e0u c\u1ea3m \u1ee9ng 2.7 Inch (6.9 cm).<\/span><\/li>\n<li><span style=\"color: #000000;\"><i class=\"before\"><\/i>T\u1ed1c \u0111\u1ed9 in\/copy : 38 trang \/ ph\u00fat.<\/span><\/li>\n<li><span style=\"color: #000000;\"><i class=\"before\"><\/i>T\u1ed1c \u0111\u1ed9 scan : 29 trang tr\u1eafng \u0111en\/ 20 trang m\u00e0u \/ ph\u00fat.<\/span><\/li>\n<li><span style=\"color: #000000;\"><i class=\"before\"><\/i>T\u1ed1c \u0111\u1ed9 fax : 3s\/ trang.<\/span><\/li>\n<\/ul>\n","protected":false},"featured_media":3467,"template":"","meta":[],"product_brand":[],"product_cat":[1533],"product_tag":[1677,1681,1683,1542,1682,1684],"pa_bo-nho-trong":[],"pa_bo-vi-xu-ly":[],"pa_do-dai":[],"pa_do-phan-giai":[],"pa_hang-san-xuat":[],"pa_kich-thuoc-man-hinh":[],"pa_micro-thu-am":[],"pa_nha-thong-minh-rang-dong":[],"pa_o-cung":[],"pa_ong-kinh":[],"pa_poe":[],"pa_ports":[],"pa_tam-quan-sat":[],"pa_theo-chuan":[],"class_list":{"0":"post-3465","1":"product","2":"type-product","3":"status-publish","4":"has-post-thumbnail","6":"product_cat-may-in","7":"product_tag-hp-laserjet-pro","8":"product_tag-hp-laserjet-pro-mfp-m428fdw-w1a30a","9":"product_tag-m428fdw","10":"product_tag-may-in-hp","11":"product_tag-mfp-m428fdw-w1a30a","12":"product_tag-w1a30a","14":"first","15":"instock","16":"shipping-taxable","17":"product-type-simple"},"_links":{"self":[{"href":"https:\/\/vietbee.com\/en\/wp-json\/wp\/v2\/product\/3465","targetHints":{"allow":["GET"]}}],"collection":[{"href":"https:\/\/vietbee.com\/en\/wp-json\/wp\/v2\/product"}],"about":[{"href":"https:\/\/vietbee.com\/en\/wp-json\/wp\/v2\/types\/product"}],"wp:featuredmedia":[{"embeddable":true,"href":"https:\/\/vietbee.com\/en\/wp-json\/wp\/v2\/media\/3467"}],"wp:attachment":[{"href":"https:\/\/vietbee.com\/en\/wp-json\/wp\/v2\/media?parent=3465"}],"wp:term":[{"taxonomy":"product_brand","embeddable":true,"href":"https:\/\/vietbee.com\/en\/wp-json\/wp\/v2\/product_brand?post=3465"},{"taxonomy":"product_cat","embeddable":true,"href":"https:\/\/vietbee.com\/en\/wp-json\/wp\/v2\/product_cat?post=3465"},{"taxonomy":"product_tag","embeddable":true,"href":"https:\/\/vietbee.com\/en\/wp-json\/wp\/v2\/product_tag?post=3465"},{"taxonomy":"pa_bo-nho-trong","embeddable":true,"href":"https:\/\/vietbee.com\/en\/wp-json\/wp\/v2\/pa_bo-nho-trong?post=3465"},{"taxonomy":"pa_bo-vi-xu-ly","embeddable":true,"href":"https:\/\/vietbee.com\/en\/wp-json\/wp\/v2\/pa_bo-vi-xu-ly?post=3465"},{"taxonomy":"pa_do-dai","embeddable":true,"href":"https:\/\/vietbee.com\/en\/wp-json\/wp\/v2\/pa_do-dai?post=3465"},{"taxonomy":"pa_do-phan-giai","embeddable":true,"href":"https:\/\/vietbee.com\/en\/wp-json\/wp\/v2\/pa_do-phan-giai?post=3465"},{"taxonomy":"pa_hang-san-xuat","embeddable":true,"href":"https:\/\/vietbee.com\/en\/wp-json\/wp\/v2\/pa_hang-san-xuat?post=3465"},{"taxonomy":"pa_kich-thuoc-man-hinh","embeddable":true,"href":"https:\/\/vietbee.com\/en\/wp-json\/wp\/v2\/pa_kich-thuoc-man-hinh?post=3465"},{"taxonomy":"pa_micro-thu-am","embeddable":true,"href":"https:\/\/vietbee.com\/en\/wp-json\/wp\/v2\/pa_micro-thu-am?post=3465"},{"taxonomy":"pa_nha-thong-minh-rang-dong","embeddable":true,"href":"https:\/\/vietbee.com\/en\/wp-json\/wp\/v2\/pa_nha-thong-minh-rang-dong?post=3465"},{"taxonomy":"pa_o-cung","embeddable":true,"href":"https:\/\/vietbee.com\/en\/wp-json\/wp\/v2\/pa_o-cung?post=3465"},{"taxonomy":"pa_ong-kinh","embeddable":true,"href":"https:\/\/vietbee.com\/en\/wp-json\/wp\/v2\/pa_ong-kinh?post=3465"},{"taxonomy":"pa_poe","embeddable":true,"href":"https:\/\/vietbee.com\/en\/wp-json\/wp\/v2\/pa_poe?post=3465"},{"taxonomy":"pa_ports","embeddable":true,"href":"https:\/\/vietbee.com\/en\/wp-json\/wp\/v2\/pa_ports?post=3465"},{"taxonomy":"pa_tam-quan-sat","embeddable":true,"href":"https:\/\/vietbee.com\/en\/wp-json\/wp\/v2\/pa_tam-quan-sat?post=3465"},{"taxonomy":"pa_theo-chuan","embeddable":true,"href":"https:\/\/vietbee.com\/en\/wp-json\/wp\/v2\/pa_theo-chuan?post=3465"}],"curies":[{"name":"wp","href":"https:\/\/api.w.org\/{rel}","templated":true}]}}