{"id":3458,"date":"2022-09-29T07:35:01","date_gmt":"2022-09-29T07:35:01","guid":{"rendered":"https:\/\/vietbee.com\/?post_type=product&#038;p=3458"},"modified":"2022-09-29T07:35:02","modified_gmt":"2022-09-29T07:35:02","slug":"hp-laserjet-pro-m404dw-w1a56a","status":"publish","type":"product","link":"https:\/\/vietbee.com\/en\/product\/hp-laserjet-pro-m404dw-w1a56a\/","title":{"rendered":"HP LaserJet Pro M404DW-W1A56A"},"content":{"rendered":"<h2 class=\"h-title\">TH\u00d4NG S\u1ed0 K\u1ef8 THU\u1eacT<\/h2>\n<div class=\"tbl-technical nd\">\n<table width=\"691\">\n<tbody>\n<tr>\n<td width=\"177\"><span style=\"color: #000000;\">S\u1ea3n ph\u1ea9m<\/span><\/td>\n<td width=\"514\"><span style=\"color: #000000;\">Ma\u0301y in laser \u0111en tr\u0103\u0301ng<\/span><\/td>\n<\/tr>\n<tr>\n<td><span style=\"color: #000000;\">H\u00e3ng s\u1ea3n xu\u1ea5t<\/span><\/td>\n<td><span style=\"color: #000000;\">HP<\/span><\/td>\n<\/tr>\n<tr>\n<td><span style=\"color: #000000;\">Model<\/span><\/td>\n<td><span style=\"color: #000000;\">M404DW-W1A56A<\/span><\/td>\n<\/tr>\n<tr>\n<td><span style=\"color: #000000;\">Kh\u1ed5 gi\u1ea5y<\/span><\/td>\n<td><span style=\"color: #000000;\">Khay 1, Khay 2: A4; A5; A6; B5 (JIS); B6 (JIS)<\/span><\/td>\n<\/tr>\n<tr>\n<td><span style=\"color: #000000;\">B\u00f4\u0323 nh\u01a1\u0301<\/span><\/td>\n<td><span style=\"color: #000000;\">256Mb<\/span><\/td>\n<\/tr>\n<tr>\n<td><span style=\"color: #000000;\">T\u1ed1c \u0111\u1ed9<\/span><\/td>\n<td><span style=\"color: #000000;\">L\u00ean \u0111\u00ea\u0301n 38 trang\/ph\u00fat<\/span><\/td>\n<\/tr>\n<tr>\n<td><span style=\"color: #000000;\">In \u0111\u1ea3o m\u1eb7t<\/span><\/td>\n<td><span style=\"color: #000000;\">Co\u0301<\/span><\/td>\n<\/tr>\n<tr>\n<td><span style=\"color: #000000;\">\u0110\u1ed9 ph\u00e2n gi\u1ea3i<\/span><\/td>\n<td><span style=\"color: #000000;\">1200 x 1200 dpi<\/span><\/td>\n<\/tr>\n<tr>\n<td><span style=\"color: #000000;\">C\u1ed5ng giao ti\u1ebfp<\/span><\/td>\n<td><span style=\"color: #000000;\">USB\/ LAN\/ WIFI<\/span><\/td>\n<\/tr>\n<tr>\n<td><span style=\"color: #000000;\">Du\u0300ng m\u1ef1c<\/span><\/td>\n<td><span style=\"color: #000000;\">H\u00f4\u0323p m\u01b0\u0323c HP CF276A (~3.000 trang),\u00a0 H\u00f4\u0323p m\u01b0\u0323c HP\u00a0 CF276X (~10.000 trang) v\u01a1\u0301i \u0111\u00f4\u0323 phu\u0309 5% theo ti\u00eau chu\u00e2\u0309n in cu\u0309a ha\u0303ng<\/span><\/td>\n<\/tr>\n<tr>\n<td><span style=\"color: #000000;\">M\u00f4 ta\u0309 kha\u0301c<\/span><\/td>\n<td><span style=\"color: #000000;\">Khay gi\u00e2\u0301y v\u00e0o: Khay 1 \u0111a n\u0103ng 100 t\u01a1\u0300, Khay 2 na\u0323p gi\u00e2\u0301y 250 t\u01a1\u0300. Khay gi\u00e2\u0301y ra 150 t\u01a1\u0300. Khay 1 \u0111a n\u0103ng 100 t\u01a1\u0300, Khay 2 na\u0323p gi\u00e2\u0301y 250 t\u01a1\u0300. S\u00f4\u0301 l\u01b0\u01a1\u0323ng trang in t\u00f4\u0301i \u0111a m\u00f4\u0303i th\u00e1ng: L\u00ean \u0111\u00ea\u0301n 80,000 trang.<\/span><\/td>\n<\/tr>\n<\/tbody>\n<\/table>\n<\/div>\n","protected":false},"excerpt":{"rendered":"<h3><span style=\"font-size: 80%;\">&#8211; Ch\u1ee9c n\u0103ng: Print\/ Duplex\/ Wifi<\/span><\/h3>\n<h3><span style=\"font-size: 80%;\">&#8211; Kh\u1ed5 gi\u1ea5y: A4\/A5-<\/span><\/h3>\n<h3><span style=\"font-size: 80%;\">&#8211; In \u0111\u1ea3o m\u1eb7t: Co\u0301<\/span><\/h3>\n<h3><span style=\"font-size: 80%;\">&#8211; C\u1ed5ng giao ti\u1ebfp: USB\/ LAN\/ WIFI<\/span><\/h3>\n<h3><span style=\"font-size: 80%;\">&#8211; Du\u0300ng m\u1ef1c: H\u00f4\u0323p m\u01b0\u0323c HP CF276A (~3.000 trang), H\u00f4\u0323p m\u01b0\u0323c HP CF276X (~10.000 trang)v\u01a1\u0301i \u0111\u00f4\u0323 phu\u0309 5% theo ti\u00eau chu\u00e2\u0309n in cu\u0309a ha\u0303ng<\/span><\/h3>\n","protected":false},"featured_media":3460,"template":"","meta":[],"product_brand":[],"product_cat":[1533],"product_tag":[1036,1677,1676,1678,1679,1542],"pa_bo-nho-trong":[],"pa_bo-vi-xu-ly":[],"pa_do-dai":[],"pa_do-phan-giai":[],"pa_hang-san-xuat":[],"pa_kich-thuoc-man-hinh":[],"pa_micro-thu-am":[],"pa_nha-thong-minh-rang-dong":[],"pa_o-cung":[],"pa_ong-kinh":[],"pa_poe":[],"pa_ports":[],"pa_tam-quan-sat":[],"pa_theo-chuan":[],"class_list":{"0":"post-3458","1":"product","2":"type-product","3":"status-publish","4":"has-post-thumbnail","6":"product_cat-may-in","7":"product_tag-hp","8":"product_tag-hp-laserjet-pro","9":"product_tag-hp-laserjet-pro-m404dw-w1a56a","10":"product_tag-m404dw","11":"product_tag-m404dw-w1a56a","12":"product_tag-may-in-hp","14":"first","15":"instock","16":"shipping-taxable","17":"product-type-simple"},"_links":{"self":[{"href":"https:\/\/vietbee.com\/en\/wp-json\/wp\/v2\/product\/3458","targetHints":{"allow":["GET"]}}],"collection":[{"href":"https:\/\/vietbee.com\/en\/wp-json\/wp\/v2\/product"}],"about":[{"href":"https:\/\/vietbee.com\/en\/wp-json\/wp\/v2\/types\/product"}],"wp:featuredmedia":[{"embeddable":true,"href":"https:\/\/vietbee.com\/en\/wp-json\/wp\/v2\/media\/3460"}],"wp:attachment":[{"href":"https:\/\/vietbee.com\/en\/wp-json\/wp\/v2\/media?parent=3458"}],"wp:term":[{"taxonomy":"product_brand","embeddable":true,"href":"https:\/\/vietbee.com\/en\/wp-json\/wp\/v2\/product_brand?post=3458"},{"taxonomy":"product_cat","embeddable":true,"href":"https:\/\/vietbee.com\/en\/wp-json\/wp\/v2\/product_cat?post=3458"},{"taxonomy":"product_tag","embeddable":true,"href":"https:\/\/vietbee.com\/en\/wp-json\/wp\/v2\/product_tag?post=3458"},{"taxonomy":"pa_bo-nho-trong","embeddable":true,"href":"https:\/\/vietbee.com\/en\/wp-json\/wp\/v2\/pa_bo-nho-trong?post=3458"},{"taxonomy":"pa_bo-vi-xu-ly","embeddable":true,"href":"https:\/\/vietbee.com\/en\/wp-json\/wp\/v2\/pa_bo-vi-xu-ly?post=3458"},{"taxonomy":"pa_do-dai","embeddable":true,"href":"https:\/\/vietbee.com\/en\/wp-json\/wp\/v2\/pa_do-dai?post=3458"},{"taxonomy":"pa_do-phan-giai","embeddable":true,"href":"https:\/\/vietbee.com\/en\/wp-json\/wp\/v2\/pa_do-phan-giai?post=3458"},{"taxonomy":"pa_hang-san-xuat","embeddable":true,"href":"https:\/\/vietbee.com\/en\/wp-json\/wp\/v2\/pa_hang-san-xuat?post=3458"},{"taxonomy":"pa_kich-thuoc-man-hinh","embeddable":true,"href":"https:\/\/vietbee.com\/en\/wp-json\/wp\/v2\/pa_kich-thuoc-man-hinh?post=3458"},{"taxonomy":"pa_micro-thu-am","embeddable":true,"href":"https:\/\/vietbee.com\/en\/wp-json\/wp\/v2\/pa_micro-thu-am?post=3458"},{"taxonomy":"pa_nha-thong-minh-rang-dong","embeddable":true,"href":"https:\/\/vietbee.com\/en\/wp-json\/wp\/v2\/pa_nha-thong-minh-rang-dong?post=3458"},{"taxonomy":"pa_o-cung","embeddable":true,"href":"https:\/\/vietbee.com\/en\/wp-json\/wp\/v2\/pa_o-cung?post=3458"},{"taxonomy":"pa_ong-kinh","embeddable":true,"href":"https:\/\/vietbee.com\/en\/wp-json\/wp\/v2\/pa_ong-kinh?post=3458"},{"taxonomy":"pa_poe","embeddable":true,"href":"https:\/\/vietbee.com\/en\/wp-json\/wp\/v2\/pa_poe?post=3458"},{"taxonomy":"pa_ports","embeddable":true,"href":"https:\/\/vietbee.com\/en\/wp-json\/wp\/v2\/pa_ports?post=3458"},{"taxonomy":"pa_tam-quan-sat","embeddable":true,"href":"https:\/\/vietbee.com\/en\/wp-json\/wp\/v2\/pa_tam-quan-sat?post=3458"},{"taxonomy":"pa_theo-chuan","embeddable":true,"href":"https:\/\/vietbee.com\/en\/wp-json\/wp\/v2\/pa_theo-chuan?post=3458"}],"curies":[{"name":"wp","href":"https:\/\/api.w.org\/{rel}","templated":true}]}}