{"id":3450,"date":"2022-09-28T03:55:07","date_gmt":"2022-09-28T03:55:07","guid":{"rendered":"https:\/\/vietbee.com\/?post_type=product&#038;p=3450"},"modified":"2022-09-28T07:36:07","modified_gmt":"2022-09-28T07:36:07","slug":"laptop-lenovo-thinkpad-p15s-g2-20w600cnva","status":"publish","type":"product","link":"https:\/\/vietbee.com\/en\/product\/laptop-lenovo-thinkpad-p15s-g2-20w600cnva\/","title":{"rendered":"Laptop Lenovo Thinkpad P15s G2 20W600CNVA"},"content":{"rendered":"<h3 class=\"h-title\">TH\u00d4NG S\u1ed0 K\u1ef8 THU\u1eacT<\/h3>\n<table class=\"table-specifications\">\n<tbody>\n<tr>\n<th>H\u00e3ng s\u1ea3n xu\u1ea5t<\/th>\n<td>Lenovo<\/td>\n<\/tr>\n<tr>\n<th>H\u1ec7 \u0111i\u1ec1u h\u00e0nh<\/th>\n<td>Windows 11 Home<\/td>\n<\/tr>\n<tr>\n<th>Ch\u1ea5t li\u1ec7u v\u1ecf<\/th>\n<td>Nh\u1ef1a<\/td>\n<\/tr>\n<\/tbody>\n<\/table>\n<h3>B\u1ed9 x\u1eed l\u00fd<\/h3>\n<table class=\"table-specifications\">\n<tbody>\n<tr>\n<th>C\u00f4ng ngh\u1ec7 CPU<\/th>\n<td>Intel core i7<\/td>\n<\/tr>\n<tr>\n<th>Lo\u1ea1i CPU<\/th>\n<td>1165G7<\/td>\n<\/tr>\n<tr>\n<th>T\u1ed1c \u0111\u1ed9 CPU<\/th>\n<td>2.8 GHz<\/td>\n<\/tr>\n<tr>\n<th>T\u1ed1c \u0111\u1ed9 t\u1ed1i \u0111a<\/th>\n<td>4.7 GHz<\/td>\n<\/tr>\n<\/tbody>\n<\/table>\n<h3>RAM<\/h3>\n<table class=\"table-specifications\">\n<tbody>\n<tr>\n<th>Lo\u1ea1i RAM<\/th>\n<td>DDR4<\/td>\n<\/tr>\n<tr>\n<th>Dung l\u01b0\u1ee3ng RAM<\/th>\n<td>16 GB<\/td>\n<\/tr>\n<tr>\n<th>T\u1ed1c \u0111\u1ed9 bus<\/th>\n<td>3200 MHz<\/td>\n<\/tr>\n<tr>\n<th>H\u1ed7 tr\u1ee3 RAM t\u1ed1i \u0111a<\/th>\n<td>48 GB<\/td>\n<\/tr>\n<\/tbody>\n<\/table>\n<h3>\u1ed4 c\u1ee9ng<\/h3>\n<table class=\"table-specifications\">\n<tbody>\n<tr>\n<th>Lo\u1ea1i \u1ed5 c\u1ee9ng<\/th>\n<td>SSD<\/td>\n<\/tr>\n<tr>\n<th>Dung l\u01b0\u1ee3ng \u1ed5 c\u1ee9ng<\/th>\n<td>512GB<\/td>\n<\/tr>\n<\/tbody>\n<\/table>\n<h3>M\u00e0n h\u00ecnh<\/h3>\n<table class=\"table-specifications\">\n<tbody>\n<tr>\n<th>K\u00edch th\u01b0\u1edbc<\/th>\n<td>15.6 inch<\/td>\n<\/tr>\n<tr>\n<th>\u0110\u1ed9 ph\u00e2n gi\u1ea3i<\/th>\n<td>Full HD (1920 x 1080)<\/td>\n<\/tr>\n<tr>\n<th>C\u00f4ng ngh\u1ec7 m\u00e0n h\u00ecnh<\/th>\n<td>T\u1ea5m n\u1ec1n IPS, Ch\u1ed1ng ch\u00f3i Anti-Glare<\/td>\n<\/tr>\n<\/tbody>\n<\/table>\n<h3>\u0110\u1ed3 h\u1ecda v\u00e0 \u00c2m thanh<\/h3>\n<table class=\"table-specifications\">\n<tbody>\n<tr>\n<th>B\u1ed9 x\u1eed l\u00fd<\/th>\n<td>Nvidia Quadro T500<\/td>\n<\/tr>\n<tr>\n<th>Ki\u1ec3u card \u0111\u1ed3 h\u1ecda<\/th>\n<td>Card r\u1eddi<\/td>\n<\/tr>\n<tr>\n<th>Dung l\u01b0\u1ee3ng VGA<\/th>\n<td>4 GB<\/td>\n<\/tr>\n<tr>\n<th>C\u00f4ng ngh\u1ec7 \u00e2m thanh<\/th>\n<td>Dolby Audio<\/td>\n<\/tr>\n<tr>\n<th>Khe th\u1ebb nh\u1edb<\/th>\n<td>Micro SD<\/td>\n<\/tr>\n<\/tbody>\n<\/table>\n<h3>C\u1ed5ng k\u1ebft n\u1ed1i v\u00e0 t\u00ednh n\u0103ng<\/h3>\n<table class=\"table-specifications\">\n<tbody>\n<tr>\n<th>C\u1ed5ng giao ti\u1ebfp<\/th>\n<td>1 x USB 3.2, 1 x USB 3.2 (Always on), 2 x Thunderbolt 4, HDMI<\/td>\n<\/tr>\n<tr>\n<th>K\u1ebft n\u1ed1i kh\u00f4ng d\u00e2y<\/th>\n<td>Bluetooth 5.2, Wi-Fi 6 (802.11ax)<\/td>\n<\/tr>\n<tr>\n<th>Webcam<\/th>\n<td>Camera IR, HD webcam<\/td>\n<\/tr>\n<tr>\n<th>\u0110\u00e8n b\u00e0n ph\u00edm<\/th>\n<td>C\u00f3<\/td>\n<\/tr>\n<tr>\n<th>T\u00ednh n\u0103ng kh\u00e1c<\/th>\n<td>B\u1ea3n l\u1ec1 m\u1edf 180 \u0111\u1ed9, B\u1ea3o m\u1eadt v\u00e2n tay, C\u00f4ng t\u1eafc kh\u00f3a camera<\/td>\n<\/tr>\n<\/tbody>\n<\/table>\n<h3>Pin<\/h3>\n<table class=\"table-specifications\">\n<tbody>\n<tr>\n<th>Dung l\u01b0\u1ee3ng<\/th>\n<td>3 cell<\/td>\n<\/tr>\n<\/tbody>\n<\/table>\n<h3>K\u00edch th\u01b0\u1edbc v\u00e0 tr\u1ecdng l\u01b0\u1ee3ng<\/h3>\n<table class=\"table-specifications\">\n<tbody>\n<tr>\n<th>K\u00edch th\u01b0\u1edbc<\/th>\n<td>365.8 x 248 x 19.1 mm<\/td>\n<\/tr>\n<tr>\n<th>Tr\u1ecdng l\u01b0\u1ee3ng<\/th>\n<td>1.783 kg<\/td>\n<\/tr>\n<\/tbody>\n<\/table>\n<div class=\"tbl-technical nd\"><\/div>\n","protected":false},"excerpt":{"rendered":"<ul>\n<li><span style=\"color: #000000; font-size: 105%;\">M\u00e1y t\u00ednh x\u00e1ch tay Lenovo ThinkPad P15s G2 T\/ Intel Core i7-1165 G7\/ 16GB DDR4 3200\/ SSD 512GB \/ NVIDIA Quardro T500 4GB\/ 15.6&#8221; FHD \/ Free DOS \/ Grey\/ 3Y Premier<\/span><\/li>\n<\/ul>\n","protected":false},"featured_media":3444,"template":"","meta":[],"product_brand":[],"product_cat":[249,251],"product_tag":[1671,1648,1670,1669],"pa_bo-nho-trong":[],"pa_bo-vi-xu-ly":[],"pa_do-dai":[],"pa_do-phan-giai":[],"pa_hang-san-xuat":[],"pa_kich-thuoc-man-hinh":[],"pa_micro-thu-am":[],"pa_nha-thong-minh-rang-dong":[],"pa_o-cung":[],"pa_ong-kinh":[],"pa_poe":[],"pa_ports":[],"pa_tam-quan-sat":[],"pa_theo-chuan":[],"class_list":{"0":"post-3450","1":"product","2":"type-product","3":"status-publish","4":"has-post-thumbnail","6":"product_cat-may-tinh-laptop","7":"product_cat-may-tinh-xach-tay","8":"product_tag-20w600cnva","9":"product_tag-laptop-lenovo-thinkpad","10":"product_tag-laptop-lenovo-thinkpad-p15s-g2","11":"product_tag-laptop-lenovo-thinkpad-p15s-g2-20w600cnva","13":"first","14":"instock","15":"shipping-taxable","16":"product-type-simple"},"_links":{"self":[{"href":"https:\/\/vietbee.com\/en\/wp-json\/wp\/v2\/product\/3450","targetHints":{"allow":["GET"]}}],"collection":[{"href":"https:\/\/vietbee.com\/en\/wp-json\/wp\/v2\/product"}],"about":[{"href":"https:\/\/vietbee.com\/en\/wp-json\/wp\/v2\/types\/product"}],"wp:featuredmedia":[{"embeddable":true,"href":"https:\/\/vietbee.com\/en\/wp-json\/wp\/v2\/media\/3444"}],"wp:attachment":[{"href":"https:\/\/vietbee.com\/en\/wp-json\/wp\/v2\/media?parent=3450"}],"wp:term":[{"taxonomy":"product_brand","embeddable":true,"href":"https:\/\/vietbee.com\/en\/wp-json\/wp\/v2\/product_brand?post=3450"},{"taxonomy":"product_cat","embeddable":true,"href":"https:\/\/vietbee.com\/en\/wp-json\/wp\/v2\/product_cat?post=3450"},{"taxonomy":"product_tag","embeddable":true,"href":"https:\/\/vietbee.com\/en\/wp-json\/wp\/v2\/product_tag?post=3450"},{"taxonomy":"pa_bo-nho-trong","embeddable":true,"href":"https:\/\/vietbee.com\/en\/wp-json\/wp\/v2\/pa_bo-nho-trong?post=3450"},{"taxonomy":"pa_bo-vi-xu-ly","embeddable":true,"href":"https:\/\/vietbee.com\/en\/wp-json\/wp\/v2\/pa_bo-vi-xu-ly?post=3450"},{"taxonomy":"pa_do-dai","embeddable":true,"href":"https:\/\/vietbee.com\/en\/wp-json\/wp\/v2\/pa_do-dai?post=3450"},{"taxonomy":"pa_do-phan-giai","embeddable":true,"href":"https:\/\/vietbee.com\/en\/wp-json\/wp\/v2\/pa_do-phan-giai?post=3450"},{"taxonomy":"pa_hang-san-xuat","embeddable":true,"href":"https:\/\/vietbee.com\/en\/wp-json\/wp\/v2\/pa_hang-san-xuat?post=3450"},{"taxonomy":"pa_kich-thuoc-man-hinh","embeddable":true,"href":"https:\/\/vietbee.com\/en\/wp-json\/wp\/v2\/pa_kich-thuoc-man-hinh?post=3450"},{"taxonomy":"pa_micro-thu-am","embeddable":true,"href":"https:\/\/vietbee.com\/en\/wp-json\/wp\/v2\/pa_micro-thu-am?post=3450"},{"taxonomy":"pa_nha-thong-minh-rang-dong","embeddable":true,"href":"https:\/\/vietbee.com\/en\/wp-json\/wp\/v2\/pa_nha-thong-minh-rang-dong?post=3450"},{"taxonomy":"pa_o-cung","embeddable":true,"href":"https:\/\/vietbee.com\/en\/wp-json\/wp\/v2\/pa_o-cung?post=3450"},{"taxonomy":"pa_ong-kinh","embeddable":true,"href":"https:\/\/vietbee.com\/en\/wp-json\/wp\/v2\/pa_ong-kinh?post=3450"},{"taxonomy":"pa_poe","embeddable":true,"href":"https:\/\/vietbee.com\/en\/wp-json\/wp\/v2\/pa_poe?post=3450"},{"taxonomy":"pa_ports","embeddable":true,"href":"https:\/\/vietbee.com\/en\/wp-json\/wp\/v2\/pa_ports?post=3450"},{"taxonomy":"pa_tam-quan-sat","embeddable":true,"href":"https:\/\/vietbee.com\/en\/wp-json\/wp\/v2\/pa_tam-quan-sat?post=3450"},{"taxonomy":"pa_theo-chuan","embeddable":true,"href":"https:\/\/vietbee.com\/en\/wp-json\/wp\/v2\/pa_theo-chuan?post=3450"}],"curies":[{"name":"wp","href":"https:\/\/api.w.org\/{rel}","templated":true}]}}