{"id":3442,"date":"2022-09-27T08:21:53","date_gmt":"2022-09-27T08:21:53","guid":{"rendered":"https:\/\/vietbee.com\/?post_type=product&#038;p=3442"},"modified":"2022-09-27T08:21:53","modified_gmt":"2022-09-27T08:21:53","slug":"laptop-lenovo-thinkpad-p15s-g2-t-20w600ckvn","status":"publish","type":"product","link":"https:\/\/vietbee.com\/en\/product\/laptop-lenovo-thinkpad-p15s-g2-t-20w600ckvn\/","title":{"rendered":"Laptop Lenovo Thinkpad P15S G2 T 20W600CKVN"},"content":{"rendered":"<ul>\n<li class=\"title is-6 m-2\"><strong>Vi x\u1eed l\u00fd &amp; \u0111\u1ed3 h\u1ecda<\/strong><\/li>\n<\/ul>\n<div class=\"modal-item-description mx-2\" data-v-4e304e03=\"\">\n<div class=\"px-3 py-2 is-flex is-align-items-center is-justify-content-space-between\" data-v-4e304e03=\"\">\n<p data-v-4e304e03=\"\"><span style=\"color: #000000;\">Lo\u1ea1i CPU: Intel Core i5-1135G7<\/span><\/p>\n<\/div>\n<div class=\"px-3 py-2 is-flex is-align-items-center is-justify-content-space-between\" data-v-4e304e03=\"\">\n<p data-v-4e304e03=\"\"><span style=\"color: #000000;\">Lo\u1ea1i card \u0111\u1ed3 h\u1ecda: NVIDIA Quadro T500 4GB GDDR6<\/span><\/p>\n<ul>\n<li><strong>RAM &amp; \u1ed4 c\u1ee9ng<\/strong><\/li>\n<\/ul>\n<\/div>\n<\/div>\n<div class=\"modal-item-description mx-2\" data-v-4e304e03=\"\">\n<div class=\"px-3 py-2 is-flex is-align-items-center is-justify-content-space-between\" data-v-4e304e03=\"\">\n<p data-v-4e304e03=\"\"><span style=\"color: #000000;\">Dung l\u01b0\u1ee3ng RAM: 16GB<\/span><\/p>\n<\/div>\n<div class=\"px-3 py-2 is-flex is-align-items-center is-justify-content-space-between\" data-v-4e304e03=\"\">\n<p data-v-4e304e03=\"\"><span style=\"color: #000000;\">Lo\u1ea1i RAM: DDR4-3200<\/span><\/p>\n<\/div>\n<div class=\"px-3 py-2 is-flex is-align-items-center is-justify-content-space-between\" data-v-4e304e03=\"\">\n<p data-v-4e304e03=\"\"><span style=\"color: #000000;\">S\u1ed1 khe ram: 1 khe c\u1eafm t\u1ed1i \u0111a 32GB<\/span><\/p>\n<\/div>\n<div class=\"px-3 py-2 is-flex is-align-items-center is-justify-content-space-between\" data-v-4e304e03=\"\">\n<p data-v-4e304e03=\"\"><span style=\"color: #000000;\">\u1ed4 c\u1ee9ng: 512GB SSD M.2 2280 PCIe x4 NVMe Opal2<\/span><\/p>\n<ul class=\"technical-content-modal\" data-v-4e304e03=\"\">\n<li class=\"technical-content-modal-item m-3\" data-v-4e304e03=\"\">\n<p class=\"title is-6 m-2\" data-v-4e304e03=\"\"><strong>M\u00e0n h\u00ecnh<\/strong><\/p>\n<div class=\"modal-item-description mx-2\" data-v-4e304e03=\"\">\n<div class=\"px-3 py-2 is-flex is-align-items-center is-justify-content-space-between\" data-v-4e304e03=\"\">\n<p data-v-4e304e03=\"\"><span style=\"color: #000000;\">K\u00edch th\u01b0\u1edbc m\u00e0n h\u00ecnh: 15.6 inches<\/span><\/p>\n<\/div>\n<div class=\"px-3 py-2 is-flex is-align-items-center is-justify-content-space-between\" data-v-4e304e03=\"\">\n<p data-v-4e304e03=\"\"><span style=\"color: #000000;\">\u0110\u1ed9 ph\u00e2n gi\u1ea3i m\u00e0n h\u00ecnh: 1920 x 1080 pixels (FullHD)<\/span><\/p>\n<\/div>\n<div class=\"px-3 py-2 is-flex is-align-items-center is-justify-content-space-between\" data-v-4e304e03=\"\">\n<p data-v-4e304e03=\"\"><span style=\"color: #000000;\">C\u00f4ng ngh\u1ec7 m\u00e0n h\u00ecnh: M\u00e0n h\u00ecnh ch\u1ed1ng lo\u00e1. \u0110\u1ed9 ph\u1ee7 m\u00e0u 45%NTSC<\/span><\/p>\n<\/div>\n<div class=\"px-3 py-2 is-flex is-align-items-center is-justify-content-space-between\" data-v-4e304e03=\"\">\n<p data-v-4e304e03=\"\"><span style=\"color: #000000;\">M\u00e0n h\u00ecnh c\u1ea3m \u1ee9ng: Kh\u00f4ng<\/span><\/p>\n<\/div>\n<div class=\"px-3 py-2 is-flex is-align-items-center is-justify-content-space-between\" data-v-4e304e03=\"\">\n<p data-v-4e304e03=\"\"><span style=\"color: #000000;\">Ch\u1ea5t li\u1ec7u t\u1ea5m n\u1ec1n: T\u1ea5m n\u1ec1n IPS<\/span><\/p>\n<\/div>\n<div class=\"px-3 py-2 is-flex is-align-items-center is-justify-content-space-between\" data-v-4e304e03=\"\">\n<p data-v-4e304e03=\"\"><span style=\"color: #000000;\">\u0110\u1ed9 ph\u00e2n gi\u1ea3i: Full HD<\/span><\/p>\n<ul class=\"technical-content-modal\" data-v-4e304e03=\"\">\n<li class=\"technical-content-modal-item m-3\" data-v-4e304e03=\"\">\n<p class=\"title is-6 m-2\" data-v-4e304e03=\"\"><strong>Th\u00f4ng s\u1ed1 k\u1ef9 thu\u1eadt<\/strong><\/p>\n<div class=\"modal-item-description mx-2\" data-v-4e304e03=\"\">\n<div class=\"px-3 py-2 is-flex is-align-items-center is-justify-content-space-between\" data-v-4e304e03=\"\">\n<p data-v-4e304e03=\"\"><span style=\"color: #000000;\">C\u1ed5ng giao ti\u1ebfp<\/span><\/p>\n<div data-v-4e304e03=\"\"><span style=\"color: #000000;\">1x USB 3.2 Gen 1<\/span><br \/>\n<span style=\"color: #000000;\">1x USB 3.2 Gen 1 (Always On)<\/span><br \/>\n<span style=\"color: #000000;\">2x Thunderbolt 4 \/ USB4 40Gbps \/ USB-C 3.2 Gen 2 (support data transfer, Power Delivery 3.0 and DisplayPort 1.4)<\/span><br \/>\n<span style=\"color: #000000;\">1x HDMI 2.0<\/span><br \/>\n<span style=\"color: #000000;\">1x Khe c\u1eafm th\u1ebb nh\u1edb<\/span><br \/>\n<span style=\"color: #000000;\">1x C\u1ed5ng tai nghe<\/span><\/div>\n<\/div>\n<div class=\"px-3 py-2 is-flex is-align-items-center is-justify-content-space-between\" data-v-4e304e03=\"\">\n<p data-v-4e304e03=\"\"><span style=\"color: #000000;\">Pin: 57Wh<\/span><\/p>\n<\/div>\n<\/div>\n<\/li>\n<li class=\"technical-content-modal-item m-3\" data-v-4e304e03=\"\">\n<p class=\"title is-6 m-2\" data-v-4e304e03=\"\"><span style=\"color: #000000;\">Giao ti\u1ebfp &amp; k\u1ebft n\u1ed1i<\/span><\/p>\n<div class=\"modal-item-description mx-2\" data-v-4e304e03=\"\">\n<div class=\"px-3 py-2 is-flex is-align-items-center is-justify-content-space-between\" data-v-4e304e03=\"\">\n<p data-v-4e304e03=\"\"><span style=\"color: #000000;\">H\u1ec7 \u0111i\u1ec1u h\u00e0nh<\/span><\/p>\n<div data-v-4e304e03=\"\"><span style=\"color: #000000;\">Windows 11 Home SL<\/span><\/div>\n<\/div>\n<div class=\"px-3 py-2 is-flex is-align-items-center is-justify-content-space-between\" data-v-4e304e03=\"\">\n<p data-v-4e304e03=\"\"><span style=\"color: #000000;\">Webcam<\/span><\/p>\n<div data-v-4e304e03=\"\"><span style=\"color: #000000;\">HD 720p<\/span><\/div>\n<\/div>\n<div class=\"px-3 py-2 is-flex is-align-items-center is-justify-content-space-between\" data-v-4e304e03=\"\">\n<p data-v-4e304e03=\"\"><span style=\"color: #000000;\">Wi-Fi: Intel AX201 11ax, 2&#215;2<\/span><\/p>\n<\/div>\n<div class=\"px-3 py-2 is-flex is-align-items-center is-justify-content-space-between\" data-v-4e304e03=\"\">\n<p data-v-4e304e03=\"\"><span style=\"color: #000000;\">Bluetooth: v5.2<\/span><\/p>\n<\/div>\n<div class=\"px-3 py-2 is-flex is-align-items-center is-justify-content-space-between\" data-v-4e304e03=\"\">\n<p data-v-4e304e03=\"\"><span style=\"color: #000000;\">Khe \u0111\u1ecdc th\u1ebb nh\u1edb: C\u00f3<\/span><\/p>\n<\/div>\n<div class=\"px-3 py-2 is-flex is-align-items-center is-justify-content-space-between\" data-v-4e304e03=\"\">\n<p data-v-4e304e03=\"\"><span style=\"color: #000000;\">H\u1ed3ng ngo\u1ea1i: &#8211;<\/span><\/p>\n<\/div>\n<\/div>\n<\/li>\n<li class=\"technical-content-modal-item m-3\" data-v-4e304e03=\"\">\n<p class=\"title is-6 m-2\" data-v-4e304e03=\"\"><span style=\"color: #000000;\">Thi\u1ebft k\u1ebf &amp; Tr\u1ecdng l\u01b0\u1ee3ng<\/span><\/p>\n<div class=\"modal-item-description mx-2\" data-v-4e304e03=\"\">\n<div class=\"px-3 py-2 is-flex is-align-items-center is-justify-content-space-between\" data-v-4e304e03=\"\">\n<p data-v-4e304e03=\"\"><span style=\"color: #000000;\">K\u00edch th\u01b0\u1edbc: 365.8 x 248 x 19.1 mm<\/span><\/p>\n<\/div>\n<div class=\"px-3 py-2 is-flex is-align-items-center is-justify-content-space-between\" data-v-4e304e03=\"\">\n<p data-v-4e304e03=\"\"><span style=\"color: #000000;\">Tr\u1ecdng l\u01b0\u1ee3ng: 1.783 kg<\/span><\/p>\n<\/div>\n<\/div>\n<\/li>\n<li class=\"technical-content-modal-item m-3\" data-v-4e304e03=\"\">\n<p class=\"title is-6 m-2\" data-v-4e304e03=\"\"><span style=\"color: #000000;\">C\u00f4ng ngh\u1ec7 \u00e2m thanh<\/span><\/p>\n<div class=\"modal-item-description mx-2\" data-v-4e304e03=\"\">\n<div class=\"px-3 py-2 is-flex is-align-items-center is-justify-content-space-between\" data-v-4e304e03=\"\">\n<p data-v-4e304e03=\"\"><span style=\"color: #000000;\">C\u00f4ng ngh\u1ec7 \u00e2m thanh: 2W x2, Dolby Audio<\/span><\/p>\n<\/div>\n<\/div>\n<\/li>\n<li class=\"technical-content-modal-item m-3\" data-v-4e304e03=\"\">\n<p class=\"title is-6 m-2\" data-v-4e304e03=\"\"><span style=\"color: #000000;\">Ti\u1ec7n \u00edch kh\u00e1c<\/span><\/p>\n<div class=\"modal-item-description mx-2\" data-v-4e304e03=\"\">\n<div class=\"px-3 py-2 is-flex is-align-items-center is-justify-content-space-between\" data-v-4e304e03=\"\">\n<p data-v-4e304e03=\"\"><span style=\"color: #000000;\">T\u00ednh n\u0103ng \u0111\u1eb7c bi\u1ec7t: \u1ed4 c\u1ee9ng SSD, Wi-Fi 6<\/span><\/p>\n<\/div>\n<\/div>\n<\/li>\n<\/ul>\n<\/div>\n<\/div>\n<\/li>\n<\/ul>\n<\/div>\n<\/div>\n","protected":false},"excerpt":{"rendered":"<div class=\"title-sum\"><strong>Th\u00f4ng s\u1ed1 s\u1ea3n ph\u1ea9m<\/strong><\/div>\n<div class=\"list\"><span style=\"color: #000000;\">* CPU: Intel Core i5 1135G7<\/span><\/div>\n<div class=\"list\"><span style=\"color: #000000;\">* RAm: 16GB<\/span><\/div>\n<div class=\"list\"><span style=\"color: #000000;\">* \u1ed4 c\u1ee9ng: 512GB SSD<\/span><\/div>\n<div class=\"list\"><span style=\"color: #000000;\">* M\u00e0n h\u00ecnh: 15.6 inch FHD<\/span><\/div>\n<div class=\"list\"><span style=\"color: #000000;\">* VGA: Nvidia Quadro T500 4GB<\/span><\/div>\n","protected":false},"featured_media":3444,"template":"","meta":[],"product_brand":[],"product_cat":[249,251],"product_tag":[1665,1648,1661,1664],"pa_bo-nho-trong":[],"pa_bo-vi-xu-ly":[],"pa_do-dai":[],"pa_do-phan-giai":[],"pa_hang-san-xuat":[],"pa_kich-thuoc-man-hinh":[],"pa_micro-thu-am":[],"pa_nha-thong-minh-rang-dong":[],"pa_o-cung":[],"pa_ong-kinh":[],"pa_poe":[],"pa_ports":[],"pa_tam-quan-sat":[],"pa_theo-chuan":[],"class_list":{"0":"post-3442","1":"product","2":"type-product","3":"status-publish","4":"has-post-thumbnail","6":"product_cat-may-tinh-laptop","7":"product_cat-may-tinh-xach-tay","8":"product_tag-20w600ckvn","9":"product_tag-laptop-lenovo-thinkpad","10":"product_tag-laptop-lenovo-thinkpad-p15s-g2-t","11":"product_tag-laptop-lenovo-thinkpad-p15s-g2-t-20w600ckvn","13":"first","14":"instock","15":"shipping-taxable","16":"product-type-simple"},"_links":{"self":[{"href":"https:\/\/vietbee.com\/en\/wp-json\/wp\/v2\/product\/3442","targetHints":{"allow":["GET"]}}],"collection":[{"href":"https:\/\/vietbee.com\/en\/wp-json\/wp\/v2\/product"}],"about":[{"href":"https:\/\/vietbee.com\/en\/wp-json\/wp\/v2\/types\/product"}],"wp:featuredmedia":[{"embeddable":true,"href":"https:\/\/vietbee.com\/en\/wp-json\/wp\/v2\/media\/3444"}],"wp:attachment":[{"href":"https:\/\/vietbee.com\/en\/wp-json\/wp\/v2\/media?parent=3442"}],"wp:term":[{"taxonomy":"product_brand","embeddable":true,"href":"https:\/\/vietbee.com\/en\/wp-json\/wp\/v2\/product_brand?post=3442"},{"taxonomy":"product_cat","embeddable":true,"href":"https:\/\/vietbee.com\/en\/wp-json\/wp\/v2\/product_cat?post=3442"},{"taxonomy":"product_tag","embeddable":true,"href":"https:\/\/vietbee.com\/en\/wp-json\/wp\/v2\/product_tag?post=3442"},{"taxonomy":"pa_bo-nho-trong","embeddable":true,"href":"https:\/\/vietbee.com\/en\/wp-json\/wp\/v2\/pa_bo-nho-trong?post=3442"},{"taxonomy":"pa_bo-vi-xu-ly","embeddable":true,"href":"https:\/\/vietbee.com\/en\/wp-json\/wp\/v2\/pa_bo-vi-xu-ly?post=3442"},{"taxonomy":"pa_do-dai","embeddable":true,"href":"https:\/\/vietbee.com\/en\/wp-json\/wp\/v2\/pa_do-dai?post=3442"},{"taxonomy":"pa_do-phan-giai","embeddable":true,"href":"https:\/\/vietbee.com\/en\/wp-json\/wp\/v2\/pa_do-phan-giai?post=3442"},{"taxonomy":"pa_hang-san-xuat","embeddable":true,"href":"https:\/\/vietbee.com\/en\/wp-json\/wp\/v2\/pa_hang-san-xuat?post=3442"},{"taxonomy":"pa_kich-thuoc-man-hinh","embeddable":true,"href":"https:\/\/vietbee.com\/en\/wp-json\/wp\/v2\/pa_kich-thuoc-man-hinh?post=3442"},{"taxonomy":"pa_micro-thu-am","embeddable":true,"href":"https:\/\/vietbee.com\/en\/wp-json\/wp\/v2\/pa_micro-thu-am?post=3442"},{"taxonomy":"pa_nha-thong-minh-rang-dong","embeddable":true,"href":"https:\/\/vietbee.com\/en\/wp-json\/wp\/v2\/pa_nha-thong-minh-rang-dong?post=3442"},{"taxonomy":"pa_o-cung","embeddable":true,"href":"https:\/\/vietbee.com\/en\/wp-json\/wp\/v2\/pa_o-cung?post=3442"},{"taxonomy":"pa_ong-kinh","embeddable":true,"href":"https:\/\/vietbee.com\/en\/wp-json\/wp\/v2\/pa_ong-kinh?post=3442"},{"taxonomy":"pa_poe","embeddable":true,"href":"https:\/\/vietbee.com\/en\/wp-json\/wp\/v2\/pa_poe?post=3442"},{"taxonomy":"pa_ports","embeddable":true,"href":"https:\/\/vietbee.com\/en\/wp-json\/wp\/v2\/pa_ports?post=3442"},{"taxonomy":"pa_tam-quan-sat","embeddable":true,"href":"https:\/\/vietbee.com\/en\/wp-json\/wp\/v2\/pa_tam-quan-sat?post=3442"},{"taxonomy":"pa_theo-chuan","embeddable":true,"href":"https:\/\/vietbee.com\/en\/wp-json\/wp\/v2\/pa_theo-chuan?post=3442"}],"curies":[{"name":"wp","href":"https:\/\/api.w.org\/{rel}","templated":true}]}}